{"id":22593,"date":"2025-10-27T10:06:27","date_gmt":"2025-10-27T10:06:27","guid":{"rendered":"https:\/\/www.yousanusb.com\/?post_type=product&#038;p=22593"},"modified":"2025-10-27T10:10:12","modified_gmt":"2025-10-27T10:10:12","slug":"oval-epoxy-usb-flash-drive","status":"publish","type":"product","link":"https:\/\/www.yousanusb.com\/fr\/produit\/oval-epoxy-usb-flash-drive\/","title":{"rendered":"Cl\u00e9 USB ovale en \u00e9poxy"},"content":{"rendered":"<p>Cette cl\u00e9 USB ovale en \u00e9poxy pr\u00e9sente une forme lisse et elliptique associ\u00e9e \u00e0 un design en forme de capuchon. Lorsqu'elle est utilis\u00e9e, le capuchon se retire pour laisser appara\u00eetre le port USB. Lorsqu'elle n'est pas utilis\u00e9e, le capuchon se replace pour prot\u00e9ger le port de la poussi\u00e8re et \u00e9viter les rayures et les chocs.<\/p>\n\n\n\n<div class=\"wp-block-columns is-layout-flex wp-container-core-columns-is-layout-1 wp-block-columns-is-layout-flex\">\n<div class=\"wp-block-column is-layout-flow wp-block-column-is-layout-flow\">\n<figure class=\"wp-block-image size-full\"><img fetchpriority=\"high\" decoding=\"async\" width=\"800\" height=\"800\" src=\"https:\/\/www.yousanusb.com\/wp-content\/uploads\/2025\/10\/epoxy-usb-stick-1.png\" alt=\"\" class=\"wp-image-22597\" srcset=\"https:\/\/www.yousanusb.com\/wp-content\/uploads\/2025\/10\/epoxy-usb-stick-1.png 800w, https:\/\/www.yousanusb.com\/wp-content\/uploads\/2025\/10\/epoxy-usb-stick-1-300x300.png 300w, https:\/\/www.yousanusb.com\/wp-content\/uploads\/2025\/10\/epoxy-usb-stick-1-150x150.png 150w, https:\/\/www.yousanusb.com\/wp-content\/uploads\/2025\/10\/epoxy-usb-stick-1-768x768.png 768w, https:\/\/www.yousanusb.com\/wp-content\/uploads\/2025\/10\/epoxy-usb-stick-1-12x12.png 12w, https:\/\/www.yousanusb.com\/wp-content\/uploads\/2025\/10\/epoxy-usb-stick-1-600x600.png 600w, https:\/\/www.yousanusb.com\/wp-content\/uploads\/2025\/10\/epoxy-usb-stick-1-100x100.png 100w\" sizes=\"(max-width: 800px) 100vw, 800px\" \/><\/figure>\n<\/div>\n\n\n\n<div class=\"wp-block-column is-layout-flow wp-block-column-is-layout-flow\">\n<figure class=\"wp-block-image size-full\"><img fetchpriority=\"high\" decoding=\"async\" width=\"800\" height=\"800\" src=\"https:\/\/www.yousanusb.com\/wp-content\/uploads\/2025\/10\/epoxy-usb-stick-1.png\" alt=\"\" class=\"wp-image-22597\" srcset=\"https:\/\/www.yousanusb.com\/wp-content\/uploads\/2025\/10\/epoxy-usb-stick-1.png 800w, https:\/\/www.yousanusb.com\/wp-content\/uploads\/2025\/10\/epoxy-usb-stick-1-300x300.png 300w, https:\/\/www.yousanusb.com\/wp-content\/uploads\/2025\/10\/epoxy-usb-stick-1-150x150.png 150w, https:\/\/www.yousanusb.com\/wp-content\/uploads\/2025\/10\/epoxy-usb-stick-1-768x768.png 768w, https:\/\/www.yousanusb.com\/wp-content\/uploads\/2025\/10\/epoxy-usb-stick-1-12x12.png 12w, https:\/\/www.yousanusb.com\/wp-content\/uploads\/2025\/10\/epoxy-usb-stick-1-600x600.png 600w, https:\/\/www.yousanusb.com\/wp-content\/uploads\/2025\/10\/epoxy-usb-stick-1-100x100.png 100w\" sizes=\"(max-width: 800px) 100vw, 800px\" \/><\/figure>\n<\/div>\n<\/div>\n\n\n\n<div class=\"wp-block-columns is-layout-flex wp-container-core-columns-is-layout-2 wp-block-columns-is-layout-flex\">\n<div class=\"wp-block-column is-layout-flow wp-block-column-is-layout-flow\">\n<figure class=\"wp-block-image size-full\"><img decoding=\"async\" width=\"800\" height=\"800\" src=\"https:\/\/www.yousanusb.com\/wp-content\/uploads\/2025\/10\/customized-epoxy-usb-flash-drive-1.png\" alt=\"\" class=\"wp-image-22596\" srcset=\"https:\/\/www.yousanusb.com\/wp-content\/uploads\/2025\/10\/customized-epoxy-usb-flash-drive-1.png 800w, https:\/\/www.yousanusb.com\/wp-content\/uploads\/2025\/10\/customized-epoxy-usb-flash-drive-1-300x300.png 300w, https:\/\/www.yousanusb.com\/wp-content\/uploads\/2025\/10\/customized-epoxy-usb-flash-drive-1-150x150.png 150w, https:\/\/www.yousanusb.com\/wp-content\/uploads\/2025\/10\/customized-epoxy-usb-flash-drive-1-768x768.png 768w, https:\/\/www.yousanusb.com\/wp-content\/uploads\/2025\/10\/customized-epoxy-usb-flash-drive-1-12x12.png 12w, https:\/\/www.yousanusb.com\/wp-content\/uploads\/2025\/10\/customized-epoxy-usb-flash-drive-1-600x600.png 600w, https:\/\/www.yousanusb.com\/wp-content\/uploads\/2025\/10\/customized-epoxy-usb-flash-drive-1-100x100.png 100w\" sizes=\"(max-width: 800px) 100vw, 800px\" \/><\/figure>\n<\/div>\n\n\n\n<div class=\"wp-block-column is-layout-flow wp-block-column-is-layout-flow\">\n<p>Le savoir-faire en mati\u00e8re d'\u00e9poxy est son principal avantage. Gr\u00e2ce \u00e0 l'\u00e9coulement et au durcissement pr\u00e9cis d'une r\u00e9sine \u00e9poxy de haute puret\u00e9, une couche collo\u00efdale cristalline se forme \u00e0 la surface de la cl\u00e9 USB. Ce processus permet non seulement de rendre les logos des marques personnalis\u00e9es et les motifs des produits \u00e9clatants en couleur et nets en d\u00e9tail, mais aussi de les doter de propri\u00e9t\u00e9s de r\u00e9sistance \u00e0 l'usure, \u00e0 l'eau et aux rayures. <\/p>\n\n\n\n<p>La zone frontale permet la personnalisation de divers logos et mod\u00e8les de produits. Elle peut pr\u00e9senter avec pr\u00e9cision le contenu de la conception en fonction des images de marque de l'entreprise ou des pr\u00e9f\u00e9rences personnelles et peut \u00e9galement r\u00e9pondre \u00e0 diff\u00e9rentes exigences en mati\u00e8re de correspondance des couleurs. <\/p>\n\n\n\n<p>Il offre plusieurs options de capacit\u00e9 allant de 4 Go \u00e0 128 Go, ce qui permet de stocker et de transf\u00e9rer facilement divers fichiers tels que des documents, des images et des vid\u00e9os. Il est compatible avec les principaux syst\u00e8mes d'exploitation tels que Windows et Mac et dispose d'une fonctionnalit\u00e9 \"plug-and-play\". Les donn\u00e9es ne sont pas facilement perdues en cas de panne de courant et la dur\u00e9e de vie de la carte est de plusieurs dizaines de milliers de cycles de lecture-\u00e9criture.<\/p>\n<\/div>\n<\/div>","protected":false},"excerpt":{"rendered":"<ul>\n<li>Interface USB2.0&amp;USB3.0&amp;3.1<\/li>\n<li>Capacit\u00e9 de stockage personnalis\u00e9e<\/li>\n<li>Certificat CE FCC RoHS<\/li>\n<li>Emballage de transport : bo\u00eete en m\u00e9tal, bo\u00eete en papier blanc, bo\u00eete transparente, pochette<\/li>\n<li>MOQ:100pcs<\/li>\n<\/ul>","protected":false},"featured_media":22597,"comment_status":"open","ping_status":"closed","template":"","meta":{"_seopress_robots_primary_cat":"","_seopress_titles_title":"","_seopress_titles_desc":"","_seopress_robots_index":""},"class_list":["post-22593","product","type-product","status-publish","has-post-thumbnail","hentry","product_cat-plastic-usb-flash-drive","product_tag-epoxy-usb-flash-drive"],"_links":{"self":[{"href":"https:\/\/www.yousanusb.com\/fr\/wp-json\/wp\/v2\/product\/22593"}],"collection":[{"href":"https:\/\/www.yousanusb.com\/fr\/wp-json\/wp\/v2\/product"}],"about":[{"href":"https:\/\/www.yousanusb.com\/fr\/wp-json\/wp\/v2\/types\/product"}],"replies":[{"embeddable":true,"href":"https:\/\/www.yousanusb.com\/fr\/wp-json\/wp\/v2\/comments?post=22593"}],"wp:featuredmedia":[{"embeddable":true,"href":"https:\/\/www.yousanusb.com\/fr\/wp-json\/wp\/v2\/media\/22597"}],"wp:attachment":[{"href":"https:\/\/www.yousanusb.com\/fr\/wp-json\/wp\/v2\/media?parent=22593"}],"curies":[{"name":"wp","href":"https:\/\/api.w.org\/{rel}","templated":true}]}}