{"id":22682,"date":"2025-10-28T11:10:09","date_gmt":"2025-10-28T11:10:09","guid":{"rendered":"https:\/\/www.yousanusb.com\/?post_type=product&#038;p=22682"},"modified":"2025-10-30T12:38:58","modified_gmt":"2025-10-30T12:38:58","slug":"light-up-metal-bamboo-usb-flash-drive","status":"publish","type":"product","link":"https:\/\/www.yousanusb.com\/fr\/produit\/light-up-metal-bamboo-usb-flash-drive\/","title":{"rendered":"Cl\u00e9 USB lumineuse en m\u00e9tal et bambou"},"content":{"rendered":"<div class=\"wp-block-columns is-layout-flex wp-container-core-columns-is-layout-1 wp-block-columns-is-layout-flex\">\n<div class=\"wp-block-column is-layout-flow wp-block-column-is-layout-flow\">\n<figure class=\"wp-block-image size-full\"><img fetchpriority=\"high\" decoding=\"async\" width=\"800\" height=\"800\" src=\"https:\/\/www.yousanusb.com\/wp-content\/uploads\/2025\/10\/Light-Up-Metal-Bamboo-USB-Flash-Drive.png\" alt=\"\" class=\"wp-image-22686\" srcset=\"https:\/\/www.yousanusb.com\/wp-content\/uploads\/2025\/10\/Light-Up-Metal-Bamboo-USB-Flash-Drive.png 800w, https:\/\/www.yousanusb.com\/wp-content\/uploads\/2025\/10\/Light-Up-Metal-Bamboo-USB-Flash-Drive-300x300.png 300w, https:\/\/www.yousanusb.com\/wp-content\/uploads\/2025\/10\/Light-Up-Metal-Bamboo-USB-Flash-Drive-150x150.png 150w, https:\/\/www.yousanusb.com\/wp-content\/uploads\/2025\/10\/Light-Up-Metal-Bamboo-USB-Flash-Drive-768x768.png 768w, https:\/\/www.yousanusb.com\/wp-content\/uploads\/2025\/10\/Light-Up-Metal-Bamboo-USB-Flash-Drive-12x12.png 12w, https:\/\/www.yousanusb.com\/wp-content\/uploads\/2025\/10\/Light-Up-Metal-Bamboo-USB-Flash-Drive-600x600.png 600w, https:\/\/www.yousanusb.com\/wp-content\/uploads\/2025\/10\/Light-Up-Metal-Bamboo-USB-Flash-Drive-100x100.png 100w\" sizes=\"(max-width: 800px) 100vw, 800px\" \/><\/figure>\n<\/div>\n\n\n\n<div class=\"wp-block-column is-vertically-aligned-center is-layout-flow wp-block-column-is-layout-flow\">\n<p>La fonction d'\u00e9clairage de cette cl\u00e9 USB est assur\u00e9e par un module LED int\u00e9gr\u00e9. Lorsque la cl\u00e9 USB est connect\u00e9e \u00e0 un appareil, elle est aliment\u00e9e par l'interface USB, ce qui d\u00e9clenche la source lumineuse LED pour \u00e9clairer la zone du logo. Gr\u00e2ce \u00e0 la r\u00e9flexion diffuse des veines du bois, la lumi\u00e8re produit un effet d'\u00e9clairage uniforme et stratifi\u00e9. Ainsi, non seulement le logo de la marque est clair et accrocheur, mais la cl\u00e9 USB est \u00e9galement facilement identifiable dans les environnements peu \u00e9clair\u00e9s. Son syst\u00e8me d'\u00e9clairage consomme tr\u00e8s peu d'\u00e9nergie, ce qui n'affecte pas les performances de stockage normales de la cl\u00e9 USB, mais ajoute au produit une caract\u00e9ristique d'inspiration technologique visuellement frappante.<\/p>\n<\/div>\n<\/div>\n\n\n\n<div class=\"wp-block-columns is-layout-flex wp-container-core-columns-is-layout-2 wp-block-columns-is-layout-flex\">\n<div class=\"wp-block-column is-vertically-aligned-center is-layout-flow wp-block-column-is-layout-flow\">\n<p>Cette cl\u00e9 USB m\u00e9tal-bois lumineuse int\u00e8gre ing\u00e9nieusement le m\u00e9tal et le bois. Le trou de serrure situ\u00e9 sur le dessus permet de l'associer facilement \u00e0 un porte-cl\u00e9s ou \u00e0 une lani\u00e8re, ce qui en fait un accessoire \u00e0 la mode pour une utilisation nomade.<\/p>\n\n\n\n<p>La pi\u00e8ce m\u00e9tallique est fabriqu\u00e9e en alliage de haute qualit\u00e9. Sa surface est polie ou bross\u00e9e et pr\u00e9sente une finition lisse, brillante ou mate. Elle pr\u00e9sente d'excellentes propri\u00e9t\u00e9s de r\u00e9sistance aux chocs et \u00e0 l'usure, capable de supporter les diff\u00e9rents chocs de l'usage quotidien et de conserver longtemps son apparence exquise.<\/p>\n\n\n\n<p>La partie en bois est fabriqu\u00e9e \u00e0 partir de bois massif s\u00e9lectionn\u00e9 de premi\u00e8re qualit\u00e9. Le grain de chaque morceau de bois est naturel, ce qui fait de chaque cl\u00e9 USB une pi\u00e8ce unique. La surface du bois est soumise \u00e0 de multiples processus de polissage et de vernissage, ce qui permet non seulement de pr\u00e9server le grain naturel du bois, mais aussi d'am\u00e9liorer sa r\u00e9sistance \u00e0 l'eau et aux taches.<\/p>\n<\/div>\n\n\n\n<div class=\"wp-block-column is-vertically-aligned-center is-layout-flow wp-block-column-is-layout-flow\">\n<figure class=\"wp-block-image size-full\"><img decoding=\"async\" width=\"800\" height=\"800\" src=\"https:\/\/www.yousanusb.com\/wp-content\/uploads\/2025\/10\/custom-metal-usb-flash-drive.png\" alt=\"\" class=\"wp-image-22685\" srcset=\"https:\/\/www.yousanusb.com\/wp-content\/uploads\/2025\/10\/custom-metal-usb-flash-drive.png 800w, https:\/\/www.yousanusb.com\/wp-content\/uploads\/2025\/10\/custom-metal-usb-flash-drive-300x300.png 300w, https:\/\/www.yousanusb.com\/wp-content\/uploads\/2025\/10\/custom-metal-usb-flash-drive-150x150.png 150w, https:\/\/www.yousanusb.com\/wp-content\/uploads\/2025\/10\/custom-metal-usb-flash-drive-768x768.png 768w, https:\/\/www.yousanusb.com\/wp-content\/uploads\/2025\/10\/custom-metal-usb-flash-drive-12x12.png 12w, https:\/\/www.yousanusb.com\/wp-content\/uploads\/2025\/10\/custom-metal-usb-flash-drive-600x600.png 600w, https:\/\/www.yousanusb.com\/wp-content\/uploads\/2025\/10\/custom-metal-usb-flash-drive-100x100.png 100w\" sizes=\"(max-width: 800px) 100vw, 800px\" \/><\/figure>\n<\/div>\n<\/div>\n\n\n\n<div class=\"wp-block-columns is-layout-flex wp-container-core-columns-is-layout-3 wp-block-columns-is-layout-flex\">\n<div class=\"wp-block-column is-vertically-aligned-center is-layout-flow wp-block-column-is-layout-flow\">\n<figure class=\"wp-block-image size-full\"><img decoding=\"async\" width=\"800\" height=\"800\" src=\"https:\/\/www.yousanusb.com\/wp-content\/uploads\/2025\/10\/Light-Up-Metal-USB-Flash-Drive.png\" alt=\"\" class=\"wp-image-22687\" srcset=\"https:\/\/www.yousanusb.com\/wp-content\/uploads\/2025\/10\/Light-Up-Metal-USB-Flash-Drive.png 800w, https:\/\/www.yousanusb.com\/wp-content\/uploads\/2025\/10\/Light-Up-Metal-USB-Flash-Drive-300x300.png 300w, https:\/\/www.yousanusb.com\/wp-content\/uploads\/2025\/10\/Light-Up-Metal-USB-Flash-Drive-150x150.png 150w, https:\/\/www.yousanusb.com\/wp-content\/uploads\/2025\/10\/Light-Up-Metal-USB-Flash-Drive-768x768.png 768w, https:\/\/www.yousanusb.com\/wp-content\/uploads\/2025\/10\/Light-Up-Metal-USB-Flash-Drive-12x12.png 12w, https:\/\/www.yousanusb.com\/wp-content\/uploads\/2025\/10\/Light-Up-Metal-USB-Flash-Drive-600x600.png 600w, https:\/\/www.yousanusb.com\/wp-content\/uploads\/2025\/10\/Light-Up-Metal-USB-Flash-Drive-100x100.png 100w\" sizes=\"(max-width: 800px) 100vw, 800px\" \/><\/figure>\n<\/div>\n\n\n\n<div class=\"wp-block-column is-vertically-aligned-center is-layout-flow wp-block-column-is-layout-flow\">\n<p>Les capacit\u00e9s vont de 8 Go \u00e0 256 Go, ce qui permet une s\u00e9lection flexible en fonction de vos besoins. Il adopte des puces de m\u00e9moire flash \u00e0 haute vitesse, permettant des vitesses de lecture et d'\u00e9criture efficaces et stables pour r\u00e9pondre aux exigences quotidiennes de transferts de fichiers volumineux et de sauvegardes de donn\u00e9es. Par ailleurs, il est compatible avec de nombreux syst\u00e8mes d'exploitation tels que Windows, Mac et Linux. Il prend en charge la fonctionnalit\u00e9 \"plug-and-play\" et ne n\u00e9cessite aucun pilote suppl\u00e9mentaire. Avec une s\u00e9curit\u00e9 de stockage des donn\u00e9es \u00e9lev\u00e9e, il offre une garantie solide pour la conservation des fichiers \u00e0 long terme et un acc\u00e8s pratique.<\/p>\n<\/div>\n<\/div>","protected":false},"excerpt":{"rendered":"<ul>\n<li>Logo lumineux<\/li>\n<li>Conception sans capuchon avec bo\u00eetier m\u00e9tallique<\/li>\n<li>Impression UV | Marquage laser | S\u00e9rigraphie<\/li>\n<li>\u00c9tanch\u00e9it\u00e9, r\u00e9sistance aux chocs, r\u00e9sistance aux aimants<\/li>\n<li>MOQ:100pcs<\/li>\n<\/ul>","protected":false},"featured_media":22686,"comment_status":"open","ping_status":"closed","template":"","meta":{"_seopress_robots_primary_cat":"","_seopress_titles_title":"","_seopress_titles_desc":"","_seopress_robots_index":""},"class_list":["post-22682","product","type-product","status-publish","has-post-thumbnail","hentry","product_cat-led-light-usb-flash-drive"],"_links":{"self":[{"href":"https:\/\/www.yousanusb.com\/fr\/wp-json\/wp\/v2\/product\/22682"}],"collection":[{"href":"https:\/\/www.yousanusb.com\/fr\/wp-json\/wp\/v2\/product"}],"about":[{"href":"https:\/\/www.yousanusb.com\/fr\/wp-json\/wp\/v2\/types\/product"}],"replies":[{"embeddable":true,"href":"https:\/\/www.yousanusb.com\/fr\/wp-json\/wp\/v2\/comments?post=22682"}],"wp:featuredmedia":[{"embeddable":true,"href":"https:\/\/www.yousanusb.com\/fr\/wp-json\/wp\/v2\/media\/22686"}],"wp:attachment":[{"href":"https:\/\/www.yousanusb.com\/fr\/wp-json\/wp\/v2\/media?parent=22682"}],"curies":[{"name":"wp","href":"https:\/\/api.w.org\/{rel}","templated":true}]}}