{"id":22689,"date":"2025-10-28T14:57:40","date_gmt":"2025-10-28T14:57:40","guid":{"rendered":"https:\/\/www.yousanusb.com\/?post_type=product&#038;p=22689"},"modified":"2025-10-30T12:39:09","modified_gmt":"2025-10-30T12:39:09","slug":"thin-metal-light-up-usb-flash-drive","status":"publish","type":"product","link":"https:\/\/www.yousanusb.com\/fr\/produit\/thin-metal-light-up-usb-flash-drive\/","title":{"rendered":"Cl\u00e9 USB lumineuse en m\u00e9tal fin"},"content":{"rendered":"<div class=\"wp-block-columns is-layout-flex wp-container-core-columns-is-layout-1 wp-block-columns-is-layout-flex\">\n<div class=\"wp-block-column is-vertically-aligned-center is-layout-flow wp-block-column-is-layout-flow\">\n<p>La cl\u00e9 USB lumineuse en m\u00e9tal pr\u00e9sente un design m\u00e9tallique int\u00e9gr\u00e9, \u00e9l\u00e9gant et sophistiqu\u00e9. Dot\u00e9e d'un anneau m\u00e9tallique en haut, elle peut \u00eatre facilement associ\u00e9e \u00e0 un porte-cl\u00e9s ou \u00e0 une lani\u00e8re, transformant la cl\u00e9 USB en un accessoire pratique \u00e0 emporter. Qu'il s'agisse de voyages d'affaires ou de trajets quotidiens, elle peut \u00eatre rang\u00e9e sans effort pour \u00e9viter de la perdre. Lorsque la fonction d'\u00e9clairage est activ\u00e9e, le logo de la marque ressort clairement et de mani\u00e8re \u00e9vidente, ce qui renforce instantan\u00e9ment la reconnaissance de la marque. Il s'agit d'un excellent article promotionnel pour les cadeaux d'affaires et la promotion de la marque.<\/p>\n<\/div>\n\n\n\n<div class=\"wp-block-column is-layout-flow wp-block-column-is-layout-flow\">\n<figure class=\"wp-block-image size-full\"><img fetchpriority=\"high\" decoding=\"async\" width=\"800\" height=\"800\" src=\"https:\/\/www.yousanusb.com\/wp-content\/uploads\/2025\/10\/custom-metal-light-up-usb-flash-drive.jpeg\" alt=\"\" class=\"wp-image-22692\" srcset=\"https:\/\/www.yousanusb.com\/wp-content\/uploads\/2025\/10\/custom-metal-light-up-usb-flash-drive.jpeg 800w, https:\/\/www.yousanusb.com\/wp-content\/uploads\/2025\/10\/custom-metal-light-up-usb-flash-drive-300x300.jpeg 300w, https:\/\/www.yousanusb.com\/wp-content\/uploads\/2025\/10\/custom-metal-light-up-usb-flash-drive-150x150.jpeg 150w, https:\/\/www.yousanusb.com\/wp-content\/uploads\/2025\/10\/custom-metal-light-up-usb-flash-drive-768x768.jpeg 768w, https:\/\/www.yousanusb.com\/wp-content\/uploads\/2025\/10\/custom-metal-light-up-usb-flash-drive-12x12.jpeg 12w, https:\/\/www.yousanusb.com\/wp-content\/uploads\/2025\/10\/custom-metal-light-up-usb-flash-drive-600x600.jpeg 600w, https:\/\/www.yousanusb.com\/wp-content\/uploads\/2025\/10\/custom-metal-light-up-usb-flash-drive-100x100.jpeg 100w\" sizes=\"(max-width: 800px) 100vw, 800px\" \/><\/figure>\n<\/div>\n<\/div>\n\n\n\n<div class=\"wp-block-columns is-layout-flex wp-container-core-columns-is-layout-2 wp-block-columns-is-layout-flex\">\n<div class=\"wp-block-column is-layout-flow wp-block-column-is-layout-flow\">\n<figure class=\"wp-block-image size-full\"><img decoding=\"async\" width=\"800\" height=\"800\" src=\"https:\/\/www.yousanusb.com\/wp-content\/uploads\/2025\/10\/Thin-Metal-Light-Up-USB-Flash-Drive.jpeg\" alt=\"\" class=\"wp-image-22695\" srcset=\"https:\/\/www.yousanusb.com\/wp-content\/uploads\/2025\/10\/Thin-Metal-Light-Up-USB-Flash-Drive.jpeg 800w, https:\/\/www.yousanusb.com\/wp-content\/uploads\/2025\/10\/Thin-Metal-Light-Up-USB-Flash-Drive-300x300.jpeg 300w, https:\/\/www.yousanusb.com\/wp-content\/uploads\/2025\/10\/Thin-Metal-Light-Up-USB-Flash-Drive-150x150.jpeg 150w, https:\/\/www.yousanusb.com\/wp-content\/uploads\/2025\/10\/Thin-Metal-Light-Up-USB-Flash-Drive-768x768.jpeg 768w, https:\/\/www.yousanusb.com\/wp-content\/uploads\/2025\/10\/Thin-Metal-Light-Up-USB-Flash-Drive-12x12.jpeg 12w, https:\/\/www.yousanusb.com\/wp-content\/uploads\/2025\/10\/Thin-Metal-Light-Up-USB-Flash-Drive-600x600.jpeg 600w, https:\/\/www.yousanusb.com\/wp-content\/uploads\/2025\/10\/Thin-Metal-Light-Up-USB-Flash-Drive-100x100.jpeg 100w\" sizes=\"(max-width: 800px) 100vw, 800px\" \/><\/figure>\n<\/div>\n\n\n\n<div class=\"wp-block-column is-vertically-aligned-center is-layout-flow wp-block-column-is-layout-flow\">\n<p>La fonction d'\u00e9clairage est un avantage unique de cette cl\u00e9 USB. Elle est dot\u00e9e d'un module LED int\u00e9gr\u00e9 aliment\u00e9 par l'interface USB, de sorte que la zone du logo s'allume automatiquement lorsque la cl\u00e9 est connect\u00e9e \u00e0 un appareil. Le logo de la marque reste clairement visible m\u00eame dans les environnements peu \u00e9clair\u00e9s, ce qui permet d'identifier rapidement la cl\u00e9 USB. Son syst\u00e8me d'\u00e9clairage consomme tr\u00e8s peu d'\u00e9nergie, ce qui n'affecte en rien les performances de stockage normales de la cl\u00e9. La zone d'\u00e9clairage LED sur la face avant peut \u00eatre personnalis\u00e9e avec un logo, et la face arri\u00e8re peut \u00eatre personnalis\u00e9e avec un motif. Cela permet \u00e0 votre cl\u00e9 USB d'afficher un style distinctif et de b\u00e9n\u00e9ficier d'une exposition promotionnelle soutenue.<\/p>\n<\/div>\n<\/div>\n\n\n\n<div class=\"wp-block-columns is-layout-flex wp-container-core-columns-is-layout-3 wp-block-columns-is-layout-flex\">\n<div class=\"wp-block-column is-vertically-aligned-center is-layout-flow wp-block-column-is-layout-flow\">\n<p>La couleur de la lumi\u00e8re LED est \u00e9galement personnalisable. Les couleurs les plus populaires sont le rouge, le bleu, le vert, le blanc, etc.<\/p>\n\n\n\n<p>Cette cl\u00e9 USB est fabriqu\u00e9e en alliage m\u00e9tallique de haute qualit\u00e9 et pr\u00e9sente d'excellentes propri\u00e9t\u00e9s de r\u00e9sistance aux chocs et \u00e0 l'usure. Elle peut r\u00e9sister \u00e0 divers chocs et abrasions dans le cadre d'une utilisation quotidienne, et conserver son aspect exquis pendant longtemps.<\/p>\n\n\n\n<p>Les capacit\u00e9s vont de 8 Go \u00e0 256 Go, ce qui permet une s\u00e9lection flexible en fonction des diff\u00e9rents besoins. Il adopte des puces de m\u00e9moire flash \u00e0 haute vitesse, permettant des vitesses de lecture et d'\u00e9criture efficaces et stables, qui peuvent facilement r\u00e9pondre aux besoins quotidiens tels que les transferts de fichiers volumineux et les sauvegardes de donn\u00e9es. Par ailleurs, il est compatible avec de nombreux syst\u00e8mes d'exploitation tels que Windows, Mac et Linux. Il prend en charge la fonctionnalit\u00e9 plug-and-play, sans pilote suppl\u00e9mentaire.<\/p>\n<\/div>\n\n\n\n<div class=\"wp-block-column is-layout-flow wp-block-column-is-layout-flow\">\n<figure class=\"wp-block-image size-full\"><img decoding=\"async\" width=\"800\" height=\"800\" src=\"https:\/\/www.yousanusb.com\/wp-content\/uploads\/2025\/10\/Metal-Light-Up-USB-Flash-Drive.jpeg\" alt=\"\" class=\"wp-image-22693\" srcset=\"https:\/\/www.yousanusb.com\/wp-content\/uploads\/2025\/10\/Metal-Light-Up-USB-Flash-Drive.jpeg 800w, https:\/\/www.yousanusb.com\/wp-content\/uploads\/2025\/10\/Metal-Light-Up-USB-Flash-Drive-300x300.jpeg 300w, https:\/\/www.yousanusb.com\/wp-content\/uploads\/2025\/10\/Metal-Light-Up-USB-Flash-Drive-150x150.jpeg 150w, https:\/\/www.yousanusb.com\/wp-content\/uploads\/2025\/10\/Metal-Light-Up-USB-Flash-Drive-768x768.jpeg 768w, https:\/\/www.yousanusb.com\/wp-content\/uploads\/2025\/10\/Metal-Light-Up-USB-Flash-Drive-12x12.jpeg 12w, https:\/\/www.yousanusb.com\/wp-content\/uploads\/2025\/10\/Metal-Light-Up-USB-Flash-Drive-600x600.jpeg 600w, https:\/\/www.yousanusb.com\/wp-content\/uploads\/2025\/10\/Metal-Light-Up-USB-Flash-Drive-100x100.jpeg 100w\" sizes=\"(max-width: 800px) 100vw, 800px\" \/><\/figure>\n<\/div>\n<\/div>","protected":false},"excerpt":{"rendered":"<ul>\n<li>Conception sans capuchon avec bo\u00eetier m\u00e9tallique<\/li>\n<li>Logo lumineux<\/li>\n<li>Impression UV | Marquage laser | S\u00e9rigraphie<\/li>\n<li>\u00c9tanch\u00e9it\u00e9, r\u00e9sistance aux chocs, r\u00e9sistance aux aimants<\/li>\n<li>MOQ:100pcs<\/li>\n<\/ul>","protected":false},"featured_media":22694,"comment_status":"open","ping_status":"closed","template":"","meta":{"_seopress_robots_primary_cat":"","_seopress_titles_title":"","_seopress_titles_desc":"","_seopress_robots_index":""},"class_list":["post-22689","product","type-product","status-publish","has-post-thumbnail","hentry","product_cat-led-light-usb-flash-drive"],"_links":{"self":[{"href":"https:\/\/www.yousanusb.com\/fr\/wp-json\/wp\/v2\/product\/22689"}],"collection":[{"href":"https:\/\/www.yousanusb.com\/fr\/wp-json\/wp\/v2\/product"}],"about":[{"href":"https:\/\/www.yousanusb.com\/fr\/wp-json\/wp\/v2\/types\/product"}],"replies":[{"embeddable":true,"href":"https:\/\/www.yousanusb.com\/fr\/wp-json\/wp\/v2\/comments?post=22689"}],"wp:featuredmedia":[{"embeddable":true,"href":"https:\/\/www.yousanusb.com\/fr\/wp-json\/wp\/v2\/media\/22694"}],"wp:attachment":[{"href":"https:\/\/www.yousanusb.com\/fr\/wp-json\/wp\/v2\/media?parent=22689"}],"curies":[{"name":"wp","href":"https:\/\/api.w.org\/{rel}","templated":true}]}}