{"id":22696,"date":"2025-10-29T05:04:20","date_gmt":"2025-10-29T05:04:20","guid":{"rendered":"https:\/\/www.yousanusb.com\/?post_type=product&#038;p=22696"},"modified":"2025-10-30T12:39:21","modified_gmt":"2025-10-30T12:39:21","slug":"multi-light-up-stylus-usb-flash-drive","status":"publish","type":"product","link":"https:\/\/www.yousanusb.com\/fr\/produit\/multi-light-up-stylus-usb-flash-drive\/","title":{"rendered":"Multi Light-up Stylus USB Flash Drive"},"content":{"rendered":"<p>Cette cl\u00e9 USB lumineuse avec stylet est un produit num\u00e9rique innovant qui int\u00e8gre le stockage de donn\u00e9es et l'utilisation d'un \u00e9cran tactile, et qui pr\u00e9sente des caract\u00e9ristiques remarquables en termes de design, de fonctionnalit\u00e9 et de praticit\u00e9.<\/p>\n\n\n\n<div class=\"wp-block-columns is-layout-flex wp-container-core-columns-is-layout-1 wp-block-columns-is-layout-flex\">\n<div class=\"wp-block-column is-layout-flow wp-block-column-is-layout-flow\">\n<figure class=\"wp-block-image size-full\"><img fetchpriority=\"high\" decoding=\"async\" width=\"800\" height=\"800\" src=\"https:\/\/www.yousanusb.com\/wp-content\/uploads\/2025\/10\/Stylus-Light-up-USB-Flash-Drive.jpeg\" alt=\"\" class=\"wp-image-22704\" srcset=\"https:\/\/www.yousanusb.com\/wp-content\/uploads\/2025\/10\/Stylus-Light-up-USB-Flash-Drive.jpeg 800w, https:\/\/www.yousanusb.com\/wp-content\/uploads\/2025\/10\/Stylus-Light-up-USB-Flash-Drive-300x300.jpeg 300w, https:\/\/www.yousanusb.com\/wp-content\/uploads\/2025\/10\/Stylus-Light-up-USB-Flash-Drive-150x150.jpeg 150w, https:\/\/www.yousanusb.com\/wp-content\/uploads\/2025\/10\/Stylus-Light-up-USB-Flash-Drive-768x768.jpeg 768w, https:\/\/www.yousanusb.com\/wp-content\/uploads\/2025\/10\/Stylus-Light-up-USB-Flash-Drive-12x12.jpeg 12w, https:\/\/www.yousanusb.com\/wp-content\/uploads\/2025\/10\/Stylus-Light-up-USB-Flash-Drive-600x600.jpeg 600w, https:\/\/www.yousanusb.com\/wp-content\/uploads\/2025\/10\/Stylus-Light-up-USB-Flash-Drive-100x100.jpeg 100w\" sizes=\"(max-width: 800px) 100vw, 800px\" \/><\/figure>\n<\/div>\n\n\n\n<div class=\"wp-block-column is-vertically-aligned-center is-layout-flow wp-block-column-is-layout-flow\">\n<p>Cette cl\u00e9 USB lumineuse avec stylet int\u00e8gre les fonctions d'une cl\u00e9 USB et d'un stylet. Elle est \u00e9quip\u00e9e de diodes \u00e9lectroluminescentes multicolores (vertes, rouges, bleues et blanches). Lorsqu'elle est connect\u00e9e \u00e0 un ordinateur, la zone du logo s'allume automatiquement, ce qui est non seulement plus visible visuellement, mais indique aussi intuitivement l'\u00e9tat de fonctionnement de l'appareil. Le bo\u00eetier est en m\u00e9tal, ce qui le rend r\u00e9sistant aux chocs et \u00e0 l'usure. Il est \u00e9galement dot\u00e9 d'un porte-cl\u00e9s en m\u00e9tal qui permet de l'attacher facilement \u00e0 un trousseau de cl\u00e9s ou \u00e0 un sac \u00e0 dos, ce qui r\u00e9duit consid\u00e9rablement le risque de perte et le rend pratique \u00e0 transporter pour les voyages quotidiens et l'utilisation au bureau.<\/p>\n<\/div>\n<\/div>\n\n\n\n<div class=\"wp-block-columns is-layout-flex wp-container-core-columns-is-layout-2 wp-block-columns-is-layout-flex\">\n<div class=\"wp-block-column is-vertically-aligned-center is-layout-flow wp-block-column-is-layout-flow\">\n<p>Son design 2 en 1 en fait un favori de la mode.<\/p>\n\n\n\n<p>La fonction cl\u00e9 USB offre des capacit\u00e9s de stockage et de transfert de donn\u00e9es stables, est compatible avec les normes USB 2.0\/3.0, ne n\u00e9cessite aucune installation de pilote suppl\u00e9mentaire et est pr\u00eate \u00e0 l'emploi, ce qui permet de stocker efficacement divers types de fichiers tels que des documents, des images et des vid\u00e9os.<\/p>\n\n\n\n<ul class=\"wp-block-list\">\n<li>Fonction stylet : Le stylet pour t\u00e9l\u00e9phones portables et tablettes permet d'\u00e9crire, de dessiner et d'utiliser l'\u00e9cran tactile en douceur, ce qui r\u00e9sout le probl\u00e8me du manque de pr\u00e9cision des op\u00e9rations au doigt. Il convient \u00e0 divers appareils \u00e0 \u00e9cran tactile tels que les t\u00e9l\u00e9phones portables et les tablettes.<\/li>\n<\/ul>\n\n\n\n<p>Il prend en charge les logos de marque personnalisables ; les identit\u00e9s de marque telles que Google, Huawei et Xbox peuvent toutes \u00eatre affich\u00e9es via des lumi\u00e8res LED, r\u00e9pondant ainsi au double besoin de personnalisation et de personnalisation de l'entreprise.<\/p>\n<\/div>\n\n\n\n<div class=\"wp-block-column is-layout-flow wp-block-column-is-layout-flow\">\n<figure class=\"wp-block-image size-full\"><img decoding=\"async\" width=\"800\" height=\"800\" src=\"https:\/\/www.yousanusb.com\/wp-content\/uploads\/2025\/10\/stylus-usb-flash-drive.jpeg\" alt=\"\" class=\"wp-image-22705\" srcset=\"https:\/\/www.yousanusb.com\/wp-content\/uploads\/2025\/10\/stylus-usb-flash-drive.jpeg 800w, https:\/\/www.yousanusb.com\/wp-content\/uploads\/2025\/10\/stylus-usb-flash-drive-300x300.jpeg 300w, https:\/\/www.yousanusb.com\/wp-content\/uploads\/2025\/10\/stylus-usb-flash-drive-150x150.jpeg 150w, https:\/\/www.yousanusb.com\/wp-content\/uploads\/2025\/10\/stylus-usb-flash-drive-768x768.jpeg 768w, https:\/\/www.yousanusb.com\/wp-content\/uploads\/2025\/10\/stylus-usb-flash-drive-12x12.jpeg 12w, https:\/\/www.yousanusb.com\/wp-content\/uploads\/2025\/10\/stylus-usb-flash-drive-600x600.jpeg 600w, https:\/\/www.yousanusb.com\/wp-content\/uploads\/2025\/10\/stylus-usb-flash-drive-100x100.jpeg 100w\" sizes=\"(max-width: 800px) 100vw, 800px\" \/><\/figure>\n<\/div>\n<\/div>\n\n\n\n<p>Cette cl\u00e9 USB peut \u00eatre utilis\u00e9e \u00e0 l'aide d'un stylet sur les ordinateurs, les t\u00e9l\u00e9phones portables et les tablettes, et prend \u00e9galement en charge les services de personnalisation de logos et autres. Ces avantages lui permettent d'obtenir une excellente exposition durable et des r\u00e9sultats promotionnels dans des sc\u00e9narios tels que le bureau d'affaires, le stockage personnel et la promotion de la marque.<\/p>\n\n\n\n<div class=\"wp-block-columns is-layout-flex wp-container-core-columns-is-layout-3 wp-block-columns-is-layout-flex\">\n<div class=\"wp-block-column is-layout-flow wp-block-column-is-layout-flow\">\n<figure class=\"wp-block-image size-full\"><img decoding=\"async\" width=\"800\" height=\"800\" src=\"https:\/\/www.yousanusb.com\/wp-content\/uploads\/2025\/10\/custom-stylus-pendrive.jpeg\" alt=\"\" class=\"wp-image-22701\" srcset=\"https:\/\/www.yousanusb.com\/wp-content\/uploads\/2025\/10\/custom-stylus-pendrive.jpeg 800w, https:\/\/www.yousanusb.com\/wp-content\/uploads\/2025\/10\/custom-stylus-pendrive-300x300.jpeg 300w, https:\/\/www.yousanusb.com\/wp-content\/uploads\/2025\/10\/custom-stylus-pendrive-150x150.jpeg 150w, https:\/\/www.yousanusb.com\/wp-content\/uploads\/2025\/10\/custom-stylus-pendrive-768x768.jpeg 768w, https:\/\/www.yousanusb.com\/wp-content\/uploads\/2025\/10\/custom-stylus-pendrive-12x12.jpeg 12w, https:\/\/www.yousanusb.com\/wp-content\/uploads\/2025\/10\/custom-stylus-pendrive-600x600.jpeg 600w, https:\/\/www.yousanusb.com\/wp-content\/uploads\/2025\/10\/custom-stylus-pendrive-100x100.jpeg 100w\" sizes=\"(max-width: 800px) 100vw, 800px\" \/><\/figure>\n<\/div>\n\n\n\n<div class=\"wp-block-column is-layout-flow wp-block-column-is-layout-flow\">\n<figure class=\"wp-block-image size-full\"><img loading=\"lazy\" decoding=\"async\" width=\"800\" height=\"800\" src=\"https:\/\/www.yousanusb.com\/wp-content\/uploads\/2025\/10\/custom-stylus-light-up-usb-drive.jpeg\" alt=\"\" class=\"wp-image-22700\" srcset=\"https:\/\/www.yousanusb.com\/wp-content\/uploads\/2025\/10\/custom-stylus-light-up-usb-drive.jpeg 800w, https:\/\/www.yousanusb.com\/wp-content\/uploads\/2025\/10\/custom-stylus-light-up-usb-drive-300x300.jpeg 300w, https:\/\/www.yousanusb.com\/wp-content\/uploads\/2025\/10\/custom-stylus-light-up-usb-drive-150x150.jpeg 150w, https:\/\/www.yousanusb.com\/wp-content\/uploads\/2025\/10\/custom-stylus-light-up-usb-drive-768x768.jpeg 768w, https:\/\/www.yousanusb.com\/wp-content\/uploads\/2025\/10\/custom-stylus-light-up-usb-drive-12x12.jpeg 12w, https:\/\/www.yousanusb.com\/wp-content\/uploads\/2025\/10\/custom-stylus-light-up-usb-drive-600x600.jpeg 600w, https:\/\/www.yousanusb.com\/wp-content\/uploads\/2025\/10\/custom-stylus-light-up-usb-drive-100x100.jpeg 100w\" sizes=\"(max-width: 800px) 100vw, 800px\" \/><\/figure>\n<\/div>\n\n\n\n<div class=\"wp-block-column is-layout-flow wp-block-column-is-layout-flow\">\n<figure class=\"wp-block-image size-full\"><img loading=\"lazy\" decoding=\"async\" width=\"800\" height=\"800\" src=\"https:\/\/www.yousanusb.com\/wp-content\/uploads\/2025\/10\/USB-2.0-light-up-usb-flash-drive-with-stylus.jpeg\" alt=\"\" class=\"wp-image-22706\" srcset=\"https:\/\/www.yousanusb.com\/wp-content\/uploads\/2025\/10\/USB-2.0-light-up-usb-flash-drive-with-stylus.jpeg 800w, https:\/\/www.yousanusb.com\/wp-content\/uploads\/2025\/10\/USB-2.0-light-up-usb-flash-drive-with-stylus-300x300.jpeg 300w, https:\/\/www.yousanusb.com\/wp-content\/uploads\/2025\/10\/USB-2.0-light-up-usb-flash-drive-with-stylus-150x150.jpeg 150w, https:\/\/www.yousanusb.com\/wp-content\/uploads\/2025\/10\/USB-2.0-light-up-usb-flash-drive-with-stylus-768x768.jpeg 768w, https:\/\/www.yousanusb.com\/wp-content\/uploads\/2025\/10\/USB-2.0-light-up-usb-flash-drive-with-stylus-12x12.jpeg 12w, https:\/\/www.yousanusb.com\/wp-content\/uploads\/2025\/10\/USB-2.0-light-up-usb-flash-drive-with-stylus-600x600.jpeg 600w, https:\/\/www.yousanusb.com\/wp-content\/uploads\/2025\/10\/USB-2.0-light-up-usb-flash-drive-with-stylus-100x100.jpeg 100w\" sizes=\"(max-width: 800px) 100vw, 800px\" \/><\/figure>\n<\/div>\n<\/div>\n\n\n\n<p><\/p>","protected":false},"excerpt":{"rendered":"<ul>\n<li>Cl\u00e9 USB 2 en 1<\/li>\n<li>Cl\u00e9s USB personnalis\u00e9es avec stylet en m\u00e9tal<\/li>\n<li>Branchez et travaillez<\/li>\n<li>Compatible avec Windows 11\/10\/8\/7\/Vista\/XP\/2000\/98\/ME\/NT Linux, Mac OS et Chrome<\/li>\n<li>Compatible avec l'USB 2.0 et les versions inf\u00e9rieures<\/li>\n<li>MOQ:100pcs<\/li>\n<\/ul>","protected":false},"featured_media":22702,"comment_status":"open","ping_status":"closed","template":"","meta":{"_seopress_robots_primary_cat":"","_seopress_titles_title":"","_seopress_titles_desc":"","_seopress_robots_index":""},"class_list":["post-22696","product","type-product","status-publish","has-post-thumbnail","hentry","product_cat-led-light-usb-flash-drive"],"_links":{"self":[{"href":"https:\/\/www.yousanusb.com\/fr\/wp-json\/wp\/v2\/product\/22696"}],"collection":[{"href":"https:\/\/www.yousanusb.com\/fr\/wp-json\/wp\/v2\/product"}],"about":[{"href":"https:\/\/www.yousanusb.com\/fr\/wp-json\/wp\/v2\/types\/product"}],"replies":[{"embeddable":true,"href":"https:\/\/www.yousanusb.com\/fr\/wp-json\/wp\/v2\/comments?post=22696"}],"wp:featuredmedia":[{"embeddable":true,"href":"https:\/\/www.yousanusb.com\/fr\/wp-json\/wp\/v2\/media\/22702"}],"wp:attachment":[{"href":"https:\/\/www.yousanusb.com\/fr\/wp-json\/wp\/v2\/media?parent=22696"}],"curies":[{"name":"wp","href":"https:\/\/api.w.org\/{rel}","templated":true}]}}