{"id":22709,"date":"2025-10-29T06:14:45","date_gmt":"2025-10-29T06:14:45","guid":{"rendered":"https:\/\/www.yousanusb.com\/?post_type=product&#038;p=22709"},"modified":"2025-10-30T12:39:32","modified_gmt":"2025-10-30T12:39:32","slug":"paper-clip-light-up-usb-flash-drive","status":"publish","type":"product","link":"https:\/\/www.yousanusb.com\/fr\/produit\/paper-clip-light-up-usb-flash-drive\/","title":{"rendered":"Trombone Cl\u00e9 USB lumineuse"},"content":{"rendered":"<div class=\"wp-block-columns is-layout-flex wp-container-core-columns-is-layout-1 wp-block-columns-is-layout-flex\">\n<div class=\"wp-block-column is-vertically-aligned-center is-layout-flow wp-block-column-is-layout-flow\">\n<figure class=\"wp-block-image size-full\"><img fetchpriority=\"high\" decoding=\"async\" width=\"800\" height=\"800\" src=\"https:\/\/www.yousanusb.com\/wp-content\/uploads\/2025\/10\/Paperclip-Lightup-USB-Flash-Drive.jpg\" alt=\"\" class=\"wp-image-22717\" srcset=\"https:\/\/www.yousanusb.com\/wp-content\/uploads\/2025\/10\/Paperclip-Lightup-USB-Flash-Drive.jpg 800w, https:\/\/www.yousanusb.com\/wp-content\/uploads\/2025\/10\/Paperclip-Lightup-USB-Flash-Drive-300x300.jpg 300w, https:\/\/www.yousanusb.com\/wp-content\/uploads\/2025\/10\/Paperclip-Lightup-USB-Flash-Drive-150x150.jpg 150w, https:\/\/www.yousanusb.com\/wp-content\/uploads\/2025\/10\/Paperclip-Lightup-USB-Flash-Drive-768x768.jpg 768w, https:\/\/www.yousanusb.com\/wp-content\/uploads\/2025\/10\/Paperclip-Lightup-USB-Flash-Drive-12x12.jpg 12w, https:\/\/www.yousanusb.com\/wp-content\/uploads\/2025\/10\/Paperclip-Lightup-USB-Flash-Drive-600x600.jpg 600w, https:\/\/www.yousanusb.com\/wp-content\/uploads\/2025\/10\/Paperclip-Lightup-USB-Flash-Drive-100x100.jpg 100w\" sizes=\"(max-width: 800px) 100vw, 800px\" \/><\/figure>\n<\/div>\n\n\n\n<div class=\"wp-block-column is-vertically-aligned-center is-layout-flow wp-block-column-is-layout-flow\">\n<p>Cette cl\u00e9 USB \u00e0 clip lumineux est dot\u00e9e d'un bo\u00eetier m\u00e9tallique durable, r\u00e9sistant aux chocs et \u00e0 l'usure. Son clip unique permet de l'attacher facilement \u00e0 des documents, des sacs \u00e0 dos et d'autres objets, ce qui la rend pratique \u00e0 transporter. La couleur du clip peut \u00eatre personnalis\u00e9e, avec des options telles que le rouge, le bleu, le noir, le blanc et d'autres encore, afin de r\u00e9pondre aux diff\u00e9rentes pr\u00e9f\u00e9rences en mati\u00e8re de style.<\/p>\n\n\n\n<p>Elle poss\u00e8de les capacit\u00e9s de stockage et de transfert stables d'une cl\u00e9 USB, est compatible avec les normes USB 2.0\/3.0 et est pr\u00eate \u00e0 l'emploi sans qu'il soit n\u00e9cessaire d'installer des pilotes suppl\u00e9mentaires. Elle peut stocker efficacement des documents, des images et des vid\u00e9os, r\u00e9pondant ainsi aux besoins de base du travail de bureau quotidien et de la gestion des donn\u00e9es personnelles. Il assure une lecture et une \u00e9criture stables et fiables des donn\u00e9es, garantit efficacement la s\u00e9curit\u00e9 des donn\u00e9es et convient \u00e0 des sc\u00e9narios tels que la transmission de documents professionnels et le stockage de donn\u00e9es personnelles.<\/p>\n<\/div>\n<\/div>\n\n\n\n<div class=\"wp-block-columns is-layout-flex wp-container-core-columns-is-layout-2 wp-block-columns-is-layout-flex\">\n<div class=\"wp-block-column is-vertically-aligned-center is-layout-flow wp-block-column-is-layout-flow\">\n<p>Les services de personnalisation sont particuli\u00e8rement \u00e9tendus. Non seulement la couleur du clip peut \u00eatre personnalis\u00e9e, mais les logos ou les motifs de la marque peuvent \u00e9galement \u00eatre personnalis\u00e9s \u00e0 la fois sur le clip et sur la zone d'\u00e9clairage. Des marques telles que Audi, Land Rover, Amazon et Facebook peuvent toutes \u00eatre affich\u00e9es au moyen de lumi\u00e8res LED, r\u00e9pondant ainsi au double besoin de promotion de la marque de l'entreprise et de personnalisation.<\/p>\n<\/div>\n\n\n\n<div class=\"wp-block-column is-layout-flow wp-block-column-is-layout-flow\">\n<figure class=\"wp-block-image size-full\"><img decoding=\"async\" width=\"800\" height=\"800\" src=\"https:\/\/www.yousanusb.com\/wp-content\/uploads\/2025\/10\/custom-metal-Light-up-usb-drive.jpg\" alt=\"\" class=\"wp-image-22713\" srcset=\"https:\/\/www.yousanusb.com\/wp-content\/uploads\/2025\/10\/custom-metal-Light-up-usb-drive.jpg 800w, https:\/\/www.yousanusb.com\/wp-content\/uploads\/2025\/10\/custom-metal-Light-up-usb-drive-300x300.jpg 300w, https:\/\/www.yousanusb.com\/wp-content\/uploads\/2025\/10\/custom-metal-Light-up-usb-drive-150x150.jpg 150w, https:\/\/www.yousanusb.com\/wp-content\/uploads\/2025\/10\/custom-metal-Light-up-usb-drive-768x768.jpg 768w, https:\/\/www.yousanusb.com\/wp-content\/uploads\/2025\/10\/custom-metal-Light-up-usb-drive-12x12.jpg 12w, https:\/\/www.yousanusb.com\/wp-content\/uploads\/2025\/10\/custom-metal-Light-up-usb-drive-600x600.jpg 600w, https:\/\/www.yousanusb.com\/wp-content\/uploads\/2025\/10\/custom-metal-Light-up-usb-drive-100x100.jpg 100w\" sizes=\"(max-width: 800px) 100vw, 800px\" \/><\/figure>\n<\/div>\n<\/div>\n\n\n\n<p>L'effet lumineux est sa principale caract\u00e9ristique. Lorsqu'elle est connect\u00e9e \u00e0 un ordinateur, la zone du logo de la cl\u00e9 USB s'allume automatiquement, avec une riche palette de couleurs : rouge, vert, blanc, bleu, etc. Les logos de diff\u00e9rentes marques \u00e9mettent des couleurs de lumi\u00e8re distinctes, par exemple : le logo Audi est rouge, le logo Land Rover est vert, le logo Amazon est blanc et le logo Facebook est bleu. C'est visuellement frappant et cela permet d'indiquer intuitivement l'\u00e9tat de fonctionnement de l'appareil.<\/p>\n\n\n\n<div class=\"wp-block-columns is-layout-flex wp-container-core-columns-is-layout-3 wp-block-columns-is-layout-flex\">\n<div class=\"wp-block-column is-layout-flow wp-block-column-is-layout-flow\">\n<figure class=\"wp-block-image size-full\"><img decoding=\"async\" width=\"800\" height=\"800\" src=\"https:\/\/www.yousanusb.com\/wp-content\/uploads\/2025\/10\/Light-up-usb-flash-drive-manufacture.jpg\" alt=\"\" class=\"wp-image-22715\" srcset=\"https:\/\/www.yousanusb.com\/wp-content\/uploads\/2025\/10\/Light-up-usb-flash-drive-manufacture.jpg 800w, https:\/\/www.yousanusb.com\/wp-content\/uploads\/2025\/10\/Light-up-usb-flash-drive-manufacture-300x300.jpg 300w, https:\/\/www.yousanusb.com\/wp-content\/uploads\/2025\/10\/Light-up-usb-flash-drive-manufacture-150x150.jpg 150w, https:\/\/www.yousanusb.com\/wp-content\/uploads\/2025\/10\/Light-up-usb-flash-drive-manufacture-768x768.jpg 768w, https:\/\/www.yousanusb.com\/wp-content\/uploads\/2025\/10\/Light-up-usb-flash-drive-manufacture-12x12.jpg 12w, https:\/\/www.yousanusb.com\/wp-content\/uploads\/2025\/10\/Light-up-usb-flash-drive-manufacture-600x600.jpg 600w, https:\/\/www.yousanusb.com\/wp-content\/uploads\/2025\/10\/Light-up-usb-flash-drive-manufacture-100x100.jpg 100w\" sizes=\"(max-width: 800px) 100vw, 800px\" \/><\/figure>\n<\/div>\n\n\n\n<div class=\"wp-block-column is-layout-flow wp-block-column-is-layout-flow\">\n<figure class=\"wp-block-image size-full\"><img loading=\"lazy\" decoding=\"async\" width=\"800\" height=\"800\" src=\"https:\/\/www.yousanusb.com\/wp-content\/uploads\/2025\/10\/custom-light-up-usb-flash-drive.jpg\" alt=\"\" class=\"wp-image-22712\" srcset=\"https:\/\/www.yousanusb.com\/wp-content\/uploads\/2025\/10\/custom-light-up-usb-flash-drive.jpg 800w, https:\/\/www.yousanusb.com\/wp-content\/uploads\/2025\/10\/custom-light-up-usb-flash-drive-300x300.jpg 300w, https:\/\/www.yousanusb.com\/wp-content\/uploads\/2025\/10\/custom-light-up-usb-flash-drive-150x150.jpg 150w, https:\/\/www.yousanusb.com\/wp-content\/uploads\/2025\/10\/custom-light-up-usb-flash-drive-768x768.jpg 768w, https:\/\/www.yousanusb.com\/wp-content\/uploads\/2025\/10\/custom-light-up-usb-flash-drive-12x12.jpg 12w, https:\/\/www.yousanusb.com\/wp-content\/uploads\/2025\/10\/custom-light-up-usb-flash-drive-600x600.jpg 600w, https:\/\/www.yousanusb.com\/wp-content\/uploads\/2025\/10\/custom-light-up-usb-flash-drive-100x100.jpg 100w\" sizes=\"(max-width: 800px) 100vw, 800px\" \/><\/figure>\n<\/div>\n\n\n\n<div class=\"wp-block-column is-layout-flow wp-block-column-is-layout-flow\">\n<figure class=\"wp-block-image size-full\"><img decoding=\"async\" width=\"800\" height=\"800\" src=\"https:\/\/www.yousanusb.com\/wp-content\/uploads\/2025\/10\/Light-up-usb-flash-drive-manufacture.jpg\" alt=\"\" class=\"wp-image-22715\" srcset=\"https:\/\/www.yousanusb.com\/wp-content\/uploads\/2025\/10\/Light-up-usb-flash-drive-manufacture.jpg 800w, https:\/\/www.yousanusb.com\/wp-content\/uploads\/2025\/10\/Light-up-usb-flash-drive-manufacture-300x300.jpg 300w, https:\/\/www.yousanusb.com\/wp-content\/uploads\/2025\/10\/Light-up-usb-flash-drive-manufacture-150x150.jpg 150w, https:\/\/www.yousanusb.com\/wp-content\/uploads\/2025\/10\/Light-up-usb-flash-drive-manufacture-768x768.jpg 768w, https:\/\/www.yousanusb.com\/wp-content\/uploads\/2025\/10\/Light-up-usb-flash-drive-manufacture-12x12.jpg 12w, https:\/\/www.yousanusb.com\/wp-content\/uploads\/2025\/10\/Light-up-usb-flash-drive-manufacture-600x600.jpg 600w, https:\/\/www.yousanusb.com\/wp-content\/uploads\/2025\/10\/Light-up-usb-flash-drive-manufacture-100x100.jpg 100w\" sizes=\"(max-width: 800px) 100vw, 800px\" \/><\/figure>\n<\/div>\n<\/div>","protected":false},"excerpt":{"rendered":"<ul>\n<li>Couleur du clip personnalis\u00e9e<\/li>\n<li>LOGO personnalis\u00e9<\/li>\n<li>Couleur lumineuse personnalis\u00e9e<\/li>\n<li>Impression UV | Marquage laser | S\u00e9rigraphie<\/li>\n<li>MOQ:100pcs<\/li>\n<\/ul>","protected":false},"featured_media":22717,"comment_status":"open","ping_status":"closed","template":"","meta":{"_seopress_robots_primary_cat":"","_seopress_titles_title":"","_seopress_titles_desc":"","_seopress_robots_index":""},"class_list":["post-22709","product","type-product","status-publish","has-post-thumbnail","hentry","product_cat-led-light-usb-flash-drive"],"_links":{"self":[{"href":"https:\/\/www.yousanusb.com\/fr\/wp-json\/wp\/v2\/product\/22709"}],"collection":[{"href":"https:\/\/www.yousanusb.com\/fr\/wp-json\/wp\/v2\/product"}],"about":[{"href":"https:\/\/www.yousanusb.com\/fr\/wp-json\/wp\/v2\/types\/product"}],"replies":[{"embeddable":true,"href":"https:\/\/www.yousanusb.com\/fr\/wp-json\/wp\/v2\/comments?post=22709"}],"wp:featuredmedia":[{"embeddable":true,"href":"https:\/\/www.yousanusb.com\/fr\/wp-json\/wp\/v2\/media\/22717"}],"wp:attachment":[{"href":"https:\/\/www.yousanusb.com\/fr\/wp-json\/wp\/v2\/media?parent=22709"}],"curies":[{"name":"wp","href":"https:\/\/api.w.org\/{rel}","templated":true}]}}