{"id":22719,"date":"2025-10-29T06:45:38","date_gmt":"2025-10-29T06:45:38","guid":{"rendered":"https:\/\/www.yousanusb.com\/?post_type=product&#038;p=22719"},"modified":"2025-10-30T12:39:43","modified_gmt":"2025-10-30T12:39:43","slug":"light-up-metal-usb-flash-drive-with-hook","status":"publish","type":"product","link":"https:\/\/www.yousanusb.com\/fr\/produit\/light-up-metal-usb-flash-drive-with-hook\/","title":{"rendered":"Cl\u00e9 USB en m\u00e9tal illumin\u00e9e avec crochet"},"content":{"rendered":"<div class=\"wp-block-columns is-layout-flex wp-container-core-columns-is-layout-1 wp-block-columns-is-layout-flex\">\n<div class=\"wp-block-column is-layout-flow wp-block-column-is-layout-flow\">\n<figure class=\"wp-block-image size-full\"><img fetchpriority=\"high\" decoding=\"async\" width=\"800\" height=\"800\" src=\"https:\/\/www.yousanusb.com\/wp-content\/uploads\/2025\/10\/metal-light-up-usb-flash-drive-2.jpeg\" alt=\"\" class=\"wp-image-22725\" srcset=\"https:\/\/www.yousanusb.com\/wp-content\/uploads\/2025\/10\/metal-light-up-usb-flash-drive-2.jpeg 800w, https:\/\/www.yousanusb.com\/wp-content\/uploads\/2025\/10\/metal-light-up-usb-flash-drive-2-300x300.jpeg 300w, https:\/\/www.yousanusb.com\/wp-content\/uploads\/2025\/10\/metal-light-up-usb-flash-drive-2-150x150.jpeg 150w, https:\/\/www.yousanusb.com\/wp-content\/uploads\/2025\/10\/metal-light-up-usb-flash-drive-2-768x768.jpeg 768w, https:\/\/www.yousanusb.com\/wp-content\/uploads\/2025\/10\/metal-light-up-usb-flash-drive-2-12x12.jpeg 12w, https:\/\/www.yousanusb.com\/wp-content\/uploads\/2025\/10\/metal-light-up-usb-flash-drive-2-600x600.jpeg 600w, https:\/\/www.yousanusb.com\/wp-content\/uploads\/2025\/10\/metal-light-up-usb-flash-drive-2-100x100.jpeg 100w\" sizes=\"(max-width: 800px) 100vw, 800px\" \/><\/figure>\n<\/div>\n\n\n\n<div class=\"wp-block-column is-vertically-aligned-center is-layout-flow wp-block-column-is-layout-flow\">\n<p>Cette cl\u00e9 USB m\u00e9tallique lumineuse avec clip m\u00e9tallique est dot\u00e9e d'un long bo\u00eetier m\u00e9tallique. Il est fabriqu\u00e9 en m\u00e9tal, r\u00e9sistant aux chutes et \u00e0 l'usure, et peut prot\u00e9ger efficacement les composants de stockage internes. Le clip m\u00e9tallique situ\u00e9 sur le dessus est tr\u00e8s pratique. Il est fabriqu\u00e9 dans le m\u00eame mat\u00e9riau m\u00e9tallique, ce qui le rend robuste et durable. Il peut \u00eatre facilement attach\u00e9 \u00e0 un porte-cl\u00e9s, \u00e0 un sac \u00e0 dos ou m\u00eame \u00e0 un classeur, ce qui permet de le transporter facilement et de r\u00e9duire consid\u00e9rablement le risque de perte.<\/p>\n\n\n\n<p>La fonction d'\u00e9clairage attire particuli\u00e8rement l'attention. Lorsque la cl\u00e9 USB est connect\u00e9e \u00e0 un ordinateur, la zone du logo s'allume automatiquement et prend en charge plusieurs options de couleur telles que le vert, le rouge, le bleu, le blanc et le jaune. Les logos de diff\u00e9rentes marques peuvent \u00eatre associ\u00e9s \u00e0 des couleurs d'\u00e9clairage LED correspondantes. Par exemple, le logo Google peut afficher des effets lumineux multicolores, tandis que le logo Huawei s'illumine en rouge. Il a un fort impact visuel et peut refl\u00e9ter intuitivement l'\u00e9tat de fonctionnement de l'appareil.<\/p>\n<\/div>\n<\/div>\n\n\n\n<div class=\"wp-block-columns is-layout-flex wp-container-core-columns-is-layout-2 wp-block-columns-is-layout-flex\">\n<div class=\"wp-block-column is-vertically-aligned-center is-layout-flow wp-block-column-is-layout-flow\">\n<p>Elle poss\u00e8de les capacit\u00e9s de stockage et de transfert d'une cl\u00e9 USB, est compatible avec les normes USB et est pr\u00eate \u00e0 l'emploi sans n\u00e9cessiter l'installation d'un pilote suppl\u00e9mentaire. Qu'il s'agisse de documents et de feuilles de calcul dans des sc\u00e9narios bureautiques ou de photos et de fichiers vid\u00e9o personnels, elle peut les stocker efficacement, r\u00e9pondant ainsi aux besoins fondamentaux de la gestion quotidienne des donn\u00e9es. En termes de performances de stockage professionnel, il respecte scrupuleusement les normes de l'industrie. Les processus de lecture et d'\u00e9criture des donn\u00e9es sont stables et fiables, ce qui garantit la s\u00e9curit\u00e9 des donn\u00e9es. Il convient aussi bien au transfert de fichiers dans le cadre d'activit\u00e9s professionnelles qu'au stockage \u00e0 long terme de donn\u00e9es personnelles.<\/p>\n<\/div>\n\n\n\n<div class=\"wp-block-column is-layout-flow wp-block-column-is-layout-flow\">\n<figure class=\"wp-block-image size-full\"><img decoding=\"async\" width=\"800\" height=\"800\" src=\"https:\/\/www.yousanusb.com\/wp-content\/uploads\/2025\/10\/light-up-usb-flash-drive.jpg\" alt=\"\" class=\"wp-image-22724\" srcset=\"https:\/\/www.yousanusb.com\/wp-content\/uploads\/2025\/10\/light-up-usb-flash-drive.jpg 800w, https:\/\/www.yousanusb.com\/wp-content\/uploads\/2025\/10\/light-up-usb-flash-drive-300x300.jpg 300w, https:\/\/www.yousanusb.com\/wp-content\/uploads\/2025\/10\/light-up-usb-flash-drive-150x150.jpg 150w, https:\/\/www.yousanusb.com\/wp-content\/uploads\/2025\/10\/light-up-usb-flash-drive-768x768.jpg 768w, https:\/\/www.yousanusb.com\/wp-content\/uploads\/2025\/10\/light-up-usb-flash-drive-12x12.jpg 12w, https:\/\/www.yousanusb.com\/wp-content\/uploads\/2025\/10\/light-up-usb-flash-drive-600x600.jpg 600w, https:\/\/www.yousanusb.com\/wp-content\/uploads\/2025\/10\/light-up-usb-flash-drive-100x100.jpg 100w\" sizes=\"(max-width: 800px) 100vw, 800px\" \/><\/figure>\n<\/div>\n<\/div>\n\n\n\n<div class=\"wp-block-columns is-layout-flex wp-container-core-columns-is-layout-3 wp-block-columns-is-layout-flex\">\n<div class=\"wp-block-column is-layout-flow wp-block-column-is-layout-flow\">\n<figure class=\"wp-block-image size-full\"><img decoding=\"async\" width=\"800\" height=\"800\" src=\"https:\/\/www.yousanusb.com\/wp-content\/uploads\/2025\/10\/custom-light-up-metal-usb-flash-drive.webp\" alt=\"\" class=\"wp-image-22722\" srcset=\"https:\/\/www.yousanusb.com\/wp-content\/uploads\/2025\/10\/custom-light-up-metal-usb-flash-drive.webp 800w, https:\/\/www.yousanusb.com\/wp-content\/uploads\/2025\/10\/custom-light-up-metal-usb-flash-drive-300x300.webp 300w, https:\/\/www.yousanusb.com\/wp-content\/uploads\/2025\/10\/custom-light-up-metal-usb-flash-drive-150x150.webp 150w, https:\/\/www.yousanusb.com\/wp-content\/uploads\/2025\/10\/custom-light-up-metal-usb-flash-drive-768x768.webp 768w, https:\/\/www.yousanusb.com\/wp-content\/uploads\/2025\/10\/custom-light-up-metal-usb-flash-drive-12x12.webp 12w, https:\/\/www.yousanusb.com\/wp-content\/uploads\/2025\/10\/custom-light-up-metal-usb-flash-drive-600x600.webp 600w, https:\/\/www.yousanusb.com\/wp-content\/uploads\/2025\/10\/custom-light-up-metal-usb-flash-drive-100x100.webp 100w\" sizes=\"(max-width: 800px) 100vw, 800px\" \/><\/figure>\n<\/div>\n\n\n\n<div class=\"wp-block-column is-vertically-aligned-center is-layout-flow wp-block-column-is-layout-flow\">\n<p>Le service de personnalisation est tr\u00e8s flexible. Non seulement la couleur de l'\u00e9clairage du LOGO peut \u00eatre personnalis\u00e9e, mais des logos de marque ou des motifs exclusifs peuvent \u00e9galement \u00eatre personnalis\u00e9s sur le bo\u00eetier m\u00e9tallique et la zone d'\u00e9clairage. Des marques telles que Xbox, Adobe et AT&amp;T peuvent \u00eatre pr\u00e9sent\u00e9es de cette mani\u00e8re, ce qui r\u00e9pond non seulement aux besoins des entreprises en mati\u00e8re de promotion des marques, mais aussi \u00e0 la recherche d'individualit\u00e9 des utilisateurs.<\/p>\n\n\n\n<p>Cette cl\u00e9 USB lumineuse en m\u00e9tal illumine votre logo en bleu, vert, rouge ou blanc. Son design \u00e9pur\u00e9 en fait un cadeau id\u00e9al pour les entreprises ou les cadres.<\/p>\n<\/div>\n<\/div>","protected":false},"excerpt":{"rendered":"<ul>\n<li>LED Memory Stick<\/li>\n<li>Logo lumineux personnalis\u00e9<\/li>\n<li>Branchez et travaillez<\/li>\n<li>\u00c9tanch\u00e9it\u00e9, r\u00e9sistance aux chocs, r\u00e9sistance aux aimants<\/li>\n<li>MOQ:100pcs<\/li>\n<\/ul>","protected":false},"featured_media":22724,"comment_status":"open","ping_status":"closed","template":"","meta":{"_seopress_robots_primary_cat":"","_seopress_titles_title":"","_seopress_titles_desc":"","_seopress_robots_index":""},"class_list":["post-22719","product","type-product","status-publish","has-post-thumbnail","hentry","product_cat-led-light-usb-flash-drive"],"_links":{"self":[{"href":"https:\/\/www.yousanusb.com\/fr\/wp-json\/wp\/v2\/product\/22719"}],"collection":[{"href":"https:\/\/www.yousanusb.com\/fr\/wp-json\/wp\/v2\/product"}],"about":[{"href":"https:\/\/www.yousanusb.com\/fr\/wp-json\/wp\/v2\/types\/product"}],"replies":[{"embeddable":true,"href":"https:\/\/www.yousanusb.com\/fr\/wp-json\/wp\/v2\/comments?post=22719"}],"wp:featuredmedia":[{"embeddable":true,"href":"https:\/\/www.yousanusb.com\/fr\/wp-json\/wp\/v2\/media\/22724"}],"wp:attachment":[{"href":"https:\/\/www.yousanusb.com\/fr\/wp-json\/wp\/v2\/media?parent=22719"}],"curies":[{"name":"wp","href":"https:\/\/api.w.org\/{rel}","templated":true}]}}