{"id":22727,"date":"2025-10-29T07:57:14","date_gmt":"2025-10-29T07:57:14","guid":{"rendered":"https:\/\/www.yousanusb.com\/?post_type=product&#038;p=22727"},"modified":"2025-10-30T12:39:56","modified_gmt":"2025-10-30T12:39:56","slug":"light-up-usb-flash-drive-with-leather-strap","status":"publish","type":"product","link":"https:\/\/www.yousanusb.com\/fr\/produit\/light-up-usb-flash-drive-with-leather-strap\/","title":{"rendered":"Cl\u00e9 USB lumineuse avec bracelet en cuir"},"content":{"rendered":"<div class=\"wp-block-columns is-layout-flex wp-container-core-columns-is-layout-1 wp-block-columns-is-layout-flex\">\n<div class=\"wp-block-column is-layout-flow wp-block-column-is-layout-flow\">\n<figure class=\"wp-block-image size-full\"><img fetchpriority=\"high\" decoding=\"async\" width=\"800\" height=\"800\" src=\"https:\/\/www.yousanusb.com\/wp-content\/uploads\/2025\/10\/lather-light-up-usb-flash-drive.jpeg\" alt=\"\" class=\"wp-image-22732\" srcset=\"https:\/\/www.yousanusb.com\/wp-content\/uploads\/2025\/10\/lather-light-up-usb-flash-drive.jpeg 800w, https:\/\/www.yousanusb.com\/wp-content\/uploads\/2025\/10\/lather-light-up-usb-flash-drive-300x300.jpeg 300w, https:\/\/www.yousanusb.com\/wp-content\/uploads\/2025\/10\/lather-light-up-usb-flash-drive-150x150.jpeg 150w, https:\/\/www.yousanusb.com\/wp-content\/uploads\/2025\/10\/lather-light-up-usb-flash-drive-768x768.jpeg 768w, https:\/\/www.yousanusb.com\/wp-content\/uploads\/2025\/10\/lather-light-up-usb-flash-drive-12x12.jpeg 12w, https:\/\/www.yousanusb.com\/wp-content\/uploads\/2025\/10\/lather-light-up-usb-flash-drive-600x600.jpeg 600w, https:\/\/www.yousanusb.com\/wp-content\/uploads\/2025\/10\/lather-light-up-usb-flash-drive-100x100.jpeg 100w\" sizes=\"(max-width: 800px) 100vw, 800px\" \/><\/figure>\n<\/div>\n\n\n\n<div class=\"wp-block-column is-vertically-aligned-center is-layout-flow wp-block-column-is-layout-flow\">\n<p>Cette cl\u00e9 USB lumineuse avec lani\u00e8re en cuir est livr\u00e9e avec une lani\u00e8re en cuir marron, qui peut \u00eatre facilement attach\u00e9e \u00e0 un porte-cl\u00e9s, \u00e0 un sac \u00e0 dos ou \u00e0 d'autres objets, ce qui la rend pratique \u00e0 transporter et r\u00e9duit consid\u00e9rablement le risque de perte. Le corps principal de la cl\u00e9 USB est rectangulaire et fabriqu\u00e9 en plastique durable, ce qui permet de prot\u00e9ger efficacement les composants de stockage internes.<\/p>\n\n\n\n<p>La fonction d'\u00e9clairage est particuli\u00e8rement attrayante. Lorsque la cl\u00e9 USB est connect\u00e9e \u00e0 un ordinateur, la zone LOGO situ\u00e9e \u00e0 l'avant s'allume automatiquement et la couleur de l'\u00e9clairage peut \u00eatre personnalis\u00e9e. Par exemple, les logos de Microsoft et de Miele peuvent afficher des effets lumineux exclusifs, qui sont visuellement frappants et peuvent refl\u00e9ter intuitivement l'\u00e9tat de fonctionnement de l'appareil.<\/p>\n<\/div>\n<\/div>\n\n\n\n<div class=\"wp-block-columns is-layout-flex wp-container-core-columns-is-layout-2 wp-block-columns-is-layout-flex\">\n<div class=\"wp-block-column is-vertically-aligned-center is-layout-flow wp-block-column-is-layout-flow\">\n<p>Le service de personnalisation est tr\u00e8s flexible. La couleur du corps peut \u00eatre personnalis\u00e9e, avec des options telles que le vert, le bleu, le blanc, le noir, le rouge et d'autres encore, pour r\u00e9pondre aux diff\u00e9rentes pr\u00e9f\u00e9rences de style. La couleur d'\u00e9clairage du LOGO peut \u00eatre personnalis\u00e9e, et des logos de marque ou des motifs exclusifs peuvent \u00e9galement \u00eatre personnalis\u00e9s au dos. Des marques telles que Starbucks, Unilever, Samsung et Coca-Cola peuvent toutes \u00eatre pr\u00e9sent\u00e9es de cette mani\u00e8re, ce qui r\u00e9pond non seulement aux besoins commerciaux de promotion de la marque de l'entreprise, mais aussi \u00e0 la qu\u00eate personnelle d'individualit\u00e9 des utilisateurs.<\/p>\n<\/div>\n\n\n\n<div class=\"wp-block-column is-layout-flow wp-block-column-is-layout-flow\">\n<figure class=\"wp-block-image size-full\"><img decoding=\"async\" width=\"800\" height=\"800\" src=\"https:\/\/www.yousanusb.com\/wp-content\/uploads\/2025\/10\/Plastic-light-up-usb-flash-drive.jpeg\" alt=\"\" class=\"wp-image-22735\" srcset=\"https:\/\/www.yousanusb.com\/wp-content\/uploads\/2025\/10\/Plastic-light-up-usb-flash-drive.jpeg 800w, https:\/\/www.yousanusb.com\/wp-content\/uploads\/2025\/10\/Plastic-light-up-usb-flash-drive-300x300.jpeg 300w, https:\/\/www.yousanusb.com\/wp-content\/uploads\/2025\/10\/Plastic-light-up-usb-flash-drive-150x150.jpeg 150w, https:\/\/www.yousanusb.com\/wp-content\/uploads\/2025\/10\/Plastic-light-up-usb-flash-drive-768x768.jpeg 768w, https:\/\/www.yousanusb.com\/wp-content\/uploads\/2025\/10\/Plastic-light-up-usb-flash-drive-12x12.jpeg 12w, https:\/\/www.yousanusb.com\/wp-content\/uploads\/2025\/10\/Plastic-light-up-usb-flash-drive-600x600.jpeg 600w, https:\/\/www.yousanusb.com\/wp-content\/uploads\/2025\/10\/Plastic-light-up-usb-flash-drive-100x100.jpeg 100w\" sizes=\"(max-width: 800px) 100vw, 800px\" \/><\/figure>\n<\/div>\n<\/div>\n\n\n\n<div class=\"wp-block-columns is-layout-flex wp-container-core-columns-is-layout-3 wp-block-columns-is-layout-flex\">\n<div class=\"wp-block-column is-layout-flow wp-block-column-is-layout-flow\">\n<figure class=\"wp-block-image size-full\"><img decoding=\"async\" width=\"800\" height=\"800\" src=\"https:\/\/www.yousanusb.com\/wp-content\/uploads\/2025\/10\/light-up-USB-drive.jpeg\" alt=\"\" class=\"wp-image-22733\" srcset=\"https:\/\/www.yousanusb.com\/wp-content\/uploads\/2025\/10\/light-up-USB-drive.jpeg 800w, https:\/\/www.yousanusb.com\/wp-content\/uploads\/2025\/10\/light-up-USB-drive-300x300.jpeg 300w, https:\/\/www.yousanusb.com\/wp-content\/uploads\/2025\/10\/light-up-USB-drive-150x150.jpeg 150w, https:\/\/www.yousanusb.com\/wp-content\/uploads\/2025\/10\/light-up-USB-drive-768x768.jpeg 768w, https:\/\/www.yousanusb.com\/wp-content\/uploads\/2025\/10\/light-up-USB-drive-12x12.jpeg 12w, https:\/\/www.yousanusb.com\/wp-content\/uploads\/2025\/10\/light-up-USB-drive-600x600.jpeg 600w, https:\/\/www.yousanusb.com\/wp-content\/uploads\/2025\/10\/light-up-USB-drive-100x100.jpeg 100w\" sizes=\"(max-width: 800px) 100vw, 800px\" \/><\/figure>\n<\/div>\n\n\n\n<div class=\"wp-block-column is-vertically-aligned-center is-layout-flow wp-block-column-is-layout-flow\">\n<p>Elle poss\u00e8de les capacit\u00e9s de stockage et de transfert d'une cl\u00e9 USB, est compatible avec les normes USB et prend en charge la fonctionnalit\u00e9 \"plug-and-play\" sans qu'il soit n\u00e9cessaire d'installer des pilotes suppl\u00e9mentaires. Qu'il s'agisse de documents et de feuilles de calcul dans des sc\u00e9narios bureautiques ou de photos et de fichiers vid\u00e9o personnels, elle peut les stocker efficacement, r\u00e9pondant ainsi aux besoins fondamentaux de la gestion quotidienne des donn\u00e9es. En termes de performances de stockage professionnel, il respecte strictement les normes industrielles, garantissant une lecture et une \u00e9criture des donn\u00e9es stables et fiables tout en pr\u00e9servant efficacement la s\u00e9curit\u00e9 des donn\u00e9es. Il convient \u00e0 divers sc\u00e9narios tels que la transmission de documents professionnels et le stockage \u00e0 long terme de donn\u00e9es personnelles.<\/p>\n<\/div>\n<\/div>\n\n\n\n<p>La couleur principale de la cl\u00e9 USB est personnalisable, couvrant des options de couleurs populaires telles que le vert, le bleu, le blanc, le noir et le rouge. Les entreprises peuvent choisir une couleur qui correspond \u00e0 leurs propres logos et identit\u00e9s de marque.<\/p>\n\n\n\n<div class=\"wp-block-columns is-layout-flex wp-container-core-columns-is-layout-4 wp-block-columns-is-layout-flex\">\n<div class=\"wp-block-column is-layout-flow wp-block-column-is-layout-flow\">\n<figure class=\"wp-block-image size-large\"><img loading=\"lazy\" decoding=\"async\" width=\"687\" height=\"1024\" src=\"https:\/\/www.yousanusb.com\/wp-content\/uploads\/2025\/10\/Customizable-Personalized-LightUp-USB-Drive-687x1024.jpeg\" alt=\"\" class=\"wp-image-22731\" srcset=\"https:\/\/www.yousanusb.com\/wp-content\/uploads\/2025\/10\/Customizable-Personalized-LightUp-USB-Drive-687x1024.jpeg 687w, https:\/\/www.yousanusb.com\/wp-content\/uploads\/2025\/10\/Customizable-Personalized-LightUp-USB-Drive-201x300.jpeg 201w, https:\/\/www.yousanusb.com\/wp-content\/uploads\/2025\/10\/Customizable-Personalized-LightUp-USB-Drive-8x12.jpeg 8w, https:\/\/www.yousanusb.com\/wp-content\/uploads\/2025\/10\/Customizable-Personalized-LightUp-USB-Drive-600x895.jpeg 600w, https:\/\/www.yousanusb.com\/wp-content\/uploads\/2025\/10\/Customizable-Personalized-LightUp-USB-Drive.jpeg 751w\" sizes=\"(max-width: 687px) 100vw, 687px\" \/><\/figure>\n<\/div>\n\n\n\n<div class=\"wp-block-column is-layout-flow wp-block-column-is-layout-flow\">\n<figure class=\"wp-block-image size-large\"><img loading=\"lazy\" decoding=\"async\" width=\"686\" height=\"1024\" src=\"https:\/\/www.yousanusb.com\/wp-content\/uploads\/2025\/10\/custom-plastic-light-up-usb-flash-drive-686x1024.jpeg\" alt=\"\" class=\"wp-image-22730\" srcset=\"https:\/\/www.yousanusb.com\/wp-content\/uploads\/2025\/10\/custom-plastic-light-up-usb-flash-drive-686x1024.jpeg 686w, https:\/\/www.yousanusb.com\/wp-content\/uploads\/2025\/10\/custom-plastic-light-up-usb-flash-drive-201x300.jpeg 201w, https:\/\/www.yousanusb.com\/wp-content\/uploads\/2025\/10\/custom-plastic-light-up-usb-flash-drive-8x12.jpeg 8w, https:\/\/www.yousanusb.com\/wp-content\/uploads\/2025\/10\/custom-plastic-light-up-usb-flash-drive-600x896.jpeg 600w, https:\/\/www.yousanusb.com\/wp-content\/uploads\/2025\/10\/custom-plastic-light-up-usb-flash-drive.jpeg 750w\" sizes=\"(max-width: 686px) 100vw, 686px\" \/><\/figure>\n<\/div>\n<\/div>","protected":false},"excerpt":{"rendered":"<ul>\n<li>Mati\u00e8re plastique<\/li>\n<li>Cl\u00e9 USB lumineuse<\/li>\n<li>Impression UV | Marquage laser | S\u00e9rigraphie<\/li>\n<li>Cl\u00e9 USB avec logo lumineux<\/li>\n<li>MOQ:100pcs<\/li>\n<\/ul>","protected":false},"featured_media":22732,"comment_status":"open","ping_status":"closed","template":"","meta":{"_seopress_robots_primary_cat":"","_seopress_titles_title":"","_seopress_titles_desc":"","_seopress_robots_index":""},"class_list":["post-22727","product","type-product","status-publish","has-post-thumbnail","hentry","product_cat-led-light-usb-flash-drive"],"_links":{"self":[{"href":"https:\/\/www.yousanusb.com\/fr\/wp-json\/wp\/v2\/product\/22727"}],"collection":[{"href":"https:\/\/www.yousanusb.com\/fr\/wp-json\/wp\/v2\/product"}],"about":[{"href":"https:\/\/www.yousanusb.com\/fr\/wp-json\/wp\/v2\/types\/product"}],"replies":[{"embeddable":true,"href":"https:\/\/www.yousanusb.com\/fr\/wp-json\/wp\/v2\/comments?post=22727"}],"wp:featuredmedia":[{"embeddable":true,"href":"https:\/\/www.yousanusb.com\/fr\/wp-json\/wp\/v2\/media\/22732"}],"wp:attachment":[{"href":"https:\/\/www.yousanusb.com\/fr\/wp-json\/wp\/v2\/media?parent=22727"}],"curies":[{"name":"wp","href":"https:\/\/api.w.org\/{rel}","templated":true}]}}