{"id":22755,"date":"2025-10-30T02:22:14","date_gmt":"2025-10-30T02:22:14","guid":{"rendered":"https:\/\/www.yousanusb.com\/?post_type=product&#038;p=22755"},"modified":"2025-10-30T02:33:43","modified_gmt":"2025-10-30T02:33:43","slug":"wrist-pcba-usb2-0-chips","status":"publish","type":"product","link":"https:\/\/www.yousanusb.com\/fr\/produit\/wrist-pcba-usb2-0-chips\/","title":{"rendered":"PCBA pour poignet Puces USB2.0"},"content":{"rendered":"<h6 class=\"wp-block-heading\"><strong>Type d'interface :&nbsp;<\/strong>USB 2.0&nbsp;<\/h6>\n\n\n\n<h6 class=\"wp-block-heading\"><strong>Capacit\u00e9 :\u00a0<\/strong>32 MO~256 GO<\/h6>\n\n\n\n<h6 class=\"wp-block-heading\"><strong>Marque Chip :&nbsp;<\/strong>Sandisk , Micron, Hynix, Toshiba Etc.<\/h6>\n\n\n\n<h6 class=\"wp-block-heading\"><strong>Support OS :&nbsp;<\/strong>WINDOWS 98SE\/ME\/2000\/XP\/LinUx2.4.X \/ Mac OS \/ Windows 10,Windows 8 \/ 7<\/h6>\n\n\n\n<h6 class=\"wp-block-heading\"><strong>USB 2.0 Vitesse d'\u00e9criture de la puce :&nbsp;<\/strong>4-10MB\/s<\/h6>\n\n\n\n<h6 class=\"wp-block-heading\"><strong>Vitesse de lecture de la puce USB 2.0 :\u00a0<\/strong>10-20MB\/s<\/h6>\n\n\n\n<h6 class=\"wp-block-heading\"><strong>Notification :<\/strong>&nbsp;Toutes les cl\u00e9s USB ou \u00e0 puce seront test\u00e9es par notre d\u00e9partement de contr\u00f4le qualit\u00e9 avant d'\u00eatre exp\u00e9di\u00e9es, afin de s'assurer qu'elles fonctionnent correctement.<\/h6>\n\n\n\n<div class=\"wp-block-columns is-layout-flex wp-container-core-columns-is-layout-1 wp-block-columns-is-layout-flex\">\n<div class=\"wp-block-column is-layout-flow wp-block-column-is-layout-flow\">\n<figure class=\"wp-block-image size-full\"><img fetchpriority=\"high\" decoding=\"async\" width=\"800\" height=\"800\" src=\"https:\/\/www.yousanusb.com\/wp-content\/uploads\/2025\/10\/Wrist-PCBA-USB2.0-flash-drive-Chips.jpg\" alt=\"\" class=\"wp-image-22763\" srcset=\"https:\/\/www.yousanusb.com\/wp-content\/uploads\/2025\/10\/Wrist-PCBA-USB2.0-flash-drive-Chips.jpg 800w, https:\/\/www.yousanusb.com\/wp-content\/uploads\/2025\/10\/Wrist-PCBA-USB2.0-flash-drive-Chips-300x300.jpg 300w, https:\/\/www.yousanusb.com\/wp-content\/uploads\/2025\/10\/Wrist-PCBA-USB2.0-flash-drive-Chips-150x150.jpg 150w, https:\/\/www.yousanusb.com\/wp-content\/uploads\/2025\/10\/Wrist-PCBA-USB2.0-flash-drive-Chips-768x768.jpg 768w, https:\/\/www.yousanusb.com\/wp-content\/uploads\/2025\/10\/Wrist-PCBA-USB2.0-flash-drive-Chips-12x12.jpg 12w, https:\/\/www.yousanusb.com\/wp-content\/uploads\/2025\/10\/Wrist-PCBA-USB2.0-flash-drive-Chips-600x600.jpg 600w, https:\/\/www.yousanusb.com\/wp-content\/uploads\/2025\/10\/Wrist-PCBA-USB2.0-flash-drive-Chips-100x100.jpg 100w\" sizes=\"(max-width: 800px) 100vw, 800px\" \/><\/figure>\n<\/div>\n\n\n\n<div class=\"wp-block-column is-layout-flow wp-block-column-is-layout-flow\">\n<figure class=\"wp-block-image size-full\"><img decoding=\"async\" width=\"800\" height=\"800\" src=\"https:\/\/www.yousanusb.com\/wp-content\/uploads\/2025\/10\/Wrist-PCBA-USB2.0-Chips-32gb.jpg\" alt=\"Poignet PCBA USB2.0 Chips 32gb\" class=\"wp-image-22758\" srcset=\"https:\/\/www.yousanusb.com\/wp-content\/uploads\/2025\/10\/Wrist-PCBA-USB2.0-Chips-32gb.jpg 800w, https:\/\/www.yousanusb.com\/wp-content\/uploads\/2025\/10\/Wrist-PCBA-USB2.0-Chips-32gb-300x300.jpg 300w, https:\/\/www.yousanusb.com\/wp-content\/uploads\/2025\/10\/Wrist-PCBA-USB2.0-Chips-32gb-150x150.jpg 150w, https:\/\/www.yousanusb.com\/wp-content\/uploads\/2025\/10\/Wrist-PCBA-USB2.0-Chips-32gb-768x768.jpg 768w, https:\/\/www.yousanusb.com\/wp-content\/uploads\/2025\/10\/Wrist-PCBA-USB2.0-Chips-32gb-12x12.jpg 12w, https:\/\/www.yousanusb.com\/wp-content\/uploads\/2025\/10\/Wrist-PCBA-USB2.0-Chips-32gb-600x600.jpg 600w, https:\/\/www.yousanusb.com\/wp-content\/uploads\/2025\/10\/Wrist-PCBA-USB2.0-Chips-32gb-100x100.jpg 100w\" sizes=\"(max-width: 800px) 100vw, 800px\" \/><\/figure>\n<\/div>\n<\/div>\n\n\n\n<p><\/p>","protected":false},"excerpt":{"rendered":"<ul>\n<li>USB 2.0<\/li>\n<li>32 MO~256 GO<\/li>\n<li>Sandisk , Micron, Hynix, Toshiba Etc.<\/li>\n<li>Vitesse d'\u00e9criture : 4-10MB\/s<\/li>\n<li>vitesse de lecture : 10-20MB\/s<\/li>\n<\/ul>","protected":false},"featured_media":22758,"comment_status":"open","ping_status":"closed","template":"","meta":{"_seopress_robots_primary_cat":"","_seopress_titles_title":"Wrist PCBA USB2.0 Chips","_seopress_titles_desc":"All of chip or usb flash drives before shipped , they will\u00a0 be tested by our QC Department and make sure each one can work well .","_seopress_robots_index":""},"class_list":["post-22755","product","type-product","status-publish","has-post-thumbnail","hentry","product_cat-usb-flash-drive-chips"],"_links":{"self":[{"href":"https:\/\/www.yousanusb.com\/fr\/wp-json\/wp\/v2\/product\/22755"}],"collection":[{"href":"https:\/\/www.yousanusb.com\/fr\/wp-json\/wp\/v2\/product"}],"about":[{"href":"https:\/\/www.yousanusb.com\/fr\/wp-json\/wp\/v2\/types\/product"}],"replies":[{"embeddable":true,"href":"https:\/\/www.yousanusb.com\/fr\/wp-json\/wp\/v2\/comments?post=22755"}],"wp:featuredmedia":[{"embeddable":true,"href":"https:\/\/www.yousanusb.com\/fr\/wp-json\/wp\/v2\/media\/22758"}],"wp:attachment":[{"href":"https:\/\/www.yousanusb.com\/fr\/wp-json\/wp\/v2\/media?parent=22755"}],"curies":[{"name":"wp","href":"https:\/\/api.w.org\/{rel}","templated":true}]}}