{"id":22776,"date":"2025-10-30T02:35:22","date_gmt":"2025-10-30T02:35:22","guid":{"rendered":"https:\/\/www.yousanusb.com\/?post_type=product&#038;p=22776"},"modified":"2025-10-30T02:46:55","modified_gmt":"2025-10-30T02:46:55","slug":"wrist-pcba-usb3-0-chips-2","status":"publish","type":"product","link":"https:\/\/www.yousanusb.com\/fr\/produit\/wrist-pcba-usb3-0-chips-2\/","title":{"rendered":"PCBA pour poignet Puces USB3.0"},"content":{"rendered":"<h6 class=\"wp-block-heading\"><strong>Type d'interface :\u00a0<\/strong>USB 3.0\u00a0<\/h6>\n\n\n\n<h6 class=\"wp-block-heading\"><strong>Capacit\u00e9 :\u00a0<\/strong>8GB~512GB<\/h6>\n\n\n\n<h6 class=\"wp-block-heading\"><strong>Marque Chip :&nbsp;<\/strong>Sandisk , Micron, Hynix, Toshiba Etc.<\/h6>\n\n\n\n<h6 class=\"wp-block-heading\"><strong>Support OS :&nbsp;<\/strong>WINDOWS 98SE\/ME\/2000\/XP\/LinUx2.4.X \/ Mac OS \/ Windows 10,Windows 8 \/ 7<\/h6>\n\n\n\n<h6 class=\"wp-block-heading\"><strong>USB 3.0 Chip Writing speed:\u00a0<\/strong>100-200MB\/s<\/h6>\n\n\n\n<h6 class=\"wp-block-heading\"><strong>USB 3.0 chip reading speed:\u00a0<\/strong>20-80MB\/s<\/h6>\n\n\n\n<h6 class=\"wp-block-heading\"><strong>Notification :<\/strong>&nbsp;Toutes les cl\u00e9s USB ou \u00e0 puce seront test\u00e9es par notre d\u00e9partement de contr\u00f4le qualit\u00e9 avant d'\u00eatre exp\u00e9di\u00e9es, afin de s'assurer qu'elles fonctionnent correctement.<\/h6>\n\n\n\n<p>At our manufacturing facility in China, we specialize in creating cutting-edge USB flash drive PCBA solutions for businesses and merchants around the world. With our advanced technology and top-quality materials, we bring you a phenomenal USB flash drive PCBA that is sure to delight your customers and boost your sales.<\/p>\n\n\n\n<div class=\"wp-block-columns is-layout-flex wp-container-core-columns-is-layout-1 wp-block-columns-is-layout-flex\">\n<div class=\"wp-block-column is-layout-flow wp-block-column-is-layout-flow\">\n<figure class=\"wp-block-image size-full\"><img fetchpriority=\"high\" decoding=\"async\" width=\"800\" height=\"800\" src=\"https:\/\/www.yousanusb.com\/wp-content\/uploads\/2025\/10\/Wrist-PCBA-USB3.0-Chips.jpg\" alt=\"\" class=\"wp-image-22775\" srcset=\"https:\/\/www.yousanusb.com\/wp-content\/uploads\/2025\/10\/Wrist-PCBA-USB3.0-Chips.jpg 800w, https:\/\/www.yousanusb.com\/wp-content\/uploads\/2025\/10\/Wrist-PCBA-USB3.0-Chips-300x300.jpg 300w, https:\/\/www.yousanusb.com\/wp-content\/uploads\/2025\/10\/Wrist-PCBA-USB3.0-Chips-150x150.jpg 150w, https:\/\/www.yousanusb.com\/wp-content\/uploads\/2025\/10\/Wrist-PCBA-USB3.0-Chips-768x768.jpg 768w, https:\/\/www.yousanusb.com\/wp-content\/uploads\/2025\/10\/Wrist-PCBA-USB3.0-Chips-12x12.jpg 12w, https:\/\/www.yousanusb.com\/wp-content\/uploads\/2025\/10\/Wrist-PCBA-USB3.0-Chips-600x600.jpg 600w, https:\/\/www.yousanusb.com\/wp-content\/uploads\/2025\/10\/Wrist-PCBA-USB3.0-Chips-100x100.jpg 100w\" sizes=\"(max-width: 800px) 100vw, 800px\" \/><\/figure>\n<\/div>\n\n\n\n<div class=\"wp-block-column is-layout-flow wp-block-column-is-layout-flow\">\n<figure class=\"wp-block-image size-full\"><img decoding=\"async\" width=\"800\" height=\"800\" src=\"https:\/\/www.yousanusb.com\/wp-content\/uploads\/2025\/10\/Wrist-PCBA-USB3.0-Chips-flash.jpg\" alt=\"\" class=\"wp-image-22773\" srcset=\"https:\/\/www.yousanusb.com\/wp-content\/uploads\/2025\/10\/Wrist-PCBA-USB3.0-Chips-flash.jpg 800w, https:\/\/www.yousanusb.com\/wp-content\/uploads\/2025\/10\/Wrist-PCBA-USB3.0-Chips-flash-300x300.jpg 300w, https:\/\/www.yousanusb.com\/wp-content\/uploads\/2025\/10\/Wrist-PCBA-USB3.0-Chips-flash-150x150.jpg 150w, https:\/\/www.yousanusb.com\/wp-content\/uploads\/2025\/10\/Wrist-PCBA-USB3.0-Chips-flash-768x768.jpg 768w, https:\/\/www.yousanusb.com\/wp-content\/uploads\/2025\/10\/Wrist-PCBA-USB3.0-Chips-flash-12x12.jpg 12w, https:\/\/www.yousanusb.com\/wp-content\/uploads\/2025\/10\/Wrist-PCBA-USB3.0-Chips-flash-600x600.jpg 600w, https:\/\/www.yousanusb.com\/wp-content\/uploads\/2025\/10\/Wrist-PCBA-USB3.0-Chips-flash-100x100.jpg 100w\" sizes=\"(max-width: 800px) 100vw, 800px\" \/><\/figure>\n<\/div>\n<\/div>\n\n\n\n<p>Our USB flash drive PCBA is designed with the latest USB 3.0 technology, ensuring lightning-fast data transfer speeds of up to 5 Gbps. This means your customers can easily transfer large files, photos, videos, music, and other content faster than ever before. Whether they are students, business people, or just casual users, our USB flash drive PCBA provides a seamless and efficient user experience, allowing them to work and play without any delays or interruptions.<\/p>\n\n\n\n<div class=\"wp-block-columns is-layout-flex wp-container-core-columns-is-layout-2 wp-block-columns-is-layout-flex\">\n<div class=\"wp-block-column is-layout-flow wp-block-column-is-layout-flow\">\n<figure class=\"wp-block-image size-full\"><img decoding=\"async\" width=\"800\" height=\"800\" src=\"https:\/\/www.yousanusb.com\/wp-content\/uploads\/2025\/10\/Wrist-PCBA-USB3.0-Chips-drive.jpg\" alt=\"\" class=\"wp-image-22772\" srcset=\"https:\/\/www.yousanusb.com\/wp-content\/uploads\/2025\/10\/Wrist-PCBA-USB3.0-Chips-drive.jpg 800w, https:\/\/www.yousanusb.com\/wp-content\/uploads\/2025\/10\/Wrist-PCBA-USB3.0-Chips-drive-300x300.jpg 300w, https:\/\/www.yousanusb.com\/wp-content\/uploads\/2025\/10\/Wrist-PCBA-USB3.0-Chips-drive-150x150.jpg 150w, https:\/\/www.yousanusb.com\/wp-content\/uploads\/2025\/10\/Wrist-PCBA-USB3.0-Chips-drive-768x768.jpg 768w, https:\/\/www.yousanusb.com\/wp-content\/uploads\/2025\/10\/Wrist-PCBA-USB3.0-Chips-drive-12x12.jpg 12w, https:\/\/www.yousanusb.com\/wp-content\/uploads\/2025\/10\/Wrist-PCBA-USB3.0-Chips-drive-600x600.jpg 600w, https:\/\/www.yousanusb.com\/wp-content\/uploads\/2025\/10\/Wrist-PCBA-USB3.0-Chips-drive-100x100.jpg 100w\" sizes=\"(max-width: 800px) 100vw, 800px\" \/><\/figure>\n<\/div>\n\n\n\n<div class=\"wp-block-column is-layout-flow wp-block-column-is-layout-flow\">\n<figure class=\"wp-block-image size-full\"><img loading=\"lazy\" decoding=\"async\" width=\"800\" height=\"800\" src=\"https:\/\/www.yousanusb.com\/wp-content\/uploads\/2025\/10\/Wrist-PCBA-USB3.0-Chips-32gb.jpg\" alt=\"\" class=\"wp-image-22770\" srcset=\"https:\/\/www.yousanusb.com\/wp-content\/uploads\/2025\/10\/Wrist-PCBA-USB3.0-Chips-32gb.jpg 800w, https:\/\/www.yousanusb.com\/wp-content\/uploads\/2025\/10\/Wrist-PCBA-USB3.0-Chips-32gb-300x300.jpg 300w, https:\/\/www.yousanusb.com\/wp-content\/uploads\/2025\/10\/Wrist-PCBA-USB3.0-Chips-32gb-150x150.jpg 150w, https:\/\/www.yousanusb.com\/wp-content\/uploads\/2025\/10\/Wrist-PCBA-USB3.0-Chips-32gb-768x768.jpg 768w, https:\/\/www.yousanusb.com\/wp-content\/uploads\/2025\/10\/Wrist-PCBA-USB3.0-Chips-32gb-12x12.jpg 12w, https:\/\/www.yousanusb.com\/wp-content\/uploads\/2025\/10\/Wrist-PCBA-USB3.0-Chips-32gb-600x600.jpg 600w, https:\/\/www.yousanusb.com\/wp-content\/uploads\/2025\/10\/Wrist-PCBA-USB3.0-Chips-32gb-100x100.jpg 100w\" sizes=\"(max-width: 800px) 100vw, 800px\" \/><\/figure>\n<\/div>\n<\/div>","protected":false},"excerpt":{"rendered":"<ul>\n<li>USB 3.0<\/li>\n<li>8GB~512 GB<\/li>\n<li>Sandisk , Micron, Hynix, Toshiba Etc.<\/li>\n<li>Writing speed: 100-200MB\/s<\/li>\n<li>reading speed: 20-80MB\/s<\/li>\n<\/ul>","protected":false},"featured_media":22775,"comment_status":"open","ping_status":"closed","template":"","meta":{"_seopress_robots_primary_cat":"none","_seopress_titles_title":"Wrist PCBA USB3.0 Chips Manufacturer in China","_seopress_titles_desc":"At our manufacturing facility in China, we specialize in creating cutting-edge USB flash drive PCBA solutions for businesses and merchants around the world.","_seopress_robots_index":""},"class_list":["post-22776","product","type-product","status-publish","has-post-thumbnail","hentry","product_cat-usb-flash-drive-chips"],"_links":{"self":[{"href":"https:\/\/www.yousanusb.com\/fr\/wp-json\/wp\/v2\/product\/22776"}],"collection":[{"href":"https:\/\/www.yousanusb.com\/fr\/wp-json\/wp\/v2\/product"}],"about":[{"href":"https:\/\/www.yousanusb.com\/fr\/wp-json\/wp\/v2\/types\/product"}],"replies":[{"embeddable":true,"href":"https:\/\/www.yousanusb.com\/fr\/wp-json\/wp\/v2\/comments?post=22776"}],"wp:featuredmedia":[{"embeddable":true,"href":"https:\/\/www.yousanusb.com\/fr\/wp-json\/wp\/v2\/media\/22775"}],"wp:attachment":[{"href":"https:\/\/www.yousanusb.com\/fr\/wp-json\/wp\/v2\/media?parent=22776"}],"curies":[{"name":"wp","href":"https:\/\/api.w.org\/{rel}","templated":true}]}}