{"id":22777,"date":"2025-10-30T03:04:42","date_gmt":"2025-10-30T03:04:42","guid":{"rendered":"https:\/\/www.yousanusb.com\/?post_type=product&#038;p=22777"},"modified":"2025-10-30T03:05:19","modified_gmt":"2025-10-30T03:05:19","slug":"3in1-otg-usb-flash-pcba-micro","status":"publish","type":"product","link":"https:\/\/www.yousanusb.com\/fr\/produit\/3in1-otg-usb-flash-pcba-micro\/","title":{"rendered":"3IN1 OTG USB Flash PCBA Micro"},"content":{"rendered":"<p><\/p>\n\n\n\n<div class=\"wp-block-columns is-layout-flex wp-container-core-columns-is-layout-1 wp-block-columns-is-layout-flex\">\n<div class=\"wp-block-column is-layout-flow wp-block-column-is-layout-flow\">\n<figure class=\"wp-block-image size-full\"><img fetchpriority=\"high\" decoding=\"async\" width=\"750\" height=\"750\" src=\"https:\/\/www.yousanusb.com\/wp-content\/uploads\/2025\/10\/3IN1-OTG-USB-Flash-PCBA-Micro-interface.jpg\" alt=\"\" class=\"wp-image-22782\" srcset=\"https:\/\/www.yousanusb.com\/wp-content\/uploads\/2025\/10\/3IN1-OTG-USB-Flash-PCBA-Micro-interface.jpg 750w, https:\/\/www.yousanusb.com\/wp-content\/uploads\/2025\/10\/3IN1-OTG-USB-Flash-PCBA-Micro-interface-300x300.jpg 300w, https:\/\/www.yousanusb.com\/wp-content\/uploads\/2025\/10\/3IN1-OTG-USB-Flash-PCBA-Micro-interface-150x150.jpg 150w, https:\/\/www.yousanusb.com\/wp-content\/uploads\/2025\/10\/3IN1-OTG-USB-Flash-PCBA-Micro-interface-12x12.jpg 12w, https:\/\/www.yousanusb.com\/wp-content\/uploads\/2025\/10\/3IN1-OTG-USB-Flash-PCBA-Micro-interface-600x600.jpg 600w, https:\/\/www.yousanusb.com\/wp-content\/uploads\/2025\/10\/3IN1-OTG-USB-Flash-PCBA-Micro-interface-100x100.jpg 100w\" sizes=\"(max-width: 750px) 100vw, 750px\" \/><\/figure>\n<\/div>\n\n\n\n<div class=\"wp-block-column is-vertically-aligned-center is-layout-flow wp-block-column-is-layout-flow\">\n<p>La cl\u00e9 USB G2 de type PCBA3.0 est \u00e9quip\u00e9e d'un contr\u00f4leur 3.0 haute performance et d'une m\u00e9moire flash 3D NAND TLC. La capacit\u00e9 disponible est comprise entre 32 et 256 Go. <\/p>\n\n\n\n<p>Le PCBA G2 USB Flash Drive chip est optionnel avec les PCBA combin\u00e9s qui peuvent \u00eatre utilis\u00e9s pour les produits mobiles et les appareils num\u00e9riques.<\/p>\n<\/div>\n<\/div>\n\n\n\n<p>En tant que fabricant situ\u00e9 en Chine, je suis fier de vous pr\u00e9senter mon dernier produit - le 3IN1 USB FLASH DRIVE PCBA. Ce produit innovant est con\u00e7u pour r\u00e9pondre aux besoins des consommateurs technophiles qui recherchent une solution polyvalente et efficace pour leurs besoins de stockage et de transfert de donn\u00e9es.<\/p>\n\n\n\n<div class=\"wp-block-columns is-layout-flex wp-container-core-columns-is-layout-2 wp-block-columns-is-layout-flex\">\n<div class=\"wp-block-column is-layout-flow wp-block-column-is-layout-flow\">\n<figure class=\"wp-block-image size-full\"><img decoding=\"async\" width=\"800\" height=\"800\" src=\"https:\/\/www.yousanusb.com\/wp-content\/uploads\/2025\/10\/3IN1-OTG-USB-Flash-drive-PCBA-Micro.jpg\" alt=\"\" class=\"wp-image-22780\" srcset=\"https:\/\/www.yousanusb.com\/wp-content\/uploads\/2025\/10\/3IN1-OTG-USB-Flash-drive-PCBA-Micro.jpg 800w, https:\/\/www.yousanusb.com\/wp-content\/uploads\/2025\/10\/3IN1-OTG-USB-Flash-drive-PCBA-Micro-300x300.jpg 300w, https:\/\/www.yousanusb.com\/wp-content\/uploads\/2025\/10\/3IN1-OTG-USB-Flash-drive-PCBA-Micro-150x150.jpg 150w, https:\/\/www.yousanusb.com\/wp-content\/uploads\/2025\/10\/3IN1-OTG-USB-Flash-drive-PCBA-Micro-768x768.jpg 768w, https:\/\/www.yousanusb.com\/wp-content\/uploads\/2025\/10\/3IN1-OTG-USB-Flash-drive-PCBA-Micro-12x12.jpg 12w, https:\/\/www.yousanusb.com\/wp-content\/uploads\/2025\/10\/3IN1-OTG-USB-Flash-drive-PCBA-Micro-600x600.jpg 600w, https:\/\/www.yousanusb.com\/wp-content\/uploads\/2025\/10\/3IN1-OTG-USB-Flash-drive-PCBA-Micro-100x100.jpg 100w\" sizes=\"(max-width: 800px) 100vw, 800px\" \/><\/figure>\n<\/div>\n\n\n\n<div class=\"wp-block-column is-layout-flow wp-block-column-is-layout-flow\">\n<figure class=\"wp-block-image size-full\"><img decoding=\"async\" width=\"800\" height=\"800\" src=\"https:\/\/www.yousanusb.com\/wp-content\/uploads\/2025\/10\/3IN1-OTG-USB-Flash-PCBA-Micro.webp\" alt=\"\" class=\"wp-image-22783\" srcset=\"https:\/\/www.yousanusb.com\/wp-content\/uploads\/2025\/10\/3IN1-OTG-USB-Flash-PCBA-Micro.webp 800w, https:\/\/www.yousanusb.com\/wp-content\/uploads\/2025\/10\/3IN1-OTG-USB-Flash-PCBA-Micro-300x300.webp 300w, https:\/\/www.yousanusb.com\/wp-content\/uploads\/2025\/10\/3IN1-OTG-USB-Flash-PCBA-Micro-150x150.webp 150w, https:\/\/www.yousanusb.com\/wp-content\/uploads\/2025\/10\/3IN1-OTG-USB-Flash-PCBA-Micro-768x768.webp 768w, https:\/\/www.yousanusb.com\/wp-content\/uploads\/2025\/10\/3IN1-OTG-USB-Flash-PCBA-Micro-12x12.webp 12w, https:\/\/www.yousanusb.com\/wp-content\/uploads\/2025\/10\/3IN1-OTG-USB-Flash-PCBA-Micro-600x600.webp 600w, https:\/\/www.yousanusb.com\/wp-content\/uploads\/2025\/10\/3IN1-OTG-USB-Flash-PCBA-Micro-100x100.webp 100w\" sizes=\"(max-width: 800px) 100vw, 800px\" \/><\/figure>\n<\/div>\n<\/div>","protected":false},"excerpt":{"rendered":"<ul>\n<li>3IN1<\/li>\n<li>Carte \u00e0 circuits imprim\u00e9s pour cl\u00e9 USB OTG<\/li>\n<li>Micro<\/li>\n<li>Capacit\u00e9 de 32 \u00e0 256 Go<\/li>\n<li>USB3.0<\/li>\n<\/ul>","protected":false},"featured_media":22784,"comment_status":"open","ping_status":"closed","template":"","meta":{"_seopress_robots_primary_cat":"","_seopress_titles_title":"3IN1 OTG USB Flash PCBA Micro manufacturer","_seopress_titles_desc":"The G2 PCBA3.0 type USB Flash Drive Chips assembled with high performance 3.0 controller and 3D NAND TLC flash memory, there are 32GB-256GB capacity available.","_seopress_robots_index":""},"class_list":["post-22777","product","type-product","status-publish","has-post-thumbnail","hentry","product_cat-usb-flash-drive-chips"],"_links":{"self":[{"href":"https:\/\/www.yousanusb.com\/fr\/wp-json\/wp\/v2\/product\/22777"}],"collection":[{"href":"https:\/\/www.yousanusb.com\/fr\/wp-json\/wp\/v2\/product"}],"about":[{"href":"https:\/\/www.yousanusb.com\/fr\/wp-json\/wp\/v2\/types\/product"}],"replies":[{"embeddable":true,"href":"https:\/\/www.yousanusb.com\/fr\/wp-json\/wp\/v2\/comments?post=22777"}],"wp:featuredmedia":[{"embeddable":true,"href":"https:\/\/www.yousanusb.com\/fr\/wp-json\/wp\/v2\/media\/22784"}],"wp:attachment":[{"href":"https:\/\/www.yousanusb.com\/fr\/wp-json\/wp\/v2\/media?parent=22777"}],"curies":[{"name":"wp","href":"https:\/\/api.w.org\/{rel}","templated":true}]}}