{"id":22794,"date":"2025-10-30T05:35:00","date_gmt":"2025-10-30T05:35:00","guid":{"rendered":"https:\/\/www.yousanusb.com\/?post_type=product&#038;p=22794"},"modified":"2025-10-30T12:40:19","modified_gmt":"2025-10-30T12:40:19","slug":"metal-light-up-keychain-usb-flash-drive","status":"publish","type":"product","link":"https:\/\/www.yousanusb.com\/fr\/produit\/metal-light-up-keychain-usb-flash-drive\/","title":{"rendered":"Cl\u00e9 USB en m\u00e9tal avec porte-cl\u00e9s lumineux"},"content":{"rendered":"<p>Cette cl\u00e9 USB en m\u00e9tal avec porte-cl\u00e9s lumineux pr\u00e9sente un design simple et allong\u00e9, associ\u00e9 \u00e0 une structure de porte-cl\u00e9s. Elle r\u00e9pond non seulement aux besoins de portabilit\u00e9 de l'usage quotidien, mais peut \u00e9galement \u00eatre facilement attach\u00e9e \u00e0 un porte-cl\u00e9s ou \u00e0 un sac \u00e0 dos par le biais du porte-cl\u00e9s, ce qui \u00e9vite de la perdre.<\/p>\n\n\n\n<div class=\"wp-block-columns is-layout-flex wp-container-core-columns-is-layout-1 wp-block-columns-is-layout-flex\">\n<div class=\"wp-block-column is-layout-flow wp-block-column-is-layout-flow\">\n<figure class=\"wp-block-image size-full\"><img fetchpriority=\"high\" decoding=\"async\" width=\"800\" height=\"800\" src=\"https:\/\/www.yousanusb.com\/wp-content\/uploads\/2025\/10\/Light-up-USB-Flash-Drive-with-Keychain.jpeg\" alt=\"\" class=\"wp-image-22799\" srcset=\"https:\/\/www.yousanusb.com\/wp-content\/uploads\/2025\/10\/Light-up-USB-Flash-Drive-with-Keychain.jpeg 800w, https:\/\/www.yousanusb.com\/wp-content\/uploads\/2025\/10\/Light-up-USB-Flash-Drive-with-Keychain-300x300.jpeg 300w, https:\/\/www.yousanusb.com\/wp-content\/uploads\/2025\/10\/Light-up-USB-Flash-Drive-with-Keychain-150x150.jpeg 150w, https:\/\/www.yousanusb.com\/wp-content\/uploads\/2025\/10\/Light-up-USB-Flash-Drive-with-Keychain-768x768.jpeg 768w, https:\/\/www.yousanusb.com\/wp-content\/uploads\/2025\/10\/Light-up-USB-Flash-Drive-with-Keychain-12x12.jpeg 12w, https:\/\/www.yousanusb.com\/wp-content\/uploads\/2025\/10\/Light-up-USB-Flash-Drive-with-Keychain-600x600.jpeg 600w, https:\/\/www.yousanusb.com\/wp-content\/uploads\/2025\/10\/Light-up-USB-Flash-Drive-with-Keychain-100x100.jpeg 100w\" sizes=\"(max-width: 800px) 100vw, 800px\" \/><\/figure>\n<\/div>\n\n\n\n<div class=\"wp-block-column is-layout-flow wp-block-column-is-layout-flow\">\n<figure class=\"wp-block-image size-full\"><img decoding=\"async\" width=\"800\" height=\"800\" src=\"https:\/\/www.yousanusb.com\/wp-content\/uploads\/2025\/10\/metal-Light-up-usb-flash-drive-3.jpeg\" alt=\"\" class=\"wp-image-22800\" srcset=\"https:\/\/www.yousanusb.com\/wp-content\/uploads\/2025\/10\/metal-Light-up-usb-flash-drive-3.jpeg 800w, https:\/\/www.yousanusb.com\/wp-content\/uploads\/2025\/10\/metal-Light-up-usb-flash-drive-3-300x300.jpeg 300w, https:\/\/www.yousanusb.com\/wp-content\/uploads\/2025\/10\/metal-Light-up-usb-flash-drive-3-150x150.jpeg 150w, https:\/\/www.yousanusb.com\/wp-content\/uploads\/2025\/10\/metal-Light-up-usb-flash-drive-3-768x768.jpeg 768w, https:\/\/www.yousanusb.com\/wp-content\/uploads\/2025\/10\/metal-Light-up-usb-flash-drive-3-12x12.jpeg 12w, https:\/\/www.yousanusb.com\/wp-content\/uploads\/2025\/10\/metal-Light-up-usb-flash-drive-3-600x600.jpeg 600w, https:\/\/www.yousanusb.com\/wp-content\/uploads\/2025\/10\/metal-Light-up-usb-flash-drive-3-100x100.jpeg 100w\" sizes=\"(max-width: 800px) 100vw, 800px\" \/><\/figure>\n<\/div>\n<\/div>\n\n\n\n<h2 class=\"wp-block-heading\">La personnalisation est l'un de ses principaux avantages :<\/h2>\n\n\n\n<ul class=\"wp-block-list\">\n<li>La couleur de la carrosserie peut \u00eatre personnalis\u00e9e (noir, argent, etc.) pour r\u00e9pondre aux diff\u00e9rentes pr\u00e9f\u00e9rences en mati\u00e8re de style. Qu'il s'agisse d'un noir sobre pour des sc\u00e9narios professionnels ou d'un argent futuriste pour une ambiance technologique, il s'adapte bien.<\/li>\n\n\n\n<li>Les couleurs du logo lumineux sont \u00e9galement personnalisables : le logo lumineux avant reste \u00e9teint lorsqu'il n'est pas utilis\u00e9, mais s'allume imm\u00e9diatement lorsqu'il est branch\u00e9 sur un ordinateur. Lorsqu'il est \u00e9clair\u00e9, le logo de la marque ou le logo personnalis\u00e9 est clair et attire l'attention, ce qui am\u00e9liore la reconnaissance. Des logos ou des motifs peuvent \u00e9galement \u00eatre imprim\u00e9s au dos.<\/li>\n\n\n\n<li>En outre, la couleur de la partie en plastique reliant le porte-cl\u00e9s et la cl\u00e9 USB est personnalisable, avec des options telles que le rouge, le bleu et le marron, ce qui ajoute de la personnalit\u00e9 \u00e0 l'ensemble.<\/li>\n<\/ul>\n\n\n\n<div class=\"wp-block-columns is-layout-flex wp-container-core-columns-is-layout-2 wp-block-columns-is-layout-flex\">\n<div class=\"wp-block-column is-layout-flow wp-block-column-is-layout-flow\">\n<figure class=\"wp-block-image size-full\"><img decoding=\"async\" width=\"800\" height=\"800\" src=\"https:\/\/www.yousanusb.com\/wp-content\/uploads\/2025\/10\/silver-Light-up-usb-flash-drive.jpeg\" alt=\"\" class=\"wp-image-22801\" srcset=\"https:\/\/www.yousanusb.com\/wp-content\/uploads\/2025\/10\/silver-Light-up-usb-flash-drive.jpeg 800w, https:\/\/www.yousanusb.com\/wp-content\/uploads\/2025\/10\/silver-Light-up-usb-flash-drive-300x300.jpeg 300w, https:\/\/www.yousanusb.com\/wp-content\/uploads\/2025\/10\/silver-Light-up-usb-flash-drive-150x150.jpeg 150w, https:\/\/www.yousanusb.com\/wp-content\/uploads\/2025\/10\/silver-Light-up-usb-flash-drive-768x768.jpeg 768w, https:\/\/www.yousanusb.com\/wp-content\/uploads\/2025\/10\/silver-Light-up-usb-flash-drive-12x12.jpeg 12w, https:\/\/www.yousanusb.com\/wp-content\/uploads\/2025\/10\/silver-Light-up-usb-flash-drive-600x600.jpeg 600w, https:\/\/www.yousanusb.com\/wp-content\/uploads\/2025\/10\/silver-Light-up-usb-flash-drive-100x100.jpeg 100w\" sizes=\"(max-width: 800px) 100vw, 800px\" \/><\/figure>\n<\/div>\n\n\n\n<div class=\"wp-block-column is-layout-flow wp-block-column-is-layout-flow\">\n<figure class=\"wp-block-image size-full\"><img loading=\"lazy\" decoding=\"async\" width=\"800\" height=\"800\" src=\"https:\/\/www.yousanusb.com\/wp-content\/uploads\/2025\/10\/black-Light-up-usb-flash-drive.jpeg\" alt=\"\" class=\"wp-image-22797\" srcset=\"https:\/\/www.yousanusb.com\/wp-content\/uploads\/2025\/10\/black-Light-up-usb-flash-drive.jpeg 800w, https:\/\/www.yousanusb.com\/wp-content\/uploads\/2025\/10\/black-Light-up-usb-flash-drive-300x300.jpeg 300w, https:\/\/www.yousanusb.com\/wp-content\/uploads\/2025\/10\/black-Light-up-usb-flash-drive-150x150.jpeg 150w, https:\/\/www.yousanusb.com\/wp-content\/uploads\/2025\/10\/black-Light-up-usb-flash-drive-768x768.jpeg 768w, https:\/\/www.yousanusb.com\/wp-content\/uploads\/2025\/10\/black-Light-up-usb-flash-drive-12x12.jpeg 12w, https:\/\/www.yousanusb.com\/wp-content\/uploads\/2025\/10\/black-Light-up-usb-flash-drive-600x600.jpeg 600w, https:\/\/www.yousanusb.com\/wp-content\/uploads\/2025\/10\/black-Light-up-usb-flash-drive-100x100.jpeg 100w\" sizes=\"(max-width: 800px) 100vw, 800px\" \/><\/figure>\n<\/div>\n<\/div>\n\n\n\n<p>Pour cette cl\u00e9 USB, les capacit\u00e9s de 8 \u00e0 128 Go sont les options les plus vendues pour le stockage quotidien. Vous pouvez choisir la personnalisation en fonction de vos besoins quotidiens, les diff\u00e9rentes capacit\u00e9s correspondant \u00e0 des prix diff\u00e9rents.<br>Il offre des performances de stockage stables, des vitesses de lecture et d'\u00e9criture rapides et une transmission de donn\u00e9es s\u00fbre et fiable, r\u00e9pondant ainsi aux besoins des sc\u00e9narios professionnels tels que le stockage de fichiers d'entreprise et la distribution de mat\u00e9riel \u00e9v\u00e9nementiel.<br>Les entreprises peuvent \u00e9galement personnaliser les mod\u00e8les avec leur propre logo et les utiliser comme cadeaux de promotion de la marque ou comme outils de bureau. Pratique mais efficace pour am\u00e9liorer l'image de marque, il constitue un excellent choix pour le marketing d'entreprise et l'utilisation quotidienne au bureau.<\/p>","protected":false},"excerpt":{"rendered":"<ul>\n<li>Fabrique de cl\u00e9s USB \u00e0 led en Chine<\/li>\n<li>Logo LED Lighting Up<\/li>\n<li>S\u00e9rigraphie<\/li>\n<li>Impression UV | Gravure laser | S\u00e9rigraphie<\/li>\n<li>MOQ\uff1a100pcs<\/li>\n<\/ul>","protected":false},"featured_media":22799,"comment_status":"open","ping_status":"closed","template":"","meta":{"_seopress_robots_primary_cat":"","_seopress_titles_title":"","_seopress_titles_desc":"","_seopress_robots_index":""},"class_list":["post-22794","product","type-product","status-publish","has-post-thumbnail","hentry","product_cat-led-light-usb-flash-drive"],"_links":{"self":[{"href":"https:\/\/www.yousanusb.com\/fr\/wp-json\/wp\/v2\/product\/22794"}],"collection":[{"href":"https:\/\/www.yousanusb.com\/fr\/wp-json\/wp\/v2\/product"}],"about":[{"href":"https:\/\/www.yousanusb.com\/fr\/wp-json\/wp\/v2\/types\/product"}],"replies":[{"embeddable":true,"href":"https:\/\/www.yousanusb.com\/fr\/wp-json\/wp\/v2\/comments?post=22794"}],"wp:featuredmedia":[{"embeddable":true,"href":"https:\/\/www.yousanusb.com\/fr\/wp-json\/wp\/v2\/media\/22799"}],"wp:attachment":[{"href":"https:\/\/www.yousanusb.com\/fr\/wp-json\/wp\/v2\/media?parent=22794"}],"curies":[{"name":"wp","href":"https:\/\/api.w.org\/{rel}","templated":true}]}}