{"id":22802,"date":"2025-10-30T05:55:23","date_gmt":"2025-10-30T05:55:23","guid":{"rendered":"https:\/\/www.yousanusb.com\/?post_type=product&#038;p=22802"},"modified":"2025-10-30T12:40:29","modified_gmt":"2025-10-30T12:40:29","slug":"round-light-up-usb-flash-drive","status":"publish","type":"product","link":"https:\/\/www.yousanusb.com\/fr\/produit\/round-light-up-usb-flash-drive\/","title":{"rendered":"Cl\u00e9 USB lumineuse ronde en m\u00e9tal"},"content":{"rendered":"<div class=\"wp-block-columns is-layout-flex wp-container-core-columns-is-layout-1 wp-block-columns-is-layout-flex\">\n<div class=\"wp-block-column is-layout-flow wp-block-column-is-layout-flow\">\n<figure class=\"wp-block-image size-full\"><img fetchpriority=\"high\" decoding=\"async\" width=\"800\" height=\"800\" src=\"https:\/\/www.yousanusb.com\/wp-content\/uploads\/2025\/10\/round-Light-up-usb-flash-drive.png\" alt=\"\" class=\"wp-image-22808\" srcset=\"https:\/\/www.yousanusb.com\/wp-content\/uploads\/2025\/10\/round-Light-up-usb-flash-drive.png 800w, https:\/\/www.yousanusb.com\/wp-content\/uploads\/2025\/10\/round-Light-up-usb-flash-drive-300x300.png 300w, https:\/\/www.yousanusb.com\/wp-content\/uploads\/2025\/10\/round-Light-up-usb-flash-drive-150x150.png 150w, https:\/\/www.yousanusb.com\/wp-content\/uploads\/2025\/10\/round-Light-up-usb-flash-drive-768x768.png 768w, https:\/\/www.yousanusb.com\/wp-content\/uploads\/2025\/10\/round-Light-up-usb-flash-drive-12x12.png 12w, https:\/\/www.yousanusb.com\/wp-content\/uploads\/2025\/10\/round-Light-up-usb-flash-drive-600x600.png 600w, https:\/\/www.yousanusb.com\/wp-content\/uploads\/2025\/10\/round-Light-up-usb-flash-drive-100x100.png 100w\" sizes=\"(max-width: 800px) 100vw, 800px\" \/><\/figure>\n<\/div>\n\n\n\n<div class=\"wp-block-column is-vertically-aligned-center is-layout-flow wp-block-column-is-layout-flow\">\n<p>Cette cl\u00e9 USB Ligth-up ronde en m\u00e9tal pr\u00e9sente un design rond et est fabriqu\u00e9e en m\u00e9tal. Elle est disponible en plusieurs couleurs : noir, or, argent, or rose, etc. Dot\u00e9e d'un porte-cl\u00e9s, elle peut \u00eatre facilement attach\u00e9e \u00e0 un trousseau de cl\u00e9s ou \u00e0 un sac \u00e0 dos, ce qui la rend portable et moins susceptible d'\u00eatre perdue. Il r\u00e9pond \u00e0 la fois aux besoins professionnels et personnels.<\/p>\n\n\n\n<p>Il offre des options de capacit\u00e9 allant de 8 Go \u00e0 128 Go, qui peuvent \u00eatre personnalis\u00e9es en fonction des besoins de stockage quotidiens, avec des prix diff\u00e9rents pour les diff\u00e9rentes capacit\u00e9s. Compatible avec les principaux syst\u00e8mes d'exploitation tels que Windows et Mac, elle offre une fonctionnalit\u00e9 \"plug-and-play\" et peut facilement g\u00e9rer le stockage et le transfert de divers fichiers tels que des documents, des images et des vid\u00e9os. En outre, le produit a obtenu les certifications CE et FCC, ce qui garantit une qualit\u00e9 fiable, un stockage de donn\u00e9es s\u00fbr et stable et une dur\u00e9e de vie de plusieurs dizaines de milliers de cycles de lecture-\u00e9criture, pour une utilisation fiable et \u00e0 long terme.<\/p>\n<\/div>\n<\/div>\n\n\n\n<div class=\"wp-block-columns is-layout-flex wp-container-core-columns-is-layout-2 wp-block-columns-is-layout-flex\">\n<div class=\"wp-block-column is-vertically-aligned-center is-layout-flow wp-block-column-is-layout-flow\">\n<p>Le logo lumineux situ\u00e9 \u00e0 l'avant reste \u00e9teint lorsqu'il n'est pas branch\u00e9 sur un ordinateur, mais s'allume imm\u00e9diatement d\u00e8s qu'il est ins\u00e9r\u00e9. Le logo de la marque ou le logo personnalis\u00e9 sont ainsi clairs et accrocheurs, ce qui am\u00e9liore consid\u00e9rablement la reconnaissance. En outre, le dos peut \u00e9galement \u00eatre personnalis\u00e9 avec des logos ou des motifs - la personnalisation recto-verso permet un affichage plus complet des informations relatives \u00e0 la marque.<\/p>\n\n\n\n<p>En ce qui concerne les techniques d'impression et de gravure, la surface m\u00e9tallique utilise la gravure au laser ou la technologie d'impression haute d\u00e9finition. Cela garantit que les logos ne se d\u00e9colleront pas et ne s'effaceront pas, m\u00eame en cas d'utilisation prolong\u00e9e, et que l'image de la marque sera affich\u00e9e durablement.<\/p>\n<\/div>\n\n\n\n<div class=\"wp-block-column is-layout-flow wp-block-column-is-layout-flow\">\n<figure class=\"wp-block-image size-full\"><img decoding=\"async\" width=\"800\" height=\"800\" src=\"https:\/\/www.yousanusb.com\/wp-content\/uploads\/2025\/10\/metal-light-up-usb-drive.jpg\" alt=\"\" class=\"wp-image-22807\" srcset=\"https:\/\/www.yousanusb.com\/wp-content\/uploads\/2025\/10\/metal-light-up-usb-drive.jpg 800w, https:\/\/www.yousanusb.com\/wp-content\/uploads\/2025\/10\/metal-light-up-usb-drive-300x300.jpg 300w, https:\/\/www.yousanusb.com\/wp-content\/uploads\/2025\/10\/metal-light-up-usb-drive-150x150.jpg 150w, https:\/\/www.yousanusb.com\/wp-content\/uploads\/2025\/10\/metal-light-up-usb-drive-768x768.jpg 768w, https:\/\/www.yousanusb.com\/wp-content\/uploads\/2025\/10\/metal-light-up-usb-drive-12x12.jpg 12w, https:\/\/www.yousanusb.com\/wp-content\/uploads\/2025\/10\/metal-light-up-usb-drive-600x600.jpg 600w, https:\/\/www.yousanusb.com\/wp-content\/uploads\/2025\/10\/metal-light-up-usb-drive-100x100.jpg 100w\" sizes=\"(max-width: 800px) 100vw, 800px\" \/><\/figure>\n<\/div>\n<\/div>","protected":false},"excerpt":{"rendered":"<ul>\n<li>Cl\u00e9 USB Round Light-Up<\/li>\n<li>Couleur des cl\u00e9s USB personnalis\u00e9es<\/li>\n<li>\u00c9clairage LED personnalis\u00e9 du logo<\/li>\n<li>mat\u00e9riaux m\u00e9talliques<\/li>\n<li>CE, RoHS, FCC<\/li>\n<li>MOQ:100pcs<\/li>\n<\/ul>","protected":false},"featured_media":22808,"comment_status":"open","ping_status":"closed","template":"","meta":{"_seopress_robots_primary_cat":"","_seopress_titles_title":"","_seopress_titles_desc":"","_seopress_robots_index":""},"class_list":["post-22802","product","type-product","status-publish","has-post-thumbnail","hentry","product_cat-led-light-usb-flash-drive"],"_links":{"self":[{"href":"https:\/\/www.yousanusb.com\/fr\/wp-json\/wp\/v2\/product\/22802"}],"collection":[{"href":"https:\/\/www.yousanusb.com\/fr\/wp-json\/wp\/v2\/product"}],"about":[{"href":"https:\/\/www.yousanusb.com\/fr\/wp-json\/wp\/v2\/types\/product"}],"replies":[{"embeddable":true,"href":"https:\/\/www.yousanusb.com\/fr\/wp-json\/wp\/v2\/comments?post=22802"}],"wp:featuredmedia":[{"embeddable":true,"href":"https:\/\/www.yousanusb.com\/fr\/wp-json\/wp\/v2\/media\/22808"}],"wp:attachment":[{"href":"https:\/\/www.yousanusb.com\/fr\/wp-json\/wp\/v2\/media?parent=22802"}],"curies":[{"name":"wp","href":"https:\/\/api.w.org\/{rel}","templated":true}]}}