{"id":22843,"date":"2025-10-30T07:18:39","date_gmt":"2025-10-30T07:18:39","guid":{"rendered":"https:\/\/www.yousanusb.com\/?post_type=product&#038;p=22843"},"modified":"2025-10-30T12:40:42","modified_gmt":"2025-10-30T12:40:42","slug":"rectangular-light-up-usb-flash-drive-with-a-leather-strap","status":"publish","type":"product","link":"https:\/\/www.yousanusb.com\/fr\/produit\/rectangular-light-up-usb-flash-drive-with-a-leather-strap\/","title":{"rendered":"Cl\u00e9 USB rectangulaire lumineuse avec bracelet en cuir"},"content":{"rendered":"<div class=\"wp-block-columns is-layout-flex wp-container-core-columns-is-layout-1 wp-block-columns-is-layout-flex\">\n<div class=\"wp-block-column is-layout-flow wp-block-column-is-layout-flow\">\n<figure class=\"wp-block-image size-full\"><img fetchpriority=\"high\" decoding=\"async\" width=\"800\" height=\"800\" src=\"https:\/\/www.yousanusb.com\/wp-content\/uploads\/2025\/10\/Rectangular-Light-Up-USB-Flash-Drive-with-Leather-Strap.jpg\" alt=\"\" class=\"wp-image-22876\" srcset=\"https:\/\/www.yousanusb.com\/wp-content\/uploads\/2025\/10\/Rectangular-Light-Up-USB-Flash-Drive-with-Leather-Strap.jpg 800w, https:\/\/www.yousanusb.com\/wp-content\/uploads\/2025\/10\/Rectangular-Light-Up-USB-Flash-Drive-with-Leather-Strap-300x300.jpg 300w, https:\/\/www.yousanusb.com\/wp-content\/uploads\/2025\/10\/Rectangular-Light-Up-USB-Flash-Drive-with-Leather-Strap-150x150.jpg 150w, https:\/\/www.yousanusb.com\/wp-content\/uploads\/2025\/10\/Rectangular-Light-Up-USB-Flash-Drive-with-Leather-Strap-768x768.jpg 768w, https:\/\/www.yousanusb.com\/wp-content\/uploads\/2025\/10\/Rectangular-Light-Up-USB-Flash-Drive-with-Leather-Strap-12x12.jpg 12w, https:\/\/www.yousanusb.com\/wp-content\/uploads\/2025\/10\/Rectangular-Light-Up-USB-Flash-Drive-with-Leather-Strap-600x600.jpg 600w, https:\/\/www.yousanusb.com\/wp-content\/uploads\/2025\/10\/Rectangular-Light-Up-USB-Flash-Drive-with-Leather-Strap-100x100.jpg 100w\" sizes=\"(max-width: 800px) 100vw, 800px\" \/><\/figure>\n<\/div>\n\n\n\n<div class=\"wp-block-column is-vertically-aligned-center is-layout-flow wp-block-column-is-layout-flow\">\n<p>La cl\u00e9 USB rectangulaire m\u00e9tallique lumineuse pr\u00e9sente un design rectangulaire et est fabriqu\u00e9e en m\u00e9tal, avec une texture solide et durable. Elle est livr\u00e9e avec un bracelet en silicone et propose des options de couleurs populaires telles que le noir, le bleu, le rouge et l'orange. Elle peut \u00eatre facilement attach\u00e9e \u00e0 un porte-cl\u00e9s ou \u00e0 un sac \u00e0 dos, ce qui la rend portable et moins susceptible d'\u00eatre perdue.<\/p>\n<\/div>\n<\/div>\n\n\n\n<div class=\"wp-block-columns is-layout-flex wp-container-core-columns-is-layout-2 wp-block-columns-is-layout-flex\">\n<div class=\"wp-block-column is-vertically-aligned-center is-layout-flow wp-block-column-is-layout-flow\">\n<p>Le principe d'\u00e9mission de lumi\u00e8re des cl\u00e9s USB lumineuses repose principalement sur une LED int\u00e9gr\u00e9e et un circuit simple. Lorsque la cl\u00e9 est ins\u00e9r\u00e9e dans le port USB d'un ordinateur ou d'un autre appareil, l'alimentation du port d\u00e9clenche la conduction de l'\u00e9lectricit\u00e9 par le circuit, et la DEL s'allume lorsqu'elle est aliment\u00e9e.<\/p>\n\n\n\n<p>La lumi\u00e8re passe \u00e0 travers les zones transparentes ou translucides du bo\u00eetier du lecteur - g\u00e9n\u00e9ralement l\u00e0 o\u00f9 se trouve le logo - et brille \u00e0 travers, cr\u00e9ant un effet lumineux. Lorsqu'elle est retir\u00e9e, l'alimentation est coup\u00e9e et la DEL s'\u00e9teint, ce qui permet de l'allumer \u00e0 l'insertion et de l'\u00e9teindre au retrait.<\/p>\n<\/div>\n\n\n\n<div class=\"wp-block-column is-layout-flow wp-block-column-is-layout-flow\">\n<figure class=\"wp-block-image size-full\"><img decoding=\"async\" width=\"800\" height=\"800\" src=\"https:\/\/www.yousanusb.com\/wp-content\/uploads\/2025\/10\/Light-up-usb-flash-drive-2.jpg\" alt=\"\" class=\"wp-image-22873\" srcset=\"https:\/\/www.yousanusb.com\/wp-content\/uploads\/2025\/10\/Light-up-usb-flash-drive-2.jpg 800w, https:\/\/www.yousanusb.com\/wp-content\/uploads\/2025\/10\/Light-up-usb-flash-drive-2-300x300.jpg 300w, https:\/\/www.yousanusb.com\/wp-content\/uploads\/2025\/10\/Light-up-usb-flash-drive-2-150x150.jpg 150w, https:\/\/www.yousanusb.com\/wp-content\/uploads\/2025\/10\/Light-up-usb-flash-drive-2-768x768.jpg 768w, https:\/\/www.yousanusb.com\/wp-content\/uploads\/2025\/10\/Light-up-usb-flash-drive-2-12x12.jpg 12w, https:\/\/www.yousanusb.com\/wp-content\/uploads\/2025\/10\/Light-up-usb-flash-drive-2-600x600.jpg 600w, https:\/\/www.yousanusb.com\/wp-content\/uploads\/2025\/10\/Light-up-usb-flash-drive-2-100x100.jpg 100w\" sizes=\"(max-width: 800px) 100vw, 800px\" \/><\/figure>\n<\/div>\n<\/div>\n\n\n\n<div class=\"wp-block-columns is-layout-flex wp-container-core-columns-is-layout-3 wp-block-columns-is-layout-flex\">\n<div class=\"wp-block-column is-layout-flow wp-block-column-is-layout-flow\">\n<figure class=\"wp-block-image size-full\"><img decoding=\"async\" width=\"800\" height=\"800\" src=\"https:\/\/www.yousanusb.com\/wp-content\/uploads\/2025\/10\/custom-usb-drive-whit-lighting-logo.jpg\" alt=\"\" class=\"wp-image-22872\" srcset=\"https:\/\/www.yousanusb.com\/wp-content\/uploads\/2025\/10\/custom-usb-drive-whit-lighting-logo.jpg 800w, https:\/\/www.yousanusb.com\/wp-content\/uploads\/2025\/10\/custom-usb-drive-whit-lighting-logo-300x300.jpg 300w, https:\/\/www.yousanusb.com\/wp-content\/uploads\/2025\/10\/custom-usb-drive-whit-lighting-logo-150x150.jpg 150w, https:\/\/www.yousanusb.com\/wp-content\/uploads\/2025\/10\/custom-usb-drive-whit-lighting-logo-768x768.jpg 768w, https:\/\/www.yousanusb.com\/wp-content\/uploads\/2025\/10\/custom-usb-drive-whit-lighting-logo-12x12.jpg 12w, https:\/\/www.yousanusb.com\/wp-content\/uploads\/2025\/10\/custom-usb-drive-whit-lighting-logo-600x600.jpg 600w, https:\/\/www.yousanusb.com\/wp-content\/uploads\/2025\/10\/custom-usb-drive-whit-lighting-logo-100x100.jpg 100w\" sizes=\"(max-width: 800px) 100vw, 800px\" \/><\/figure>\n<\/div>\n\n\n\n<div class=\"wp-block-column is-vertically-aligned-center is-layout-flow wp-block-column-is-layout-flow\">\n<p>La personnalisation est un point fort. Le logo lumineux situ\u00e9 sur la face avant peut \u00eatre personnalis\u00e9 en diff\u00e9rentes couleurs. Ce logo lumineux reste \u00e9teint lorsqu'il n'est pas branch\u00e9 sur un ordinateur, mais s'allume d\u00e8s qu'il est branch\u00e9, rendant la marque ou le logo personnalis\u00e9 clair et accrocheur, ce qui am\u00e9liore grandement la reconnaissance.<\/p>\n\n\n\n<p>Le dos peut \u00e9galement \u00eatre personnalis\u00e9 avec des logos ou des motifs - la personnalisation double face permet un affichage plus complet des informations relatives \u00e0 la marque. Les logos au dos sont grav\u00e9s au laser ou imprim\u00e9s en haute d\u00e9finition. Ils ne se d\u00e9collent pas et ne s'effacent pas, m\u00eame en cas d'utilisation prolong\u00e9e, ce qui permet \u00e0 l'image de la marque de rester vivante au fil du temps.<\/p>\n<\/div>\n<\/div>\n\n\n\n<div class=\"wp-block-columns is-layout-flex wp-container-core-columns-is-layout-4 wp-block-columns-is-layout-flex\">\n<div class=\"wp-block-column is-vertically-aligned-center is-layout-flow wp-block-column-is-layout-flow\">\n<p>En termes de sp\u00e9cifications techniques, il offre des capacit\u00e9s de stockage allant de 8 Go \u00e0 128 Go, qui peuvent \u00eatre personnalis\u00e9es en fonction des besoins de stockage quotidiens, avec des prix diff\u00e9rents pour les diff\u00e9rentes capacit\u00e9s.<\/p>\n\n\n\n<p>Il est compatible avec les principaux syst\u00e8mes d'exploitation tels que Windows et Mac, offre une fonctionnalit\u00e9 \"plug-and-play\" et g\u00e8re facilement le stockage et le transfert de divers fichiers, notamment des documents, des images et des vid\u00e9os.<\/p>\n\n\n\n<p>Le produit a obtenu les certifications CE et FCC, ce qui garantit une qualit\u00e9 fiable, un stockage de donn\u00e9es s\u00fbr et stable, et une dur\u00e9e de vie de plusieurs dizaines de milliers de cycles de lecture-\u00e9criture, permettant une utilisation fiable \u00e0 long terme.<\/p>\n<\/div>\n\n\n\n<div class=\"wp-block-column is-layout-flow wp-block-column-is-layout-flow\">\n<figure class=\"wp-block-image size-full\"><img loading=\"lazy\" decoding=\"async\" width=\"800\" height=\"800\" src=\"https:\/\/www.yousanusb.com\/wp-content\/uploads\/2025\/10\/light-up-pen-drive.jpg\" alt=\"\" class=\"wp-image-22874\" srcset=\"https:\/\/www.yousanusb.com\/wp-content\/uploads\/2025\/10\/light-up-pen-drive.jpg 800w, https:\/\/www.yousanusb.com\/wp-content\/uploads\/2025\/10\/light-up-pen-drive-300x300.jpg 300w, https:\/\/www.yousanusb.com\/wp-content\/uploads\/2025\/10\/light-up-pen-drive-150x150.jpg 150w, https:\/\/www.yousanusb.com\/wp-content\/uploads\/2025\/10\/light-up-pen-drive-768x768.jpg 768w, https:\/\/www.yousanusb.com\/wp-content\/uploads\/2025\/10\/light-up-pen-drive-12x12.jpg 12w, https:\/\/www.yousanusb.com\/wp-content\/uploads\/2025\/10\/light-up-pen-drive-600x600.jpg 600w, https:\/\/www.yousanusb.com\/wp-content\/uploads\/2025\/10\/light-up-pen-drive-100x100.jpg 100w\" sizes=\"(max-width: 800px) 100vw, 800px\" \/><\/figure>\n<\/div>\n<\/div>","protected":false},"excerpt":{"rendered":"<ul>\n<li>Cl\u00e9 USB lumineuse<\/li>\n<li>Couleur personnalis\u00e9e du bracelet en silicone<\/li>\n<li>\u00c9clairage LED personnalis\u00e9 du logo<\/li>\n<li>mat\u00e9riaux m\u00e9talliques<\/li>\n<li>CE, RoHS, FCC<\/li>\n<li>MOQ:100pcs<\/li>\n<\/ul>","protected":false},"featured_media":22876,"comment_status":"open","ping_status":"closed","template":"","meta":{"_seopress_robots_primary_cat":"","_seopress_titles_title":"","_seopress_titles_desc":"","_seopress_robots_index":""},"class_list":["post-22843","product","type-product","status-publish","has-post-thumbnail","hentry","product_cat-led-light-usb-flash-drive"],"_links":{"self":[{"href":"https:\/\/www.yousanusb.com\/fr\/wp-json\/wp\/v2\/product\/22843"}],"collection":[{"href":"https:\/\/www.yousanusb.com\/fr\/wp-json\/wp\/v2\/product"}],"about":[{"href":"https:\/\/www.yousanusb.com\/fr\/wp-json\/wp\/v2\/types\/product"}],"replies":[{"embeddable":true,"href":"https:\/\/www.yousanusb.com\/fr\/wp-json\/wp\/v2\/comments?post=22843"}],"wp:featuredmedia":[{"embeddable":true,"href":"https:\/\/www.yousanusb.com\/fr\/wp-json\/wp\/v2\/media\/22876"}],"wp:attachment":[{"href":"https:\/\/www.yousanusb.com\/fr\/wp-json\/wp\/v2\/media?parent=22843"}],"curies":[{"name":"wp","href":"https:\/\/api.w.org\/{rel}","templated":true}]}}