{"id":23071,"date":"2025-10-30T12:24:46","date_gmt":"2025-10-30T12:24:46","guid":{"rendered":"https:\/\/www.yousanusb.com\/?post_type=product&#038;p=23071"},"modified":"2025-11-03T02:45:42","modified_gmt":"2025-11-03T02:45:42","slug":"long-strip-metal-plug-usb-flash-drive","status":"publish","type":"product","link":"https:\/\/www.yousanusb.com\/fr\/produit\/long-strip-metal-plug-usb-flash-drive\/","title":{"rendered":"Cl\u00e9 USB \u00e0 bouchon m\u00e9tallique \u00e0 longue bande"},"content":{"rendered":"<div class=\"wp-block-columns is-layout-flex wp-container-core-columns-is-layout-1 wp-block-columns-is-layout-flex\">\n<div class=\"wp-block-column is-layout-flow wp-block-column-is-layout-flow\">\n<figure class=\"wp-block-image size-full\"><img fetchpriority=\"high\" decoding=\"async\" width=\"800\" height=\"800\" src=\"https:\/\/www.yousanusb.com\/wp-content\/uploads\/2025\/10\/Plug-in-Long-Strip-light-up-USB-Flash-Drive.jpeg\" alt=\"\" class=\"wp-image-23078\" srcset=\"https:\/\/www.yousanusb.com\/wp-content\/uploads\/2025\/10\/Plug-in-Long-Strip-light-up-USB-Flash-Drive.jpeg 800w, https:\/\/www.yousanusb.com\/wp-content\/uploads\/2025\/10\/Plug-in-Long-Strip-light-up-USB-Flash-Drive-300x300.jpeg 300w, https:\/\/www.yousanusb.com\/wp-content\/uploads\/2025\/10\/Plug-in-Long-Strip-light-up-USB-Flash-Drive-150x150.jpeg 150w, https:\/\/www.yousanusb.com\/wp-content\/uploads\/2025\/10\/Plug-in-Long-Strip-light-up-USB-Flash-Drive-768x768.jpeg 768w, https:\/\/www.yousanusb.com\/wp-content\/uploads\/2025\/10\/Plug-in-Long-Strip-light-up-USB-Flash-Drive-12x12.jpeg 12w, https:\/\/www.yousanusb.com\/wp-content\/uploads\/2025\/10\/Plug-in-Long-Strip-light-up-USB-Flash-Drive-600x600.jpeg 600w, https:\/\/www.yousanusb.com\/wp-content\/uploads\/2025\/10\/Plug-in-Long-Strip-light-up-USB-Flash-Drive-100x100.jpeg 100w\" sizes=\"(max-width: 800px) 100vw, 800px\" \/><\/figure>\n<\/div>\n\n\n\n<div class=\"wp-block-column is-vertically-aligned-center is-layout-flow wp-block-column-is-layout-flow\">\n<p>La cl\u00e9 USB \u00e0 bouchon m\u00e9tallique est dot\u00e9e d'une structure compacte \u00e0 bouchon long et d'un trou de suspension sur le dessus. Elle est compatible avec des accessoires tels que les porte-cl\u00e9s et les lani\u00e8res, ce qui facilite le transport et le stockage. Adoptant une conception \u00e0 prise directe, elle peut se connecter directement au port USB des appareils pour le transfert de donn\u00e9es, offrant un fonctionnement pratique et sans composants fragiles pour r\u00e9duire le risque de dommages physiques. <\/p>\n\n\n\n<p>Disponible dans des capacit\u00e9s de stockage telles que 8GB, 16GB, 32GB et 64GB, avec des interfaces USB 2.0 ou USB 3.0 en option, il r\u00e9pond \u00e0 divers besoins de stockage et de transfert de donn\u00e9es. Il assure une lecture et une \u00e9criture efficaces des fichiers tels que les documents, les photos et les vid\u00e9os, am\u00e9liorant ainsi l'efficacit\u00e9 du traitement des donn\u00e9es.<\/p>\n<\/div>\n<\/div>\n\n\n\n<p>Son corps est fait de m\u00e9tal tr\u00e8s r\u00e9sistant, offrant une excellente r\u00e9sistance \u00e0 l'usure et aux chocs. Il peut r\u00e9sister efficacement aux coups et aux rayures quotidiens, ce qui garantit la stabilit\u00e9 \u00e0 long terme de la structure physique et offre un support mat\u00e9riel fiable pour le stockage des donn\u00e9es. Il est disponible en deux couleurs, noir et argent, pour r\u00e9pondre aux besoins esth\u00e9tiques des diff\u00e9rents utilisateurs et aux exigences de tonalit\u00e9 visuelle des marques d'entreprise.<\/p>\n\n\n\n<div class=\"wp-block-columns is-layout-flex wp-container-core-columns-is-layout-2 wp-block-columns-is-layout-flex\">\n<div class=\"wp-block-column is-layout-flow wp-block-column-is-layout-flow\">\n<figure class=\"wp-block-image size-full\"><img decoding=\"async\" width=\"800\" height=\"800\" src=\"https:\/\/www.yousanusb.com\/wp-content\/uploads\/2025\/10\/black-metal-LED-logo-Flash-Disk.jpeg\" alt=\"\" class=\"wp-image-23074\" srcset=\"https:\/\/www.yousanusb.com\/wp-content\/uploads\/2025\/10\/black-metal-LED-logo-Flash-Disk.jpeg 800w, https:\/\/www.yousanusb.com\/wp-content\/uploads\/2025\/10\/black-metal-LED-logo-Flash-Disk-300x300.jpeg 300w, https:\/\/www.yousanusb.com\/wp-content\/uploads\/2025\/10\/black-metal-LED-logo-Flash-Disk-150x150.jpeg 150w, https:\/\/www.yousanusb.com\/wp-content\/uploads\/2025\/10\/black-metal-LED-logo-Flash-Disk-768x768.jpeg 768w, https:\/\/www.yousanusb.com\/wp-content\/uploads\/2025\/10\/black-metal-LED-logo-Flash-Disk-12x12.jpeg 12w, https:\/\/www.yousanusb.com\/wp-content\/uploads\/2025\/10\/black-metal-LED-logo-Flash-Disk-600x600.jpeg 600w, https:\/\/www.yousanusb.com\/wp-content\/uploads\/2025\/10\/black-metal-LED-logo-Flash-Disk-100x100.jpeg 100w\" sizes=\"(max-width: 800px) 100vw, 800px\" \/><\/figure>\n<\/div>\n\n\n\n<div class=\"wp-block-column is-layout-flow wp-block-column-is-layout-flow\">\n<figure class=\"wp-block-image size-full\"><img decoding=\"async\" width=\"800\" height=\"800\" src=\"https:\/\/www.yousanusb.com\/wp-content\/uploads\/2025\/10\/metal-LED-logo-Flash-Disk.jpeg\" alt=\"\" class=\"wp-image-23076\" srcset=\"https:\/\/www.yousanusb.com\/wp-content\/uploads\/2025\/10\/metal-LED-logo-Flash-Disk.jpeg 800w, https:\/\/www.yousanusb.com\/wp-content\/uploads\/2025\/10\/metal-LED-logo-Flash-Disk-300x300.jpeg 300w, https:\/\/www.yousanusb.com\/wp-content\/uploads\/2025\/10\/metal-LED-logo-Flash-Disk-150x150.jpeg 150w, https:\/\/www.yousanusb.com\/wp-content\/uploads\/2025\/10\/metal-LED-logo-Flash-Disk-768x768.jpeg 768w, https:\/\/www.yousanusb.com\/wp-content\/uploads\/2025\/10\/metal-LED-logo-Flash-Disk-12x12.jpeg 12w, https:\/\/www.yousanusb.com\/wp-content\/uploads\/2025\/10\/metal-LED-logo-Flash-Disk-600x600.jpeg 600w, https:\/\/www.yousanusb.com\/wp-content\/uploads\/2025\/10\/metal-LED-logo-Flash-Disk-100x100.jpeg 100w\" sizes=\"(max-width: 800px) 100vw, 800px\" \/><\/figure>\n<\/div>\n<\/div>\n\n\n\n<div class=\"wp-block-columns is-layout-flex wp-container-core-columns-is-layout-3 wp-block-columns-is-layout-flex\">\n<div class=\"wp-block-column is-vertically-aligned-center is-layout-flow wp-block-column-is-layout-flow\">\n<p>Le logo lumineux adopte la technologie LED. Lorsque la cl\u00e9 USB est mise sous tension, la zone du logo situ\u00e9e \u00e0 l'avant s'allume. Il est possible de le personnaliser en plusieurs couleurs telles que le rouge, le bleu, le vert et le violet, et le contenu du logo peut \u00eatre personnalis\u00e9 avec des logos de marque, du texte, etc. selon les besoins. L'effet lumineux am\u00e9liore consid\u00e9rablement la reconnaissance de la marque et renforce sa visibilit\u00e9 dans les situations professionnelles.<\/p>\n\n\n\n<p>Le dos comporte une large zone personnalisable. Les logos, slogans, motifs et autres \u00e9l\u00e9ments de la marque peuvent \u00eatre pr\u00e9sent\u00e9s par des proc\u00e9d\u00e9s tels que la s\u00e9rigraphie et la gravure au laser. Il offre un espace d'affichage suffisant pour les entreprises, convient aux cadeaux d'affaires et \u00e0 la promotion de la marque, et permet une diffusion \u00e0 long terme des informations relatives \u00e0 la marque.<\/p>\n<\/div>\n\n\n\n<div class=\"wp-block-column is-layout-flow wp-block-column-is-layout-flow\">\n<figure class=\"wp-block-image size-full\"><img loading=\"lazy\" decoding=\"async\" width=\"800\" height=\"800\" src=\"https:\/\/www.yousanusb.com\/wp-content\/uploads\/2025\/10\/metal-light-up-usb-flash-drive-4.jpeg\" alt=\"\" class=\"wp-image-23077\" srcset=\"https:\/\/www.yousanusb.com\/wp-content\/uploads\/2025\/10\/metal-light-up-usb-flash-drive-4.jpeg 800w, https:\/\/www.yousanusb.com\/wp-content\/uploads\/2025\/10\/metal-light-up-usb-flash-drive-4-300x300.jpeg 300w, https:\/\/www.yousanusb.com\/wp-content\/uploads\/2025\/10\/metal-light-up-usb-flash-drive-4-150x150.jpeg 150w, https:\/\/www.yousanusb.com\/wp-content\/uploads\/2025\/10\/metal-light-up-usb-flash-drive-4-768x768.jpeg 768w, https:\/\/www.yousanusb.com\/wp-content\/uploads\/2025\/10\/metal-light-up-usb-flash-drive-4-12x12.jpeg 12w, https:\/\/www.yousanusb.com\/wp-content\/uploads\/2025\/10\/metal-light-up-usb-flash-drive-4-600x600.jpeg 600w, https:\/\/www.yousanusb.com\/wp-content\/uploads\/2025\/10\/metal-light-up-usb-flash-drive-4-100x100.jpeg 100w\" sizes=\"(max-width: 800px) 100vw, 800px\" \/><\/figure>\n<\/div>\n<\/div>","protected":false},"excerpt":{"rendered":"<ul>\n<li>Cl\u00e9 USB lumineuse<\/li>\n<li>B\u00e2ton de m\u00e9moire USB avec logo personnalis\u00e9 pour cadeau promotionnel<\/li>\n<li>S\u00e9rigraphie, Gravure laser, Logo lumineux<\/li>\n<li>CE, RoHS, FCC<\/li>\n<li>MOQ:100pcs<\/li>\n<\/ul>","protected":false},"featured_media":23078,"comment_status":"open","ping_status":"closed","template":"","meta":{"_seopress_robots_primary_cat":"","_seopress_titles_title":"","_seopress_titles_desc":"","_seopress_robots_index":""},"class_list":["post-23071","product","type-product","status-publish","has-post-thumbnail","hentry","product_cat-led-light-usb-flash-drive"],"_links":{"self":[{"href":"https:\/\/www.yousanusb.com\/fr\/wp-json\/wp\/v2\/product\/23071"}],"collection":[{"href":"https:\/\/www.yousanusb.com\/fr\/wp-json\/wp\/v2\/product"}],"about":[{"href":"https:\/\/www.yousanusb.com\/fr\/wp-json\/wp\/v2\/types\/product"}],"replies":[{"embeddable":true,"href":"https:\/\/www.yousanusb.com\/fr\/wp-json\/wp\/v2\/comments?post=23071"}],"wp:featuredmedia":[{"embeddable":true,"href":"https:\/\/www.yousanusb.com\/fr\/wp-json\/wp\/v2\/media\/23078"}],"wp:attachment":[{"href":"https:\/\/www.yousanusb.com\/fr\/wp-json\/wp\/v2\/media?parent=23071"}],"curies":[{"name":"wp","href":"https:\/\/api.w.org\/{rel}","templated":true}]}}