{"id":23325,"date":"2025-11-03T07:45:38","date_gmt":"2025-11-03T07:45:38","guid":{"rendered":"https:\/\/www.yousanusb.com\/?post_type=product&#038;p=23325"},"modified":"2025-11-04T03:22:24","modified_gmt":"2025-11-04T03:22:24","slug":"custom-cartoon-brown-bear-keychain","status":"publish","type":"product","link":"https:\/\/www.yousanusb.com\/fr\/produit\/custom-cartoon-brown-bear-keychain\/","title":{"rendered":"Porte-cl\u00e9s personnalis\u00e9 en forme d'ours brun"},"content":{"rendered":"<div class=\"wp-block-columns is-layout-flex wp-container-core-columns-is-layout-1 wp-block-columns-is-layout-flex\">\n<div class=\"wp-block-column is-layout-flow wp-block-column-is-layout-flow\">\n<figure class=\"wp-block-image size-full\"><img fetchpriority=\"high\" decoding=\"async\" width=\"800\" height=\"800\" src=\"https:\/\/www.yousanusb.com\/wp-content\/uploads\/2025\/11\/Brown-Bear-Keychain.webp\" alt=\"\" class=\"wp-image-23328\" srcset=\"https:\/\/www.yousanusb.com\/wp-content\/uploads\/2025\/11\/Brown-Bear-Keychain.webp 800w, https:\/\/www.yousanusb.com\/wp-content\/uploads\/2025\/11\/Brown-Bear-Keychain-300x300.webp 300w, https:\/\/www.yousanusb.com\/wp-content\/uploads\/2025\/11\/Brown-Bear-Keychain-150x150.webp 150w, https:\/\/www.yousanusb.com\/wp-content\/uploads\/2025\/11\/Brown-Bear-Keychain-768x768.webp 768w, https:\/\/www.yousanusb.com\/wp-content\/uploads\/2025\/11\/Brown-Bear-Keychain-12x12.webp 12w, https:\/\/www.yousanusb.com\/wp-content\/uploads\/2025\/11\/Brown-Bear-Keychain-600x600.webp 600w, https:\/\/www.yousanusb.com\/wp-content\/uploads\/2025\/11\/Brown-Bear-Keychain-100x100.webp 100w\" sizes=\"(max-width: 800px) 100vw, 800px\" \/><\/figure>\n<\/div>\n\n\n\n<div class=\"wp-block-column is-vertically-aligned-center is-layout-flow wp-block-column-is-layout-flow\">\n<p>Il s'agit d'une nouvelle s\u00e9rie de porte-cl\u00e9s en forme d'ours brun. Le design principal : un ours brun avec des v\u00eatements diff\u00e9rents\uff0cil y a 5 styles diff\u00e9rents disponibles : l'ours avec des v\u00eatements bleus, l'ours avec des v\u00eatements rouges, l'ours avec des v\u00eatements noirs, l'ours avec des v\u00eatements bleus fonc\u00e9s, l'ours avec des v\u00eatements violets.<\/p>\n\n\n\n<p>Le porte-cl\u00e9s Ours brun est centr\u00e9 sur l'image d'un ours de bande dessin\u00e9e. Un adorable ours brun \u00e0 lunettes est orn\u00e9 d'\u00e9l\u00e9ments d\u00e9coratifs amusants. Il porte un t-shirt aux couleurs vives sur lequel est imprim\u00e9 le message \"Can you hug me ?\" Une lani\u00e8re vibrante attach\u00e9e \u00e0 l'ours porte l'inscription \"HELLO\" ou \"Guess who I am ? Cette lani\u00e8re constitue un porte-cl\u00e9s pratique tout en renfor\u00e7ant l'attrait d\u00e9coratif de l'ours.<\/p>\n\n\n\n<p>Fabriqu\u00e9s en caoutchouc souple et durable, ils sont confortables et ne s'ab\u00eement pas facilement.<\/p>\n<\/div>\n<\/div>\n\n\n\n<p>Ce porte-cl\u00e9s est compos\u00e9 d'un anneau m\u00e9tallique, d'un fermoir \u00e0 mousqueton, d'une poup\u00e9e en forme d'ours et d'une dragonne. Le bracelet et la poup\u00e9e peuvent \u00eatre personnalis\u00e9s. La zone vierge au dos peut \u00eatre personnalis\u00e9e avec des motifs LOGO, etc.<\/p>\n\n\n\n<div class=\"wp-block-columns is-layout-flex wp-container-core-columns-is-layout-2 wp-block-columns-is-layout-flex\">\n<div class=\"wp-block-column is-layout-flow wp-block-column-is-layout-flow\"><div class=\"wp-block-image\">\n<figure class=\"aligncenter size-full\"><img decoding=\"async\" width=\"800\" height=\"800\" src=\"https:\/\/www.yousanusb.com\/wp-content\/uploads\/2025\/11\/personalized-keychains_.webp\" alt=\"\" class=\"wp-image-23335\" srcset=\"https:\/\/www.yousanusb.com\/wp-content\/uploads\/2025\/11\/personalized-keychains_.webp 800w, https:\/\/www.yousanusb.com\/wp-content\/uploads\/2025\/11\/personalized-keychains_-300x300.webp 300w, https:\/\/www.yousanusb.com\/wp-content\/uploads\/2025\/11\/personalized-keychains_-150x150.webp 150w, https:\/\/www.yousanusb.com\/wp-content\/uploads\/2025\/11\/personalized-keychains_-768x768.webp 768w, https:\/\/www.yousanusb.com\/wp-content\/uploads\/2025\/11\/personalized-keychains_-12x12.webp 12w, https:\/\/www.yousanusb.com\/wp-content\/uploads\/2025\/11\/personalized-keychains_-600x600.webp 600w, https:\/\/www.yousanusb.com\/wp-content\/uploads\/2025\/11\/personalized-keychains_-100x100.webp 100w\" sizes=\"(max-width: 800px) 100vw, 800px\" \/><figcaption class=\"wp-element-caption\">Ours en v\u00eatements bleu fonc\u00e9<\/figcaption><\/figure><\/div><\/div>\n\n\n\n<div class=\"wp-block-column is-layout-flow wp-block-column-is-layout-flow\"><div class=\"wp-block-image\">\n<figure class=\"aligncenter size-full\"><img decoding=\"async\" width=\"800\" height=\"800\" src=\"https:\/\/www.yousanusb.com\/wp-content\/uploads\/2025\/11\/little-brown-bear-keychain.webp\" alt=\"\" class=\"wp-image-23334\" srcset=\"https:\/\/www.yousanusb.com\/wp-content\/uploads\/2025\/11\/little-brown-bear-keychain.webp 800w, https:\/\/www.yousanusb.com\/wp-content\/uploads\/2025\/11\/little-brown-bear-keychain-300x300.webp 300w, https:\/\/www.yousanusb.com\/wp-content\/uploads\/2025\/11\/little-brown-bear-keychain-150x150.webp 150w, https:\/\/www.yousanusb.com\/wp-content\/uploads\/2025\/11\/little-brown-bear-keychain-768x768.webp 768w, https:\/\/www.yousanusb.com\/wp-content\/uploads\/2025\/11\/little-brown-bear-keychain-12x12.webp 12w, https:\/\/www.yousanusb.com\/wp-content\/uploads\/2025\/11\/little-brown-bear-keychain-600x600.webp 600w, https:\/\/www.yousanusb.com\/wp-content\/uploads\/2025\/11\/little-brown-bear-keychain-100x100.webp 100w\" sizes=\"(max-width: 800px) 100vw, 800px\" \/><figcaption class=\"wp-element-caption\">Ours en habits rouges<\/figcaption><\/figure><\/div><\/div>\n\n\n\n<div class=\"wp-block-column is-layout-flow wp-block-column-is-layout-flow\"><div class=\"wp-block-image\">\n<figure class=\"aligncenter size-full\"><img loading=\"lazy\" decoding=\"async\" width=\"800\" height=\"800\" src=\"https:\/\/www.yousanusb.com\/wp-content\/uploads\/2025\/11\/keychain-with-brown-bear.webp\" alt=\"\" class=\"wp-image-23333\" srcset=\"https:\/\/www.yousanusb.com\/wp-content\/uploads\/2025\/11\/keychain-with-brown-bear.webp 800w, https:\/\/www.yousanusb.com\/wp-content\/uploads\/2025\/11\/keychain-with-brown-bear-300x300.webp 300w, https:\/\/www.yousanusb.com\/wp-content\/uploads\/2025\/11\/keychain-with-brown-bear-150x150.webp 150w, https:\/\/www.yousanusb.com\/wp-content\/uploads\/2025\/11\/keychain-with-brown-bear-768x768.webp 768w, https:\/\/www.yousanusb.com\/wp-content\/uploads\/2025\/11\/keychain-with-brown-bear-12x12.webp 12w, https:\/\/www.yousanusb.com\/wp-content\/uploads\/2025\/11\/keychain-with-brown-bear-600x600.webp 600w, https:\/\/www.yousanusb.com\/wp-content\/uploads\/2025\/11\/keychain-with-brown-bear-100x100.webp 100w\" sizes=\"(max-width: 800px) 100vw, 800px\" \/><figcaption class=\"wp-element-caption\">Ours en v\u00eatements violets<\/figcaption><\/figure><\/div><\/div>\n<\/div>\n\n\n\n<div class=\"wp-block-columns is-layout-flex wp-container-core-columns-is-layout-3 wp-block-columns-is-layout-flex\">\n<div class=\"wp-block-column is-layout-flow wp-block-column-is-layout-flow\"><div class=\"wp-block-image\">\n<figure class=\"aligncenter size-full\"><img loading=\"lazy\" decoding=\"async\" width=\"800\" height=\"800\" src=\"https:\/\/www.yousanusb.com\/wp-content\/uploads\/2025\/11\/Cartoon-Lovers-Bear-Keychain.webp\" alt=\"\" class=\"wp-image-23330\" srcset=\"https:\/\/www.yousanusb.com\/wp-content\/uploads\/2025\/11\/Cartoon-Lovers-Bear-Keychain.webp 800w, https:\/\/www.yousanusb.com\/wp-content\/uploads\/2025\/11\/Cartoon-Lovers-Bear-Keychain-300x300.webp 300w, https:\/\/www.yousanusb.com\/wp-content\/uploads\/2025\/11\/Cartoon-Lovers-Bear-Keychain-150x150.webp 150w, https:\/\/www.yousanusb.com\/wp-content\/uploads\/2025\/11\/Cartoon-Lovers-Bear-Keychain-768x768.webp 768w, https:\/\/www.yousanusb.com\/wp-content\/uploads\/2025\/11\/Cartoon-Lovers-Bear-Keychain-12x12.webp 12w, https:\/\/www.yousanusb.com\/wp-content\/uploads\/2025\/11\/Cartoon-Lovers-Bear-Keychain-600x600.webp 600w, https:\/\/www.yousanusb.com\/wp-content\/uploads\/2025\/11\/Cartoon-Lovers-Bear-Keychain-100x100.webp 100w\" sizes=\"(max-width: 800px) 100vw, 800px\" \/><figcaption class=\"wp-element-caption\">Ours en v\u00eatements noirs<\/figcaption><\/figure><\/div><\/div>\n\n\n\n<div class=\"wp-block-column is-layout-flow wp-block-column-is-layout-flow\"><div class=\"wp-block-image\">\n<figure class=\"aligncenter size-full\"><img loading=\"lazy\" decoding=\"async\" width=\"800\" height=\"800\" src=\"https:\/\/www.yousanusb.com\/wp-content\/uploads\/2025\/11\/Cartoon-Brown-Bear-Keychain.webp\" alt=\"\" class=\"wp-image-23329\" srcset=\"https:\/\/www.yousanusb.com\/wp-content\/uploads\/2025\/11\/Cartoon-Brown-Bear-Keychain.webp 800w, https:\/\/www.yousanusb.com\/wp-content\/uploads\/2025\/11\/Cartoon-Brown-Bear-Keychain-300x300.webp 300w, https:\/\/www.yousanusb.com\/wp-content\/uploads\/2025\/11\/Cartoon-Brown-Bear-Keychain-150x150.webp 150w, https:\/\/www.yousanusb.com\/wp-content\/uploads\/2025\/11\/Cartoon-Brown-Bear-Keychain-768x768.webp 768w, https:\/\/www.yousanusb.com\/wp-content\/uploads\/2025\/11\/Cartoon-Brown-Bear-Keychain-12x12.webp 12w, https:\/\/www.yousanusb.com\/wp-content\/uploads\/2025\/11\/Cartoon-Brown-Bear-Keychain-600x600.webp 600w, https:\/\/www.yousanusb.com\/wp-content\/uploads\/2025\/11\/Cartoon-Brown-Bear-Keychain-100x100.webp 100w\" sizes=\"(max-width: 800px) 100vw, 800px\" \/><figcaption class=\"wp-element-caption\">Ours en v\u00eatements bleus<\/figcaption><\/figure><\/div><\/div>\n\n\n\n<div class=\"wp-block-column is-layout-flow wp-block-column-is-layout-flow\"><div class=\"wp-block-image\">\n<figure class=\"aligncenter size-full\"><img loading=\"lazy\" decoding=\"async\" width=\"800\" height=\"800\" src=\"https:\/\/www.yousanusb.com\/wp-content\/uploads\/2025\/11\/customized-Brown-Bear-keychains.webp\" alt=\"\" class=\"wp-image-23331\" srcset=\"https:\/\/www.yousanusb.com\/wp-content\/uploads\/2025\/11\/customized-Brown-Bear-keychains.webp 800w, https:\/\/www.yousanusb.com\/wp-content\/uploads\/2025\/11\/customized-Brown-Bear-keychains-300x300.webp 300w, https:\/\/www.yousanusb.com\/wp-content\/uploads\/2025\/11\/customized-Brown-Bear-keychains-150x150.webp 150w, https:\/\/www.yousanusb.com\/wp-content\/uploads\/2025\/11\/customized-Brown-Bear-keychains-768x768.webp 768w, https:\/\/www.yousanusb.com\/wp-content\/uploads\/2025\/11\/customized-Brown-Bear-keychains-12x12.webp 12w, https:\/\/www.yousanusb.com\/wp-content\/uploads\/2025\/11\/customized-Brown-Bear-keychains-600x600.webp 600w, https:\/\/www.yousanusb.com\/wp-content\/uploads\/2025\/11\/customized-Brown-Bear-keychains-100x100.webp 100w\" sizes=\"(max-width: 800px) 100vw, 800px\" \/><figcaption class=\"wp-element-caption\">Porte-cl\u00e9s en forme d'ours<\/figcaption><\/figure><\/div><\/div>\n<\/div>\n\n\n\n<p>Ce porte-cl\u00e9s en forme d'ours brun est un cadeau charmant et attentionn\u00e9 pour la famille et les amis - id\u00e9al pour la Saint-Valentin, les anniversaires et les occasions festives.<strong>Youshan<\/strong>\u00a0L'entreprise a plus de 14 ans d'exp\u00e9rience dans la fabrication de porte-cl\u00e9s sp\u00e9cialis\u00e9s, assurant un contr\u00f4le de qualit\u00e9 strict et offrant des produits de haute qualit\u00e9 \u00e0 des prix comp\u00e9titifs.Pour les commandes personnalis\u00e9es, contactez notre \u00e9quipe de service \u00e0 la client\u00e8le \u00e0 tout moment !<\/p>","protected":false},"excerpt":{"rendered":"<ul>\n<li>Bleu, rouge, noir, bleu fonc\u00e9, violet<\/li>\n<li>PVC souple<\/li>\n<li>Le bracelet peut \u00eatre personnalis\u00e9 avec un logo<\/li>\n<li>Plusieurs couleurs au choix<\/li>\n<li>MOQ:200pcs<\/li>\n<\/ul>","protected":false},"featured_media":23328,"comment_status":"open","ping_status":"closed","template":"","meta":{"_seopress_robots_primary_cat":"","_seopress_titles_title":"","_seopress_titles_desc":"","_seopress_robots_index":""},"class_list":["post-23325","product","type-product","status-publish","has-post-thumbnail","hentry","product_cat-3d-rubber-key-chain"],"_links":{"self":[{"href":"https:\/\/www.yousanusb.com\/fr\/wp-json\/wp\/v2\/product\/23325"}],"collection":[{"href":"https:\/\/www.yousanusb.com\/fr\/wp-json\/wp\/v2\/product"}],"about":[{"href":"https:\/\/www.yousanusb.com\/fr\/wp-json\/wp\/v2\/types\/product"}],"replies":[{"embeddable":true,"href":"https:\/\/www.yousanusb.com\/fr\/wp-json\/wp\/v2\/comments?post=23325"}],"wp:featuredmedia":[{"embeddable":true,"href":"https:\/\/www.yousanusb.com\/fr\/wp-json\/wp\/v2\/media\/23328"}],"wp:attachment":[{"href":"https:\/\/www.yousanusb.com\/fr\/wp-json\/wp\/v2\/media?parent=23325"}],"curies":[{"name":"wp","href":"https:\/\/api.w.org\/{rel}","templated":true}]}}