{"id":23375,"date":"2025-11-03T13:25:07","date_gmt":"2025-11-03T13:25:07","guid":{"rendered":"https:\/\/www.yousanusb.com\/?post_type=product&#038;p=23375"},"modified":"2025-11-04T03:21:20","modified_gmt":"2025-11-04T03:21:20","slug":"aluminum-alloy-bottle-cap-usb-drive","status":"publish","type":"product","link":"https:\/\/www.yousanusb.com\/fr\/produit\/aluminum-alloy-bottle-cap-usb-drive\/","title":{"rendered":"Mini cl\u00e9 USB en alliage d'aluminium avec bouchon de bouteille"},"content":{"rendered":"<div class=\"wp-block-columns is-layout-flex wp-container-core-columns-is-layout-1 wp-block-columns-is-layout-flex\">\n<div class=\"wp-block-column is-layout-flow wp-block-column-is-layout-flow\">\n<figure class=\"wp-block-image size-full\"><img fetchpriority=\"high\" decoding=\"async\" width=\"800\" height=\"800\" src=\"https:\/\/www.yousanusb.com\/wp-content\/uploads\/2025\/11\/Beer-Cap-Shaped-USB.webp\" alt=\"\" class=\"wp-image-23378\" srcset=\"https:\/\/www.yousanusb.com\/wp-content\/uploads\/2025\/11\/Beer-Cap-Shaped-USB.webp 800w, https:\/\/www.yousanusb.com\/wp-content\/uploads\/2025\/11\/Beer-Cap-Shaped-USB-300x300.webp 300w, https:\/\/www.yousanusb.com\/wp-content\/uploads\/2025\/11\/Beer-Cap-Shaped-USB-150x150.webp 150w, https:\/\/www.yousanusb.com\/wp-content\/uploads\/2025\/11\/Beer-Cap-Shaped-USB-768x768.webp 768w, https:\/\/www.yousanusb.com\/wp-content\/uploads\/2025\/11\/Beer-Cap-Shaped-USB-12x12.webp 12w, https:\/\/www.yousanusb.com\/wp-content\/uploads\/2025\/11\/Beer-Cap-Shaped-USB-600x600.webp 600w, https:\/\/www.yousanusb.com\/wp-content\/uploads\/2025\/11\/Beer-Cap-Shaped-USB-100x100.webp 100w\" sizes=\"(max-width: 800px) 100vw, 800px\" \/><\/figure>\n<\/div>\n\n\n\n<div class=\"wp-block-column is-vertically-aligned-center is-layout-flow wp-block-column-is-layout-flow\">\n<p>La cl\u00e9 USB en alliage d'aluminium Bottle Cap int\u00e8gre ing\u00e9nieusement des \u00e9l\u00e9ments de bouchons de bouteille de tous les jours dans des produits num\u00e9riques. Fabriqu\u00e9e en alliage d'aluminium, elle reproduit \u00e0 l'\u00e9chelle 1:1 la forme et la texture antid\u00e9rapante dentel\u00e9e des capsules de bouteilles courantes. Disponible en plusieurs couleurs anodis\u00e9es - gris argent\u00e9, or rose, blanc neige, noir mat et or champagne (jaune clair) - la cl\u00e9 USB pr\u00e9sente des teintes riches et \u00e9clatantes ainsi qu'une texture de qualit\u00e9 sup\u00e9rieure, r\u00e9pondant ainsi \u00e0 diverses pr\u00e9f\u00e9rences en mati\u00e8re de style.<\/p>\n<\/div>\n<\/div>\n\n\n\n<div class=\"wp-block-columns is-layout-flex wp-container-core-columns-is-layout-2 wp-block-columns-is-layout-flex\">\n<div class=\"wp-block-column is-vertically-aligned-center is-layout-flow wp-block-column-is-layout-flow\">\n<p>Les cl\u00e9s USB personnalis\u00e9es constituent le service de base de notre entreprise. Que ce soit pour des marques de bi\u00e8re renomm\u00e9es comme Budweiser, Heineken, Carlsberg ou d'autres marques, nous proposons la gravure au laser de logos de marques et d'\u00e9l\u00e9ments d'identit\u00e9 visuelle sur des surfaces m\u00e9talliques.<\/p>\n\n\n\n<p><br>En tant que produit phare parmi les fabricants professionnels de cl\u00e9s USB personnalis\u00e9es, ce mod\u00e8le permet une personnalisation pouss\u00e9e de la marque :<\/p>\n\n\n\n<ul class=\"wp-block-list\">\n<li>Personnalisation du logo\/de l'identit\u00e9 visuelle : La face avant du bouchon de la bouteille peut \u00eatre grav\u00e9e au laser avec le logo de l'entreprise, du texte ou des motifs.<\/li>\n\n\n\n<li>Sc\u00e9narios d'application : Promotion de la marque de bi\u00e8re (par exemple, cl\u00e9s USB personnalis\u00e9es pour les \u00e9v\u00e9nements Budweiser), cadeaux d'entreprise (cadeaux pour la conf\u00e9rence du distributeur de bi\u00e8re Qingdao), articles promotionnels (\u00e9change de points de fid\u00e9lit\u00e9 dans les cha\u00eenes de restaurants).<\/li>\n\n\n\n<li>Compatibilit\u00e9 avec l'industrie : Les marques d'alcool, les groupes de restauration et les organisateurs d'\u00e9v\u00e9nements peuvent collaborer pour d\u00e9velopper des versions exclusives.<\/li>\n<\/ul>\n<\/div>\n\n\n\n<div class=\"wp-block-column is-layout-flow wp-block-column-is-layout-flow\">\n<figure class=\"wp-block-image size-full\"><img decoding=\"async\" width=\"800\" height=\"800\" src=\"https:\/\/www.yousanusb.com\/wp-content\/uploads\/2025\/11\/custom-Metal-Cap-USB-flash-drive.webp\" alt=\"\" class=\"wp-image-23381\" srcset=\"https:\/\/www.yousanusb.com\/wp-content\/uploads\/2025\/11\/custom-Metal-Cap-USB-flash-drive.webp 800w, https:\/\/www.yousanusb.com\/wp-content\/uploads\/2025\/11\/custom-Metal-Cap-USB-flash-drive-300x300.webp 300w, https:\/\/www.yousanusb.com\/wp-content\/uploads\/2025\/11\/custom-Metal-Cap-USB-flash-drive-150x150.webp 150w, https:\/\/www.yousanusb.com\/wp-content\/uploads\/2025\/11\/custom-Metal-Cap-USB-flash-drive-768x768.webp 768w, https:\/\/www.yousanusb.com\/wp-content\/uploads\/2025\/11\/custom-Metal-Cap-USB-flash-drive-12x12.webp 12w, https:\/\/www.yousanusb.com\/wp-content\/uploads\/2025\/11\/custom-Metal-Cap-USB-flash-drive-600x600.webp 600w, https:\/\/www.yousanusb.com\/wp-content\/uploads\/2025\/11\/custom-Metal-Cap-USB-flash-drive-100x100.webp 100w\" sizes=\"(max-width: 800px) 100vw, 800px\" \/><\/figure>\n<\/div>\n<\/div>\n\n\n\n<div class=\"wp-block-columns is-layout-flex wp-container-core-columns-is-layout-3 wp-block-columns-is-layout-flex\">\n<div class=\"wp-block-column is-layout-flow wp-block-column-is-layout-flow\">\n<figure class=\"wp-block-image size-full\"><img decoding=\"async\" width=\"800\" height=\"800\" src=\"https:\/\/www.yousanusb.com\/wp-content\/uploads\/2025\/11\/Bottle-Cap-USB-flash-Drive.webp\" alt=\"\" class=\"wp-image-23379\" srcset=\"https:\/\/www.yousanusb.com\/wp-content\/uploads\/2025\/11\/Bottle-Cap-USB-flash-Drive.webp 800w, https:\/\/www.yousanusb.com\/wp-content\/uploads\/2025\/11\/Bottle-Cap-USB-flash-Drive-300x300.webp 300w, https:\/\/www.yousanusb.com\/wp-content\/uploads\/2025\/11\/Bottle-Cap-USB-flash-Drive-150x150.webp 150w, https:\/\/www.yousanusb.com\/wp-content\/uploads\/2025\/11\/Bottle-Cap-USB-flash-Drive-768x768.webp 768w, https:\/\/www.yousanusb.com\/wp-content\/uploads\/2025\/11\/Bottle-Cap-USB-flash-Drive-12x12.webp 12w, https:\/\/www.yousanusb.com\/wp-content\/uploads\/2025\/11\/Bottle-Cap-USB-flash-Drive-600x600.webp 600w, https:\/\/www.yousanusb.com\/wp-content\/uploads\/2025\/11\/Bottle-Cap-USB-flash-Drive-100x100.webp 100w\" sizes=\"(max-width: 800px) 100vw, 800px\" \/><\/figure>\n<\/div>\n\n\n\n<div class=\"wp-block-column is-vertically-aligned-center is-layout-flow wp-block-column-is-layout-flow\">\n<p><\/p>\n\n\n\n<ul class=\"wp-block-list\">\n<li>Conception int\u00e9gr\u00e9e du trou de serrure : Comprend un trou de serrure en m\u00e9tal durable, de couleur assortie, sur le bord sup\u00e9rieur du capuchon.<\/li>\n\n\n\n<li>Mat\u00e9riel en m\u00e9tal de premi\u00e8re qualit\u00e9 : comprend une lani\u00e8re en m\u00e9tal et un porte-cl\u00e9s robuste pour une ouverture et une fermeture en douceur.<\/li>\n\n\n\n<li>Ultra-portable :<br> Porte-cl\u00e9s : Devenu un indispensable de tous les jours, il minimise les pertes et les oublis.<br> Accessoire \u00e0 fermeture \u00e9clair pour sac \u00e0 dos\/ordinateur portable : Permet un acc\u00e8s ultra pratique aux donn\u00e9es.<br> Attache pour porte-monnaie \/ boucle de ceinture : Combine style et fonctionnalit\u00e9.<\/li>\n\n\n\n<li>Conception amovible : Les \u00e9l\u00e9ments du porte-cl\u00e9s se d\u00e9tachent facilement, ce qui permet \u00e0 la cl\u00e9 USB de reprendre sa forme initiale.<\/li>\n<\/ul>\n<\/div>\n<\/div>","protected":false},"excerpt":{"rendered":"<ul>\n<li>Alliage d'aluminium<\/li>\n<li>Bouchon de bouteille en m\u00e9tal<\/li>\n<li>mini Cap pen drive portable<\/li>\n<li>Cl\u00e9 USB Mini Cap<\/li>\n<li>MOQ:100PCS<\/li>\n<\/ul>","protected":false},"featured_media":23379,"comment_status":"open","ping_status":"closed","template":"","meta":{"_seopress_robots_primary_cat":"","_seopress_titles_title":"","_seopress_titles_desc":"","_seopress_robots_index":""},"class_list":["post-23375","product","type-product","status-publish","has-post-thumbnail","hentry","product_cat-push-pull-usb-flash-drive"],"_links":{"self":[{"href":"https:\/\/www.yousanusb.com\/fr\/wp-json\/wp\/v2\/product\/23375"}],"collection":[{"href":"https:\/\/www.yousanusb.com\/fr\/wp-json\/wp\/v2\/product"}],"about":[{"href":"https:\/\/www.yousanusb.com\/fr\/wp-json\/wp\/v2\/types\/product"}],"replies":[{"embeddable":true,"href":"https:\/\/www.yousanusb.com\/fr\/wp-json\/wp\/v2\/comments?post=23375"}],"wp:featuredmedia":[{"embeddable":true,"href":"https:\/\/www.yousanusb.com\/fr\/wp-json\/wp\/v2\/media\/23379"}],"wp:attachment":[{"href":"https:\/\/www.yousanusb.com\/fr\/wp-json\/wp\/v2\/media?parent=23375"}],"curies":[{"name":"wp","href":"https:\/\/api.w.org\/{rel}","templated":true}]}}