{"id":23415,"date":"2025-11-04T07:35:43","date_gmt":"2025-11-04T07:35:43","guid":{"rendered":"https:\/\/www.yousanusb.com\/?post_type=product&#038;p=23415"},"modified":"2025-12-27T03:14:00","modified_gmt":"2025-12-27T03:14:00","slug":"the-most-popular-twist-usb-flash-drive-for-android-phone","status":"publish","type":"product","link":"https:\/\/www.yousanusb.com\/fr\/produit\/the-most-popular-twist-usb-flash-drive-for-android-phone\/","title":{"rendered":"La cl\u00e9 USB torsad\u00e9e la plus populaire pour les t\u00e9l\u00e9phones Android"},"content":{"rendered":"<div class=\"wp-block-columns is-layout-flex wp-container-core-columns-is-layout-1 wp-block-columns-is-layout-flex\">\n<div class=\"wp-block-column is-layout-flow wp-block-column-is-layout-flow\">\n<figure class=\"wp-block-image size-full\"><img fetchpriority=\"high\" decoding=\"async\" width=\"800\" height=\"800\" src=\"https:\/\/www.yousanusb.com\/wp-content\/uploads\/2025\/11\/usb-flash-drive-for-android-phone.webp\" alt=\"\" class=\"wp-image-23424\" srcset=\"https:\/\/www.yousanusb.com\/wp-content\/uploads\/2025\/11\/usb-flash-drive-for-android-phone.webp 800w, https:\/\/www.yousanusb.com\/wp-content\/uploads\/2025\/11\/usb-flash-drive-for-android-phone-300x300.webp 300w, https:\/\/www.yousanusb.com\/wp-content\/uploads\/2025\/11\/usb-flash-drive-for-android-phone-150x150.webp 150w, https:\/\/www.yousanusb.com\/wp-content\/uploads\/2025\/11\/usb-flash-drive-for-android-phone-768x768.webp 768w, https:\/\/www.yousanusb.com\/wp-content\/uploads\/2025\/11\/usb-flash-drive-for-android-phone-12x12.webp 12w, https:\/\/www.yousanusb.com\/wp-content\/uploads\/2025\/11\/usb-flash-drive-for-android-phone-600x600.webp 600w, https:\/\/www.yousanusb.com\/wp-content\/uploads\/2025\/11\/usb-flash-drive-for-android-phone-100x100.webp 100w\" sizes=\"(max-width: 800px) 100vw, 800px\" \/><\/figure>\n<\/div>\n\n\n\n<div class=\"wp-block-column is-vertically-aligned-center is-layout-flow wp-block-column-is-layout-flow\">\n<p>Cette cl\u00e9 USB rotative 2-en-1, qui est l'un des mod\u00e8les les plus vendus dans la cat\u00e9gorie des cl\u00e9s USB OTG, offre une mise \u00e0 jour unique du design traditionnel gr\u00e2ce \u00e0 des am\u00e9liorations au niveau des fonctionnalit\u00e9s. <\/p>\n\n\n\n<p>Il est fabriqu\u00e9 en plastique l\u00e9ger et durable, avec un m\u00e9canisme rotatif qui permet \u00e0 l'utilisateur de passer facilement de l'interface USB-A \u00e0 l'interface Micro USB pour transf\u00e9rer des donn\u00e9es entre les smartphones et les ordinateurs. Il est disponible en cinq couleurs : rouge, vert, noir, jaune, violet et bleu. En outre, il est possible de le personnaliser pour les fabricants d'\u00e9quipement d'origine et de le vendre en gros. <\/p>\n<\/div>\n<\/div>\n\n\n\n<p>Il s'agit de la solution id\u00e9ale pour le stockage de donn\u00e9es personnelles sur plusieurs appareils et pour l'achat de cl\u00e9s USB OTG par les entreprises.<\/p>\n\n\n\n<p>Le clip m\u00e9tallique est fabriqu\u00e9 \u00e0 partir d'alliages de zinc et a \u00e9t\u00e9 test\u00e9 pour r\u00e9sister \u00e0 5 000 cycles d'ouverture et de fermeture sans d\u00e9formation et pour maintenir les objets en place en toute s\u00e9curit\u00e9. <\/p>\n\n\n\n<p>Le corps en plastique est en ABS (acrylonitrile-butadi\u00e8ne-styr\u00e8ne) et il a \u00e9t\u00e9 test\u00e9 et prouv\u00e9 qu'il ne se cassait pas apr\u00e8s une chute d'une distance de 1,5 m. L'ABS haute r\u00e9sistance est \u00e9galement tr\u00e8s r\u00e9sistant aux chutes et \u00e0 l'usure. <\/p>\n\n\n\n<p>Le clip pivote sur 360\u00b0 pour un amortissement mod\u00e9r\u00e9 optimal et pour fournir un support solide pendant l'utilisation et pour ajuster l'angle d'utilisation lors du transport.<\/p>\n\n\n\n<h2 class=\"wp-block-heading\">Compatibilit\u00e9 avec diff\u00e9rentes interfaces - connexion directe (Android), connecteur\/adaptateur universel<\/h2>\n\n\n\n<p>Le connecteur Micro USB standard permet \u00e0 l'utilisateur d'utiliser le m\u00eame c\u00e2ble pour le transfert de donn\u00e9es directement (plug and play) \u00e0 partir de votre appareil Android. Pour les utilisateurs d'appareils Apple\/Lightning\/Type-C ci-dessous, vous aurez besoin d'un adaptateur achet\u00e9 s\u00e9par\u00e9ment (si votre appareil prend en charge la fonction OTG). Le fabricant fournit des indications sur la compatibilit\u00e9.<\/p>\n\n\n\n<p>REMARQUE : Veuillez vous assurer que votre adaptateur r\u00e9pond aux exigences de la fonction OTG (On The Go) de votre appareil. Cette fonction est activ\u00e9e par d\u00e9faut sur la plupart des appareils grand public.<\/p>\n\n\n\n<div class=\"wp-block-columns is-layout-flex wp-container-core-columns-is-layout-2 wp-block-columns-is-layout-flex\">\n<div class=\"wp-block-column is-layout-flow wp-block-column-is-layout-flow\">\n<figure class=\"wp-block-image size-full\"><img decoding=\"async\" width=\"800\" height=\"800\" src=\"https:\/\/www.yousanusb.com\/wp-content\/uploads\/2025\/11\/usb3.0-usb-flash-drive-for-android-phone.webp\" alt=\"\" class=\"wp-image-23425\" srcset=\"https:\/\/www.yousanusb.com\/wp-content\/uploads\/2025\/11\/usb3.0-usb-flash-drive-for-android-phone.webp 800w, https:\/\/www.yousanusb.com\/wp-content\/uploads\/2025\/11\/usb3.0-usb-flash-drive-for-android-phone-300x300.webp 300w, https:\/\/www.yousanusb.com\/wp-content\/uploads\/2025\/11\/usb3.0-usb-flash-drive-for-android-phone-150x150.webp 150w, https:\/\/www.yousanusb.com\/wp-content\/uploads\/2025\/11\/usb3.0-usb-flash-drive-for-android-phone-768x768.webp 768w, https:\/\/www.yousanusb.com\/wp-content\/uploads\/2025\/11\/usb3.0-usb-flash-drive-for-android-phone-12x12.webp 12w, https:\/\/www.yousanusb.com\/wp-content\/uploads\/2025\/11\/usb3.0-usb-flash-drive-for-android-phone-600x600.webp 600w, https:\/\/www.yousanusb.com\/wp-content\/uploads\/2025\/11\/usb3.0-usb-flash-drive-for-android-phone-100x100.webp 100w\" sizes=\"(max-width: 800px) 100vw, 800px\" \/><\/figure>\n<\/div>\n\n\n\n<div class=\"wp-block-column is-layout-flow wp-block-column-is-layout-flow\">\n<figure class=\"wp-block-image size-full\"><img decoding=\"async\" width=\"800\" height=\"800\" src=\"https:\/\/www.yousanusb.com\/wp-content\/uploads\/2025\/11\/custom-usb-flash-drive-for-android-phone.webp\" alt=\"\" class=\"wp-image-23420\" srcset=\"https:\/\/www.yousanusb.com\/wp-content\/uploads\/2025\/11\/custom-usb-flash-drive-for-android-phone.webp 800w, https:\/\/www.yousanusb.com\/wp-content\/uploads\/2025\/11\/custom-usb-flash-drive-for-android-phone-300x300.webp 300w, https:\/\/www.yousanusb.com\/wp-content\/uploads\/2025\/11\/custom-usb-flash-drive-for-android-phone-150x150.webp 150w, https:\/\/www.yousanusb.com\/wp-content\/uploads\/2025\/11\/custom-usb-flash-drive-for-android-phone-768x768.webp 768w, https:\/\/www.yousanusb.com\/wp-content\/uploads\/2025\/11\/custom-usb-flash-drive-for-android-phone-12x12.webp 12w, https:\/\/www.yousanusb.com\/wp-content\/uploads\/2025\/11\/custom-usb-flash-drive-for-android-phone-600x600.webp 600w, https:\/\/www.yousanusb.com\/wp-content\/uploads\/2025\/11\/custom-usb-flash-drive-for-android-phone-100x100.webp 100w\" sizes=\"(max-width: 800px) 100vw, 800px\" \/><\/figure>\n<\/div>\n<\/div>\n\n\n\n<h2 class=\"wp-block-heading\">Options de couleur et personnalisation<\/h2>\n\n\n\n<p>Toutes les couleurs utilisent la technologie de pulv\u00e9risation UV pour une haute brillance et une r\u00e9sistance \u00e0 la d\u00e9coloration. Le clip rotatif \u00e0 360\u00b0 am\u00e9liore la portabilit\u00e9 et met en valeur les couleurs sous tous les angles, ce qui permet aux utilisateurs de choisir en fonction de leurs tenues ou de leurs sc\u00e9narios quotidiens.<\/p>\n\n\n\n<p>Pour les entreprises clientes ou les acheteurs en gros, le fabricant propose des services de personnalisation flexibles :<\/p>\n\n\n\n<ul class=\"wp-block-list\">\n<li><strong>Personnalisation des couleurs<\/strong>: Prise en charge de la personnalisation des cartes de couleurs Pantone avec une commande minimale de 1 000 pi\u00e8ces (code couleur ou \u00e9chantillon requis).<\/li>\n\n\n\n<li><strong>Impression de LOGO<\/strong>: S\u00e9rigraphie ou gravure au laser de logos de marque sur le corps ou le clip, avec une commande minimale de 100 pi\u00e8ces.<\/li>\n\n\n\n<li><strong>Personnalisation de l'emballage<\/strong>: Fournit des emballages neutres, des bo\u00eetes de couleur, des bo\u00eetes-cadeaux, etc.<\/li>\n<\/ul>\n\n\n\n<p>Le processus de personnalisation est efficace et des services d'\u00e9preuvage sont propos\u00e9s. La livraison en vrac est possible dans un d\u00e9lai de 7 \u00e0 15 jours ouvrables apr\u00e8s confirmation de l'\u00e9chantillon, ce qui permet de r\u00e9pondre rapidement aux besoins en mati\u00e8re de cadeaux d'entreprise ou de mod\u00e8les exclusifs pour le commerce \u00e9lectronique.<\/p>\n\n\n\n<div class=\"wp-block-columns is-layout-flex wp-container-core-columns-is-layout-3 wp-block-columns-is-layout-flex\">\n<div class=\"wp-block-column is-layout-flow wp-block-column-is-layout-flow\">\n<figure class=\"wp-block-image size-full\"><img loading=\"lazy\" decoding=\"async\" width=\"800\" height=\"800\" src=\"https:\/\/www.yousanusb.com\/wp-content\/uploads\/2025\/11\/yellow-flash-drive-for-android-phone.webp\" alt=\"\" class=\"wp-image-23427\" srcset=\"https:\/\/www.yousanusb.com\/wp-content\/uploads\/2025\/11\/yellow-flash-drive-for-android-phone.webp 800w, https:\/\/www.yousanusb.com\/wp-content\/uploads\/2025\/11\/yellow-flash-drive-for-android-phone-300x300.webp 300w, https:\/\/www.yousanusb.com\/wp-content\/uploads\/2025\/11\/yellow-flash-drive-for-android-phone-150x150.webp 150w, https:\/\/www.yousanusb.com\/wp-content\/uploads\/2025\/11\/yellow-flash-drive-for-android-phone-768x768.webp 768w, https:\/\/www.yousanusb.com\/wp-content\/uploads\/2025\/11\/yellow-flash-drive-for-android-phone-12x12.webp 12w, https:\/\/www.yousanusb.com\/wp-content\/uploads\/2025\/11\/yellow-flash-drive-for-android-phone-600x600.webp 600w, https:\/\/www.yousanusb.com\/wp-content\/uploads\/2025\/11\/yellow-flash-drive-for-android-phone-100x100.webp 100w\" sizes=\"(max-width: 800px) 100vw, 800px\" \/><\/figure>\n<\/div>\n\n\n\n<div class=\"wp-block-column is-layout-flow wp-block-column-is-layout-flow\">\n<figure class=\"wp-block-image size-full\"><img loading=\"lazy\" decoding=\"async\" width=\"800\" height=\"800\" src=\"https:\/\/www.yousanusb.com\/wp-content\/uploads\/2025\/11\/white-flash-drive-for-android-phone.webp\" alt=\"\" class=\"wp-image-23426\" srcset=\"https:\/\/www.yousanusb.com\/wp-content\/uploads\/2025\/11\/white-flash-drive-for-android-phone.webp 800w, https:\/\/www.yousanusb.com\/wp-content\/uploads\/2025\/11\/white-flash-drive-for-android-phone-300x300.webp 300w, https:\/\/www.yousanusb.com\/wp-content\/uploads\/2025\/11\/white-flash-drive-for-android-phone-150x150.webp 150w, https:\/\/www.yousanusb.com\/wp-content\/uploads\/2025\/11\/white-flash-drive-for-android-phone-768x768.webp 768w, https:\/\/www.yousanusb.com\/wp-content\/uploads\/2025\/11\/white-flash-drive-for-android-phone-12x12.webp 12w, https:\/\/www.yousanusb.com\/wp-content\/uploads\/2025\/11\/white-flash-drive-for-android-phone-600x600.webp 600w, https:\/\/www.yousanusb.com\/wp-content\/uploads\/2025\/11\/white-flash-drive-for-android-phone-100x100.webp 100w\" sizes=\"(max-width: 800px) 100vw, 800px\" \/><\/figure>\n<\/div>\n\n\n\n<div class=\"wp-block-column is-layout-flow wp-block-column-is-layout-flow\">\n<figure class=\"wp-block-image size-full\"><img loading=\"lazy\" decoding=\"async\" width=\"800\" height=\"800\" src=\"https:\/\/www.yousanusb.com\/wp-content\/uploads\/2025\/11\/red-usb-flash-drive-for-android-phone.webp\" alt=\"\" class=\"wp-image-23422\" srcset=\"https:\/\/www.yousanusb.com\/wp-content\/uploads\/2025\/11\/red-usb-flash-drive-for-android-phone.webp 800w, https:\/\/www.yousanusb.com\/wp-content\/uploads\/2025\/11\/red-usb-flash-drive-for-android-phone-300x300.webp 300w, https:\/\/www.yousanusb.com\/wp-content\/uploads\/2025\/11\/red-usb-flash-drive-for-android-phone-150x150.webp 150w, https:\/\/www.yousanusb.com\/wp-content\/uploads\/2025\/11\/red-usb-flash-drive-for-android-phone-768x768.webp 768w, https:\/\/www.yousanusb.com\/wp-content\/uploads\/2025\/11\/red-usb-flash-drive-for-android-phone-12x12.webp 12w, https:\/\/www.yousanusb.com\/wp-content\/uploads\/2025\/11\/red-usb-flash-drive-for-android-phone-600x600.webp 600w, https:\/\/www.yousanusb.com\/wp-content\/uploads\/2025\/11\/red-usb-flash-drive-for-android-phone-100x100.webp 100w\" sizes=\"(max-width: 800px) 100vw, 800px\" \/><\/figure>\n<\/div>\n<\/div>\n\n\n\n<div class=\"wp-block-columns is-layout-flex wp-container-core-columns-is-layout-4 wp-block-columns-is-layout-flex\">\n<div class=\"wp-block-column is-layout-flow wp-block-column-is-layout-flow\">\n<figure class=\"wp-block-image size-full\"><img loading=\"lazy\" decoding=\"async\" width=\"800\" height=\"800\" src=\"https:\/\/www.yousanusb.com\/wp-content\/uploads\/2025\/11\/green-USB-flash-drive-for-android-phone.webp\" alt=\"\" class=\"wp-image-23421\" srcset=\"https:\/\/www.yousanusb.com\/wp-content\/uploads\/2025\/11\/green-USB-flash-drive-for-android-phone.webp 800w, https:\/\/www.yousanusb.com\/wp-content\/uploads\/2025\/11\/green-USB-flash-drive-for-android-phone-300x300.webp 300w, https:\/\/www.yousanusb.com\/wp-content\/uploads\/2025\/11\/green-USB-flash-drive-for-android-phone-150x150.webp 150w, https:\/\/www.yousanusb.com\/wp-content\/uploads\/2025\/11\/green-USB-flash-drive-for-android-phone-768x768.webp 768w, https:\/\/www.yousanusb.com\/wp-content\/uploads\/2025\/11\/green-USB-flash-drive-for-android-phone-12x12.webp 12w, https:\/\/www.yousanusb.com\/wp-content\/uploads\/2025\/11\/green-USB-flash-drive-for-android-phone-600x600.webp 600w, https:\/\/www.yousanusb.com\/wp-content\/uploads\/2025\/11\/green-USB-flash-drive-for-android-phone-100x100.webp 100w\" sizes=\"(max-width: 800px) 100vw, 800px\" \/><\/figure>\n<\/div>\n\n\n\n<div class=\"wp-block-column is-layout-flow wp-block-column-is-layout-flow\">\n<figure class=\"wp-block-image size-full\"><img loading=\"lazy\" decoding=\"async\" width=\"800\" height=\"800\" src=\"https:\/\/www.yousanusb.com\/wp-content\/uploads\/2025\/11\/blue-twist-USB-flash-drive-for-android-phone.webp\" alt=\"\" class=\"wp-image-23419\" srcset=\"https:\/\/www.yousanusb.com\/wp-content\/uploads\/2025\/11\/blue-twist-USB-flash-drive-for-android-phone.webp 800w, https:\/\/www.yousanusb.com\/wp-content\/uploads\/2025\/11\/blue-twist-USB-flash-drive-for-android-phone-300x300.webp 300w, https:\/\/www.yousanusb.com\/wp-content\/uploads\/2025\/11\/blue-twist-USB-flash-drive-for-android-phone-150x150.webp 150w, https:\/\/www.yousanusb.com\/wp-content\/uploads\/2025\/11\/blue-twist-USB-flash-drive-for-android-phone-768x768.webp 768w, https:\/\/www.yousanusb.com\/wp-content\/uploads\/2025\/11\/blue-twist-USB-flash-drive-for-android-phone-12x12.webp 12w, https:\/\/www.yousanusb.com\/wp-content\/uploads\/2025\/11\/blue-twist-USB-flash-drive-for-android-phone-600x600.webp 600w, https:\/\/www.yousanusb.com\/wp-content\/uploads\/2025\/11\/blue-twist-USB-flash-drive-for-android-phone-100x100.webp 100w\" sizes=\"(max-width: 800px) 100vw, 800px\" \/><\/figure>\n<\/div>\n\n\n\n<div class=\"wp-block-column is-layout-flow wp-block-column-is-layout-flow\">\n<figure class=\"wp-block-image size-full\"><img loading=\"lazy\" decoding=\"async\" width=\"800\" height=\"800\" src=\"https:\/\/www.yousanusb.com\/wp-content\/uploads\/2025\/11\/black-twist-USB-flash-drive-for-android-phone.webp\" alt=\"\" class=\"wp-image-23418\" srcset=\"https:\/\/www.yousanusb.com\/wp-content\/uploads\/2025\/11\/black-twist-USB-flash-drive-for-android-phone.webp 800w, https:\/\/www.yousanusb.com\/wp-content\/uploads\/2025\/11\/black-twist-USB-flash-drive-for-android-phone-300x300.webp 300w, https:\/\/www.yousanusb.com\/wp-content\/uploads\/2025\/11\/black-twist-USB-flash-drive-for-android-phone-150x150.webp 150w, https:\/\/www.yousanusb.com\/wp-content\/uploads\/2025\/11\/black-twist-USB-flash-drive-for-android-phone-768x768.webp 768w, https:\/\/www.yousanusb.com\/wp-content\/uploads\/2025\/11\/black-twist-USB-flash-drive-for-android-phone-12x12.webp 12w, https:\/\/www.yousanusb.com\/wp-content\/uploads\/2025\/11\/black-twist-USB-flash-drive-for-android-phone-600x600.webp 600w, https:\/\/www.yousanusb.com\/wp-content\/uploads\/2025\/11\/black-twist-USB-flash-drive-for-android-phone-100x100.webp 100w\" sizes=\"(max-width: 800px) 100vw, 800px\" \/><\/figure>\n<\/div>\n<\/div>","protected":false},"excerpt":{"rendered":"<ul>\n<li>Plusieurs couleurs peuvent \u00eatre choisies<\/li>\n<li>Styles de Twsit<\/li>\n<li>Logo personnalis\u00e9<\/li>\n<li>Compatible avec Android<\/li>\n<li>MOQ:100pcs<\/li>\n<\/ul>","protected":false},"featured_media":23423,"comment_status":"open","ping_status":"closed","template":"","meta":{"_seopress_robots_primary_cat":"none","_seopress_titles_title":"","_seopress_titles_desc":"","_seopress_robots_index":""},"class_list":["post-23415","product","type-product","status-publish","has-post-thumbnail","hentry","product_cat-rotating-usb-flash-drive","product_cat-otg-usb-flash-drive"],"_links":{"self":[{"href":"https:\/\/www.yousanusb.com\/fr\/wp-json\/wp\/v2\/product\/23415"}],"collection":[{"href":"https:\/\/www.yousanusb.com\/fr\/wp-json\/wp\/v2\/product"}],"about":[{"href":"https:\/\/www.yousanusb.com\/fr\/wp-json\/wp\/v2\/types\/product"}],"replies":[{"embeddable":true,"href":"https:\/\/www.yousanusb.com\/fr\/wp-json\/wp\/v2\/comments?post=23415"}],"wp:featuredmedia":[{"embeddable":true,"href":"https:\/\/www.yousanusb.com\/fr\/wp-json\/wp\/v2\/media\/23423"}],"wp:attachment":[{"href":"https:\/\/www.yousanusb.com\/fr\/wp-json\/wp\/v2\/media?parent=23415"}],"curies":[{"name":"wp","href":"https:\/\/api.w.org\/{rel}","templated":true}]}}