{"id":23428,"date":"2025-11-04T08:13:18","date_gmt":"2025-11-04T08:13:18","guid":{"rendered":"https:\/\/www.yousanusb.com\/?post_type=product&#038;p=23428"},"modified":"2025-12-27T03:11:40","modified_gmt":"2025-12-27T03:11:40","slug":"long-strip-rotating-wooden-usb-flash-drive-with-keychain","status":"publish","type":"product","link":"https:\/\/www.yousanusb.com\/fr\/produit\/long-strip-rotating-wooden-usb-flash-drive-with-keychain\/","title":{"rendered":"Cl\u00e9 USB en bois rotative \u00e0 longue bande avec porte-cl\u00e9s"},"content":{"rendered":"<div class=\"wp-block-columns is-layout-flex wp-container-core-columns-is-layout-1 wp-block-columns-is-layout-flex\">\n<div class=\"wp-block-column is-layout-flow wp-block-column-is-layout-flow\">\n<figure class=\"wp-block-image size-full\"><img fetchpriority=\"high\" decoding=\"async\" width=\"720\" height=\"720\" src=\"https:\/\/www.yousanusb.com\/wp-content\/uploads\/2025\/11\/180\u00b0-Rotating-Wooden-USB-Flash-Drive.webp\" alt=\"\" class=\"wp-image-23431\" srcset=\"https:\/\/www.yousanusb.com\/wp-content\/uploads\/2025\/11\/180\u00b0-Rotating-Wooden-USB-Flash-Drive.webp 720w, https:\/\/www.yousanusb.com\/wp-content\/uploads\/2025\/11\/180\u00b0-Rotating-Wooden-USB-Flash-Drive-300x300.webp 300w, https:\/\/www.yousanusb.com\/wp-content\/uploads\/2025\/11\/180\u00b0-Rotating-Wooden-USB-Flash-Drive-150x150.webp 150w, https:\/\/www.yousanusb.com\/wp-content\/uploads\/2025\/11\/180\u00b0-Rotating-Wooden-USB-Flash-Drive-12x12.webp 12w, https:\/\/www.yousanusb.com\/wp-content\/uploads\/2025\/11\/180\u00b0-Rotating-Wooden-USB-Flash-Drive-600x600.webp 600w, https:\/\/www.yousanusb.com\/wp-content\/uploads\/2025\/11\/180\u00b0-Rotating-Wooden-USB-Flash-Drive-100x100.webp 100w\" sizes=\"(max-width: 720px) 100vw, 720px\" \/><\/figure>\n<\/div>\n\n\n\n<div class=\"wp-block-column is-vertically-aligned-center is-layout-flow wp-block-column-is-layout-flow\">\n<p>Cette cl\u00e9 USB en bois, rectangulaire et rotative \u00e0 angle droit, a un aspect tr\u00e8s unique, surtout si on la compare aux cl\u00e9s USB standard. Les lignes angulaires fortes produisent un design esth\u00e9tiquement attrayant, propre et sophistiqu\u00e9.<\/p>\n\n\n\n<p>La cl\u00e9 USB est dot\u00e9e d'une rotation \u00e0 180 degr\u00e9s qui permet de l'ins\u00e9rer ou de la retirer facilement du bo\u00eetier lorsqu'elle est utilis\u00e9e, et de la remettre en place dans le bo\u00eetier lorsqu'elle n'est pas utilis\u00e9e. La cl\u00e9 USB est bien prot\u00e9g\u00e9e dans le bo\u00eetier en bois lorsqu'elle n'est pas utilis\u00e9e, mais lorsqu'elle est n\u00e9cessaire, elle peut \u00eatre rapidement retir\u00e9e du bo\u00eetier en appuyant sur le bouton situ\u00e9 sur le c\u00f4t\u00e9.<\/p>\n\n\n\n<p>Un porte-cl\u00e9s en m\u00e9tal facilite le transport de cette cl\u00e9 USB. Vous pouvez \u00e9galement personnaliser votre logo ou votre dessin sur la surface en bois gr\u00e2ce \u00e0 la gravure au laser, ce qui ajoute une touche personnelle. Une cl\u00e9 USB personnalis\u00e9e est un moyen cr\u00e9atif et unique de stocker vos donn\u00e9es et de promouvoir votre entreprise.<\/p>\n<\/div>\n<\/div>\n\n\n\n<div class=\"wp-block-columns is-layout-flex wp-container-core-columns-is-layout-2 wp-block-columns-is-layout-flex\">\n<div class=\"wp-block-column is-vertically-aligned-center is-layout-flow wp-block-column-is-layout-flow\">\n<p>S\u00e9lection des mat\u00e9riaux<\/p>\n\n\n\n<p>Les cl\u00e9s USB ont \u00e9t\u00e9 fabriqu\u00e9es \u00e0 partir de deux types de bois naturel : le bois brut, le bambou et l'\u00e9rable. Chaque cl\u00e9 a son propre grain, ce qui lui conf\u00e8re la chaleur et l'aspect naturel du bois.<\/p>\n\n\n\n<p>D\u00e9tails visuels<\/p>\n\n\n\n<p>Forme : Le rectangle, dont les angles sont l\u00e9g\u00e8rement arrondis \u00e0 10\u00b0, est agr\u00e9able \u00e0 tenir, mais aussi \u00e0 regarder gr\u00e2ce \u00e0 ses bords lisses ;<br>Rotation : Le connecteur USB pivote horizontalement \u00e0 180\u00b0, sans accroc, ce qui permet de passer facilement du rangement \u00e0 l'utilisation ;<br>Facilement transportable : Le porte-cl\u00e9s en m\u00e9tal fix\u00e9 \u00e0 l'extr\u00e9mit\u00e9 de la cl\u00e9 peut \u00eatre utilis\u00e9 pour l'accrocher \u00e0 un sac ou \u00e0 un porte-cl\u00e9s afin de faciliter les d\u00e9placements et d'\u00e9viter la perte permanente de la cl\u00e9.<\/p>\n<\/div>\n\n\n\n<div class=\"wp-block-column is-layout-flow wp-block-column-is-layout-flow\">\n<figure class=\"wp-block-image size-full\"><img decoding=\"async\" width=\"720\" height=\"720\" src=\"https:\/\/www.yousanusb.com\/wp-content\/uploads\/2025\/11\/Mini-Wooden-Rectangular-USB-Drive.webp\" alt=\"\" class=\"wp-image-23433\" srcset=\"https:\/\/www.yousanusb.com\/wp-content\/uploads\/2025\/11\/Mini-Wooden-Rectangular-USB-Drive.webp 720w, https:\/\/www.yousanusb.com\/wp-content\/uploads\/2025\/11\/Mini-Wooden-Rectangular-USB-Drive-300x300.webp 300w, https:\/\/www.yousanusb.com\/wp-content\/uploads\/2025\/11\/Mini-Wooden-Rectangular-USB-Drive-150x150.webp 150w, https:\/\/www.yousanusb.com\/wp-content\/uploads\/2025\/11\/Mini-Wooden-Rectangular-USB-Drive-12x12.webp 12w, https:\/\/www.yousanusb.com\/wp-content\/uploads\/2025\/11\/Mini-Wooden-Rectangular-USB-Drive-600x600.webp 600w, https:\/\/www.yousanusb.com\/wp-content\/uploads\/2025\/11\/Mini-Wooden-Rectangular-USB-Drive-100x100.webp 100w\" sizes=\"(max-width: 720px) 100vw, 720px\" \/><\/figure>\n<\/div>\n<\/div>\n\n\n\n<div class=\"wp-block-columns is-layout-flex wp-container-core-columns-is-layout-3 wp-block-columns-is-layout-flex\">\n<div class=\"wp-block-column is-layout-flow wp-block-column-is-layout-flow\">\n<figure class=\"wp-block-image size-full\"><img decoding=\"async\" width=\"720\" height=\"720\" src=\"https:\/\/www.yousanusb.com\/wp-content\/uploads\/2025\/11\/Wooden-Long-Strip-Right-Angle-USB-Drive.webp\" alt=\"\" class=\"wp-image-23434\" srcset=\"https:\/\/www.yousanusb.com\/wp-content\/uploads\/2025\/11\/Wooden-Long-Strip-Right-Angle-USB-Drive.webp 720w, https:\/\/www.yousanusb.com\/wp-content\/uploads\/2025\/11\/Wooden-Long-Strip-Right-Angle-USB-Drive-300x300.webp 300w, https:\/\/www.yousanusb.com\/wp-content\/uploads\/2025\/11\/Wooden-Long-Strip-Right-Angle-USB-Drive-150x150.webp 150w, https:\/\/www.yousanusb.com\/wp-content\/uploads\/2025\/11\/Wooden-Long-Strip-Right-Angle-USB-Drive-12x12.webp 12w, https:\/\/www.yousanusb.com\/wp-content\/uploads\/2025\/11\/Wooden-Long-Strip-Right-Angle-USB-Drive-600x600.webp 600w, https:\/\/www.yousanusb.com\/wp-content\/uploads\/2025\/11\/Wooden-Long-Strip-Right-Angle-USB-Drive-100x100.webp 100w\" sizes=\"(max-width: 720px) 100vw, 720px\" \/><\/figure>\n<\/div>\n\n\n\n<div class=\"wp-block-column is-vertically-aligned-center is-layout-flow wp-block-column-is-layout-flow\">\n<p>Le bois est le \"support en or\" de la gravure laser : son grain naturel renforce l'effet tridimensionnel de la gravure du logo, tandis que ses d\u00e9grad\u00e9s de couleurs accentuent la profondeur, ce qui permet d'obtenir une finition de premi\u00e8re qualit\u00e9.<\/p>\n\n\n\n<p> Il est particuli\u00e8rement adapt\u00e9 aux applications suivantes : <\/p>\n\n\n\n<ul class=\"wp-block-list\">\n<li>Industrie du mariage : Pr\u00e9servez les souvenirs de votre mariage en gravant les noms des mari\u00e9s et la date, cr\u00e9ant ainsi un cadeau \"capsule temporelle\" qui incarne le romantisme intemporel ; <\/li>\n\n\n\n<li>Industrie de la photographie : La conservation des tirages d'\u00e9chantillons\/clients avec la gravure du logo du studio ajoute une signification c\u00e9r\u00e9moniale \u00e0 la livraison, renfor\u00e7ant ainsi la reconnaissance de la marque ; <\/li>\n\n\n\n<li> Industrie musicale : Le stockage de singles\/albums originaux avec gravure du nom de l'artiste et du titre de l'album cr\u00e9e une marchandise exclusive qui transmet la chaleur de la cr\u00e9ation ; <\/li>\n\n\n\n<li> Personnalisation de l'entreprise : La gravure des logos et des slogans de l'entreprise transforme les cadeaux d'affaires en articles pratiques et \u00e9l\u00e9gants, tandis que le mat\u00e9riau naturel s'aligne sur les valeurs \u00e9cologiques.<\/li>\n<\/ul>\n<\/div>\n<\/div>","protected":false},"excerpt":{"rendered":"<ul>\n<li>Rotation de 180<\/li>\n<li>Bande longue en bois<\/li>\n<li>Csutom LOGO<\/li>\n<li>Paquet personnalis\u00e9<\/li>\n<li>MOQ:100pcs<\/li>\n<\/ul>","protected":false},"featured_media":23432,"comment_status":"open","ping_status":"closed","template":"","meta":{"_seopress_robots_primary_cat":"none","_seopress_titles_title":"","_seopress_titles_desc":"","_seopress_robots_index":""},"class_list":["post-23428","product","type-product","status-publish","has-post-thumbnail","hentry","product_cat-rotating-usb-flash-drive","product_cat-wooden-usb-flash-drive"],"_links":{"self":[{"href":"https:\/\/www.yousanusb.com\/fr\/wp-json\/wp\/v2\/product\/23428"}],"collection":[{"href":"https:\/\/www.yousanusb.com\/fr\/wp-json\/wp\/v2\/product"}],"about":[{"href":"https:\/\/www.yousanusb.com\/fr\/wp-json\/wp\/v2\/types\/product"}],"replies":[{"embeddable":true,"href":"https:\/\/www.yousanusb.com\/fr\/wp-json\/wp\/v2\/comments?post=23428"}],"wp:featuredmedia":[{"embeddable":true,"href":"https:\/\/www.yousanusb.com\/fr\/wp-json\/wp\/v2\/media\/23432"}],"wp:attachment":[{"href":"https:\/\/www.yousanusb.com\/fr\/wp-json\/wp\/v2\/media?parent=23428"}],"curies":[{"name":"wp","href":"https:\/\/api.w.org\/{rel}","templated":true}]}}