{"id":23451,"date":"2025-11-05T02:39:10","date_gmt":"2025-11-05T02:39:10","guid":{"rendered":"https:\/\/www.yousanusb.com\/?post_type=product&#038;p=23451"},"modified":"2025-11-05T02:40:01","modified_gmt":"2025-11-05T02:40:01","slug":"2-5-inch-high-speed-aluminum-hard-drive-usb-3-0-to-sata","status":"publish","type":"product","link":"https:\/\/www.yousanusb.com\/fr\/produit\/2-5-inch-high-speed-aluminum-hard-drive-usb-3-0-to-sata\/","title":{"rendered":"Disque dur aluminium haute vitesse de 2,5 pouces USB 3.0 \u00e0 SATA"},"content":{"rendered":"<p>Disque dur en aluminium \u00e0 grande vitesse de 2,5 pouces USB 3.0 \u00e0 SATA Supporte jusqu'\u00e0 6TB Factory Direct Sales<\/p>\n\n\n\n<div class=\"wp-block-columns is-layout-flex wp-container-core-columns-is-layout-1 wp-block-columns-is-layout-flex\">\n<div class=\"wp-block-column is-layout-flow wp-block-column-is-layout-flow\">\n<figure class=\"wp-block-image size-full\"><img fetchpriority=\"high\" decoding=\"async\" width=\"800\" height=\"800\" src=\"https:\/\/www.yousanusb.com\/wp-content\/uploads\/2025\/11\/2.5-inch-High-Speed-Aluminum-Hard-Drive-bulk.jpg\" alt=\"Bo\u00eetier de disque dur en aluminium haute vitesse de 2,5 pouces\" class=\"wp-image-23454\" srcset=\"https:\/\/www.yousanusb.com\/wp-content\/uploads\/2025\/11\/2.5-inch-High-Speed-Aluminum-Hard-Drive-bulk.jpg 800w, https:\/\/www.yousanusb.com\/wp-content\/uploads\/2025\/11\/2.5-inch-High-Speed-Aluminum-Hard-Drive-bulk-300x300.jpg 300w, https:\/\/www.yousanusb.com\/wp-content\/uploads\/2025\/11\/2.5-inch-High-Speed-Aluminum-Hard-Drive-bulk-150x150.jpg 150w, https:\/\/www.yousanusb.com\/wp-content\/uploads\/2025\/11\/2.5-inch-High-Speed-Aluminum-Hard-Drive-bulk-768x768.jpg 768w, https:\/\/www.yousanusb.com\/wp-content\/uploads\/2025\/11\/2.5-inch-High-Speed-Aluminum-Hard-Drive-bulk-12x12.jpg 12w, https:\/\/www.yousanusb.com\/wp-content\/uploads\/2025\/11\/2.5-inch-High-Speed-Aluminum-Hard-Drive-bulk-600x600.jpg 600w, https:\/\/www.yousanusb.com\/wp-content\/uploads\/2025\/11\/2.5-inch-High-Speed-Aluminum-Hard-Drive-bulk-100x100.jpg 100w\" sizes=\"(max-width: 800px) 100vw, 800px\" \/><\/figure>\n<\/div>\n\n\n\n<div class=\"wp-block-column is-vertically-aligned-center is-layout-flow wp-block-column-is-layout-flow\">\n<p>Ce disque dur prend en charge les disques durs SATA de 5 To et les disques SSD. Interface externe : USB 3.0, r\u00e9trocompatible avec USB 2.0\/1.1. Vitesse de transfert : 5Gbps. <\/p>\n\n\n\n<p>Alimentation : Aliment\u00e9 directement par le c\u00e2ble USB, aucun adaptateur d'alimentation externe n'est n\u00e9cessaire. Disques compatibles : disques durs SATA de 2,5 pouces ou disques SSD d'une \u00e9paisseur inf\u00e9rieure \u00e0 10 mm.<\/p>\n<\/div>\n<\/div>\n\n\n\n<p>Nom du produit : Disque dur portable USB 3.0<\/p>\n\n\n\n<p>Mat\u00e9riau : Alliage d'aluminium<\/p>\n\n\n\n<p>Interface externe : USB 3.0<\/p>\n\n\n\n<p>Type de disque pris en charge : Disque dur pour ordinateur portable de 2,5 pouces \u00e0 interface s\u00e9rie SATA<\/p>\n\n\n\n<p>Finition de la surface : Anodisation sabl\u00e9e + s\u00e9rigraphie<\/p>\n\n\n\n<div class=\"wp-block-columns is-layout-flex wp-container-core-columns-is-layout-2 wp-block-columns-is-layout-flex\">\n<div class=\"wp-block-column is-layout-flow wp-block-column-is-layout-flow\">\n<figure class=\"wp-block-image size-full\"><img decoding=\"async\" width=\"800\" height=\"800\" src=\"https:\/\/www.yousanusb.com\/wp-content\/uploads\/2025\/11\/2.5-inch-High-Speed-Aluminum-Hard-Drive-USB-3.0-red.jpg\" alt=\"\" class=\"wp-image-23455\" srcset=\"https:\/\/www.yousanusb.com\/wp-content\/uploads\/2025\/11\/2.5-inch-High-Speed-Aluminum-Hard-Drive-USB-3.0-red.jpg 800w, https:\/\/www.yousanusb.com\/wp-content\/uploads\/2025\/11\/2.5-inch-High-Speed-Aluminum-Hard-Drive-USB-3.0-red-300x300.jpg 300w, https:\/\/www.yousanusb.com\/wp-content\/uploads\/2025\/11\/2.5-inch-High-Speed-Aluminum-Hard-Drive-USB-3.0-red-150x150.jpg 150w, https:\/\/www.yousanusb.com\/wp-content\/uploads\/2025\/11\/2.5-inch-High-Speed-Aluminum-Hard-Drive-USB-3.0-red-768x768.jpg 768w, https:\/\/www.yousanusb.com\/wp-content\/uploads\/2025\/11\/2.5-inch-High-Speed-Aluminum-Hard-Drive-USB-3.0-red-12x12.jpg 12w, https:\/\/www.yousanusb.com\/wp-content\/uploads\/2025\/11\/2.5-inch-High-Speed-Aluminum-Hard-Drive-USB-3.0-red-600x600.jpg 600w, https:\/\/www.yousanusb.com\/wp-content\/uploads\/2025\/11\/2.5-inch-High-Speed-Aluminum-Hard-Drive-USB-3.0-red-100x100.jpg 100w\" sizes=\"(max-width: 800px) 100vw, 800px\" \/><\/figure>\n<\/div>\n\n\n\n<div class=\"wp-block-column is-layout-flow wp-block-column-is-layout-flow\">\n<figure class=\"wp-block-image size-full\"><img decoding=\"async\" width=\"800\" height=\"800\" src=\"https:\/\/www.yousanusb.com\/wp-content\/uploads\/2025\/11\/2.5-inch-High-Speed-Aluminum-Hard-Drive-USB-blue.jpg\" alt=\"\" class=\"wp-image-23457\" srcset=\"https:\/\/www.yousanusb.com\/wp-content\/uploads\/2025\/11\/2.5-inch-High-Speed-Aluminum-Hard-Drive-USB-blue.jpg 800w, https:\/\/www.yousanusb.com\/wp-content\/uploads\/2025\/11\/2.5-inch-High-Speed-Aluminum-Hard-Drive-USB-blue-300x300.jpg 300w, https:\/\/www.yousanusb.com\/wp-content\/uploads\/2025\/11\/2.5-inch-High-Speed-Aluminum-Hard-Drive-USB-blue-150x150.jpg 150w, https:\/\/www.yousanusb.com\/wp-content\/uploads\/2025\/11\/2.5-inch-High-Speed-Aluminum-Hard-Drive-USB-blue-768x768.jpg 768w, https:\/\/www.yousanusb.com\/wp-content\/uploads\/2025\/11\/2.5-inch-High-Speed-Aluminum-Hard-Drive-USB-blue-12x12.jpg 12w, https:\/\/www.yousanusb.com\/wp-content\/uploads\/2025\/11\/2.5-inch-High-Speed-Aluminum-Hard-Drive-USB-blue-600x600.jpg 600w, https:\/\/www.yousanusb.com\/wp-content\/uploads\/2025\/11\/2.5-inch-High-Speed-Aluminum-Hard-Drive-USB-blue-100x100.jpg 100w\" sizes=\"(max-width: 800px) 100vw, 800px\" \/><\/figure>\n<\/div>\n\n\n\n<div class=\"wp-block-column is-layout-flow wp-block-column-is-layout-flow\">\n<figure class=\"wp-block-image size-full\"><img loading=\"lazy\" decoding=\"async\" width=\"800\" height=\"800\" src=\"https:\/\/www.yousanusb.com\/wp-content\/uploads\/2025\/11\/black-2.5-inch-High-Speed-Aluminum-Hard-Drive-USB-3.0-to-SATA-Supports-up-to-6TB.jpg\" alt=\"\" class=\"wp-image-23459\" srcset=\"https:\/\/www.yousanusb.com\/wp-content\/uploads\/2025\/11\/black-2.5-inch-High-Speed-Aluminum-Hard-Drive-USB-3.0-to-SATA-Supports-up-to-6TB.jpg 800w, https:\/\/www.yousanusb.com\/wp-content\/uploads\/2025\/11\/black-2.5-inch-High-Speed-Aluminum-Hard-Drive-USB-3.0-to-SATA-Supports-up-to-6TB-300x300.jpg 300w, https:\/\/www.yousanusb.com\/wp-content\/uploads\/2025\/11\/black-2.5-inch-High-Speed-Aluminum-Hard-Drive-USB-3.0-to-SATA-Supports-up-to-6TB-150x150.jpg 150w, https:\/\/www.yousanusb.com\/wp-content\/uploads\/2025\/11\/black-2.5-inch-High-Speed-Aluminum-Hard-Drive-USB-3.0-to-SATA-Supports-up-to-6TB-768x768.jpg 768w, https:\/\/www.yousanusb.com\/wp-content\/uploads\/2025\/11\/black-2.5-inch-High-Speed-Aluminum-Hard-Drive-USB-3.0-to-SATA-Supports-up-to-6TB-12x12.jpg 12w, https:\/\/www.yousanusb.com\/wp-content\/uploads\/2025\/11\/black-2.5-inch-High-Speed-Aluminum-Hard-Drive-USB-3.0-to-SATA-Supports-up-to-6TB-600x600.jpg 600w, https:\/\/www.yousanusb.com\/wp-content\/uploads\/2025\/11\/black-2.5-inch-High-Speed-Aluminum-Hard-Drive-USB-3.0-to-SATA-Supports-up-to-6TB-100x100.jpg 100w\" sizes=\"(max-width: 800px) 100vw, 800px\" \/><\/figure>\n<\/div>\n<\/div>\n\n\n\n<p>Sp\u00e9cifications du produit :<\/p>\n\n\n\n<p>1. Derni\u00e8re interface USB 3.0 \u00e0 grande vitesse, r\u00e9trocompatible avec USB 2.0 et USB 1.1<\/p>\n\n\n\n<p>2. Prise en charge de la connexion \u00e0 chaud<\/p>\n\n\n\n<p>3. Syst\u00e8mes d'exploitation compatibles : Windows 98\/SE\/ME\/2000\/XP\/Vista\/Win7\/Win8\/Mac OS 8.6 ou versions ult\u00e9rieures<\/p>\n\n\n\n<p>4. Vitesse de transfert th\u00e9orique jusqu'\u00e0 5GB\/s<\/p>\n\n\n\n<p>5. Prend en charge tous les types de disques durs m\u00e9caniques SATA 2,5\u2033 et de disques durs \u00e0 semi-conducteurs.<\/p>\n\n\n\n<p>6. Couleurs disponibles : Rose, rouge, or, bleu, noir, gris argent\u00e9<\/p>\n\n\n\n<p>7. Dimensions du produit : 135*75*13mm<\/p>\n\n\n\n<p>8. Dimensions de l'emballage : 150*100*35mm<\/p>\n\n\n\n<p>9. Dimensions du carton ext\u00e9rieur : 52*38*32cm<\/p>\n\n\n\n<div class=\"wp-block-columns is-layout-flex wp-container-core-columns-is-layout-3 wp-block-columns-is-layout-flex\">\n<div class=\"wp-block-column is-layout-flow wp-block-column-is-layout-flow\">\n<figure class=\"wp-block-image size-full\"><img loading=\"lazy\" decoding=\"async\" width=\"800\" height=\"800\" src=\"https:\/\/www.yousanusb.com\/wp-content\/uploads\/2025\/11\/2.5-inch-High-Speed-Aluminum-Hard-Drive-USB-3.0-to-SATA-Supports-up-to-6TB.jpg\" alt=\"\" class=\"wp-image-23456\" srcset=\"https:\/\/www.yousanusb.com\/wp-content\/uploads\/2025\/11\/2.5-inch-High-Speed-Aluminum-Hard-Drive-USB-3.0-to-SATA-Supports-up-to-6TB.jpg 800w, https:\/\/www.yousanusb.com\/wp-content\/uploads\/2025\/11\/2.5-inch-High-Speed-Aluminum-Hard-Drive-USB-3.0-to-SATA-Supports-up-to-6TB-300x300.jpg 300w, https:\/\/www.yousanusb.com\/wp-content\/uploads\/2025\/11\/2.5-inch-High-Speed-Aluminum-Hard-Drive-USB-3.0-to-SATA-Supports-up-to-6TB-150x150.jpg 150w, https:\/\/www.yousanusb.com\/wp-content\/uploads\/2025\/11\/2.5-inch-High-Speed-Aluminum-Hard-Drive-USB-3.0-to-SATA-Supports-up-to-6TB-768x768.jpg 768w, https:\/\/www.yousanusb.com\/wp-content\/uploads\/2025\/11\/2.5-inch-High-Speed-Aluminum-Hard-Drive-USB-3.0-to-SATA-Supports-up-to-6TB-12x12.jpg 12w, https:\/\/www.yousanusb.com\/wp-content\/uploads\/2025\/11\/2.5-inch-High-Speed-Aluminum-Hard-Drive-USB-3.0-to-SATA-Supports-up-to-6TB-600x600.jpg 600w, https:\/\/www.yousanusb.com\/wp-content\/uploads\/2025\/11\/2.5-inch-High-Speed-Aluminum-Hard-Drive-USB-3.0-to-SATA-Supports-up-to-6TB-100x100.jpg 100w\" sizes=\"(max-width: 800px) 100vw, 800px\" \/><\/figure>\n<\/div>\n\n\n\n<div class=\"wp-block-column is-layout-flow wp-block-column-is-layout-flow\">\n<figure class=\"wp-block-image size-full\"><img loading=\"lazy\" decoding=\"async\" width=\"800\" height=\"800\" src=\"https:\/\/www.yousanusb.com\/wp-content\/uploads\/2025\/11\/O1CN013tHjl31Xa6nVHtkud_2496042939-0-cib.jpg_.webp.jpg\" alt=\"\" class=\"wp-image-23460\" srcset=\"https:\/\/www.yousanusb.com\/wp-content\/uploads\/2025\/11\/O1CN013tHjl31Xa6nVHtkud_2496042939-0-cib.jpg_.webp.jpg 800w, https:\/\/www.yousanusb.com\/wp-content\/uploads\/2025\/11\/O1CN013tHjl31Xa6nVHtkud_2496042939-0-cib.jpg_.webp-300x300.jpg 300w, https:\/\/www.yousanusb.com\/wp-content\/uploads\/2025\/11\/O1CN013tHjl31Xa6nVHtkud_2496042939-0-cib.jpg_.webp-150x150.jpg 150w, https:\/\/www.yousanusb.com\/wp-content\/uploads\/2025\/11\/O1CN013tHjl31Xa6nVHtkud_2496042939-0-cib.jpg_.webp-768x768.jpg 768w, https:\/\/www.yousanusb.com\/wp-content\/uploads\/2025\/11\/O1CN013tHjl31Xa6nVHtkud_2496042939-0-cib.jpg_.webp-12x12.jpg 12w, https:\/\/www.yousanusb.com\/wp-content\/uploads\/2025\/11\/O1CN013tHjl31Xa6nVHtkud_2496042939-0-cib.jpg_.webp-600x600.jpg 600w, https:\/\/www.yousanusb.com\/wp-content\/uploads\/2025\/11\/O1CN013tHjl31Xa6nVHtkud_2496042939-0-cib.jpg_.webp-100x100.jpg 100w\" sizes=\"(max-width: 800px) 100vw, 800px\" \/><\/figure>\n<\/div>\n\n\n\n<div class=\"wp-block-column is-layout-flow wp-block-column-is-layout-flow\">\n<figure class=\"wp-block-image size-full\"><img loading=\"lazy\" decoding=\"async\" width=\"800\" height=\"800\" src=\"https:\/\/www.yousanusb.com\/wp-content\/uploads\/2025\/11\/2.5-inch-High-Speed-Aluminum-Hard-Drive.jpg\" alt=\"\" class=\"wp-image-23458\" srcset=\"https:\/\/www.yousanusb.com\/wp-content\/uploads\/2025\/11\/2.5-inch-High-Speed-Aluminum-Hard-Drive.jpg 800w, https:\/\/www.yousanusb.com\/wp-content\/uploads\/2025\/11\/2.5-inch-High-Speed-Aluminum-Hard-Drive-300x300.jpg 300w, https:\/\/www.yousanusb.com\/wp-content\/uploads\/2025\/11\/2.5-inch-High-Speed-Aluminum-Hard-Drive-150x150.jpg 150w, https:\/\/www.yousanusb.com\/wp-content\/uploads\/2025\/11\/2.5-inch-High-Speed-Aluminum-Hard-Drive-768x768.jpg 768w, https:\/\/www.yousanusb.com\/wp-content\/uploads\/2025\/11\/2.5-inch-High-Speed-Aluminum-Hard-Drive-12x12.jpg 12w, https:\/\/www.yousanusb.com\/wp-content\/uploads\/2025\/11\/2.5-inch-High-Speed-Aluminum-Hard-Drive-600x600.jpg 600w, https:\/\/www.yousanusb.com\/wp-content\/uploads\/2025\/11\/2.5-inch-High-Speed-Aluminum-Hard-Drive-100x100.jpg 100w\" sizes=\"(max-width: 800px) 100vw, 800px\" \/><\/figure>\n<\/div>\n<\/div>","protected":false},"excerpt":{"rendered":"<ul>\n<li>2,5 pouces \u00e0 grande vitesse<\/li>\n<li>Mat\u00e9riau en aluminium<\/li>\n<li>Disque dur<\/li>\n<li>\u00a0USB 3.0 vers SATA<\/li>\n<li>Rose, rouge, or, bleu, noir, gris argent\u00e9<\/li>\n<\/ul>","protected":false},"featured_media":23454,"comment_status":"open","ping_status":"closed","template":"","meta":{"_seopress_robots_primary_cat":"","_seopress_titles_title":"2.5-inch High-Speed Aluminum Hard Drive USB 3.0 to SATA","_seopress_titles_desc":"This hard drive supports 5TB SATA hard drives and SSDs. External interface: USB 3.0, backward compatible with USB 2.0\/1.1. Transfer speed: 5Gbps.","_seopress_robots_index":""},"class_list":["post-23451","product","type-product","status-publish","has-post-thumbnail","hentry","product_cat-portable-hard-drive"],"_links":{"self":[{"href":"https:\/\/www.yousanusb.com\/fr\/wp-json\/wp\/v2\/product\/23451"}],"collection":[{"href":"https:\/\/www.yousanusb.com\/fr\/wp-json\/wp\/v2\/product"}],"about":[{"href":"https:\/\/www.yousanusb.com\/fr\/wp-json\/wp\/v2\/types\/product"}],"replies":[{"embeddable":true,"href":"https:\/\/www.yousanusb.com\/fr\/wp-json\/wp\/v2\/comments?post=23451"}],"wp:featuredmedia":[{"embeddable":true,"href":"https:\/\/www.yousanusb.com\/fr\/wp-json\/wp\/v2\/media\/23454"}],"wp:attachment":[{"href":"https:\/\/www.yousanusb.com\/fr\/wp-json\/wp\/v2\/media?parent=23451"}],"curies":[{"name":"wp","href":"https:\/\/api.w.org\/{rel}","templated":true}]}}