{"id":23485,"date":"2025-11-05T10:18:43","date_gmt":"2025-11-05T10:18:43","guid":{"rendered":"https:\/\/www.yousanusb.com\/?post_type=product&#038;p=23485"},"modified":"2025-11-05T12:52:39","modified_gmt":"2025-11-05T12:52:39","slug":"2-5-sata-usb3-0-high-speed-hard-drive","status":"publish","type":"product","link":"https:\/\/www.yousanusb.com\/fr\/produit\/2-5-sata-usb3-0-high-speed-hard-drive\/","title":{"rendered":"Disque dur haute vitesse 2.5\u2033 SATA USB3.0"},"content":{"rendered":"<p>Les dimensions du disque dur sont les suivantes : 95 x 44,5 x 9,7 mm : 95 x 44,5 x 9,7 mm.Les fonctions Plug and play, hot pluggable et hot swappable rendent cet appareil pratique et facile \u00e0 utiliser.Enti\u00e8rement compatible avec l'USB 3.0 et r\u00e9trocompatible avec l'USB 2.0.<\/p>\n\n\n\n<div class=\"wp-block-columns is-layout-flex wp-container-core-columns-is-layout-1 wp-block-columns-is-layout-flex\">\n<div class=\"wp-block-column is-layout-flow wp-block-column-is-layout-flow\">\n<figure class=\"wp-block-image size-full\"><img fetchpriority=\"high\" decoding=\"async\" width=\"800\" height=\"800\" src=\"https:\/\/www.yousanusb.com\/wp-content\/uploads\/2025\/11\/custom-USB-3.0-2.5-inch-SATA-Aluminum-hard-drive.jpg\" alt=\"\" class=\"wp-image-23500\" srcset=\"https:\/\/www.yousanusb.com\/wp-content\/uploads\/2025\/11\/custom-USB-3.0-2.5-inch-SATA-Aluminum-hard-drive.jpg 800w, https:\/\/www.yousanusb.com\/wp-content\/uploads\/2025\/11\/custom-USB-3.0-2.5-inch-SATA-Aluminum-hard-drive-300x300.jpg 300w, https:\/\/www.yousanusb.com\/wp-content\/uploads\/2025\/11\/custom-USB-3.0-2.5-inch-SATA-Aluminum-hard-drive-150x150.jpg 150w, https:\/\/www.yousanusb.com\/wp-content\/uploads\/2025\/11\/custom-USB-3.0-2.5-inch-SATA-Aluminum-hard-drive-768x768.jpg 768w, https:\/\/www.yousanusb.com\/wp-content\/uploads\/2025\/11\/custom-USB-3.0-2.5-inch-SATA-Aluminum-hard-drive-12x12.jpg 12w, https:\/\/www.yousanusb.com\/wp-content\/uploads\/2025\/11\/custom-USB-3.0-2.5-inch-SATA-Aluminum-hard-drive-600x600.jpg 600w, https:\/\/www.yousanusb.com\/wp-content\/uploads\/2025\/11\/custom-USB-3.0-2.5-inch-SATA-Aluminum-hard-drive-100x100.jpg 100w\" sizes=\"(max-width: 800px) 100vw, 800px\" \/><\/figure>\n<\/div>\n\n\n\n<div class=\"wp-block-column is-layout-flow wp-block-column-is-layout-flow\">\n<figure class=\"wp-block-image size-full\"><img decoding=\"async\" width=\"800\" height=\"800\" src=\"https:\/\/www.yousanusb.com\/wp-content\/uploads\/2025\/11\/USB-3.0-aluminum-alloy-portable-hard-drive.jpg\" alt=\"\" class=\"wp-image-23503\" srcset=\"https:\/\/www.yousanusb.com\/wp-content\/uploads\/2025\/11\/USB-3.0-aluminum-alloy-portable-hard-drive.jpg 800w, https:\/\/www.yousanusb.com\/wp-content\/uploads\/2025\/11\/USB-3.0-aluminum-alloy-portable-hard-drive-300x300.jpg 300w, https:\/\/www.yousanusb.com\/wp-content\/uploads\/2025\/11\/USB-3.0-aluminum-alloy-portable-hard-drive-150x150.jpg 150w, https:\/\/www.yousanusb.com\/wp-content\/uploads\/2025\/11\/USB-3.0-aluminum-alloy-portable-hard-drive-768x768.jpg 768w, https:\/\/www.yousanusb.com\/wp-content\/uploads\/2025\/11\/USB-3.0-aluminum-alloy-portable-hard-drive-12x12.jpg 12w, https:\/\/www.yousanusb.com\/wp-content\/uploads\/2025\/11\/USB-3.0-aluminum-alloy-portable-hard-drive-600x600.jpg 600w, https:\/\/www.yousanusb.com\/wp-content\/uploads\/2025\/11\/USB-3.0-aluminum-alloy-portable-hard-drive-100x100.jpg 100w\" sizes=\"(max-width: 800px) 100vw, 800px\" \/><\/figure>\n<\/div>\n<\/div>\n\n\n\n<p>Dot\u00e9 d'une interface USB 3.2 Gen 2 \u00e0 haute vitesse avec des taux de transfert allant jusqu'\u00e0 10 Gbps et l'acc\u00e9l\u00e9ration UASP, il transf\u00e8re un fichier de 1 Go en environ 1 seconde.<br>Avec une capacit\u00e9 de 6 To, il peut stocker environ 600 000 photos, 160 000 chansons ou 6 000 films DVD, ce qui r\u00e9pond parfaitement aux exigences des utilisateurs professionnels en mati\u00e8re de stockage centralis\u00e9 de donn\u00e9es massives.<\/p>\n\n\n\n<div class=\"wp-block-columns is-layout-flex wp-container-core-columns-is-layout-2 wp-block-columns-is-layout-flex\">\n<div class=\"wp-block-column is-layout-flow wp-block-column-is-layout-flow\">\n<figure class=\"wp-block-image size-full\"><img decoding=\"async\" width=\"800\" height=\"800\" src=\"https:\/\/www.yousanusb.com\/wp-content\/uploads\/2025\/11\/high-speed-USB-3.0-2.5-inch-SATA-Aluminum-hard-drive.jpg\" alt=\"\" class=\"wp-image-23501\" srcset=\"https:\/\/www.yousanusb.com\/wp-content\/uploads\/2025\/11\/high-speed-USB-3.0-2.5-inch-SATA-Aluminum-hard-drive.jpg 800w, https:\/\/www.yousanusb.com\/wp-content\/uploads\/2025\/11\/high-speed-USB-3.0-2.5-inch-SATA-Aluminum-hard-drive-300x300.jpg 300w, https:\/\/www.yousanusb.com\/wp-content\/uploads\/2025\/11\/high-speed-USB-3.0-2.5-inch-SATA-Aluminum-hard-drive-150x150.jpg 150w, https:\/\/www.yousanusb.com\/wp-content\/uploads\/2025\/11\/high-speed-USB-3.0-2.5-inch-SATA-Aluminum-hard-drive-768x768.jpg 768w, https:\/\/www.yousanusb.com\/wp-content\/uploads\/2025\/11\/high-speed-USB-3.0-2.5-inch-SATA-Aluminum-hard-drive-12x12.jpg 12w, https:\/\/www.yousanusb.com\/wp-content\/uploads\/2025\/11\/high-speed-USB-3.0-2.5-inch-SATA-Aluminum-hard-drive-600x600.jpg 600w, https:\/\/www.yousanusb.com\/wp-content\/uploads\/2025\/11\/high-speed-USB-3.0-2.5-inch-SATA-Aluminum-hard-drive-100x100.jpg 100w\" sizes=\"(max-width: 800px) 100vw, 800px\" \/><\/figure>\n<\/div>\n\n\n\n<div class=\"wp-block-column is-layout-flow wp-block-column-is-layout-flow\">\n<figure class=\"wp-block-image size-full\"><img loading=\"lazy\" decoding=\"async\" width=\"800\" height=\"800\" src=\"https:\/\/www.yousanusb.com\/wp-content\/uploads\/2025\/11\/2.5-inch-usb-3.0-aluminum-alloy-hard-drive-1.jpg\" alt=\"\" class=\"wp-image-23496\" srcset=\"https:\/\/www.yousanusb.com\/wp-content\/uploads\/2025\/11\/2.5-inch-usb-3.0-aluminum-alloy-hard-drive-1.jpg 800w, https:\/\/www.yousanusb.com\/wp-content\/uploads\/2025\/11\/2.5-inch-usb-3.0-aluminum-alloy-hard-drive-1-300x300.jpg 300w, https:\/\/www.yousanusb.com\/wp-content\/uploads\/2025\/11\/2.5-inch-usb-3.0-aluminum-alloy-hard-drive-1-150x150.jpg 150w, https:\/\/www.yousanusb.com\/wp-content\/uploads\/2025\/11\/2.5-inch-usb-3.0-aluminum-alloy-hard-drive-1-768x768.jpg 768w, https:\/\/www.yousanusb.com\/wp-content\/uploads\/2025\/11\/2.5-inch-usb-3.0-aluminum-alloy-hard-drive-1-12x12.jpg 12w, https:\/\/www.yousanusb.com\/wp-content\/uploads\/2025\/11\/2.5-inch-usb-3.0-aluminum-alloy-hard-drive-1-600x600.jpg 600w, https:\/\/www.yousanusb.com\/wp-content\/uploads\/2025\/11\/2.5-inch-usb-3.0-aluminum-alloy-hard-drive-1-100x100.jpg 100w\" sizes=\"(max-width: 800px) 100vw, 800px\" \/><\/figure>\n<\/div>\n<\/div>","protected":false},"excerpt":{"rendered":"<ul>\n<li>Disque dur portable<\/li>\n<li>USB 3.0<\/li>\n<li>2,5 pouces<\/li>\n<li><span class=\"a-list-item\">Prend en charge les disques durs jusqu'\u00e0 6 To.<\/span><\/li>\n<li>MOQ:10PCS<\/li>\n<\/ul>","protected":false},"featured_media":23488,"comment_status":"open","ping_status":"closed","template":"","meta":{"_seopress_robots_primary_cat":"","_seopress_titles_title":"","_seopress_titles_desc":"","_seopress_robots_index":""},"class_list":["post-23485","product","type-product","status-publish","has-post-thumbnail","hentry","product_cat-portable-hard-drive"],"_links":{"self":[{"href":"https:\/\/www.yousanusb.com\/fr\/wp-json\/wp\/v2\/product\/23485"}],"collection":[{"href":"https:\/\/www.yousanusb.com\/fr\/wp-json\/wp\/v2\/product"}],"about":[{"href":"https:\/\/www.yousanusb.com\/fr\/wp-json\/wp\/v2\/types\/product"}],"replies":[{"embeddable":true,"href":"https:\/\/www.yousanusb.com\/fr\/wp-json\/wp\/v2\/comments?post=23485"}],"wp:featuredmedia":[{"embeddable":true,"href":"https:\/\/www.yousanusb.com\/fr\/wp-json\/wp\/v2\/media\/23488"}],"wp:attachment":[{"href":"https:\/\/www.yousanusb.com\/fr\/wp-json\/wp\/v2\/media?parent=23485"}],"curies":[{"name":"wp","href":"https:\/\/api.w.org\/{rel}","templated":true}]}}