{"id":23505,"date":"2025-11-05T12:49:58","date_gmt":"2025-11-05T12:49:58","guid":{"rendered":"https:\/\/www.yousanusb.com\/?post_type=product&#038;p=23505"},"modified":"2025-11-05T12:52:59","modified_gmt":"2025-11-05T12:52:59","slug":"rgb-cool-light-ultra-thin-alloy-high-speed-portable-hard-drive","status":"publish","type":"product","link":"https:\/\/www.yousanusb.com\/fr\/produit\/rgb-cool-light-ultra-thin-alloy-high-speed-portable-hard-drive\/","title":{"rendered":"Disque dur portable haute vitesse en alliage ultra-mince RGB Cool Light"},"content":{"rendered":"<div class=\"wp-block-columns is-layout-flex wp-container-core-columns-is-layout-1 wp-block-columns-is-layout-flex\">\n<div class=\"wp-block-column is-layout-flow wp-block-column-is-layout-flow\">\n<figure class=\"wp-block-image size-full\"><img fetchpriority=\"high\" decoding=\"async\" width=\"800\" height=\"800\" src=\"https:\/\/www.yousanusb.com\/wp-content\/uploads\/2025\/11\/2.5-Ultra-Slim-HDD-Storage.jpg\" alt=\"\" class=\"wp-image-23508\" srcset=\"https:\/\/www.yousanusb.com\/wp-content\/uploads\/2025\/11\/2.5-Ultra-Slim-HDD-Storage.jpg 800w, https:\/\/www.yousanusb.com\/wp-content\/uploads\/2025\/11\/2.5-Ultra-Slim-HDD-Storage-300x300.jpg 300w, https:\/\/www.yousanusb.com\/wp-content\/uploads\/2025\/11\/2.5-Ultra-Slim-HDD-Storage-150x150.jpg 150w, https:\/\/www.yousanusb.com\/wp-content\/uploads\/2025\/11\/2.5-Ultra-Slim-HDD-Storage-768x768.jpg 768w, https:\/\/www.yousanusb.com\/wp-content\/uploads\/2025\/11\/2.5-Ultra-Slim-HDD-Storage-12x12.jpg 12w, https:\/\/www.yousanusb.com\/wp-content\/uploads\/2025\/11\/2.5-Ultra-Slim-HDD-Storage-600x600.jpg 600w, https:\/\/www.yousanusb.com\/wp-content\/uploads\/2025\/11\/2.5-Ultra-Slim-HDD-Storage-100x100.jpg 100w\" sizes=\"(max-width: 800px) 100vw, 800px\" \/><\/figure>\n<\/div>\n\n\n\n<div class=\"wp-block-column is-vertically-aligned-center is-layout-flow wp-block-column-is-layout-flow\">\n<p>Enti\u00e8rement m\u00e9tallique, ce disque dur smart display RGB mesure 96,8 \u00d7 42,9 \u00d7 11,3 mm et p\u00e8se 48 g.<br><br>\u00c9quivalent infini des couleurs RVB.<br><br>Corps ultra-mince enti\u00e8rement m\u00e9tallique d'une \u00e9paisseur de 1,1 cm seulement, exceptionnellement robuste.<br><br>Affichage visuel intelligent par LED, les donn\u00e9es sont visibles d'un coup d'\u0153il.<br><br>Pr\u00eat \u00e0 l'emploi, enti\u00e8rement compatible.<\/p>\n<\/div>\n<\/div>\n\n\n\n<div class=\"wp-block-columns is-layout-flex wp-container-core-columns-is-layout-2 wp-block-columns-is-layout-flex\">\n<div class=\"wp-block-column is-vertically-aligned-center is-layout-flow wp-block-column-is-layout-flow\">\n<p>Effets lumineux RGB : L'\u00e9cran LED intelligent affiche toutes vos donn\u00e9es en un coup d'\u0153il, ajoutant une touche de style \u00e0 votre installation.<\/p>\n\n\n\n<p>Port USB 10 Gbps haute vitesse : b\u00e9n\u00e9ficiez de vitesses de transfert de donn\u00e9es fulgurantes pour une gestion efficace des fichiers.<\/p>\n<\/div>\n\n\n\n<div class=\"wp-block-column is-layout-flow wp-block-column-is-layout-flow\">\n<figure class=\"wp-block-image size-full\"><img decoding=\"async\" width=\"800\" height=\"900\" src=\"https:\/\/www.yousanusb.com\/wp-content\/uploads\/2025\/11\/high-speed-external-hard-drive-portable.jpg\" alt=\"\" class=\"wp-image-23510\" srcset=\"https:\/\/www.yousanusb.com\/wp-content\/uploads\/2025\/11\/high-speed-external-hard-drive-portable.jpg 800w, https:\/\/www.yousanusb.com\/wp-content\/uploads\/2025\/11\/high-speed-external-hard-drive-portable-267x300.jpg 267w, https:\/\/www.yousanusb.com\/wp-content\/uploads\/2025\/11\/high-speed-external-hard-drive-portable-768x864.jpg 768w, https:\/\/www.yousanusb.com\/wp-content\/uploads\/2025\/11\/high-speed-external-hard-drive-portable-11x12.jpg 11w, https:\/\/www.yousanusb.com\/wp-content\/uploads\/2025\/11\/high-speed-external-hard-drive-portable-600x675.jpg 600w\" sizes=\"(max-width: 800px) 100vw, 800px\" \/><\/figure>\n<\/div>\n<\/div>","protected":false},"excerpt":{"rendered":"<ul>\n<li>2TB NVME PCI-E<\/li>\n<li>Effet de lumi\u00e8re froide RVB<\/li>\n<li>Transmission \u00e0 haut d\u00e9bit de 10 Gbps<\/li>\n<li>Disque dur ultra-mince<\/li>\n<li>MOQ:10pcs<\/li>\n<\/ul>","protected":false},"featured_media":23512,"comment_status":"open","ping_status":"closed","template":"","meta":{"_seopress_robots_primary_cat":"","_seopress_titles_title":"","_seopress_titles_desc":"","_seopress_robots_index":""},"class_list":["post-23505","product","type-product","status-publish","has-post-thumbnail","hentry","product_cat-portable-hard-drive"],"_links":{"self":[{"href":"https:\/\/www.yousanusb.com\/fr\/wp-json\/wp\/v2\/product\/23505"}],"collection":[{"href":"https:\/\/www.yousanusb.com\/fr\/wp-json\/wp\/v2\/product"}],"about":[{"href":"https:\/\/www.yousanusb.com\/fr\/wp-json\/wp\/v2\/types\/product"}],"replies":[{"embeddable":true,"href":"https:\/\/www.yousanusb.com\/fr\/wp-json\/wp\/v2\/comments?post=23505"}],"wp:featuredmedia":[{"embeddable":true,"href":"https:\/\/www.yousanusb.com\/fr\/wp-json\/wp\/v2\/media\/23512"}],"wp:attachment":[{"href":"https:\/\/www.yousanusb.com\/fr\/wp-json\/wp\/v2\/media?parent=23505"}],"curies":[{"name":"wp","href":"https:\/\/api.w.org\/{rel}","templated":true}]}}