{"id":23520,"date":"2025-11-06T02:28:57","date_gmt":"2025-11-06T02:28:57","guid":{"rendered":"https:\/\/www.yousanusb.com\/?post_type=product&#038;p=23520"},"modified":"2025-11-06T06:36:16","modified_gmt":"2025-11-06T06:36:16","slug":"2-5-inch-sata-aluminum-alloy-rounded-corner-hard-drive","status":"publish","type":"product","link":"https:\/\/www.yousanusb.com\/fr\/produit\/2-5-inch-sata-aluminum-alloy-rounded-corner-hard-drive\/","title":{"rendered":"Disque dur SATA 2,5 pouces en alliage d'aluminium \u00e0 coins arrondis"},"content":{"rendered":"<p>Ce disque dur SATA de 2,5 pouces en alliage d'aluminium est dot\u00e9 d'un corps en alliage d'aluminium et d'un cadre interm\u00e9diaire en ABS. Il utilise une interface USB 3.0 vers SATA, prenant en charge les disques durs SATA de 4 To et les disques SSD. Le port USB 3.0 externe est r\u00e9trocompatible avec l'USB 2.0\/1.1. L'alimentation est assur\u00e9e directement par le c\u00e2ble USB, l'ensemble pesant 0,2 kg.<\/p>\n\n\n\n<div class=\"wp-block-columns is-layout-flex wp-container-core-columns-is-layout-1 wp-block-columns-is-layout-flex\">\n<div class=\"wp-block-column is-layout-flow wp-block-column-is-layout-flow\">\n<figure class=\"wp-block-image size-full\"><img fetchpriority=\"high\" decoding=\"async\" width=\"800\" height=\"800\" src=\"https:\/\/www.yousanusb.com\/wp-content\/uploads\/2025\/11\/black-2.5-inch-SATA-Aluminum-Alloy-Rounded-Corner-Solid-State-Drive.jpg\" alt=\"\" class=\"wp-image-23525\" srcset=\"https:\/\/www.yousanusb.com\/wp-content\/uploads\/2025\/11\/black-2.5-inch-SATA-Aluminum-Alloy-Rounded-Corner-Solid-State-Drive.jpg 800w, https:\/\/www.yousanusb.com\/wp-content\/uploads\/2025\/11\/black-2.5-inch-SATA-Aluminum-Alloy-Rounded-Corner-Solid-State-Drive-300x300.jpg 300w, https:\/\/www.yousanusb.com\/wp-content\/uploads\/2025\/11\/black-2.5-inch-SATA-Aluminum-Alloy-Rounded-Corner-Solid-State-Drive-150x150.jpg 150w, https:\/\/www.yousanusb.com\/wp-content\/uploads\/2025\/11\/black-2.5-inch-SATA-Aluminum-Alloy-Rounded-Corner-Solid-State-Drive-768x768.jpg 768w, https:\/\/www.yousanusb.com\/wp-content\/uploads\/2025\/11\/black-2.5-inch-SATA-Aluminum-Alloy-Rounded-Corner-Solid-State-Drive-12x12.jpg 12w, https:\/\/www.yousanusb.com\/wp-content\/uploads\/2025\/11\/black-2.5-inch-SATA-Aluminum-Alloy-Rounded-Corner-Solid-State-Drive-600x600.jpg 600w, https:\/\/www.yousanusb.com\/wp-content\/uploads\/2025\/11\/black-2.5-inch-SATA-Aluminum-Alloy-Rounded-Corner-Solid-State-Drive-100x100.jpg 100w\" sizes=\"(max-width: 800px) 100vw, 800px\" \/><\/figure>\n<\/div>\n\n\n\n<div class=\"wp-block-column is-layout-flow wp-block-column-is-layout-flow\">\n<figure class=\"wp-block-image size-full\"><img decoding=\"async\" width=\"800\" height=\"800\" src=\"https:\/\/www.yousanusb.com\/wp-content\/uploads\/2025\/11\/2.5-inch-SATA-Aluminum-Alloy-Rounded-Corner-Solid-State-Drive.jpg\" alt=\"\" class=\"wp-image-23524\" srcset=\"https:\/\/www.yousanusb.com\/wp-content\/uploads\/2025\/11\/2.5-inch-SATA-Aluminum-Alloy-Rounded-Corner-Solid-State-Drive.jpg 800w, https:\/\/www.yousanusb.com\/wp-content\/uploads\/2025\/11\/2.5-inch-SATA-Aluminum-Alloy-Rounded-Corner-Solid-State-Drive-300x300.jpg 300w, https:\/\/www.yousanusb.com\/wp-content\/uploads\/2025\/11\/2.5-inch-SATA-Aluminum-Alloy-Rounded-Corner-Solid-State-Drive-150x150.jpg 150w, https:\/\/www.yousanusb.com\/wp-content\/uploads\/2025\/11\/2.5-inch-SATA-Aluminum-Alloy-Rounded-Corner-Solid-State-Drive-768x768.jpg 768w, https:\/\/www.yousanusb.com\/wp-content\/uploads\/2025\/11\/2.5-inch-SATA-Aluminum-Alloy-Rounded-Corner-Solid-State-Drive-12x12.jpg 12w, https:\/\/www.yousanusb.com\/wp-content\/uploads\/2025\/11\/2.5-inch-SATA-Aluminum-Alloy-Rounded-Corner-Solid-State-Drive-600x600.jpg 600w, https:\/\/www.yousanusb.com\/wp-content\/uploads\/2025\/11\/2.5-inch-SATA-Aluminum-Alloy-Rounded-Corner-Solid-State-Drive-100x100.jpg 100w\" sizes=\"(max-width: 800px) 100vw, 800px\" \/><\/figure>\n<\/div>\n<\/div>\n\n\n\n<p>Le design g\u00e9n\u00e9ral pr\u00e9sente des coins arrondis et des courbes douces. Le panneau avant peut \u00eatre grav\u00e9 au laser avec un logo, tandis que le panneau arri\u00e8re peut contenir des sp\u00e9cifications et des informations sur la marque.<\/p>\n\n\n\n<p>Mat\u00e9riau : Alliage d'aluminium + cadre interm\u00e9diaire en ABS <\/p>\n\n\n\n<p>Dimensions : 12*8*1.5cm<\/p>\n\n\n\n<p>Emballage : C\u00e2ble USB 3.0 standard + \u00e9tui en cuir<\/p>\n\n\n\n<p>Couleurs : Blanc, rouge, bleu, noir<\/p>\n\n\n\n<p>Capacit\u00e9 prise en charge : 4 To (maximum)<\/p>\n\n\n\n<p>Vitesse de transfert : 6Gb\/s<\/p>\n\n\n\n<div class=\"wp-block-columns is-layout-flex wp-container-core-columns-is-layout-2 wp-block-columns-is-layout-flex\">\n<div class=\"wp-block-column is-layout-flow wp-block-column-is-layout-flow\">\n<figure class=\"wp-block-image size-full\"><img decoding=\"async\" width=\"800\" height=\"800\" src=\"https:\/\/www.yousanusb.com\/wp-content\/uploads\/2025\/11\/blue-2.5-inch-SATA-Aluminum-Alloy-Rounded-Corner-Solid-State-Drive.jpg\" alt=\"\" class=\"wp-image-23526\" srcset=\"https:\/\/www.yousanusb.com\/wp-content\/uploads\/2025\/11\/blue-2.5-inch-SATA-Aluminum-Alloy-Rounded-Corner-Solid-State-Drive.jpg 800w, https:\/\/www.yousanusb.com\/wp-content\/uploads\/2025\/11\/blue-2.5-inch-SATA-Aluminum-Alloy-Rounded-Corner-Solid-State-Drive-300x300.jpg 300w, https:\/\/www.yousanusb.com\/wp-content\/uploads\/2025\/11\/blue-2.5-inch-SATA-Aluminum-Alloy-Rounded-Corner-Solid-State-Drive-150x150.jpg 150w, https:\/\/www.yousanusb.com\/wp-content\/uploads\/2025\/11\/blue-2.5-inch-SATA-Aluminum-Alloy-Rounded-Corner-Solid-State-Drive-768x768.jpg 768w, https:\/\/www.yousanusb.com\/wp-content\/uploads\/2025\/11\/blue-2.5-inch-SATA-Aluminum-Alloy-Rounded-Corner-Solid-State-Drive-12x12.jpg 12w, https:\/\/www.yousanusb.com\/wp-content\/uploads\/2025\/11\/blue-2.5-inch-SATA-Aluminum-Alloy-Rounded-Corner-Solid-State-Drive-600x600.jpg 600w, https:\/\/www.yousanusb.com\/wp-content\/uploads\/2025\/11\/blue-2.5-inch-SATA-Aluminum-Alloy-Rounded-Corner-Solid-State-Drive-100x100.jpg 100w\" sizes=\"(max-width: 800px) 100vw, 800px\" \/><\/figure>\n<\/div>\n\n\n\n<div class=\"wp-block-column is-layout-flow wp-block-column-is-layout-flow\">\n<figure class=\"wp-block-image size-full\"><img loading=\"lazy\" decoding=\"async\" width=\"800\" height=\"800\" src=\"https:\/\/www.yousanusb.com\/wp-content\/uploads\/2025\/11\/red-2.5-inch-SATA-Aluminum-Alloy-Rounded-Corner-Solid-State-Drive.jpg\" alt=\"\" class=\"wp-image-23527\" srcset=\"https:\/\/www.yousanusb.com\/wp-content\/uploads\/2025\/11\/red-2.5-inch-SATA-Aluminum-Alloy-Rounded-Corner-Solid-State-Drive.jpg 800w, https:\/\/www.yousanusb.com\/wp-content\/uploads\/2025\/11\/red-2.5-inch-SATA-Aluminum-Alloy-Rounded-Corner-Solid-State-Drive-300x300.jpg 300w, https:\/\/www.yousanusb.com\/wp-content\/uploads\/2025\/11\/red-2.5-inch-SATA-Aluminum-Alloy-Rounded-Corner-Solid-State-Drive-150x150.jpg 150w, https:\/\/www.yousanusb.com\/wp-content\/uploads\/2025\/11\/red-2.5-inch-SATA-Aluminum-Alloy-Rounded-Corner-Solid-State-Drive-768x768.jpg 768w, https:\/\/www.yousanusb.com\/wp-content\/uploads\/2025\/11\/red-2.5-inch-SATA-Aluminum-Alloy-Rounded-Corner-Solid-State-Drive-12x12.jpg 12w, https:\/\/www.yousanusb.com\/wp-content\/uploads\/2025\/11\/red-2.5-inch-SATA-Aluminum-Alloy-Rounded-Corner-Solid-State-Drive-600x600.jpg 600w, https:\/\/www.yousanusb.com\/wp-content\/uploads\/2025\/11\/red-2.5-inch-SATA-Aluminum-Alloy-Rounded-Corner-Solid-State-Drive-100x100.jpg 100w\" sizes=\"(max-width: 800px) 100vw, 800px\" \/><\/figure>\n<\/div>\n\n\n\n<div class=\"wp-block-column is-layout-flow wp-block-column-is-layout-flow\">\n<figure class=\"wp-block-image size-full\"><img loading=\"lazy\" decoding=\"async\" width=\"800\" height=\"800\" src=\"https:\/\/www.yousanusb.com\/wp-content\/uploads\/2025\/11\/2.5-inch-SATA-Aluminum-Alloy-Rounded-Corner-Solid-State-Drive-wholesale.jpg\" alt=\"\" class=\"wp-image-23523\" srcset=\"https:\/\/www.yousanusb.com\/wp-content\/uploads\/2025\/11\/2.5-inch-SATA-Aluminum-Alloy-Rounded-Corner-Solid-State-Drive-wholesale.jpg 800w, https:\/\/www.yousanusb.com\/wp-content\/uploads\/2025\/11\/2.5-inch-SATA-Aluminum-Alloy-Rounded-Corner-Solid-State-Drive-wholesale-300x300.jpg 300w, https:\/\/www.yousanusb.com\/wp-content\/uploads\/2025\/11\/2.5-inch-SATA-Aluminum-Alloy-Rounded-Corner-Solid-State-Drive-wholesale-150x150.jpg 150w, https:\/\/www.yousanusb.com\/wp-content\/uploads\/2025\/11\/2.5-inch-SATA-Aluminum-Alloy-Rounded-Corner-Solid-State-Drive-wholesale-768x768.jpg 768w, https:\/\/www.yousanusb.com\/wp-content\/uploads\/2025\/11\/2.5-inch-SATA-Aluminum-Alloy-Rounded-Corner-Solid-State-Drive-wholesale-12x12.jpg 12w, https:\/\/www.yousanusb.com\/wp-content\/uploads\/2025\/11\/2.5-inch-SATA-Aluminum-Alloy-Rounded-Corner-Solid-State-Drive-wholesale-600x600.jpg 600w, https:\/\/www.yousanusb.com\/wp-content\/uploads\/2025\/11\/2.5-inch-SATA-Aluminum-Alloy-Rounded-Corner-Solid-State-Drive-wholesale-100x100.jpg 100w\" sizes=\"(max-width: 800px) 100vw, 800px\" \/><\/figure>\n<\/div>\n\n\n\n<div class=\"wp-block-column is-layout-flow wp-block-column-is-layout-flow\">\n<figure class=\"wp-block-image size-full\"><img loading=\"lazy\" decoding=\"async\" width=\"800\" height=\"800\" src=\"https:\/\/www.yousanusb.com\/wp-content\/uploads\/2025\/11\/siliver-2.5-inch-SATA-Aluminum-Alloy-Rounded-Corner-Solid-State-Drive.jpg\" alt=\"\" class=\"wp-image-23528\" srcset=\"https:\/\/www.yousanusb.com\/wp-content\/uploads\/2025\/11\/siliver-2.5-inch-SATA-Aluminum-Alloy-Rounded-Corner-Solid-State-Drive.jpg 800w, https:\/\/www.yousanusb.com\/wp-content\/uploads\/2025\/11\/siliver-2.5-inch-SATA-Aluminum-Alloy-Rounded-Corner-Solid-State-Drive-300x300.jpg 300w, https:\/\/www.yousanusb.com\/wp-content\/uploads\/2025\/11\/siliver-2.5-inch-SATA-Aluminum-Alloy-Rounded-Corner-Solid-State-Drive-150x150.jpg 150w, https:\/\/www.yousanusb.com\/wp-content\/uploads\/2025\/11\/siliver-2.5-inch-SATA-Aluminum-Alloy-Rounded-Corner-Solid-State-Drive-768x768.jpg 768w, https:\/\/www.yousanusb.com\/wp-content\/uploads\/2025\/11\/siliver-2.5-inch-SATA-Aluminum-Alloy-Rounded-Corner-Solid-State-Drive-12x12.jpg 12w, https:\/\/www.yousanusb.com\/wp-content\/uploads\/2025\/11\/siliver-2.5-inch-SATA-Aluminum-Alloy-Rounded-Corner-Solid-State-Drive-600x600.jpg 600w, https:\/\/www.yousanusb.com\/wp-content\/uploads\/2025\/11\/siliver-2.5-inch-SATA-Aluminum-Alloy-Rounded-Corner-Solid-State-Drive-100x100.jpg 100w\" sizes=\"(max-width: 800px) 100vw, 800px\" \/><\/figure>\n<\/div>\n<\/div>\n\n\n\n<p><\/p>","protected":false},"excerpt":{"rendered":"<ul>\n<li>2,5 pouces<\/li>\n<li>Interface SATA USB 3.0 vers SATA<\/li>\n<li>Alliage d'aluminium + cadre interm\u00e9diaire en ABS<\/li>\n<li>Blanc, rouge, bleu, noir<\/li>\n<li>Capacit\u00e9 prise en charge : 4 To (maximum)<\/li>\n<\/ul>","protected":false},"featured_media":23524,"comment_status":"open","ping_status":"closed","template":"","meta":{"_seopress_robots_primary_cat":"","_seopress_titles_title":"2.5-inch SATA Aluminum Alloy Rounded-Corner Hard Drive","_seopress_titles_desc":"This 2.5-inch SATA aluminum alloy Hard Drive features an aluminum alloy body with an ABS mid-frame. It utilizes a USB 3.0 to SATA interface, supporting 4TB SATA hard drives and SSDs. The external USB 3.0 port is backward compatible with USB 2.0\/1.1. Power is supplied directly via the USB cable, with the entire unit weighing 0.2kg.","_seopress_robots_index":""},"class_list":["post-23520","product","type-product","status-publish","has-post-thumbnail","hentry","product_cat-portable-hard-drive"],"_links":{"self":[{"href":"https:\/\/www.yousanusb.com\/fr\/wp-json\/wp\/v2\/product\/23520"}],"collection":[{"href":"https:\/\/www.yousanusb.com\/fr\/wp-json\/wp\/v2\/product"}],"about":[{"href":"https:\/\/www.yousanusb.com\/fr\/wp-json\/wp\/v2\/types\/product"}],"replies":[{"embeddable":true,"href":"https:\/\/www.yousanusb.com\/fr\/wp-json\/wp\/v2\/comments?post=23520"}],"wp:featuredmedia":[{"embeddable":true,"href":"https:\/\/www.yousanusb.com\/fr\/wp-json\/wp\/v2\/media\/23524"}],"wp:attachment":[{"href":"https:\/\/www.yousanusb.com\/fr\/wp-json\/wp\/v2\/media?parent=23520"}],"curies":[{"name":"wp","href":"https:\/\/api.w.org\/{rel}","templated":true}]}}