{"id":23529,"date":"2025-11-06T07:39:10","date_gmt":"2025-11-06T07:39:10","guid":{"rendered":"https:\/\/www.yousanusb.com\/?post_type=product&#038;p=23529"},"modified":"2025-11-06T08:56:00","modified_gmt":"2025-11-06T08:56:00","slug":"fan-cooled-nvme-m-2-ssd-portable-hard-drive","status":"publish","type":"product","link":"https:\/\/www.yousanusb.com\/fr\/produit\/fan-cooled-nvme-m-2-ssd-portable-hard-drive\/","title":{"rendered":"Disque dur portable NVMe M.2 SSD refroidi par ventilateur"},"content":{"rendered":"<p>Transfert \u00e0 grande vitesse 10\/20 Gbps avec bo\u00eetier en alliage d'aluminium R\u00e9alisez des transferts \u00e0 la vitesse de l'\u00e9clair pour des fichiers de 1 Go. Aliment\u00e9 par la puce de contr\u00f4leur RTL9210B, il offre des vitesses th\u00e9oriques de 10 Gbps avec des vitesses de lecture\/\u00e9criture r\u00e9elles atteignant environ 1000 Mo\/s. Le refroidissement \u00e0 double couche associe une coque en alliage d'aluminium \u00e0 un ventilateur interne, garantissant un transfert de donn\u00e9es \u00e0 grande vitesse et la s\u00e9curit\u00e9 du stockage tout en prolongeant la dur\u00e9e de vie du SSD.<\/p>\n\n\n\n<div class=\"wp-block-columns is-layout-flex wp-container-core-columns-is-layout-1 wp-block-columns-is-layout-flex\">\n<div class=\"wp-block-column is-layout-flow wp-block-column-is-layout-flow\">\n<figure class=\"wp-block-image size-full\"><img fetchpriority=\"high\" decoding=\"async\" width=\"800\" height=\"800\" src=\"https:\/\/www.yousanusb.com\/wp-content\/uploads\/2025\/11\/Fan-Cooled-NVMe-M.2-SSD-Portable-Hard-Drive-sku-1.jpg\" alt=\"\" class=\"wp-image-23537\" srcset=\"https:\/\/www.yousanusb.com\/wp-content\/uploads\/2025\/11\/Fan-Cooled-NVMe-M.2-SSD-Portable-Hard-Drive-sku-1.jpg 800w, https:\/\/www.yousanusb.com\/wp-content\/uploads\/2025\/11\/Fan-Cooled-NVMe-M.2-SSD-Portable-Hard-Drive-sku-1-300x300.jpg 300w, https:\/\/www.yousanusb.com\/wp-content\/uploads\/2025\/11\/Fan-Cooled-NVMe-M.2-SSD-Portable-Hard-Drive-sku-1-150x150.jpg 150w, https:\/\/www.yousanusb.com\/wp-content\/uploads\/2025\/11\/Fan-Cooled-NVMe-M.2-SSD-Portable-Hard-Drive-sku-1-768x768.jpg 768w, https:\/\/www.yousanusb.com\/wp-content\/uploads\/2025\/11\/Fan-Cooled-NVMe-M.2-SSD-Portable-Hard-Drive-sku-1-12x12.jpg 12w, https:\/\/www.yousanusb.com\/wp-content\/uploads\/2025\/11\/Fan-Cooled-NVMe-M.2-SSD-Portable-Hard-Drive-sku-1-600x600.jpg 600w, https:\/\/www.yousanusb.com\/wp-content\/uploads\/2025\/11\/Fan-Cooled-NVMe-M.2-SSD-Portable-Hard-Drive-sku-1-100x100.jpg 100w\" sizes=\"(max-width: 800px) 100vw, 800px\" \/><\/figure>\n<\/div>\n\n\n\n<div class=\"wp-block-column is-layout-flow wp-block-column-is-layout-flow\">\n<figure class=\"wp-block-image size-full\"><img decoding=\"async\" width=\"800\" height=\"800\" src=\"https:\/\/www.yousanusb.com\/wp-content\/uploads\/2025\/11\/Fan-Cooled-NVMe-M.2-SSD-Portable-Hard-Drive-sku-4.jpg\" alt=\"\" class=\"wp-image-23540\" srcset=\"https:\/\/www.yousanusb.com\/wp-content\/uploads\/2025\/11\/Fan-Cooled-NVMe-M.2-SSD-Portable-Hard-Drive-sku-4.jpg 800w, https:\/\/www.yousanusb.com\/wp-content\/uploads\/2025\/11\/Fan-Cooled-NVMe-M.2-SSD-Portable-Hard-Drive-sku-4-300x300.jpg 300w, https:\/\/www.yousanusb.com\/wp-content\/uploads\/2025\/11\/Fan-Cooled-NVMe-M.2-SSD-Portable-Hard-Drive-sku-4-150x150.jpg 150w, https:\/\/www.yousanusb.com\/wp-content\/uploads\/2025\/11\/Fan-Cooled-NVMe-M.2-SSD-Portable-Hard-Drive-sku-4-768x768.jpg 768w, https:\/\/www.yousanusb.com\/wp-content\/uploads\/2025\/11\/Fan-Cooled-NVMe-M.2-SSD-Portable-Hard-Drive-sku-4-12x12.jpg 12w, https:\/\/www.yousanusb.com\/wp-content\/uploads\/2025\/11\/Fan-Cooled-NVMe-M.2-SSD-Portable-Hard-Drive-sku-4-600x600.jpg 600w, https:\/\/www.yousanusb.com\/wp-content\/uploads\/2025\/11\/Fan-Cooled-NVMe-M.2-SSD-Portable-Hard-Drive-sku-4-100x100.jpg 100w\" sizes=\"(max-width: 800px) 100vw, 800px\" \/><\/figure>\n<\/div>\n<\/div>\n\n\n\n<div class=\"wp-block-columns is-layout-flex wp-container-core-columns-is-layout-2 wp-block-columns-is-layout-flex\">\n<div class=\"wp-block-column is-layout-flow wp-block-column-is-layout-flow\">\n<figure class=\"wp-block-image size-full\"><img decoding=\"async\" width=\"800\" height=\"800\" src=\"https:\/\/www.yousanusb.com\/wp-content\/uploads\/2025\/11\/Fan-Cooled-NVMe-M.2-SSD-Portable-Hard-Drive-sku-3.jpg\" alt=\"\" class=\"wp-image-23539\" srcset=\"https:\/\/www.yousanusb.com\/wp-content\/uploads\/2025\/11\/Fan-Cooled-NVMe-M.2-SSD-Portable-Hard-Drive-sku-3.jpg 800w, https:\/\/www.yousanusb.com\/wp-content\/uploads\/2025\/11\/Fan-Cooled-NVMe-M.2-SSD-Portable-Hard-Drive-sku-3-300x300.jpg 300w, https:\/\/www.yousanusb.com\/wp-content\/uploads\/2025\/11\/Fan-Cooled-NVMe-M.2-SSD-Portable-Hard-Drive-sku-3-150x150.jpg 150w, https:\/\/www.yousanusb.com\/wp-content\/uploads\/2025\/11\/Fan-Cooled-NVMe-M.2-SSD-Portable-Hard-Drive-sku-3-768x768.jpg 768w, https:\/\/www.yousanusb.com\/wp-content\/uploads\/2025\/11\/Fan-Cooled-NVMe-M.2-SSD-Portable-Hard-Drive-sku-3-12x12.jpg 12w, https:\/\/www.yousanusb.com\/wp-content\/uploads\/2025\/11\/Fan-Cooled-NVMe-M.2-SSD-Portable-Hard-Drive-sku-3-600x600.jpg 600w, https:\/\/www.yousanusb.com\/wp-content\/uploads\/2025\/11\/Fan-Cooled-NVMe-M.2-SSD-Portable-Hard-Drive-sku-3-100x100.jpg 100w\" sizes=\"(max-width: 800px) 100vw, 800px\" \/><\/figure>\n<\/div>\n\n\n\n<div class=\"wp-block-column is-layout-flow wp-block-column-is-layout-flow\">\n<figure class=\"wp-block-image size-full\"><img loading=\"lazy\" decoding=\"async\" width=\"800\" height=\"800\" src=\"https:\/\/www.yousanusb.com\/wp-content\/uploads\/2025\/11\/Fan-Cooled-NVMe-M.2-SSD-Portable-Hard-Drive-sku-2.jpg\" alt=\"\" class=\"wp-image-23538\" srcset=\"https:\/\/www.yousanusb.com\/wp-content\/uploads\/2025\/11\/Fan-Cooled-NVMe-M.2-SSD-Portable-Hard-Drive-sku-2.jpg 800w, https:\/\/www.yousanusb.com\/wp-content\/uploads\/2025\/11\/Fan-Cooled-NVMe-M.2-SSD-Portable-Hard-Drive-sku-2-300x300.jpg 300w, https:\/\/www.yousanusb.com\/wp-content\/uploads\/2025\/11\/Fan-Cooled-NVMe-M.2-SSD-Portable-Hard-Drive-sku-2-150x150.jpg 150w, https:\/\/www.yousanusb.com\/wp-content\/uploads\/2025\/11\/Fan-Cooled-NVMe-M.2-SSD-Portable-Hard-Drive-sku-2-768x768.jpg 768w, https:\/\/www.yousanusb.com\/wp-content\/uploads\/2025\/11\/Fan-Cooled-NVMe-M.2-SSD-Portable-Hard-Drive-sku-2-12x12.jpg 12w, https:\/\/www.yousanusb.com\/wp-content\/uploads\/2025\/11\/Fan-Cooled-NVMe-M.2-SSD-Portable-Hard-Drive-sku-2-600x600.jpg 600w, https:\/\/www.yousanusb.com\/wp-content\/uploads\/2025\/11\/Fan-Cooled-NVMe-M.2-SSD-Portable-Hard-Drive-sku-2-100x100.jpg 100w\" sizes=\"(max-width: 800px) 100vw, 800px\" \/><\/figure>\n<\/div>\n<\/div>\n\n\n\n<p>Protection contre les chutes<\/p>\n\n\n\n<p>La coque en alliage d'aluminium et le cadre int\u00e9rieur en ABS avec conception anti-chocs emp\u00eachent le glissement en cas de chute et prot\u00e8gent le lecteur.<\/p>\n\n\n\n<p>Interface interne : M.2 (cl\u00e9 M)<\/p>\n\n\n\n<p>Couleur du produit : Noir\/Gris<\/p>\n\n\n\n<p>Mat\u00e9riau du produit : Coque en alliage d'aluminium, cadre central en ABS Vitesse de transfert : 10Gbps\/20Gbps double versions Disques support\u00e9s : M.2 SSD 2242\/2260\/2280<\/p>\n\n\n\n<p>Interface USB : Type-C<\/p>\n\n\n\n<p>Syst\u00e8mes pris en charge : Mac\/Linux\/Windows<\/p>\n\n\n\n<p>Capacit\u00e9 prise en charge : 10 To<\/p>\n\n\n\n<p>Vitesse de transfert : 20Gbps<\/p>\n\n\n\n<p>Mat\u00e9riau : Alliage d'aluminium + ABS<\/p>\n\n\n\n<div class=\"wp-block-columns is-layout-flex wp-container-core-columns-is-layout-3 wp-block-columns-is-layout-flex\">\n<div class=\"wp-block-column is-layout-flow wp-block-column-is-layout-flow\">\n<figure class=\"wp-block-image size-full\"><img loading=\"lazy\" decoding=\"async\" width=\"790\" height=\"900\" src=\"https:\/\/www.yousanusb.com\/wp-content\/uploads\/2025\/11\/Fan-Cooled-NVMe-M.2-SSD-Portable-Hard-Drive-use.jpg\" alt=\"\" class=\"wp-image-23534\" srcset=\"https:\/\/www.yousanusb.com\/wp-content\/uploads\/2025\/11\/Fan-Cooled-NVMe-M.2-SSD-Portable-Hard-Drive-use.jpg 790w, https:\/\/www.yousanusb.com\/wp-content\/uploads\/2025\/11\/Fan-Cooled-NVMe-M.2-SSD-Portable-Hard-Drive-use-263x300.jpg 263w, https:\/\/www.yousanusb.com\/wp-content\/uploads\/2025\/11\/Fan-Cooled-NVMe-M.2-SSD-Portable-Hard-Drive-use-768x875.jpg 768w, https:\/\/www.yousanusb.com\/wp-content\/uploads\/2025\/11\/Fan-Cooled-NVMe-M.2-SSD-Portable-Hard-Drive-use-11x12.jpg 11w, https:\/\/www.yousanusb.com\/wp-content\/uploads\/2025\/11\/Fan-Cooled-NVMe-M.2-SSD-Portable-Hard-Drive-use-600x684.jpg 600w\" sizes=\"(max-width: 790px) 100vw, 790px\" \/><\/figure>\n<\/div>\n\n\n\n<div class=\"wp-block-column is-layout-flow wp-block-column-is-layout-flow\">\n<figure class=\"wp-block-image size-full\"><img loading=\"lazy\" decoding=\"async\" width=\"790\" height=\"900\" src=\"https:\/\/www.yousanusb.com\/wp-content\/uploads\/2025\/11\/Fan-Cooled-NVMe-M.2-SSD-Portable-Hard-Drive-speed.jpg\" alt=\"\" class=\"wp-image-23533\" srcset=\"https:\/\/www.yousanusb.com\/wp-content\/uploads\/2025\/11\/Fan-Cooled-NVMe-M.2-SSD-Portable-Hard-Drive-speed.jpg 790w, https:\/\/www.yousanusb.com\/wp-content\/uploads\/2025\/11\/Fan-Cooled-NVMe-M.2-SSD-Portable-Hard-Drive-speed-263x300.jpg 263w, https:\/\/www.yousanusb.com\/wp-content\/uploads\/2025\/11\/Fan-Cooled-NVMe-M.2-SSD-Portable-Hard-Drive-speed-768x875.jpg 768w, https:\/\/www.yousanusb.com\/wp-content\/uploads\/2025\/11\/Fan-Cooled-NVMe-M.2-SSD-Portable-Hard-Drive-speed-11x12.jpg 11w, https:\/\/www.yousanusb.com\/wp-content\/uploads\/2025\/11\/Fan-Cooled-NVMe-M.2-SSD-Portable-Hard-Drive-speed-600x684.jpg 600w\" sizes=\"(max-width: 790px) 100vw, 790px\" \/><\/figure>\n<\/div>\n<\/div>\n\n\n\n<div class=\"wp-block-columns is-layout-flex wp-container-core-columns-is-layout-4 wp-block-columns-is-layout-flex\">\n<div class=\"wp-block-column is-layout-flow wp-block-column-is-layout-flow\">\n<figure class=\"wp-block-image size-full\"><img loading=\"lazy\" decoding=\"async\" width=\"790\" height=\"900\" src=\"https:\/\/www.yousanusb.com\/wp-content\/uploads\/2025\/11\/Fan-Cooled-NVMe-M.2-SSD-Portable-Hard-Drive-in-computer.jpg\" alt=\"\" class=\"wp-image-23532\" srcset=\"https:\/\/www.yousanusb.com\/wp-content\/uploads\/2025\/11\/Fan-Cooled-NVMe-M.2-SSD-Portable-Hard-Drive-in-computer.jpg 790w, https:\/\/www.yousanusb.com\/wp-content\/uploads\/2025\/11\/Fan-Cooled-NVMe-M.2-SSD-Portable-Hard-Drive-in-computer-263x300.jpg 263w, https:\/\/www.yousanusb.com\/wp-content\/uploads\/2025\/11\/Fan-Cooled-NVMe-M.2-SSD-Portable-Hard-Drive-in-computer-768x875.jpg 768w, https:\/\/www.yousanusb.com\/wp-content\/uploads\/2025\/11\/Fan-Cooled-NVMe-M.2-SSD-Portable-Hard-Drive-in-computer-11x12.jpg 11w, https:\/\/www.yousanusb.com\/wp-content\/uploads\/2025\/11\/Fan-Cooled-NVMe-M.2-SSD-Portable-Hard-Drive-in-computer-600x684.jpg 600w\" sizes=\"(max-width: 790px) 100vw, 790px\" \/><\/figure>\n<\/div>\n\n\n\n<div class=\"wp-block-column is-layout-flow wp-block-column-is-layout-flow\">\n<figure class=\"wp-block-image size-full\"><img loading=\"lazy\" decoding=\"async\" width=\"758\" height=\"844\" src=\"https:\/\/www.yousanusb.com\/wp-content\/uploads\/2025\/11\/Fan-Cooled-NVMe-M.2-SSD-Portable-Hard-Drive.jpg\" alt=\"\" class=\"wp-image-23535\" srcset=\"https:\/\/www.yousanusb.com\/wp-content\/uploads\/2025\/11\/Fan-Cooled-NVMe-M.2-SSD-Portable-Hard-Drive.jpg 758w, https:\/\/www.yousanusb.com\/wp-content\/uploads\/2025\/11\/Fan-Cooled-NVMe-M.2-SSD-Portable-Hard-Drive-269x300.jpg 269w, https:\/\/www.yousanusb.com\/wp-content\/uploads\/2025\/11\/Fan-Cooled-NVMe-M.2-SSD-Portable-Hard-Drive-11x12.jpg 11w, https:\/\/www.yousanusb.com\/wp-content\/uploads\/2025\/11\/Fan-Cooled-NVMe-M.2-SSD-Portable-Hard-Drive-600x668.jpg 600w\" sizes=\"(max-width: 758px) 100vw, 758px\" \/><\/figure>\n<\/div>\n<\/div>\n\n\n\n<p><\/p>","protected":false},"excerpt":{"rendered":"<p>Mat\u00e9riau : Alliage d'aluminium + ABS<br \/>\nInterface interne : M.2 (cl\u00e9 M)<br \/>\nCouleur du produit : Noir\/Gris<br \/>\nInterface USB : Type-C<br \/>\nSyst\u00e8mes pris en charge : Mac\/Linux\/Windows<br \/>\nCapacit\u00e9 prise en charge : 10 To<br \/>\nVitesse de transfert : 20Gbps<\/p>","protected":false},"featured_media":23536,"comment_status":"open","ping_status":"closed","template":"","meta":{"_seopress_robots_primary_cat":"","_seopress_titles_title":"Fan-Cooled NVMe M.2 SSD Portable Hard Drive","_seopress_titles_desc":"10\/20Gbps High-Speed Transfer with Aluminum Alloy Housing Achieve lightning-fast transfers for 1GB files. Powered by the RTL9210B controller chip, it delivers theoretical 10Gbps speeds with real-world read\/write speeds reaching approximately 1000MB\/s.","_seopress_robots_index":""},"class_list":["post-23529","product","type-product","status-publish","has-post-thumbnail","hentry","product_cat-portable-hard-drive"],"_links":{"self":[{"href":"https:\/\/www.yousanusb.com\/fr\/wp-json\/wp\/v2\/product\/23529"}],"collection":[{"href":"https:\/\/www.yousanusb.com\/fr\/wp-json\/wp\/v2\/product"}],"about":[{"href":"https:\/\/www.yousanusb.com\/fr\/wp-json\/wp\/v2\/types\/product"}],"replies":[{"embeddable":true,"href":"https:\/\/www.yousanusb.com\/fr\/wp-json\/wp\/v2\/comments?post=23529"}],"wp:featuredmedia":[{"embeddable":true,"href":"https:\/\/www.yousanusb.com\/fr\/wp-json\/wp\/v2\/media\/23536"}],"wp:attachment":[{"href":"https:\/\/www.yousanusb.com\/fr\/wp-json\/wp\/v2\/media?parent=23529"}],"curies":[{"name":"wp","href":"https:\/\/api.w.org\/{rel}","templated":true}]}}