{"id":23542,"date":"2025-11-06T09:18:58","date_gmt":"2025-11-06T09:18:58","guid":{"rendered":"https:\/\/www.yousanusb.com\/?post_type=product&#038;p=23542"},"modified":"2025-11-06T09:35:06","modified_gmt":"2025-11-06T09:35:06","slug":"usb-3-0-external-hard-drive-for-desktop-computers-3-5-inch-usb-to-sata-adapter","status":"publish","type":"product","link":"https:\/\/www.yousanusb.com\/fr\/produit\/usb-3-0-external-hard-drive-for-desktop-computers-3-5-inch-usb-to-sata-adapter\/","title":{"rendered":"Disque dur externe USB 3.0 pour ordinateurs de bureau Adaptateur USB 3,5 pouces vers SATA"},"content":{"rendered":"<p>Cette banque d'alimentation portable standard est dot\u00e9e d'un bo\u00eetier en plastique et d'un port USB 3.0. Utilisant le protocole USB-SATA \u00e0 grande vitesse, il offre des vitesses de lecture\/\u00e9criture bien sup\u00e9rieures \u00e0 celles des interfaces traditionnelles. Les fichiers volumineux et les vid\u00e9os HD sont transf\u00e9r\u00e9s en quelques secondes. Disponible en plusieurs capacit\u00e9s jusqu'\u00e0 10 To, il fonctionne non seulement comme un disque dur portable, mais aussi pour les ordinateurs de bureau.<\/p>\n\n\n\n<div class=\"wp-block-columns is-layout-flex wp-container-core-columns-is-layout-1 wp-block-columns-is-layout-flex\">\n<div class=\"wp-block-column is-layout-flow wp-block-column-is-layout-flow\">\n<figure class=\"wp-block-image size-full\"><img fetchpriority=\"high\" decoding=\"async\" width=\"800\" height=\"800\" src=\"https:\/\/www.yousanusb.com\/wp-content\/uploads\/2025\/11\/black-USB-3.0-External-Hard-Drive-for-Desktop-Computers-3.5-inch-USB-to-SATA-Adapter.jpg\" alt=\"\" class=\"wp-image-23545\" srcset=\"https:\/\/www.yousanusb.com\/wp-content\/uploads\/2025\/11\/black-USB-3.0-External-Hard-Drive-for-Desktop-Computers-3.5-inch-USB-to-SATA-Adapter.jpg 800w, https:\/\/www.yousanusb.com\/wp-content\/uploads\/2025\/11\/black-USB-3.0-External-Hard-Drive-for-Desktop-Computers-3.5-inch-USB-to-SATA-Adapter-300x300.jpg 300w, https:\/\/www.yousanusb.com\/wp-content\/uploads\/2025\/11\/black-USB-3.0-External-Hard-Drive-for-Desktop-Computers-3.5-inch-USB-to-SATA-Adapter-150x150.jpg 150w, https:\/\/www.yousanusb.com\/wp-content\/uploads\/2025\/11\/black-USB-3.0-External-Hard-Drive-for-Desktop-Computers-3.5-inch-USB-to-SATA-Adapter-768x768.jpg 768w, https:\/\/www.yousanusb.com\/wp-content\/uploads\/2025\/11\/black-USB-3.0-External-Hard-Drive-for-Desktop-Computers-3.5-inch-USB-to-SATA-Adapter-12x12.jpg 12w, https:\/\/www.yousanusb.com\/wp-content\/uploads\/2025\/11\/black-USB-3.0-External-Hard-Drive-for-Desktop-Computers-3.5-inch-USB-to-SATA-Adapter-600x600.jpg 600w, https:\/\/www.yousanusb.com\/wp-content\/uploads\/2025\/11\/black-USB-3.0-External-Hard-Drive-for-Desktop-Computers-3.5-inch-USB-to-SATA-Adapter-100x100.jpg 100w\" sizes=\"(max-width: 800px) 100vw, 800px\" \/><\/figure>\n<\/div>\n\n\n\n<div class=\"wp-block-column is-layout-flow wp-block-column-is-layout-flow\">\n<figure class=\"wp-block-image size-full\"><img decoding=\"async\" width=\"800\" height=\"800\" src=\"https:\/\/www.yousanusb.com\/wp-content\/uploads\/2025\/11\/bulk-USB-3.0-External-Hard-Drive-for-Desktop-Computers-3.5-inch-USB-to-SATA-Adapter.jpg\" alt=\"\" class=\"wp-image-23546\" srcset=\"https:\/\/www.yousanusb.com\/wp-content\/uploads\/2025\/11\/bulk-USB-3.0-External-Hard-Drive-for-Desktop-Computers-3.5-inch-USB-to-SATA-Adapter.jpg 800w, https:\/\/www.yousanusb.com\/wp-content\/uploads\/2025\/11\/bulk-USB-3.0-External-Hard-Drive-for-Desktop-Computers-3.5-inch-USB-to-SATA-Adapter-300x300.jpg 300w, https:\/\/www.yousanusb.com\/wp-content\/uploads\/2025\/11\/bulk-USB-3.0-External-Hard-Drive-for-Desktop-Computers-3.5-inch-USB-to-SATA-Adapter-150x150.jpg 150w, https:\/\/www.yousanusb.com\/wp-content\/uploads\/2025\/11\/bulk-USB-3.0-External-Hard-Drive-for-Desktop-Computers-3.5-inch-USB-to-SATA-Adapter-768x768.jpg 768w, https:\/\/www.yousanusb.com\/wp-content\/uploads\/2025\/11\/bulk-USB-3.0-External-Hard-Drive-for-Desktop-Computers-3.5-inch-USB-to-SATA-Adapter-12x12.jpg 12w, https:\/\/www.yousanusb.com\/wp-content\/uploads\/2025\/11\/bulk-USB-3.0-External-Hard-Drive-for-Desktop-Computers-3.5-inch-USB-to-SATA-Adapter-600x600.jpg 600w, https:\/\/www.yousanusb.com\/wp-content\/uploads\/2025\/11\/bulk-USB-3.0-External-Hard-Drive-for-Desktop-Computers-3.5-inch-USB-to-SATA-Adapter-100x100.jpg 100w\" sizes=\"(max-width: 800px) 100vw, 800px\" \/><\/figure>\n<\/div>\n<\/div>\n\n\n\n<p>Capacit\u00e9 prise en charge : disques durs m\u00e9caniques de bureau \u00e0 interface SATA de 10 To<\/p>\n\n\n\n<p>Interface externe : USB 3.0 (r\u00e9trocompatible avec USB 2.0\/1.1)<\/p>\n\n\n\n<p>Vitesse de transfert : 6Gbps<\/p>\n\n\n\n<p>Alimentation \u00e9lectrique : Entr\u00e9e 110-220V 50-60Hz, Sortie 12V 2A<\/p>\n\n\n\n<p>Mat\u00e9riau principal : Structure du corps en alliage d'aluminium pour une meilleure dissipation de la chaleur et une protection robuste des donn\u00e9es du disque dur.<\/p>\n\n\n\n<p>Couleur du produit : noir \/ personnalisable<\/p>\n\n\n\n<p>Disques compatibles : Disques durs de bureau SATA de 3,5 pouces<\/p>\n\n\n\n<p>Dimensions : 195 x 112 x 34 mm<\/p>\n\n\n\n<p>Poids total : 193g<\/p>\n\n\n\n<div class=\"wp-block-columns is-layout-flex wp-container-core-columns-is-layout-2 wp-block-columns-is-layout-flex\">\n<div class=\"wp-block-column is-layout-flow wp-block-column-is-layout-flow\">\n<figure class=\"wp-block-image size-full\"><img decoding=\"async\" width=\"800\" height=\"800\" src=\"https:\/\/www.yousanusb.com\/wp-content\/uploads\/2025\/11\/USB-3.0-External-Hard-Drive-for-Desktop-Computers-3.5-inch-USB-to-SATA-Adapter.jpg\" alt=\"\" class=\"wp-image-23548\" srcset=\"https:\/\/www.yousanusb.com\/wp-content\/uploads\/2025\/11\/USB-3.0-External-Hard-Drive-for-Desktop-Computers-3.5-inch-USB-to-SATA-Adapter.jpg 800w, https:\/\/www.yousanusb.com\/wp-content\/uploads\/2025\/11\/USB-3.0-External-Hard-Drive-for-Desktop-Computers-3.5-inch-USB-to-SATA-Adapter-300x300.jpg 300w, https:\/\/www.yousanusb.com\/wp-content\/uploads\/2025\/11\/USB-3.0-External-Hard-Drive-for-Desktop-Computers-3.5-inch-USB-to-SATA-Adapter-150x150.jpg 150w, https:\/\/www.yousanusb.com\/wp-content\/uploads\/2025\/11\/USB-3.0-External-Hard-Drive-for-Desktop-Computers-3.5-inch-USB-to-SATA-Adapter-768x768.jpg 768w, https:\/\/www.yousanusb.com\/wp-content\/uploads\/2025\/11\/USB-3.0-External-Hard-Drive-for-Desktop-Computers-3.5-inch-USB-to-SATA-Adapter-12x12.jpg 12w, https:\/\/www.yousanusb.com\/wp-content\/uploads\/2025\/11\/USB-3.0-External-Hard-Drive-for-Desktop-Computers-3.5-inch-USB-to-SATA-Adapter-600x600.jpg 600w, https:\/\/www.yousanusb.com\/wp-content\/uploads\/2025\/11\/USB-3.0-External-Hard-Drive-for-Desktop-Computers-3.5-inch-USB-to-SATA-Adapter-100x100.jpg 100w\" sizes=\"(max-width: 800px) 100vw, 800px\" \/><\/figure>\n<\/div>\n\n\n\n<div class=\"wp-block-column is-layout-flow wp-block-column-is-layout-flow\">\n<figure class=\"wp-block-image size-full\"><img loading=\"lazy\" decoding=\"async\" width=\"800\" height=\"800\" src=\"https:\/\/www.yousanusb.com\/wp-content\/uploads\/2025\/11\/USB-3.0-External-Hard-Drive-for-Desktop-Computers-3.5-inch-USB-to-SATA-Adapter-wholesale.jpg\" alt=\"\" class=\"wp-image-23547\" srcset=\"https:\/\/www.yousanusb.com\/wp-content\/uploads\/2025\/11\/USB-3.0-External-Hard-Drive-for-Desktop-Computers-3.5-inch-USB-to-SATA-Adapter-wholesale.jpg 800w, https:\/\/www.yousanusb.com\/wp-content\/uploads\/2025\/11\/USB-3.0-External-Hard-Drive-for-Desktop-Computers-3.5-inch-USB-to-SATA-Adapter-wholesale-300x300.jpg 300w, https:\/\/www.yousanusb.com\/wp-content\/uploads\/2025\/11\/USB-3.0-External-Hard-Drive-for-Desktop-Computers-3.5-inch-USB-to-SATA-Adapter-wholesale-150x150.jpg 150w, https:\/\/www.yousanusb.com\/wp-content\/uploads\/2025\/11\/USB-3.0-External-Hard-Drive-for-Desktop-Computers-3.5-inch-USB-to-SATA-Adapter-wholesale-768x768.jpg 768w, https:\/\/www.yousanusb.com\/wp-content\/uploads\/2025\/11\/USB-3.0-External-Hard-Drive-for-Desktop-Computers-3.5-inch-USB-to-SATA-Adapter-wholesale-12x12.jpg 12w, https:\/\/www.yousanusb.com\/wp-content\/uploads\/2025\/11\/USB-3.0-External-Hard-Drive-for-Desktop-Computers-3.5-inch-USB-to-SATA-Adapter-wholesale-600x600.jpg 600w, https:\/\/www.yousanusb.com\/wp-content\/uploads\/2025\/11\/USB-3.0-External-Hard-Drive-for-Desktop-Computers-3.5-inch-USB-to-SATA-Adapter-wholesale-100x100.jpg 100w\" sizes=\"(max-width: 800px) 100vw, 800px\" \/><\/figure>\n<\/div>\n<\/div>","protected":false},"excerpt":{"rendered":"<p>Interface externe : USB 3.0 (r\u00e9trocompatible avec USB 2.0\/1.1)<br \/>\nVitesse de transfert : 6Gbps<br \/>\nAlimentation \u00e9lectrique : Entr\u00e9e 110-220V 50-60Hz, Sortie 12V 2A<br \/>\nMat\u00e9riau principal : Structure du corps en alliage d'aluminium pour une meilleure dissipation de la chaleur et une protection robuste des donn\u00e9es du disque dur.<br \/>\nCouleur du produit : noir \/ personnalisable<br \/>\nDisques compatibles : Disques durs de bureau SATA de 3,5 pouces<\/p>","protected":false},"featured_media":23545,"comment_status":"open","ping_status":"closed","template":"","meta":{"_seopress_robots_primary_cat":"","_seopress_titles_title":"USB 3.0 External Hard Drive for Desktop Computers 3.5-inch USB to SATA Adapter","_seopress_titles_desc":"This standard portable power bank features a plastic casing with a USB 3.0 port. Utilizing the USB-to-SATA high-speed protocol, it delivers read\/write speeds far exceeding traditional interfaces.","_seopress_robots_index":""},"class_list":["post-23542","product","type-product","status-publish","has-post-thumbnail","hentry","product_cat-portable-hard-drive"],"_links":{"self":[{"href":"https:\/\/www.yousanusb.com\/fr\/wp-json\/wp\/v2\/product\/23542"}],"collection":[{"href":"https:\/\/www.yousanusb.com\/fr\/wp-json\/wp\/v2\/product"}],"about":[{"href":"https:\/\/www.yousanusb.com\/fr\/wp-json\/wp\/v2\/types\/product"}],"replies":[{"embeddable":true,"href":"https:\/\/www.yousanusb.com\/fr\/wp-json\/wp\/v2\/comments?post=23542"}],"wp:featuredmedia":[{"embeddable":true,"href":"https:\/\/www.yousanusb.com\/fr\/wp-json\/wp\/v2\/media\/23545"}],"wp:attachment":[{"href":"https:\/\/www.yousanusb.com\/fr\/wp-json\/wp\/v2\/media?parent=23542"}],"curies":[{"name":"wp","href":"https:\/\/api.w.org\/{rel}","templated":true}]}}