{"id":23557,"date":"2025-11-07T06:22:21","date_gmt":"2025-11-07T06:22:21","guid":{"rendered":"https:\/\/www.yousanusb.com\/?post_type=product&#038;p=23557"},"modified":"2025-11-07T14:40:41","modified_gmt":"2025-11-07T14:40:41","slug":"2-5-inch-brushed-finish-portable-hard-drive-usb-3-1","status":"publish","type":"product","link":"https:\/\/www.yousanusb.com\/fr\/produit\/2-5-inch-brushed-finish-portable-hard-drive-usb-3-1\/","title":{"rendered":"Disque dur portable de 2,5 pouces \u00e0 finition bross\u00e9e USB 3.1"},"content":{"rendered":"<div class=\"wp-block-columns is-layout-flex wp-container-core-columns-is-layout-1 wp-block-columns-is-layout-flex\">\n<div class=\"wp-block-column is-layout-flow wp-block-column-is-layout-flow\">\n<figure class=\"wp-block-image size-full\"><img fetchpriority=\"high\" decoding=\"async\" width=\"800\" height=\"800\" src=\"https:\/\/www.yousanusb.com\/wp-content\/uploads\/2025\/11\/Portable-2.5-Hard-Drive.jpg\" alt=\"\" class=\"wp-image-23564\" srcset=\"https:\/\/www.yousanusb.com\/wp-content\/uploads\/2025\/11\/Portable-2.5-Hard-Drive.jpg 800w, https:\/\/www.yousanusb.com\/wp-content\/uploads\/2025\/11\/Portable-2.5-Hard-Drive-300x300.jpg 300w, https:\/\/www.yousanusb.com\/wp-content\/uploads\/2025\/11\/Portable-2.5-Hard-Drive-150x150.jpg 150w, https:\/\/www.yousanusb.com\/wp-content\/uploads\/2025\/11\/Portable-2.5-Hard-Drive-768x768.jpg 768w, https:\/\/www.yousanusb.com\/wp-content\/uploads\/2025\/11\/Portable-2.5-Hard-Drive-12x12.jpg 12w, https:\/\/www.yousanusb.com\/wp-content\/uploads\/2025\/11\/Portable-2.5-Hard-Drive-600x600.jpg 600w, https:\/\/www.yousanusb.com\/wp-content\/uploads\/2025\/11\/Portable-2.5-Hard-Drive-100x100.jpg 100w\" sizes=\"(max-width: 800px) 100vw, 800px\" \/><\/figure>\n<\/div>\n\n\n\n<div class=\"wp-block-column is-vertically-aligned-center is-layout-flow wp-block-column-is-layout-flow\">\n<p>Ce disque dur portable mesure 127 \u00d7 79 \u00d7 13 mm, p\u00e8se 90 g et est de couleur noire.<\/p>\n\n\n\n<p>Interface USB 3.0 avec transfert de donn\u00e9es \u00e0 5 Gbps. Qu'il s'agisse d'un ordinateur de bureau ou d'un ordinateur portable, il permet un transfert de donn\u00e9es \u00e0 grande vitesse sans effort, ce qui vous permet de gagner du temps et de vous \u00e9pargner des tracas. Il fonctionne \u00e9galement en toute transparence avec les ordinateurs et les appareils \u00e9lectroniques dot\u00e9s de ports USB 2.0, offrant ainsi une compatibilit\u00e9 solide pour r\u00e9pondre \u00e0 tous vos besoins.<\/p>\n\n\n\n<p>R\u00e9sistant aux chutes et aux chocs, il pr\u00e9serve la s\u00e9curit\u00e9 des donn\u00e9es : Prot\u00e8ge efficacement contre les chutes accidentelles, les pi\u00e9tinements, les \u00e9crasements et autres forces externes susceptibles d'endommager le disque dur.<\/p>\n\n\n\n<p><\/p>\n<\/div>\n<\/div>\n\n\n\n<div class=\"wp-block-columns is-layout-flex wp-container-core-columns-is-layout-2 wp-block-columns-is-layout-flex\">\n<div class=\"wp-block-column is-vertically-aligned-center is-layout-flow wp-block-column-is-layout-flow\">\n<p>La rotation \u00e0 grande vitesse de 7200 tr\/min permet d'acc\u00e9l\u00e9rer les vitesses de lecture et d'\u00e9criture des donn\u00e9es et les temps de r\u00e9ponse, ce qui am\u00e9liore consid\u00e9rablement la durabilit\u00e9 et l'endurance du disque dur portable. Il prend en charge sans effort les jeux, l'\u00e9dition multim\u00e9dia et le traitement de donn\u00e9es \u00e0 grande \u00e9chelle.<\/p>\n\n\n\n<p>Large compatibilit\u00e9 : Prise en charge des formats de fichiers NTFS et FAT32, offrant une large compatibilit\u00e9 avec les ordinateurs de bureau, les ordinateurs portables, les tablettes et d'autres appareils. Branchez et jouez pour un acc\u00e8s instantan\u00e9, et retirez-le \u00e0 tout moment.<\/p>\n\n\n\n<p>Avec une capacit\u00e9 personnalisable pouvant atteindre 6 To, il offre un espace de stockage consid\u00e9rable, ce qui en fait le choix id\u00e9al pour vos photos, vos vid\u00e9os, votre musique et vos fichiers. Lib\u00e9rez de la m\u00e9moire sur votre ordinateur ou votre tablette et dites adieu aux soucis de stockage pour de bon.<\/p>\n<\/div>\n\n\n\n<div class=\"wp-block-column is-layout-flow wp-block-column-is-layout-flow\">\n<figure class=\"wp-block-image size-full\"><img decoding=\"async\" width=\"800\" height=\"800\" src=\"https:\/\/www.yousanusb.com\/wp-content\/uploads\/2025\/11\/2.5-inch-Brushed-Portable-Hard-Drive-USB3.1.jpg\" alt=\"\" class=\"wp-image-23561\" srcset=\"https:\/\/www.yousanusb.com\/wp-content\/uploads\/2025\/11\/2.5-inch-Brushed-Portable-Hard-Drive-USB3.1.jpg 800w, https:\/\/www.yousanusb.com\/wp-content\/uploads\/2025\/11\/2.5-inch-Brushed-Portable-Hard-Drive-USB3.1-300x300.jpg 300w, https:\/\/www.yousanusb.com\/wp-content\/uploads\/2025\/11\/2.5-inch-Brushed-Portable-Hard-Drive-USB3.1-150x150.jpg 150w, https:\/\/www.yousanusb.com\/wp-content\/uploads\/2025\/11\/2.5-inch-Brushed-Portable-Hard-Drive-USB3.1-768x768.jpg 768w, https:\/\/www.yousanusb.com\/wp-content\/uploads\/2025\/11\/2.5-inch-Brushed-Portable-Hard-Drive-USB3.1-12x12.jpg 12w, https:\/\/www.yousanusb.com\/wp-content\/uploads\/2025\/11\/2.5-inch-Brushed-Portable-Hard-Drive-USB3.1-600x600.jpg 600w, https:\/\/www.yousanusb.com\/wp-content\/uploads\/2025\/11\/2.5-inch-Brushed-Portable-Hard-Drive-USB3.1-100x100.jpg 100w\" sizes=\"(max-width: 800px) 100vw, 800px\" \/><\/figure>\n<\/div>\n<\/div>","protected":false},"excerpt":{"rendered":"<ul>\n<li>Disque dur portable haute vitesse 3.0<\/li>\n<li>Vitesse de rotation \u00e9lev\u00e9e de 7200 tr\/min<\/li>\n<li>Compatibilit\u00e9 plug-and-play avec de nombreux appareils<\/li>\n<li>Dissipation thermique \u00e9lev\u00e9e<\/li>\n<li>R\u00e9sistance aux chocs et aux chutes<\/li>\n<li>MOQ:10pcs<\/li>\n<\/ul>","protected":false},"featured_media":23560,"comment_status":"open","ping_status":"closed","template":"","meta":{"_seopress_robots_primary_cat":"","_seopress_titles_title":"","_seopress_titles_desc":"","_seopress_robots_index":""},"class_list":["post-23557","product","type-product","status-publish","has-post-thumbnail","hentry","product_cat-portable-hard-drive"],"_links":{"self":[{"href":"https:\/\/www.yousanusb.com\/fr\/wp-json\/wp\/v2\/product\/23557"}],"collection":[{"href":"https:\/\/www.yousanusb.com\/fr\/wp-json\/wp\/v2\/product"}],"about":[{"href":"https:\/\/www.yousanusb.com\/fr\/wp-json\/wp\/v2\/types\/product"}],"replies":[{"embeddable":true,"href":"https:\/\/www.yousanusb.com\/fr\/wp-json\/wp\/v2\/comments?post=23557"}],"wp:featuredmedia":[{"embeddable":true,"href":"https:\/\/www.yousanusb.com\/fr\/wp-json\/wp\/v2\/media\/23560"}],"wp:attachment":[{"href":"https:\/\/www.yousanusb.com\/fr\/wp-json\/wp\/v2\/media?parent=23557"}],"curies":[{"name":"wp","href":"https:\/\/api.w.org\/{rel}","templated":true}]}}