{"id":23570,"date":"2025-11-07T08:01:17","date_gmt":"2025-11-07T08:01:17","guid":{"rendered":"https:\/\/www.yousanusb.com\/?post_type=product&#038;p=23570"},"modified":"2025-11-07T08:02:29","modified_gmt":"2025-11-07T08:02:29","slug":"long-oval-wooden-type-c-usb-flash-drive","status":"publish","type":"product","link":"https:\/\/www.yousanusb.com\/fr\/produit\/long-oval-wooden-type-c-usb-flash-drive\/","title":{"rendered":"Cl\u00e9 USB Type-c en bois, ovale et longue"},"content":{"rendered":"<p>La cl\u00e9 USB ovale en bois pour t\u00e9l\u00e9phone est le mod\u00e8le le plus simple de notre s\u00e9rie de cl\u00e9s USB en bois. Son bo\u00eetier est fabriqu\u00e9 en bois, avec plusieurs mat\u00e9riaux disponibles : bois massif, \u00e9rable, palissandre, noyer, h\u00eatre, acajou et bambou. Chaque type de bois pr\u00e9sente des veinures uniques, toutes fabriqu\u00e9es \u00e0 partir de bois massif durable et r\u00e9sistant aux rayures. <\/p>\n\n\n\n<div class=\"wp-block-columns is-layout-flex wp-container-core-columns-is-layout-1 wp-block-columns-is-layout-flex\">\n<div class=\"wp-block-column is-layout-flow wp-block-column-is-layout-flow\">\n<figure class=\"wp-block-image size-full\"><img fetchpriority=\"high\" decoding=\"async\" width=\"1000\" height=\"1000\" src=\"https:\/\/www.yousanusb.com\/wp-content\/uploads\/2025\/11\/Long-oval-wooden-Type-C-USB-drive.jpg\" alt=\"\" class=\"wp-image-23581\" srcset=\"https:\/\/www.yousanusb.com\/wp-content\/uploads\/2025\/11\/Long-oval-wooden-Type-C-USB-drive.jpg 1000w, https:\/\/www.yousanusb.com\/wp-content\/uploads\/2025\/11\/Long-oval-wooden-Type-C-USB-drive-300x300.jpg 300w, https:\/\/www.yousanusb.com\/wp-content\/uploads\/2025\/11\/Long-oval-wooden-Type-C-USB-drive-150x150.jpg 150w, https:\/\/www.yousanusb.com\/wp-content\/uploads\/2025\/11\/Long-oval-wooden-Type-C-USB-drive-768x768.jpg 768w, https:\/\/www.yousanusb.com\/wp-content\/uploads\/2025\/11\/Long-oval-wooden-Type-C-USB-drive-12x12.jpg 12w, https:\/\/www.yousanusb.com\/wp-content\/uploads\/2025\/11\/Long-oval-wooden-Type-C-USB-drive-600x600.jpg 600w, https:\/\/www.yousanusb.com\/wp-content\/uploads\/2025\/11\/Long-oval-wooden-Type-C-USB-drive-100x100.jpg 100w\" sizes=\"(max-width: 1000px) 100vw, 1000px\" \/><\/figure>\n<\/div>\n\n\n\n<div class=\"wp-block-column is-layout-flow wp-block-column-is-layout-flow\">\n<figure class=\"wp-block-image size-full\"><img decoding=\"async\" width=\"1000\" height=\"1000\" src=\"https:\/\/www.yousanusb.com\/wp-content\/uploads\/2025\/11\/Long-oval-wooden-Type-C-USB-drive-wholesale.jpg\" alt=\"\" class=\"wp-image-23577\" srcset=\"https:\/\/www.yousanusb.com\/wp-content\/uploads\/2025\/11\/Long-oval-wooden-Type-C-USB-drive-wholesale.jpg 1000w, https:\/\/www.yousanusb.com\/wp-content\/uploads\/2025\/11\/Long-oval-wooden-Type-C-USB-drive-wholesale-300x300.jpg 300w, https:\/\/www.yousanusb.com\/wp-content\/uploads\/2025\/11\/Long-oval-wooden-Type-C-USB-drive-wholesale-150x150.jpg 150w, https:\/\/www.yousanusb.com\/wp-content\/uploads\/2025\/11\/Long-oval-wooden-Type-C-USB-drive-wholesale-768x768.jpg 768w, https:\/\/www.yousanusb.com\/wp-content\/uploads\/2025\/11\/Long-oval-wooden-Type-C-USB-drive-wholesale-12x12.jpg 12w, https:\/\/www.yousanusb.com\/wp-content\/uploads\/2025\/11\/Long-oval-wooden-Type-C-USB-drive-wholesale-600x600.jpg 600w, https:\/\/www.yousanusb.com\/wp-content\/uploads\/2025\/11\/Long-oval-wooden-Type-C-USB-drive-wholesale-100x100.jpg 100w\" sizes=\"(max-width: 1000px) 100vw, 1000px\" \/><\/figure>\n<\/div>\n\n\n\n<div class=\"wp-block-column is-layout-flow wp-block-column-is-layout-flow\">\n<figure class=\"wp-block-image size-full\"><img decoding=\"async\" width=\"1000\" height=\"1000\" src=\"https:\/\/www.yousanusb.com\/wp-content\/uploads\/2025\/11\/Long-oval-wooden-Type-C-USB-drive-bulk.jpg\" alt=\"\" class=\"wp-image-23575\" srcset=\"https:\/\/www.yousanusb.com\/wp-content\/uploads\/2025\/11\/Long-oval-wooden-Type-C-USB-drive-bulk.jpg 1000w, https:\/\/www.yousanusb.com\/wp-content\/uploads\/2025\/11\/Long-oval-wooden-Type-C-USB-drive-bulk-300x300.jpg 300w, https:\/\/www.yousanusb.com\/wp-content\/uploads\/2025\/11\/Long-oval-wooden-Type-C-USB-drive-bulk-150x150.jpg 150w, https:\/\/www.yousanusb.com\/wp-content\/uploads\/2025\/11\/Long-oval-wooden-Type-C-USB-drive-bulk-768x768.jpg 768w, https:\/\/www.yousanusb.com\/wp-content\/uploads\/2025\/11\/Long-oval-wooden-Type-C-USB-drive-bulk-12x12.jpg 12w, https:\/\/www.yousanusb.com\/wp-content\/uploads\/2025\/11\/Long-oval-wooden-Type-C-USB-drive-bulk-600x600.jpg 600w, https:\/\/www.yousanusb.com\/wp-content\/uploads\/2025\/11\/Long-oval-wooden-Type-C-USB-drive-bulk-100x100.jpg 100w\" sizes=\"(max-width: 1000px) 100vw, 1000px\" \/><\/figure>\n<\/div>\n\n\n\n<div class=\"wp-block-column is-layout-flow wp-block-column-is-layout-flow\">\n<figure class=\"wp-block-image size-full\"><img loading=\"lazy\" decoding=\"async\" width=\"1000\" height=\"1000\" src=\"https:\/\/www.yousanusb.com\/wp-content\/uploads\/2025\/11\/Long-oval-wooden-Type-C-USB-disk.jpg\" alt=\"\" class=\"wp-image-23574\" srcset=\"https:\/\/www.yousanusb.com\/wp-content\/uploads\/2025\/11\/Long-oval-wooden-Type-C-USB-disk.jpg 1000w, https:\/\/www.yousanusb.com\/wp-content\/uploads\/2025\/11\/Long-oval-wooden-Type-C-USB-disk-300x300.jpg 300w, https:\/\/www.yousanusb.com\/wp-content\/uploads\/2025\/11\/Long-oval-wooden-Type-C-USB-disk-150x150.jpg 150w, https:\/\/www.yousanusb.com\/wp-content\/uploads\/2025\/11\/Long-oval-wooden-Type-C-USB-disk-768x768.jpg 768w, https:\/\/www.yousanusb.com\/wp-content\/uploads\/2025\/11\/Long-oval-wooden-Type-C-USB-disk-12x12.jpg 12w, https:\/\/www.yousanusb.com\/wp-content\/uploads\/2025\/11\/Long-oval-wooden-Type-C-USB-disk-600x600.jpg 600w, https:\/\/www.yousanusb.com\/wp-content\/uploads\/2025\/11\/Long-oval-wooden-Type-C-USB-disk-100x100.jpg 100w\" sizes=\"(max-width: 1000px) 100vw, 1000px\" \/><\/figure>\n<\/div>\n<\/div>\n\n\n\n<p>Le grain de bois naturel d\u00e9gage une \u00e9l\u00e9gance intemporelle, tandis que la forme ovale lisse \u00e9voque une silhouette r\u00e9tro. D\u00e9pourvu d'ornements superflus, il rayonne d'une sophistication discr\u00e8te \u00e0 chaque interaction plug-and-play.<\/p>\n\n\n\n<p>Dot\u00e9 d'interfaces USB et Type-C, il est compatible avec la plupart des mod\u00e8les de smartphones. Branchez et transf\u00e9rez des photos ou des fichiers instantan\u00e9ment. Alliant esth\u00e9tique et praticit\u00e9, il est parfait pour une utilisation quotidienne au bureau ou pour la documentation de voyage. Connectez-vous \u00e0 votre t\u00e9l\u00e9phone pour un transfert de donn\u00e9es rapide : c'est \u00e0 la fois un outil et un accessoire subtil, qui s'int\u00e8gre parfaitement \u00e0 tous les sc\u00e9narios quotidiens.<\/p>\n\n\n\n<div class=\"wp-block-columns is-layout-flex wp-container-core-columns-is-layout-2 wp-block-columns-is-layout-flex\">\n<div class=\"wp-block-column is-layout-flow wp-block-column-is-layout-flow\">\n<figure class=\"wp-block-image size-full\"><img loading=\"lazy\" decoding=\"async\" width=\"1000\" height=\"1000\" src=\"https:\/\/www.yousanusb.com\/wp-content\/uploads\/2025\/11\/Long-oval-wooden-Type-C-USB-drive-with-wooden-box.jpg\" alt=\"\" class=\"wp-image-23580\" srcset=\"https:\/\/www.yousanusb.com\/wp-content\/uploads\/2025\/11\/Long-oval-wooden-Type-C-USB-drive-with-wooden-box.jpg 1000w, https:\/\/www.yousanusb.com\/wp-content\/uploads\/2025\/11\/Long-oval-wooden-Type-C-USB-drive-with-wooden-box-300x300.jpg 300w, https:\/\/www.yousanusb.com\/wp-content\/uploads\/2025\/11\/Long-oval-wooden-Type-C-USB-drive-with-wooden-box-150x150.jpg 150w, https:\/\/www.yousanusb.com\/wp-content\/uploads\/2025\/11\/Long-oval-wooden-Type-C-USB-drive-with-wooden-box-768x768.jpg 768w, https:\/\/www.yousanusb.com\/wp-content\/uploads\/2025\/11\/Long-oval-wooden-Type-C-USB-drive-with-wooden-box-12x12.jpg 12w, https:\/\/www.yousanusb.com\/wp-content\/uploads\/2025\/11\/Long-oval-wooden-Type-C-USB-drive-with-wooden-box-600x600.jpg 600w, https:\/\/www.yousanusb.com\/wp-content\/uploads\/2025\/11\/Long-oval-wooden-Type-C-USB-drive-with-wooden-box-100x100.jpg 100w\" sizes=\"(max-width: 1000px) 100vw, 1000px\" \/><\/figure>\n<\/div>\n\n\n\n<div class=\"wp-block-column is-layout-flow wp-block-column-is-layout-flow\">\n<figure class=\"wp-block-image size-full\"><img loading=\"lazy\" decoding=\"async\" width=\"1000\" height=\"1000\" src=\"https:\/\/www.yousanusb.com\/wp-content\/uploads\/2025\/11\/Long-oval-wooden-Type-C-USB-drive-with-wood-box.jpg\" alt=\"\" class=\"wp-image-23579\" srcset=\"https:\/\/www.yousanusb.com\/wp-content\/uploads\/2025\/11\/Long-oval-wooden-Type-C-USB-drive-with-wood-box.jpg 1000w, https:\/\/www.yousanusb.com\/wp-content\/uploads\/2025\/11\/Long-oval-wooden-Type-C-USB-drive-with-wood-box-300x300.jpg 300w, https:\/\/www.yousanusb.com\/wp-content\/uploads\/2025\/11\/Long-oval-wooden-Type-C-USB-drive-with-wood-box-150x150.jpg 150w, https:\/\/www.yousanusb.com\/wp-content\/uploads\/2025\/11\/Long-oval-wooden-Type-C-USB-drive-with-wood-box-768x768.jpg 768w, https:\/\/www.yousanusb.com\/wp-content\/uploads\/2025\/11\/Long-oval-wooden-Type-C-USB-drive-with-wood-box-12x12.jpg 12w, https:\/\/www.yousanusb.com\/wp-content\/uploads\/2025\/11\/Long-oval-wooden-Type-C-USB-drive-with-wood-box-600x600.jpg 600w, https:\/\/www.yousanusb.com\/wp-content\/uploads\/2025\/11\/Long-oval-wooden-Type-C-USB-drive-with-wood-box-100x100.jpg 100w\" sizes=\"(max-width: 1000px) 100vw, 1000px\" \/><\/figure>\n<\/div>\n\n\n\n<div class=\"wp-block-column is-layout-flow wp-block-column-is-layout-flow\">\n<figure class=\"wp-block-image size-full\"><img loading=\"lazy\" decoding=\"async\" width=\"1000\" height=\"1000\" src=\"https:\/\/www.yousanusb.com\/wp-content\/uploads\/2025\/11\/Long-oval-wooden-Type-C-USB-drive-with-box.jpg\" alt=\"\" class=\"wp-image-23578\" srcset=\"https:\/\/www.yousanusb.com\/wp-content\/uploads\/2025\/11\/Long-oval-wooden-Type-C-USB-drive-with-box.jpg 1000w, https:\/\/www.yousanusb.com\/wp-content\/uploads\/2025\/11\/Long-oval-wooden-Type-C-USB-drive-with-box-300x300.jpg 300w, https:\/\/www.yousanusb.com\/wp-content\/uploads\/2025\/11\/Long-oval-wooden-Type-C-USB-drive-with-box-150x150.jpg 150w, https:\/\/www.yousanusb.com\/wp-content\/uploads\/2025\/11\/Long-oval-wooden-Type-C-USB-drive-with-box-768x768.jpg 768w, https:\/\/www.yousanusb.com\/wp-content\/uploads\/2025\/11\/Long-oval-wooden-Type-C-USB-drive-with-box-12x12.jpg 12w, https:\/\/www.yousanusb.com\/wp-content\/uploads\/2025\/11\/Long-oval-wooden-Type-C-USB-drive-with-box-600x600.jpg 600w, https:\/\/www.yousanusb.com\/wp-content\/uploads\/2025\/11\/Long-oval-wooden-Type-C-USB-drive-with-box-100x100.jpg 100w\" sizes=\"(max-width: 1000px) 100vw, 1000px\" \/><\/figure>\n<\/div>\n<\/div>\n\n\n\n<p>Types de bois : Bois massif, \u00e9rable, palissandre, noyer, h\u00eatre, acajou, bambou, etc.<\/p>\n\n\n\n<p>Grain : Bois naturel<\/p>\n\n\n\n<p>Forme : Ovale<\/p>\n\n\n\n<p>Interfaces : USB et Type-C<\/p>\n\n\n\n<p>Appareils compatibles : Smartphones, ordinateurs, tablettes<\/p>\n\n\n\n<p>USB : USB 3.0 ou USB 2.0 (s\u00e9lectionnable)<\/p>\n\n\n\n<p>Logo personnalis\u00e9 : Logo grav\u00e9 au laser, logo s\u00e9rigraphi\u00e9<\/p>","protected":false},"excerpt":{"rendered":"<p>Types de bois : Bois massif, \u00e9rable, palissandre, noyer, h\u00eatre, acajou, bambou, etc.<br \/>\nGrain : Bois naturel<br \/>\nForme : Ovale<br \/>\nInterfaces : USB et Type-C<br \/>\nAppareils compatibles : Smartphones, ordinateurs, tablettes<br \/>\nUSB : USB 3.0 ou USB 2.0 (s\u00e9lectionnable)<br \/>\nLogo personnalis\u00e9 : Logo grav\u00e9 au laser, logo s\u00e9rigraphi\u00e9<\/p>","protected":false},"featured_media":23581,"comment_status":"open","ping_status":"closed","template":"","meta":{"_seopress_robots_primary_cat":"","_seopress_titles_title":"Long Oval Wooden Type-c USB Flash Drive","_seopress_titles_desc":"The Long Oval Wooden Phone USB Drive is the simplest style in our wooden USB drive series.","_seopress_robots_index":""},"class_list":["post-23570","product","type-product","status-publish","has-post-thumbnail","hentry","product_cat-usb30-flash-drive","product_cat-otg-usb-flash-drive","product_cat-wooden-usb-flash-drive"],"_links":{"self":[{"href":"https:\/\/www.yousanusb.com\/fr\/wp-json\/wp\/v2\/product\/23570"}],"collection":[{"href":"https:\/\/www.yousanusb.com\/fr\/wp-json\/wp\/v2\/product"}],"about":[{"href":"https:\/\/www.yousanusb.com\/fr\/wp-json\/wp\/v2\/types\/product"}],"replies":[{"embeddable":true,"href":"https:\/\/www.yousanusb.com\/fr\/wp-json\/wp\/v2\/comments?post=23570"}],"wp:featuredmedia":[{"embeddable":true,"href":"https:\/\/www.yousanusb.com\/fr\/wp-json\/wp\/v2\/media\/23581"}],"wp:attachment":[{"href":"https:\/\/www.yousanusb.com\/fr\/wp-json\/wp\/v2\/media?parent=23570"}],"curies":[{"name":"wp","href":"https:\/\/api.w.org\/{rel}","templated":true}]}}