{"id":23582,"date":"2025-11-07T08:35:33","date_gmt":"2025-11-07T08:35:33","guid":{"rendered":"https:\/\/www.yousanusb.com\/?post_type=product&#038;p=23582"},"modified":"2025-11-07T08:36:23","modified_gmt":"2025-11-07T08:36:23","slug":"rectangular-wooden-otg-type-c-usb-drive","status":"publish","type":"product","link":"https:\/\/www.yousanusb.com\/fr\/produit\/rectangular-wooden-otg-type-c-usb-drive\/","title":{"rendered":"Cl\u00e9 USB rectangulaire en bois OTG Type-c"},"content":{"rendered":"<p>Alliant le bois massif naturel \u00e0 l'\u00e9lectronique, cette cl\u00e9 USB rectangulaire en bois pour t\u00e9l\u00e9phone pr\u00e9sente des lignes \u00e9pur\u00e9es qui mettent en valeur sa texture minimaliste. Elle conserve la chaleur et la douceur du bois naturel tout en offrant une grande praticit\u00e9 gr\u00e2ce \u00e0 sa double compatibilit\u00e9 avec les t\u00e9l\u00e9phones et les ordinateurs. Avec ses multiples options de capacit\u00e9 et ses services de personnalisation, elle devient un excellent compagnon de stockage de donn\u00e9es pour le travail quotidien, les \u00e9tudes et la vie.<\/p>\n\n\n\n<div class=\"wp-block-columns is-layout-flex wp-container-core-columns-is-layout-1 wp-block-columns-is-layout-flex\">\n<div class=\"wp-block-column is-layout-flow wp-block-column-is-layout-flow\">\n<figure class=\"wp-block-image size-full\"><img fetchpriority=\"high\" decoding=\"async\" width=\"800\" height=\"800\" src=\"https:\/\/www.yousanusb.com\/wp-content\/uploads\/2025\/11\/Rectangular-Solid-Wood-Dual-Interface-Mobile-Phone-USB-Drive-USB2.0.jpg\" alt=\"\" class=\"wp-image-23588\" srcset=\"https:\/\/www.yousanusb.com\/wp-content\/uploads\/2025\/11\/Rectangular-Solid-Wood-Dual-Interface-Mobile-Phone-USB-Drive-USB2.0.jpg 800w, https:\/\/www.yousanusb.com\/wp-content\/uploads\/2025\/11\/Rectangular-Solid-Wood-Dual-Interface-Mobile-Phone-USB-Drive-USB2.0-300x300.jpg 300w, https:\/\/www.yousanusb.com\/wp-content\/uploads\/2025\/11\/Rectangular-Solid-Wood-Dual-Interface-Mobile-Phone-USB-Drive-USB2.0-150x150.jpg 150w, https:\/\/www.yousanusb.com\/wp-content\/uploads\/2025\/11\/Rectangular-Solid-Wood-Dual-Interface-Mobile-Phone-USB-Drive-USB2.0-768x768.jpg 768w, https:\/\/www.yousanusb.com\/wp-content\/uploads\/2025\/11\/Rectangular-Solid-Wood-Dual-Interface-Mobile-Phone-USB-Drive-USB2.0-12x12.jpg 12w, https:\/\/www.yousanusb.com\/wp-content\/uploads\/2025\/11\/Rectangular-Solid-Wood-Dual-Interface-Mobile-Phone-USB-Drive-USB2.0-600x600.jpg 600w, https:\/\/www.yousanusb.com\/wp-content\/uploads\/2025\/11\/Rectangular-Solid-Wood-Dual-Interface-Mobile-Phone-USB-Drive-USB2.0-100x100.jpg 100w\" sizes=\"(max-width: 800px) 100vw, 800px\" \/><\/figure>\n<\/div>\n\n\n\n<div class=\"wp-block-column is-layout-flow wp-block-column-is-layout-flow\">\n<figure class=\"wp-block-image size-full\"><img decoding=\"async\" width=\"800\" height=\"800\" src=\"https:\/\/www.yousanusb.com\/wp-content\/uploads\/2025\/11\/Rectangular-Solid-Wood-Dual-Interface-Mobile-Phone-USB-Drive-wholesale.jpg\" alt=\"\" class=\"wp-image-23589\" srcset=\"https:\/\/www.yousanusb.com\/wp-content\/uploads\/2025\/11\/Rectangular-Solid-Wood-Dual-Interface-Mobile-Phone-USB-Drive-wholesale.jpg 800w, https:\/\/www.yousanusb.com\/wp-content\/uploads\/2025\/11\/Rectangular-Solid-Wood-Dual-Interface-Mobile-Phone-USB-Drive-wholesale-300x300.jpg 300w, https:\/\/www.yousanusb.com\/wp-content\/uploads\/2025\/11\/Rectangular-Solid-Wood-Dual-Interface-Mobile-Phone-USB-Drive-wholesale-150x150.jpg 150w, https:\/\/www.yousanusb.com\/wp-content\/uploads\/2025\/11\/Rectangular-Solid-Wood-Dual-Interface-Mobile-Phone-USB-Drive-wholesale-768x768.jpg 768w, https:\/\/www.yousanusb.com\/wp-content\/uploads\/2025\/11\/Rectangular-Solid-Wood-Dual-Interface-Mobile-Phone-USB-Drive-wholesale-12x12.jpg 12w, https:\/\/www.yousanusb.com\/wp-content\/uploads\/2025\/11\/Rectangular-Solid-Wood-Dual-Interface-Mobile-Phone-USB-Drive-wholesale-600x600.jpg 600w, https:\/\/www.yousanusb.com\/wp-content\/uploads\/2025\/11\/Rectangular-Solid-Wood-Dual-Interface-Mobile-Phone-USB-Drive-wholesale-100x100.jpg 100w\" sizes=\"(max-width: 800px) 100vw, 800px\" \/><\/figure>\n<\/div>\n<\/div>\n\n\n\n<p>Mat\u00e9riau : Bois massif naturel<\/p>\n\n\n\n<p>Fabriqu\u00e9 en bois massif de premi\u00e8re qualit\u00e9 comme le h\u00eatre, l'\u00e9rable, le noyer ou le bambou, avec une densit\u00e9 de bois \u22650,75g\/cm\u00b3. Sa texture dure et r\u00e9sistante \u00e0 l'usure pr\u00e9sente des motifs de grain naturels et uniques, ainsi qu'une sensation de chaleur et de douceur. Exempt de rev\u00eatements chimiques pour un meilleur respect de l'environnement. La surface subit 6 couches de polissage fin + un rev\u00eatement r\u00e9sistant \u00e0 l'eau et \u00e0 la sueur pour un toucher lisse et non abrasif. R\u00e9siste \u00e0 la d\u00e9formation et \u00e0 la fissuration et conserve son \u00e9clat naturel au fil du temps.<\/p>\n\n\n\n<div class=\"wp-block-columns is-layout-flex wp-container-core-columns-is-layout-2 wp-block-columns-is-layout-flex\">\n<div class=\"wp-block-column is-layout-flow wp-block-column-is-layout-flow\">\n<figure class=\"wp-block-image size-full\"><img decoding=\"async\" width=\"800\" height=\"800\" src=\"https:\/\/www.yousanusb.com\/wp-content\/uploads\/2025\/11\/Rectangular-Wooden-Phone-USB-Drive.jpg\" alt=\"\" class=\"wp-image-23592\" srcset=\"https:\/\/www.yousanusb.com\/wp-content\/uploads\/2025\/11\/Rectangular-Wooden-Phone-USB-Drive.jpg 800w, https:\/\/www.yousanusb.com\/wp-content\/uploads\/2025\/11\/Rectangular-Wooden-Phone-USB-Drive-300x300.jpg 300w, https:\/\/www.yousanusb.com\/wp-content\/uploads\/2025\/11\/Rectangular-Wooden-Phone-USB-Drive-150x150.jpg 150w, https:\/\/www.yousanusb.com\/wp-content\/uploads\/2025\/11\/Rectangular-Wooden-Phone-USB-Drive-768x768.jpg 768w, https:\/\/www.yousanusb.com\/wp-content\/uploads\/2025\/11\/Rectangular-Wooden-Phone-USB-Drive-12x12.jpg 12w, https:\/\/www.yousanusb.com\/wp-content\/uploads\/2025\/11\/Rectangular-Wooden-Phone-USB-Drive-600x600.jpg 600w, https:\/\/www.yousanusb.com\/wp-content\/uploads\/2025\/11\/Rectangular-Wooden-Phone-USB-Drive-100x100.jpg 100w\" sizes=\"(max-width: 800px) 100vw, 800px\" \/><\/figure>\n<\/div>\n\n\n\n<div class=\"wp-block-column is-layout-flow wp-block-column-is-layout-flow\">\n<figure class=\"wp-block-image size-full\"><img loading=\"lazy\" decoding=\"async\" width=\"800\" height=\"800\" src=\"https:\/\/www.yousanusb.com\/wp-content\/uploads\/2025\/11\/Rectangular-Wooden-Phone-USB-Drive-bulk.jpg\" alt=\"\" class=\"wp-image-23591\" srcset=\"https:\/\/www.yousanusb.com\/wp-content\/uploads\/2025\/11\/Rectangular-Wooden-Phone-USB-Drive-bulk.jpg 800w, https:\/\/www.yousanusb.com\/wp-content\/uploads\/2025\/11\/Rectangular-Wooden-Phone-USB-Drive-bulk-300x300.jpg 300w, https:\/\/www.yousanusb.com\/wp-content\/uploads\/2025\/11\/Rectangular-Wooden-Phone-USB-Drive-bulk-150x150.jpg 150w, https:\/\/www.yousanusb.com\/wp-content\/uploads\/2025\/11\/Rectangular-Wooden-Phone-USB-Drive-bulk-768x768.jpg 768w, https:\/\/www.yousanusb.com\/wp-content\/uploads\/2025\/11\/Rectangular-Wooden-Phone-USB-Drive-bulk-12x12.jpg 12w, https:\/\/www.yousanusb.com\/wp-content\/uploads\/2025\/11\/Rectangular-Wooden-Phone-USB-Drive-bulk-600x600.jpg 600w, https:\/\/www.yousanusb.com\/wp-content\/uploads\/2025\/11\/Rectangular-Wooden-Phone-USB-Drive-bulk-100x100.jpg 100w\" sizes=\"(max-width: 800px) 100vw, 800px\" \/><\/figure>\n<\/div>\n\n\n\n<div class=\"wp-block-column is-layout-flow wp-block-column-is-layout-flow\">\n<figure class=\"wp-block-image size-large\"><img loading=\"lazy\" decoding=\"async\" width=\"1024\" height=\"1024\" src=\"https:\/\/www.yousanusb.com\/wp-content\/uploads\/2025\/11\/bamboo-Rectangular-Solid-Wood-Dual-Interface-Mobile-Phone-USB-Drive-1024x1024.png\" alt=\"\" class=\"wp-image-23585\" srcset=\"https:\/\/www.yousanusb.com\/wp-content\/uploads\/2025\/11\/bamboo-Rectangular-Solid-Wood-Dual-Interface-Mobile-Phone-USB-Drive-1024x1024.png 1024w, https:\/\/www.yousanusb.com\/wp-content\/uploads\/2025\/11\/bamboo-Rectangular-Solid-Wood-Dual-Interface-Mobile-Phone-USB-Drive-300x300.png 300w, https:\/\/www.yousanusb.com\/wp-content\/uploads\/2025\/11\/bamboo-Rectangular-Solid-Wood-Dual-Interface-Mobile-Phone-USB-Drive-150x150.png 150w, https:\/\/www.yousanusb.com\/wp-content\/uploads\/2025\/11\/bamboo-Rectangular-Solid-Wood-Dual-Interface-Mobile-Phone-USB-Drive-768x768.png 768w, https:\/\/www.yousanusb.com\/wp-content\/uploads\/2025\/11\/bamboo-Rectangular-Solid-Wood-Dual-Interface-Mobile-Phone-USB-Drive-12x12.png 12w, https:\/\/www.yousanusb.com\/wp-content\/uploads\/2025\/11\/bamboo-Rectangular-Solid-Wood-Dual-Interface-Mobile-Phone-USB-Drive-600x600.png 600w, https:\/\/www.yousanusb.com\/wp-content\/uploads\/2025\/11\/bamboo-Rectangular-Solid-Wood-Dual-Interface-Mobile-Phone-USB-Drive-100x100.png 100w, https:\/\/www.yousanusb.com\/wp-content\/uploads\/2025\/11\/bamboo-Rectangular-Solid-Wood-Dual-Interface-Mobile-Phone-USB-Drive.png 1486w\" sizes=\"(max-width: 1024px) 100vw, 1024px\" \/><\/figure>\n<\/div>\n<\/div>\n\n\n\n<p>Compatibilit\u00e9 double : Fonctionne sans probl\u00e8me avec les t\u00e9l\u00e9phones et les ordinateurs.<\/p>\n\n\n\n<p>Configuration de l'interface : Type-C + USB-A double ports (adaptateur Lightning en option pour les appareils Apple). Plug and play sans adaptateur.<\/p>\n\n\n\n<p>Syst\u00e8mes compatibles : Prend en charge iOS 13.0+, Android 8.0+, Windows 7\/8\/10\/11, Mac OS 10.12+, couvrant les t\u00e9l\u00e9phones, ordinateurs portables et ordinateurs de bureau courants.<\/p>\n\n\n\n<p>Performances de transfert : Le protocole USB 3.0 \u00e0 haut d\u00e9bit offre des vitesses de lecture allant jusqu'\u00e0 80 Mo\/s et des vitesses d'\u00e9criture allant jusqu'\u00e0 30 Mo\/s. Transf\u00e9rez une vid\u00e9o de 1 Go en moins de 15 secondes - les photos et les documents sont transf\u00e9r\u00e9s instantan\u00e9ment, sans attente.<\/p>\n\n\n\n<p>Options de capacit\u00e9 multiple : R\u00e9pondre \u00e0 des besoins de stockage diversifi\u00e9s<\/p>\n\n\n\n<p>Choix de capacit\u00e9 : Gamme compl\u00e8te de configurations 16GB\/32GB\/64GB\/128GB\/256GB - choisissez l'option la plus rentable en fonction de vos besoins.<\/p>\n\n\n\n<p>Sc\u00e9narios id\u00e9aux :<\/p>\n\n\n\n<p>16GB-32GB : parfait pour les photos et les documents quotidiens.<\/p>\n\n\n\n<p>64 Go-128 Go : convient pour les fichiers bureautiques et les vid\u00e9os.<\/p>\n\n\n\n<p>256 Go : r\u00e9pond aux besoins de sauvegarde de donn\u00e9es de grande capacit\u00e9 et de stockage de films HD.<\/p>\n\n\n\n<p>Assurance du stockage :<\/p>\n\n\n\n<p>Comprend des puces de m\u00e9moire flash MLC avec \u2265100 000 cycles d'effacement et une r\u00e9tention des donn\u00e9es jusqu'\u00e0 10 ans - stable et sans perte.<\/p>\n\n\n\n<div class=\"wp-block-columns is-layout-flex wp-container-core-columns-is-layout-3 wp-block-columns-is-layout-flex\">\n<div class=\"wp-block-column is-layout-flow wp-block-column-is-layout-flow\">\n<figure class=\"wp-block-image size-full\"><img loading=\"lazy\" decoding=\"async\" width=\"1000\" height=\"1000\" src=\"https:\/\/www.yousanusb.com\/wp-content\/uploads\/2025\/11\/Rectangular-Solid-Wood-Dual-Interface-Mobile-Phone-USB-Drive-how-to-use.jpg\" alt=\"\" class=\"wp-image-23587\" srcset=\"https:\/\/www.yousanusb.com\/wp-content\/uploads\/2025\/11\/Rectangular-Solid-Wood-Dual-Interface-Mobile-Phone-USB-Drive-how-to-use.jpg 1000w, https:\/\/www.yousanusb.com\/wp-content\/uploads\/2025\/11\/Rectangular-Solid-Wood-Dual-Interface-Mobile-Phone-USB-Drive-how-to-use-300x300.jpg 300w, https:\/\/www.yousanusb.com\/wp-content\/uploads\/2025\/11\/Rectangular-Solid-Wood-Dual-Interface-Mobile-Phone-USB-Drive-how-to-use-150x150.jpg 150w, https:\/\/www.yousanusb.com\/wp-content\/uploads\/2025\/11\/Rectangular-Solid-Wood-Dual-Interface-Mobile-Phone-USB-Drive-how-to-use-768x768.jpg 768w, https:\/\/www.yousanusb.com\/wp-content\/uploads\/2025\/11\/Rectangular-Solid-Wood-Dual-Interface-Mobile-Phone-USB-Drive-how-to-use-12x12.jpg 12w, https:\/\/www.yousanusb.com\/wp-content\/uploads\/2025\/11\/Rectangular-Solid-Wood-Dual-Interface-Mobile-Phone-USB-Drive-how-to-use-600x600.jpg 600w, https:\/\/www.yousanusb.com\/wp-content\/uploads\/2025\/11\/Rectangular-Solid-Wood-Dual-Interface-Mobile-Phone-USB-Drive-how-to-use-100x100.jpg 100w\" sizes=\"(max-width: 1000px) 100vw, 1000px\" \/><\/figure>\n<\/div>\n\n\n\n<div class=\"wp-block-column is-layout-flow wp-block-column-is-layout-flow\">\n<figure class=\"wp-block-image size-full\"><img loading=\"lazy\" decoding=\"async\" width=\"800\" height=\"800\" src=\"https:\/\/www.yousanusb.com\/wp-content\/uploads\/2025\/11\/Rectangular-Solid-Wood-Dual-Interface-Mobile-Phone-USB-Drive.jpg\" alt=\"\" class=\"wp-image-23590\" srcset=\"https:\/\/www.yousanusb.com\/wp-content\/uploads\/2025\/11\/Rectangular-Solid-Wood-Dual-Interface-Mobile-Phone-USB-Drive.jpg 800w, https:\/\/www.yousanusb.com\/wp-content\/uploads\/2025\/11\/Rectangular-Solid-Wood-Dual-Interface-Mobile-Phone-USB-Drive-300x300.jpg 300w, https:\/\/www.yousanusb.com\/wp-content\/uploads\/2025\/11\/Rectangular-Solid-Wood-Dual-Interface-Mobile-Phone-USB-Drive-150x150.jpg 150w, https:\/\/www.yousanusb.com\/wp-content\/uploads\/2025\/11\/Rectangular-Solid-Wood-Dual-Interface-Mobile-Phone-USB-Drive-768x768.jpg 768w, https:\/\/www.yousanusb.com\/wp-content\/uploads\/2025\/11\/Rectangular-Solid-Wood-Dual-Interface-Mobile-Phone-USB-Drive-12x12.jpg 12w, https:\/\/www.yousanusb.com\/wp-content\/uploads\/2025\/11\/Rectangular-Solid-Wood-Dual-Interface-Mobile-Phone-USB-Drive-600x600.jpg 600w, https:\/\/www.yousanusb.com\/wp-content\/uploads\/2025\/11\/Rectangular-Solid-Wood-Dual-Interface-Mobile-Phone-USB-Drive-100x100.jpg 100w\" sizes=\"(max-width: 800px) 100vw, 800px\" \/><\/figure>\n<\/div>\n<\/div>\n\n\n\n<p>Gravure au laser possible pour les textes personnalis\u00e9s (noms, num\u00e9ros de t\u00e9l\u00e9phone, devises), les logos (embl\u00e8mes d'entreprise, avatars personnels) ou les motifs (lignes minimalistes, symboles comm\u00e9moratifs). \u00c9tendue de la personnalisation : Gravure possible sur les surfaces avant\/arri\u00e8re avec une pr\u00e9cision \u22640,1mm. La gravure transparente et r\u00e9sistante \u00e0 la d\u00e9coloration pr\u00e9serve la texture naturelle du grain de bois.<\/p>\n\n\n\n<p>D\u00e9lai de personnalisation : Les commandes d'un seul article sont exp\u00e9di\u00e9es sous 48 heures. Les commandes en gros (\u226550 unit\u00e9s) sont exp\u00e9di\u00e9es dans les 72 heures. Possibilit\u00e9 de personnaliser les cadeaux d'entreprise avec un emballage exclusif.<\/p>\n\n\n\n<p><\/p>","protected":false},"excerpt":{"rendered":"<p>Options de capacit\u00e9 multiple : R\u00e9pondre \u00e0 des besoins de stockage diversifi\u00e9s<br \/>\nChoix de capacit\u00e9 : Gamme compl\u00e8te de configurations 16GB\/32GB\/64GB\/128GB\/256GB - choisissez l'option la plus rentable en fonction de vos besoins.<br \/>\nSc\u00e9narios id\u00e9aux :<br \/>\n16GB-32GB : parfait pour les photos et les documents quotidiens.<br \/>\n64 Go-128 Go : convient pour les fichiers bureautiques et les vid\u00e9os.<br \/>\n256 Go : r\u00e9pond aux besoins de sauvegarde de donn\u00e9es de grande capacit\u00e9 et de stockage de films HD.<\/p>","protected":false},"featured_media":23592,"comment_status":"open","ping_status":"closed","template":"","meta":{"_seopress_robots_primary_cat":"","_seopress_titles_title":"Rectangular Wooden OTG Type-c USB Drive","_seopress_titles_desc":"Combining natural solid wood with electronics, this rectangular wooden phone USB drive features clean lines that highlight its minimalist texture.","_seopress_robots_index":""},"class_list":["post-23582","product","type-product","status-publish","has-post-thumbnail","hentry","product_cat-otg-usb-flash-drive","product_cat-wooden-usb-flash-drive"],"_links":{"self":[{"href":"https:\/\/www.yousanusb.com\/fr\/wp-json\/wp\/v2\/product\/23582"}],"collection":[{"href":"https:\/\/www.yousanusb.com\/fr\/wp-json\/wp\/v2\/product"}],"about":[{"href":"https:\/\/www.yousanusb.com\/fr\/wp-json\/wp\/v2\/types\/product"}],"replies":[{"embeddable":true,"href":"https:\/\/www.yousanusb.com\/fr\/wp-json\/wp\/v2\/comments?post=23582"}],"wp:featuredmedia":[{"embeddable":true,"href":"https:\/\/www.yousanusb.com\/fr\/wp-json\/wp\/v2\/media\/23592"}],"wp:attachment":[{"href":"https:\/\/www.yousanusb.com\/fr\/wp-json\/wp\/v2\/media?parent=23582"}],"curies":[{"name":"wp","href":"https:\/\/api.w.org\/{rel}","templated":true}]}}