{"id":23593,"date":"2025-11-07T09:59:50","date_gmt":"2025-11-07T09:59:50","guid":{"rendered":"https:\/\/www.yousanusb.com\/?post_type=product&#038;p=23593"},"modified":"2025-11-07T14:40:51","modified_gmt":"2025-11-07T14:40:51","slug":"2tb-usb-3-1-aluminum-alloy-external-hard-drive-to-sata","status":"publish","type":"product","link":"https:\/\/www.yousanusb.com\/fr\/produit\/2tb-usb-3-1-aluminum-alloy-external-hard-drive-to-sata\/","title":{"rendered":"Disque dur externe USB 3.1 en alliage d'aluminium 2 To vers SATA"},"content":{"rendered":"<div class=\"wp-block-columns is-layout-flex wp-container-core-columns-is-layout-1 wp-block-columns-is-layout-flex\">\n<div class=\"wp-block-column is-layout-flow wp-block-column-is-layout-flow\">\n<figure class=\"wp-block-image size-full\"><img fetchpriority=\"high\" decoding=\"async\" width=\"800\" height=\"800\" src=\"https:\/\/www.yousanusb.com\/wp-content\/uploads\/2025\/11\/USB3.1-metal-external-hard-drive.jpg\" alt=\"\" class=\"wp-image-23600\" srcset=\"https:\/\/www.yousanusb.com\/wp-content\/uploads\/2025\/11\/USB3.1-metal-external-hard-drive.jpg 800w, https:\/\/www.yousanusb.com\/wp-content\/uploads\/2025\/11\/USB3.1-metal-external-hard-drive-300x300.jpg 300w, https:\/\/www.yousanusb.com\/wp-content\/uploads\/2025\/11\/USB3.1-metal-external-hard-drive-150x150.jpg 150w, https:\/\/www.yousanusb.com\/wp-content\/uploads\/2025\/11\/USB3.1-metal-external-hard-drive-768x768.jpg 768w, https:\/\/www.yousanusb.com\/wp-content\/uploads\/2025\/11\/USB3.1-metal-external-hard-drive-12x12.jpg 12w, https:\/\/www.yousanusb.com\/wp-content\/uploads\/2025\/11\/USB3.1-metal-external-hard-drive-600x600.jpg 600w, https:\/\/www.yousanusb.com\/wp-content\/uploads\/2025\/11\/USB3.1-metal-external-hard-drive-100x100.jpg 100w\" sizes=\"(max-width: 800px) 100vw, 800px\" \/><\/figure>\n<\/div>\n\n\n\n<div class=\"wp-block-column is-vertically-aligned-center is-layout-flow wp-block-column-is-layout-flow\">\n<ul class=\"wp-block-list\">\n<li>Livr\u00e9 avec un c\u00e2ble USB 3.1 10Gbps standard vers Type-C de 30 cm, adapt\u00e9 \u00e0 divers appareils tels que les ordinateurs, les t\u00e9l\u00e9phones, les tablettes, etc.<br><\/li>\n\n\n\n<li>Puce de contr\u00f4le principale haute performance, faible consommation d'\u00e9nergie et transmission rapide de la vitesse.<br><\/li>\n\n\n\n<li>Compatible avec 4 sp\u00e9cifications et le protocole NVMe\/SATA pour la lecture des disques durs<br><\/li>\n\n\n\n<li>Compatible avec de nombreux syst\u00e8mes et appareils<br><\/li>\n\n\n\n<li>Si l'appareil n'est pas utilis\u00e9 pendant 15 minutes, il se met automatiquement en veille.<\/li>\n<\/ul>\n<\/div>\n<\/div>\n\n\n\n<div class=\"wp-block-columns is-layout-flex wp-container-core-columns-is-layout-2 wp-block-columns-is-layout-flex\">\n<div class=\"wp-block-column is-vertically-aligned-center is-layout-flow wp-block-column-is-layout-flow\">\n<ul class=\"wp-block-list\">\n<li>Dimensions du disque dur portable : 106,5 x 30 x 9 mm, poids 62,5g<br><\/li>\n\n\n\n<li>Vitesse de transfert de 10 Gbps, transfert de fichiers de 1 Go en 1 seconde<br><\/li>\n\n\n\n<li>Options de bo\u00eetier de disque dur personnalisables, telles que l'argent, le vert, etc.<br><\/li>\n\n\n\n<li>Extension de la capacit\u00e9 de stockage du t\u00e9l\u00e9phone portable : Transf\u00e9rez sans effort d'\u00e9normes collections de photos, regardez des films \u00e0 succ\u00e8s \u00e0 tout moment.<br><\/li>\n\n\n\n<li>Compact et \u00e9l\u00e9gant, styl\u00e9 et minimaliste<\/li>\n<\/ul>\n<\/div>\n\n\n\n<div class=\"wp-block-column is-layout-flow wp-block-column-is-layout-flow\">\n<figure class=\"wp-block-image size-full\"><img decoding=\"async\" width=\"790\" height=\"900\" src=\"https:\/\/www.yousanusb.com\/wp-content\/uploads\/2025\/11\/metal-external-hard-drive.jpg\" alt=\"\" class=\"wp-image-23598\" srcset=\"https:\/\/www.yousanusb.com\/wp-content\/uploads\/2025\/11\/metal-external-hard-drive.jpg 790w, https:\/\/www.yousanusb.com\/wp-content\/uploads\/2025\/11\/metal-external-hard-drive-263x300.jpg 263w, https:\/\/www.yousanusb.com\/wp-content\/uploads\/2025\/11\/metal-external-hard-drive-768x875.jpg 768w, https:\/\/www.yousanusb.com\/wp-content\/uploads\/2025\/11\/metal-external-hard-drive-11x12.jpg 11w, https:\/\/www.yousanusb.com\/wp-content\/uploads\/2025\/11\/metal-external-hard-drive-600x684.jpg 600w\" sizes=\"(max-width: 790px) 100vw, 790px\" \/><\/figure>\n<\/div>\n<\/div>","protected":false},"excerpt":{"rendered":"<ul>\n<li>alliage d'aluminium<\/li>\n<li>SSD M.2 NVMe\/SATA<\/li>\n<li>M.2 M-Key Interface int\u00e9gr\u00e9e<\/li>\n<li>\u00a0USB3.1 Gen2<\/li>\n<li>Taux de transfert USB de 10 Gbps<\/li>\n<li>MOQ:10pcs<\/li>\n<\/ul>","protected":false},"featured_media":23599,"comment_status":"open","ping_status":"closed","template":"","meta":{"_seopress_robots_primary_cat":"","_seopress_titles_title":"","_seopress_titles_desc":"","_seopress_robots_index":""},"class_list":["post-23593","product","type-product","status-publish","has-post-thumbnail","hentry","product_cat-portable-hard-drive"],"_links":{"self":[{"href":"https:\/\/www.yousanusb.com\/fr\/wp-json\/wp\/v2\/product\/23593"}],"collection":[{"href":"https:\/\/www.yousanusb.com\/fr\/wp-json\/wp\/v2\/product"}],"about":[{"href":"https:\/\/www.yousanusb.com\/fr\/wp-json\/wp\/v2\/types\/product"}],"replies":[{"embeddable":true,"href":"https:\/\/www.yousanusb.com\/fr\/wp-json\/wp\/v2\/comments?post=23593"}],"wp:featuredmedia":[{"embeddable":true,"href":"https:\/\/www.yousanusb.com\/fr\/wp-json\/wp\/v2\/media\/23599"}],"wp:attachment":[{"href":"https:\/\/www.yousanusb.com\/fr\/wp-json\/wp\/v2\/media?parent=23593"}],"curies":[{"name":"wp","href":"https:\/\/api.w.org\/{rel}","templated":true}]}}