{"id":23635,"date":"2025-11-08T07:07:43","date_gmt":"2025-11-08T07:07:43","guid":{"rendered":"https:\/\/www.yousanusb.com\/?post_type=product&#038;p=23635"},"modified":"2025-11-09T00:03:34","modified_gmt":"2025-11-09T00:03:34","slug":"2025-new-model-transparent-hard-drive-with-cool-lighting-effects","status":"publish","type":"product","link":"https:\/\/www.yousanusb.com\/fr\/produit\/2025-new-model-transparent-hard-drive-with-cool-lighting-effects\/","title":{"rendered":"2025 Nouveau mod\u00e8le de disque dur transparent avec effets de lumi\u00e8re rafra\u00eechissants"},"content":{"rendered":"<div class=\"wp-block-columns is-layout-flex wp-container-core-columns-is-layout-1 wp-block-columns-is-layout-flex\">\n<div class=\"wp-block-column is-layout-flow wp-block-column-is-layout-flow\">\n<figure class=\"wp-block-image size-large\"><img fetchpriority=\"high\" decoding=\"async\" width=\"749\" height=\"1024\" src=\"https:\/\/www.yousanusb.com\/wp-content\/uploads\/2025\/11\/Custom-External-Hard-Drive-749x1024.jpg\" alt=\"\" class=\"wp-image-23639\" srcset=\"https:\/\/www.yousanusb.com\/wp-content\/uploads\/2025\/11\/Custom-External-Hard-Drive-749x1024.jpg 749w, https:\/\/www.yousanusb.com\/wp-content\/uploads\/2025\/11\/Custom-External-Hard-Drive-219x300.jpg 219w, https:\/\/www.yousanusb.com\/wp-content\/uploads\/2025\/11\/Custom-External-Hard-Drive-768x1050.jpg 768w, https:\/\/www.yousanusb.com\/wp-content\/uploads\/2025\/11\/Custom-External-Hard-Drive-9x12.jpg 9w, https:\/\/www.yousanusb.com\/wp-content\/uploads\/2025\/11\/Custom-External-Hard-Drive-600x820.jpg 600w, https:\/\/www.yousanusb.com\/wp-content\/uploads\/2025\/11\/Custom-External-Hard-Drive.jpg 790w\" sizes=\"(max-width: 749px) 100vw, 749px\" \/><\/figure>\n<\/div>\n\n\n\n<div class=\"wp-block-column is-vertically-aligned-center is-layout-flow wp-block-column-is-layout-flow\">\n<ul class=\"wp-block-list\">\n<li>Certifi\u00e9 CE\/RoHS, largement compatible, haute performance thermique<br><\/li>\n\n\n\n<li>Bo\u00eetier en ABS+PC de haute qualit\u00e9, r\u00e9sistant aux chutes et aux chocs, garantissant la s\u00e9curit\u00e9 des donn\u00e9es.<br><\/li>\n\n\n\n<li>Prise en charge des OEM\/ODM<br><\/li>\n\n\n\n<li>Protocole NGFF (5Gbps) avec c\u00e2ble A-C<br><\/li>\n\n\n\n<li>Protocole NGFF (5Gbps) avec c\u00e2ble Type-C vers USB<br><\/li>\n\n\n\n<li>Aucun pilote de p\u00e9riph\u00e9rique n'est requis ; compatible avec Windows, MAC, Linux<\/li>\n<\/ul>\n<\/div>\n<\/div>\n\n\n\n<div class=\"wp-block-columns is-layout-flex wp-container-core-columns-is-layout-2 wp-block-columns-is-layout-flex\">\n<div class=\"wp-block-column is-vertically-aligned-center is-layout-flow wp-block-column-is-layout-flow\">\n<p>Son bo\u00eetier utilise un mat\u00e9riau PC \u00e0 haute transparence : Ce mat\u00e9riau offre une transmission exceptionnelle de la lumi\u00e8re, ce qui permet de voir clairement la structure interne et la disposition du disque dur. Simultan\u00e9ment, le mat\u00e9riau PC pr\u00e9sente une r\u00e9sistance m\u00e9canique exceptionnelle, ainsi qu'une excellente r\u00e9sistance aux chocs et \u00e0 l'usure, ce qui permet de visualiser le design industriel et d'assurer une protection physique fondamentale des composants essentiels du disque dur.<\/p>\n\n\n\n<p>Le produit int\u00e8gre un syst\u00e8me de lumi\u00e8re dynamique en d\u00e9grad\u00e9 : prenant en charge le cycle automatique des couleurs RVB avec des transitions en d\u00e9grad\u00e9 douces, il fournit en permanence des effets visuels sans r\u00e9glage manuel. Ce syst\u00e8me compl\u00e8te le bo\u00eetier transparent, am\u00e9liorant l'esth\u00e9tique technologique tout en pr\u00e9servant la visibilit\u00e9 des composants internes.<\/p>\n\n\n\n<p>Pour la compatibilit\u00e9, le produit est dot\u00e9 d'interfaces universelles telles que l'USB-C, permettant une connexion directe aux appareils grand public tels que les ordinateurs portables et les smartphones. Prenant en charge la fonctionnalit\u00e9 plug-and-play, il r\u00e9pond aux besoins de stockage de base tels que les transferts de fichiers quotidiens et les sauvegardes de donn\u00e9es, en s'adaptant \u00e0 divers sc\u00e9narios, y compris le travail de bureau et le divertissement personnel.<\/p>\n<\/div>\n\n\n\n<div class=\"wp-block-column is-layout-flow wp-block-column-is-layout-flow\">\n<figure class=\"wp-block-image size-large\"><img decoding=\"async\" width=\"749\" height=\"1024\" src=\"https:\/\/www.yousanusb.com\/wp-content\/uploads\/2025\/11\/2025-New-Model-Transparent-Hard-Drive-with-Cool-Lighting-Effects-749x1024.jpg\" alt=\"\" class=\"wp-image-23638\" srcset=\"https:\/\/www.yousanusb.com\/wp-content\/uploads\/2025\/11\/2025-New-Model-Transparent-Hard-Drive-with-Cool-Lighting-Effects-749x1024.jpg 749w, https:\/\/www.yousanusb.com\/wp-content\/uploads\/2025\/11\/2025-New-Model-Transparent-Hard-Drive-with-Cool-Lighting-Effects-219x300.jpg 219w, https:\/\/www.yousanusb.com\/wp-content\/uploads\/2025\/11\/2025-New-Model-Transparent-Hard-Drive-with-Cool-Lighting-Effects-768x1050.jpg 768w, https:\/\/www.yousanusb.com\/wp-content\/uploads\/2025\/11\/2025-New-Model-Transparent-Hard-Drive-with-Cool-Lighting-Effects-9x12.jpg 9w, https:\/\/www.yousanusb.com\/wp-content\/uploads\/2025\/11\/2025-New-Model-Transparent-Hard-Drive-with-Cool-Lighting-Effects-600x820.jpg 600w, https:\/\/www.yousanusb.com\/wp-content\/uploads\/2025\/11\/2025-New-Model-Transparent-Hard-Drive-with-Cool-Lighting-Effects.jpg 790w\" sizes=\"(max-width: 749px) 100vw, 749px\" \/><\/figure>\n<\/div>\n<\/div>","protected":false},"excerpt":{"rendered":"<ul>\n<li>Certifi\u00e9 CE\/RoHS,<\/li>\n<li>Prise en charge des OEM\/ODM<\/li>\n<li>Protocole NGFF (5Gbps) avec c\u00e2ble A-C,<\/li>\n<li>Protocole NGFF (5Gbps) avec c\u00e2ble Type-C vers USB<\/li>\n<li>Aucun pilote de p\u00e9riph\u00e9rique n'est requis ; compatible avec Windows, MAC, Linux<\/li>\n<li>MOQ:10pcs<\/li>\n<\/ul>","protected":false},"featured_media":23641,"comment_status":"open","ping_status":"closed","template":"","meta":{"_seopress_robots_primary_cat":"","_seopress_titles_title":"","_seopress_titles_desc":"","_seopress_robots_index":""},"class_list":["post-23635","product","type-product","status-publish","has-post-thumbnail","hentry","product_cat-portable-hard-drive"],"_links":{"self":[{"href":"https:\/\/www.yousanusb.com\/fr\/wp-json\/wp\/v2\/product\/23635"}],"collection":[{"href":"https:\/\/www.yousanusb.com\/fr\/wp-json\/wp\/v2\/product"}],"about":[{"href":"https:\/\/www.yousanusb.com\/fr\/wp-json\/wp\/v2\/types\/product"}],"replies":[{"embeddable":true,"href":"https:\/\/www.yousanusb.com\/fr\/wp-json\/wp\/v2\/comments?post=23635"}],"wp:featuredmedia":[{"embeddable":true,"href":"https:\/\/www.yousanusb.com\/fr\/wp-json\/wp\/v2\/media\/23641"}],"wp:attachment":[{"href":"https:\/\/www.yousanusb.com\/fr\/wp-json\/wp\/v2\/media?parent=23635"}],"curies":[{"name":"wp","href":"https:\/\/api.w.org\/{rel}","templated":true}]}}