{"id":23644,"date":"2025-11-08T10:12:12","date_gmt":"2025-11-08T10:12:12","guid":{"rendered":"https:\/\/www.yousanusb.com\/?post_type=product&#038;p=23644"},"modified":"2025-11-08T10:14:19","modified_gmt":"2025-11-08T10:14:19","slug":"the-most-popular-se09-usb-flash-drive","status":"publish","type":"product","link":"https:\/\/www.yousanusb.com\/fr\/produit\/the-most-popular-se09-usb-flash-drive\/","title":{"rendered":"La cl\u00e9 USB SE09 la plus populaire"},"content":{"rendered":"<p>La cl\u00e9 USB en m\u00e9tal SE09 est un best-seller incontest\u00e9. Dot\u00e9e d'une conception d'insertion en une seule pi\u00e8ce \u00e0 la pointe de l'industrie, elle \u00e9limine compl\u00e8tement le m\u00e9canisme traditionnel du capuchon. <\/p>\n\n\n\n<div class=\"wp-block-columns is-layout-flex wp-container-core-columns-is-layout-1 wp-block-columns-is-layout-flex\">\n<div class=\"wp-block-column is-layout-flow wp-block-column-is-layout-flow\">\n<figure class=\"wp-block-image size-full\"><img fetchpriority=\"high\" decoding=\"async\" width=\"800\" height=\"800\" src=\"https:\/\/www.yousanusb.com\/wp-content\/uploads\/2025\/11\/The-Most-Popular-SE09-USB-Flash-Drive.jpg\" alt=\"\" class=\"wp-image-23652\" srcset=\"https:\/\/www.yousanusb.com\/wp-content\/uploads\/2025\/11\/The-Most-Popular-SE09-USB-Flash-Drive.jpg 800w, https:\/\/www.yousanusb.com\/wp-content\/uploads\/2025\/11\/The-Most-Popular-SE09-USB-Flash-Drive-300x300.jpg 300w, https:\/\/www.yousanusb.com\/wp-content\/uploads\/2025\/11\/The-Most-Popular-SE09-USB-Flash-Drive-150x150.jpg 150w, https:\/\/www.yousanusb.com\/wp-content\/uploads\/2025\/11\/The-Most-Popular-SE09-USB-Flash-Drive-768x768.jpg 768w, https:\/\/www.yousanusb.com\/wp-content\/uploads\/2025\/11\/The-Most-Popular-SE09-USB-Flash-Drive-12x12.jpg 12w, https:\/\/www.yousanusb.com\/wp-content\/uploads\/2025\/11\/The-Most-Popular-SE09-USB-Flash-Drive-600x600.jpg 600w, https:\/\/www.yousanusb.com\/wp-content\/uploads\/2025\/11\/The-Most-Popular-SE09-USB-Flash-Drive-100x100.jpg 100w\" sizes=\"(max-width: 800px) 100vw, 800px\" \/><\/figure>\n<\/div>\n\n\n\n<div class=\"wp-block-column is-vertically-aligned-center is-layout-flow wp-block-column-is-layout-flow\">\n<p>Fabriqu\u00e9 \u00e0 partir d'un alliage de zinc de haute qualit\u00e9, son bo\u00eetier enti\u00e8rement m\u00e9tallique fait l'objet d'un polissage m\u00e9ticuleux pour une finition lisse et chaleureuse au toucher, tout en offrant une solidit\u00e9 structurelle exceptionnelle, sup\u00e9rieure \u00e0 celle des cl\u00e9s USB en plastique standard en termes de r\u00e9sistance aux chutes et de tol\u00e9rance \u00e0 la compression.<\/p>\n\n\n\n<p>M\u00eame si elle tombe accidentellement sur un bureau ou si elle est soumise \u00e0 une pression inattendue, la cl\u00e9 USB prot\u00e8ge efficacement la puce interne. M\u00eame si elle tombe accidentellement sur un bureau ou si elle est soumise \u00e0 une pression inattendue, elle prot\u00e8ge efficacement la puce interne.<\/p>\n<\/div>\n<\/div>\n\n\n\n<p><br>Mesurant seulement 39\u00d712,35\u00d74,55 mm et pesant \u00e0 peine 10 g, soit l'\u00e9quivalent d'une pi\u00e8ce de monnaie, il se glisse sans effort dans les poches, les portefeuilles ou les porte-cl\u00e9s. Un trou standard situ\u00e9 \u00e0 l'arri\u00e8re permet de l'attacher \u00e0 un cordon ou \u00e0 un porte-cl\u00e9s, ce qui \u00e9vite de le perdre tout en am\u00e9liorant sa portabilit\u00e9. Son design \u00e9pur\u00e9 en fait un accessoire sophistiqu\u00e9 pour les entreprises.<\/p>\n\n\n\n<div class=\"wp-block-columns is-layout-flex wp-container-core-columns-is-layout-2 wp-block-columns-is-layout-flex\">\n<div class=\"wp-block-column is-layout-flow wp-block-column-is-layout-flow\">\n<figure class=\"wp-block-image size-full\"><img decoding=\"async\" width=\"800\" height=\"800\" src=\"https:\/\/www.yousanusb.com\/wp-content\/uploads\/2025\/11\/The-Most-Popular-SE09-USB-Flash-Drive-wholesale.webp\" alt=\"\" class=\"wp-image-23651\" srcset=\"https:\/\/www.yousanusb.com\/wp-content\/uploads\/2025\/11\/The-Most-Popular-SE09-USB-Flash-Drive-wholesale.webp 800w, https:\/\/www.yousanusb.com\/wp-content\/uploads\/2025\/11\/The-Most-Popular-SE09-USB-Flash-Drive-wholesale-300x300.webp 300w, https:\/\/www.yousanusb.com\/wp-content\/uploads\/2025\/11\/The-Most-Popular-SE09-USB-Flash-Drive-wholesale-150x150.webp 150w, https:\/\/www.yousanusb.com\/wp-content\/uploads\/2025\/11\/The-Most-Popular-SE09-USB-Flash-Drive-wholesale-768x768.webp 768w, https:\/\/www.yousanusb.com\/wp-content\/uploads\/2025\/11\/The-Most-Popular-SE09-USB-Flash-Drive-wholesale-12x12.webp 12w, https:\/\/www.yousanusb.com\/wp-content\/uploads\/2025\/11\/The-Most-Popular-SE09-USB-Flash-Drive-wholesale-600x600.webp 600w, https:\/\/www.yousanusb.com\/wp-content\/uploads\/2025\/11\/The-Most-Popular-SE09-USB-Flash-Drive-wholesale-100x100.webp 100w\" sizes=\"(max-width: 800px) 100vw, 800px\" \/><\/figure>\n<\/div>\n\n\n\n<div class=\"wp-block-column is-layout-flow wp-block-column-is-layout-flow\">\n<figure class=\"wp-block-image size-full\"><img decoding=\"async\" width=\"800\" height=\"800\" src=\"https:\/\/www.yousanusb.com\/wp-content\/uploads\/2025\/11\/The-Most-Popular-SE09-USB-Flash-Drive-custom.webp\" alt=\"\" class=\"wp-image-23648\" srcset=\"https:\/\/www.yousanusb.com\/wp-content\/uploads\/2025\/11\/The-Most-Popular-SE09-USB-Flash-Drive-custom.webp 800w, https:\/\/www.yousanusb.com\/wp-content\/uploads\/2025\/11\/The-Most-Popular-SE09-USB-Flash-Drive-custom-300x300.webp 300w, https:\/\/www.yousanusb.com\/wp-content\/uploads\/2025\/11\/The-Most-Popular-SE09-USB-Flash-Drive-custom-150x150.webp 150w, https:\/\/www.yousanusb.com\/wp-content\/uploads\/2025\/11\/The-Most-Popular-SE09-USB-Flash-Drive-custom-768x768.webp 768w, https:\/\/www.yousanusb.com\/wp-content\/uploads\/2025\/11\/The-Most-Popular-SE09-USB-Flash-Drive-custom-12x12.webp 12w, https:\/\/www.yousanusb.com\/wp-content\/uploads\/2025\/11\/The-Most-Popular-SE09-USB-Flash-Drive-custom-600x600.webp 600w, https:\/\/www.yousanusb.com\/wp-content\/uploads\/2025\/11\/The-Most-Popular-SE09-USB-Flash-Drive-custom-100x100.webp 100w\" sizes=\"(max-width: 800px) 100vw, 800px\" \/><\/figure>\n<\/div>\n<\/div>\n\n\n\n<p>Disponible dans les finitions classiques argent, or et or rose pour r\u00e9pondre aux diff\u00e9rentes pr\u00e9f\u00e9rences de style, le SE09 permet la personnalisation de logos par s\u00e9rigraphie ou impression couleur avec une quantit\u00e9 minimale de commande de seulement 10 unit\u00e9s. Il s'agit donc d'un excellent choix pour les cadeaux d'entreprise ou les cadeaux promotionnels, les options argent et or s'alignant parfaitement sur l'esth\u00e9tique de la marque de l'entreprise.<\/p>\n\n\n\n<div class=\"wp-block-columns is-layout-flex wp-container-core-columns-is-layout-3 wp-block-columns-is-layout-flex\">\n<div class=\"wp-block-column is-layout-flow wp-block-column-is-layout-flow\">\n<figure class=\"wp-block-image size-large\"><img loading=\"lazy\" decoding=\"async\" width=\"1024\" height=\"1024\" src=\"https:\/\/www.yousanusb.com\/wp-content\/uploads\/2025\/11\/The-Most-Popular-SE09-USB-Flash-Drive-bulk-price-1024x1024.webp\" alt=\"\" class=\"wp-image-23650\" srcset=\"https:\/\/www.yousanusb.com\/wp-content\/uploads\/2025\/11\/The-Most-Popular-SE09-USB-Flash-Drive-bulk-price-1024x1024.webp 1024w, https:\/\/www.yousanusb.com\/wp-content\/uploads\/2025\/11\/The-Most-Popular-SE09-USB-Flash-Drive-bulk-price-300x300.webp 300w, https:\/\/www.yousanusb.com\/wp-content\/uploads\/2025\/11\/The-Most-Popular-SE09-USB-Flash-Drive-bulk-price-150x150.webp 150w, https:\/\/www.yousanusb.com\/wp-content\/uploads\/2025\/11\/The-Most-Popular-SE09-USB-Flash-Drive-bulk-price-768x768.webp 768w, https:\/\/www.yousanusb.com\/wp-content\/uploads\/2025\/11\/The-Most-Popular-SE09-USB-Flash-Drive-bulk-price-12x12.webp 12w, https:\/\/www.yousanusb.com\/wp-content\/uploads\/2025\/11\/The-Most-Popular-SE09-USB-Flash-Drive-bulk-price-600x600.webp 600w, https:\/\/www.yousanusb.com\/wp-content\/uploads\/2025\/11\/The-Most-Popular-SE09-USB-Flash-Drive-bulk-price-100x100.webp 100w, https:\/\/www.yousanusb.com\/wp-content\/uploads\/2025\/11\/The-Most-Popular-SE09-USB-Flash-Drive-bulk-price.webp 1276w\" sizes=\"(max-width: 1024px) 100vw, 1024px\" \/><\/figure>\n<\/div>\n\n\n\n<div class=\"wp-block-column is-layout-flow wp-block-column-is-layout-flow\">\n<figure class=\"wp-block-image size-full\"><img loading=\"lazy\" decoding=\"async\" width=\"800\" height=\"800\" src=\"https:\/\/www.yousanusb.com\/wp-content\/uploads\/2025\/11\/The-Most-Popular-SE09-USB-Flash-Drive-custom-logo.jpg\" alt=\"\" class=\"wp-image-23647\" srcset=\"https:\/\/www.yousanusb.com\/wp-content\/uploads\/2025\/11\/The-Most-Popular-SE09-USB-Flash-Drive-custom-logo.jpg 800w, https:\/\/www.yousanusb.com\/wp-content\/uploads\/2025\/11\/The-Most-Popular-SE09-USB-Flash-Drive-custom-logo-300x300.jpg 300w, https:\/\/www.yousanusb.com\/wp-content\/uploads\/2025\/11\/The-Most-Popular-SE09-USB-Flash-Drive-custom-logo-150x150.jpg 150w, https:\/\/www.yousanusb.com\/wp-content\/uploads\/2025\/11\/The-Most-Popular-SE09-USB-Flash-Drive-custom-logo-768x768.jpg 768w, https:\/\/www.yousanusb.com\/wp-content\/uploads\/2025\/11\/The-Most-Popular-SE09-USB-Flash-Drive-custom-logo-12x12.jpg 12w, https:\/\/www.yousanusb.com\/wp-content\/uploads\/2025\/11\/The-Most-Popular-SE09-USB-Flash-Drive-custom-logo-600x600.jpg 600w, https:\/\/www.yousanusb.com\/wp-content\/uploads\/2025\/11\/The-Most-Popular-SE09-USB-Flash-Drive-custom-logo-100x100.jpg 100w\" sizes=\"(max-width: 800px) 100vw, 800px\" \/><\/figure>\n<\/div>\n<\/div>\n\n\n\n<h2 class=\"wp-block-heading\">Quelles sont les vitesses de lecture et d'\u00e9criture sp\u00e9cifiques de la cl\u00e9 USB SE09 ?<\/h2>\n\n\n\n<p><br>La cl\u00e9 SE09 est disponible en USB 2.0 et USB 3.0, avec les vitesses de lecture\/\u00e9criture suivantes :<br>Version USB 2.0 : Lecture 12MB\/s, \u00e9criture 5MB\/s ;<br>Version USB 3.0 : Lecture 90 Mo\/s, \u00e9criture 50 Mo\/s.<\/p>","protected":false},"excerpt":{"rendered":"<ul>\n<li>Le style le plus populaire<\/li>\n<li>Mat\u00e9riau m\u00e9tallique<\/li>\n<li>Cl\u00e9 USB SE09<\/li>\n<li>Alliage de zinc de haute qualit\u00e9<\/li>\n<li>Logo personnalis\u00e9<\/li>\n<\/ul>","protected":false},"featured_media":23652,"comment_status":"open","ping_status":"closed","template":"","meta":{"_seopress_robots_primary_cat":"","_seopress_titles_title":"The Most Popular SE09 USB Flash Drive","_seopress_titles_desc":"SE09 Metal USB Drive is an undisputed bestseller. Featuring an industry-leading one-piece insertion design, it completely eliminates the traditional cap mechanism.","_seopress_robots_index":""},"class_list":["post-23644","product","type-product","status-publish","has-post-thumbnail","hentry","product_cat-metal-usb-flash-drive","product_tag-custom-metal-keychain-usb-flash-drive","product_tag-buy-metal-leather-usb-flash-drive"],"_links":{"self":[{"href":"https:\/\/www.yousanusb.com\/fr\/wp-json\/wp\/v2\/product\/23644"}],"collection":[{"href":"https:\/\/www.yousanusb.com\/fr\/wp-json\/wp\/v2\/product"}],"about":[{"href":"https:\/\/www.yousanusb.com\/fr\/wp-json\/wp\/v2\/types\/product"}],"replies":[{"embeddable":true,"href":"https:\/\/www.yousanusb.com\/fr\/wp-json\/wp\/v2\/comments?post=23644"}],"wp:featuredmedia":[{"embeddable":true,"href":"https:\/\/www.yousanusb.com\/fr\/wp-json\/wp\/v2\/media\/23652"}],"wp:attachment":[{"href":"https:\/\/www.yousanusb.com\/fr\/wp-json\/wp\/v2\/media?parent=23644"}],"curies":[{"name":"wp","href":"https:\/\/api.w.org\/{rel}","templated":true}]}}