{"id":23725,"date":"2025-11-09T12:05:33","date_gmt":"2025-11-09T12:05:33","guid":{"rendered":"https:\/\/www.yousanusb.com\/?post_type=product&#038;p=23725"},"modified":"2025-11-10T10:01:25","modified_gmt":"2025-11-10T10:01:25","slug":"mms-usb-flash-drive","status":"publish","type":"product","link":"https:\/\/www.yousanusb.com\/fr\/produit\/mms-usb-flash-drive\/","title":{"rendered":"Cl\u00e9 USB M&amp;M's"},"content":{"rendered":"<p>Des formes rondes et dodues, des couleurs vives et des expressions ludiques ? Voici l'irr\u00e9sistible cl\u00e9 USB M&amp;M. Fabriqu\u00e9e en PVC moul\u00e9 dans les couleurs M&amp;M (rouge, jaune, bleu, vert, orange et marron), elle arbore des teintes satur\u00e9es qui ne se d\u00e9coloreront pas et ne jauniront pas avec le temps. <\/p>\n\n\n\n<div class=\"wp-block-columns is-layout-flex wp-container-core-columns-is-layout-1 wp-block-columns-is-layout-flex\">\n<div class=\"wp-block-column is-layout-flow wp-block-column-is-layout-flow\">\n<figure class=\"wp-block-image size-full\"><img fetchpriority=\"high\" decoding=\"async\" width=\"750\" height=\"750\" src=\"https:\/\/www.yousanusb.com\/wp-content\/uploads\/2025\/11\/MMs-USB-drive.jpg\" alt=\"\" class=\"wp-image-23734\" srcset=\"https:\/\/www.yousanusb.com\/wp-content\/uploads\/2025\/11\/MMs-USB-drive.jpg 750w, https:\/\/www.yousanusb.com\/wp-content\/uploads\/2025\/11\/MMs-USB-drive-300x300.jpg 300w, https:\/\/www.yousanusb.com\/wp-content\/uploads\/2025\/11\/MMs-USB-drive-150x150.jpg 150w, https:\/\/www.yousanusb.com\/wp-content\/uploads\/2025\/11\/MMs-USB-drive-12x12.jpg 12w, https:\/\/www.yousanusb.com\/wp-content\/uploads\/2025\/11\/MMs-USB-drive-600x600.jpg 600w, https:\/\/www.yousanusb.com\/wp-content\/uploads\/2025\/11\/MMs-USB-drive-100x100.jpg 100w\" sizes=\"(max-width: 750px) 100vw, 750px\" \/><\/figure>\n<\/div>\n\n\n\n<div class=\"wp-block-column is-layout-flow wp-block-column-is-layout-flow\">\n<figure class=\"wp-block-image size-full\"><img decoding=\"async\" width=\"750\" height=\"750\" src=\"https:\/\/www.yousanusb.com\/wp-content\/uploads\/2025\/11\/yellow-MMs-USB-drive.jpg\" alt=\"\" class=\"wp-image-23736\" srcset=\"https:\/\/www.yousanusb.com\/wp-content\/uploads\/2025\/11\/yellow-MMs-USB-drive.jpg 750w, https:\/\/www.yousanusb.com\/wp-content\/uploads\/2025\/11\/yellow-MMs-USB-drive-300x300.jpg 300w, https:\/\/www.yousanusb.com\/wp-content\/uploads\/2025\/11\/yellow-MMs-USB-drive-150x150.jpg 150w, https:\/\/www.yousanusb.com\/wp-content\/uploads\/2025\/11\/yellow-MMs-USB-drive-12x12.jpg 12w, https:\/\/www.yousanusb.com\/wp-content\/uploads\/2025\/11\/yellow-MMs-USB-drive-600x600.jpg 600w, https:\/\/www.yousanusb.com\/wp-content\/uploads\/2025\/11\/yellow-MMs-USB-drive-100x100.jpg 100w\" sizes=\"(max-width: 750px) 100vw, 750px\" \/><\/figure>\n<\/div>\n<\/div>\n\n\n\n<p>L'ensemble du design suit la silhouette arrondie d'un haricot, avec un logo \"M\" en relief et des expressions ludiques exclusives : la version rouge affiche un large sourire, la version jaune fait un joli clin d'\u0153il, la version bleue hausse froidement un sourcil et la version verte rougit timidement - chacune d\u00e9gageant un charme apaisant.<\/p>\n\n\n\n<div class=\"wp-block-columns is-layout-flex wp-container-core-columns-is-layout-2 wp-block-columns-is-layout-flex\">\n<div class=\"wp-block-column is-layout-flow wp-block-column-is-layout-flow\">\n<figure class=\"wp-block-image size-full\"><img decoding=\"async\" width=\"750\" height=\"750\" src=\"https:\/\/www.yousanusb.com\/wp-content\/uploads\/2025\/11\/red-MMs-USB-drive.jpg\" alt=\"\" class=\"wp-image-23735\" srcset=\"https:\/\/www.yousanusb.com\/wp-content\/uploads\/2025\/11\/red-MMs-USB-drive.jpg 750w, https:\/\/www.yousanusb.com\/wp-content\/uploads\/2025\/11\/red-MMs-USB-drive-300x300.jpg 300w, https:\/\/www.yousanusb.com\/wp-content\/uploads\/2025\/11\/red-MMs-USB-drive-150x150.jpg 150w, https:\/\/www.yousanusb.com\/wp-content\/uploads\/2025\/11\/red-MMs-USB-drive-12x12.jpg 12w, https:\/\/www.yousanusb.com\/wp-content\/uploads\/2025\/11\/red-MMs-USB-drive-600x600.jpg 600w, https:\/\/www.yousanusb.com\/wp-content\/uploads\/2025\/11\/red-MMs-USB-drive-100x100.jpg 100w\" sizes=\"(max-width: 750px) 100vw, 750px\" \/><\/figure>\n<\/div>\n\n\n\n<div class=\"wp-block-column is-layout-flow wp-block-column-is-layout-flow\">\n<figure class=\"wp-block-image size-full\"><img loading=\"lazy\" decoding=\"async\" width=\"750\" height=\"750\" src=\"https:\/\/www.yousanusb.com\/wp-content\/uploads\/2025\/11\/green-MMs-USB-drive.jpg\" alt=\"\" class=\"wp-image-23732\" srcset=\"https:\/\/www.yousanusb.com\/wp-content\/uploads\/2025\/11\/green-MMs-USB-drive.jpg 750w, https:\/\/www.yousanusb.com\/wp-content\/uploads\/2025\/11\/green-MMs-USB-drive-300x300.jpg 300w, https:\/\/www.yousanusb.com\/wp-content\/uploads\/2025\/11\/green-MMs-USB-drive-150x150.jpg 150w, https:\/\/www.yousanusb.com\/wp-content\/uploads\/2025\/11\/green-MMs-USB-drive-12x12.jpg 12w, https:\/\/www.yousanusb.com\/wp-content\/uploads\/2025\/11\/green-MMs-USB-drive-600x600.jpg 600w, https:\/\/www.yousanusb.com\/wp-content\/uploads\/2025\/11\/green-MMs-USB-drive-100x100.jpg 100w\" sizes=\"(max-width: 750px) 100vw, 750px\" \/><\/figure>\n<\/div>\n<\/div>\n\n\n\n<p>Un trou pour cordon amovible est pr\u00e9install\u00e9 sur le dessus. Associez-le \u00e0 un cordon de bande dessin\u00e9e assorti pour l'attacher \u00e0 un porte-cl\u00e9s ou \u00e0 un sac \u00e0 dos afin d'\u00e9viter de le perdre, ou portez-le comme un accessoire tendance pour faire tourner les t\u00eates. Le point de connexion est dot\u00e9 d'un capuchon anti-poussi\u00e8re pour \u00e9viter l'usure quotidienne, alliant l'\u00e9l\u00e9gance \u00e0 la durabilit\u00e9.<\/p>\n\n\n\n<div class=\"wp-block-columns is-layout-flex wp-container-core-columns-is-layout-3 wp-block-columns-is-layout-flex\">\n<div class=\"wp-block-column is-layout-flow wp-block-column-is-layout-flow\">\n<figure class=\"wp-block-image size-full\"><img loading=\"lazy\" decoding=\"async\" width=\"750\" height=\"750\" src=\"https:\/\/www.yousanusb.com\/wp-content\/uploads\/2025\/11\/custom-MMs-USB-drive.jpg\" alt=\"\" class=\"wp-image-23731\" srcset=\"https:\/\/www.yousanusb.com\/wp-content\/uploads\/2025\/11\/custom-MMs-USB-drive.jpg 750w, https:\/\/www.yousanusb.com\/wp-content\/uploads\/2025\/11\/custom-MMs-USB-drive-300x300.jpg 300w, https:\/\/www.yousanusb.com\/wp-content\/uploads\/2025\/11\/custom-MMs-USB-drive-150x150.jpg 150w, https:\/\/www.yousanusb.com\/wp-content\/uploads\/2025\/11\/custom-MMs-USB-drive-12x12.jpg 12w, https:\/\/www.yousanusb.com\/wp-content\/uploads\/2025\/11\/custom-MMs-USB-drive-600x600.jpg 600w, https:\/\/www.yousanusb.com\/wp-content\/uploads\/2025\/11\/custom-MMs-USB-drive-100x100.jpg 100w\" sizes=\"(max-width: 750px) 100vw, 750px\" \/><\/figure>\n<\/div>\n\n\n\n<div class=\"wp-block-column is-layout-flow wp-block-column-is-layout-flow\">\n<figure class=\"wp-block-image size-full\"><img loading=\"lazy\" decoding=\"async\" width=\"750\" height=\"750\" src=\"https:\/\/www.yousanusb.com\/wp-content\/uploads\/2025\/11\/brown-MMs-USB-drive.jpg\" alt=\"\" class=\"wp-image-23730\" srcset=\"https:\/\/www.yousanusb.com\/wp-content\/uploads\/2025\/11\/brown-MMs-USB-drive.jpg 750w, https:\/\/www.yousanusb.com\/wp-content\/uploads\/2025\/11\/brown-MMs-USB-drive-300x300.jpg 300w, https:\/\/www.yousanusb.com\/wp-content\/uploads\/2025\/11\/brown-MMs-USB-drive-150x150.jpg 150w, https:\/\/www.yousanusb.com\/wp-content\/uploads\/2025\/11\/brown-MMs-USB-drive-12x12.jpg 12w, https:\/\/www.yousanusb.com\/wp-content\/uploads\/2025\/11\/brown-MMs-USB-drive-600x600.jpg 600w, https:\/\/www.yousanusb.com\/wp-content\/uploads\/2025\/11\/brown-MMs-USB-drive-100x100.jpg 100w\" sizes=\"(max-width: 750px) 100vw, 750px\" \/><\/figure>\n<\/div>\n<\/div>\n\n\n\n<p>Le cadeau cr\u00e9atif par excellence : Associez-le \u00e0 un coffret cadeau sur le th\u00e8me des M&amp;M's, personnalisable avec une gravure (comme des noms ou des messages). C'est un cadeau pratique et attentionn\u00e9 pour les anniversaires ou les f\u00eates.<\/p>\n\n\n\n<p><\/p>","protected":false},"excerpt":{"rendered":"<ul>\n<li>M&amp;M's ip<\/li>\n<li>Cl\u00e9 USB<\/li>\n<li>Mod\u00e8le de dessin anim\u00e9<\/li>\n<li>Mati\u00e8re PVC<\/li>\n<li>Rouge, jaune, brun, bleu, orange, vert<\/li>\n<\/ul>","protected":false},"featured_media":23738,"comment_status":"open","ping_status":"closed","template":"","meta":{"_seopress_robots_primary_cat":"none","_seopress_titles_title":"M&M's USB Flash drive","_seopress_titles_desc":"Plump and round, vibrant colors, and playful expressions? Meet the irresistible M&M USB drive. Crafted from PVC molded in M&M's signature red, yellow, blue, green, orange, and brown, it boasts saturated hues that won't fade or yellow over time.","_seopress_robots_index":""},"class_list":["post-23725","product","type-product","status-publish","has-post-thumbnail","hentry","product_cat-custom-usb-drive"],"_links":{"self":[{"href":"https:\/\/www.yousanusb.com\/fr\/wp-json\/wp\/v2\/product\/23725"}],"collection":[{"href":"https:\/\/www.yousanusb.com\/fr\/wp-json\/wp\/v2\/product"}],"about":[{"href":"https:\/\/www.yousanusb.com\/fr\/wp-json\/wp\/v2\/types\/product"}],"replies":[{"embeddable":true,"href":"https:\/\/www.yousanusb.com\/fr\/wp-json\/wp\/v2\/comments?post=23725"}],"wp:featuredmedia":[{"embeddable":true,"href":"https:\/\/www.yousanusb.com\/fr\/wp-json\/wp\/v2\/media\/23738"}],"wp:attachment":[{"href":"https:\/\/www.yousanusb.com\/fr\/wp-json\/wp\/v2\/media?parent=23725"}],"curies":[{"name":"wp","href":"https:\/\/api.w.org\/{rel}","templated":true}]}}