{"id":23904,"date":"2025-11-10T13:15:03","date_gmt":"2025-11-10T13:15:03","guid":{"rendered":"https:\/\/www.yousanusb.com\/?post_type=product&#038;p=23904"},"modified":"2025-11-10T13:21:45","modified_gmt":"2025-11-10T13:21:45","slug":"cartoon-smile-sunflower-usb-drive","status":"publish","type":"product","link":"https:\/\/www.yousanusb.com\/fr\/produit\/cartoon-smile-sunflower-usb-drive\/","title":{"rendered":"Cl\u00e9 USB sourire de dessins anim\u00e9s Tournesol"},"content":{"rendered":"<p>La cl\u00e9 USB Cartoon Sunflower est une cl\u00e9 USB plate en 2D avec des p\u00e9tales dor\u00e9s et dodus et une t\u00eate de fleur arrondie. Son visage souriant caract\u00e9ristique rayonne de soleil. Fabriqu\u00e9e en caoutchouc souple \u00e9cologique de premi\u00e8re qualit\u00e9, elle est exceptionnellement flexible et pr\u00e9sente des bords lisses et arrondis, ce qui en fait un outil de stockage tr\u00e8s efficace.<\/p>\n\n\n\n<div class=\"wp-block-columns is-layout-flex wp-container-core-columns-is-layout-1 wp-block-columns-is-layout-flex\">\n<div class=\"wp-block-column is-layout-flow wp-block-column-is-layout-flow\">\n<figure class=\"wp-block-image size-full\"><img fetchpriority=\"high\" decoding=\"async\" width=\"750\" height=\"750\" src=\"https:\/\/www.yousanusb.com\/wp-content\/uploads\/2025\/11\/pvc-Cartoon-Sunflower-USB-Drive.jpg\" alt=\"\" class=\"wp-image-23909\" srcset=\"https:\/\/www.yousanusb.com\/wp-content\/uploads\/2025\/11\/pvc-Cartoon-Sunflower-USB-Drive.jpg 750w, https:\/\/www.yousanusb.com\/wp-content\/uploads\/2025\/11\/pvc-Cartoon-Sunflower-USB-Drive-300x300.jpg 300w, https:\/\/www.yousanusb.com\/wp-content\/uploads\/2025\/11\/pvc-Cartoon-Sunflower-USB-Drive-150x150.jpg 150w, https:\/\/www.yousanusb.com\/wp-content\/uploads\/2025\/11\/pvc-Cartoon-Sunflower-USB-Drive-12x12.jpg 12w, https:\/\/www.yousanusb.com\/wp-content\/uploads\/2025\/11\/pvc-Cartoon-Sunflower-USB-Drive-600x600.jpg 600w, https:\/\/www.yousanusb.com\/wp-content\/uploads\/2025\/11\/pvc-Cartoon-Sunflower-USB-Drive-100x100.jpg 100w\" sizes=\"(max-width: 750px) 100vw, 750px\" \/><\/figure>\n<\/div>\n\n\n\n<div class=\"wp-block-column is-layout-flow wp-block-column-is-layout-flow\">\n<figure class=\"wp-block-image size-full\"><img decoding=\"async\" width=\"750\" height=\"750\" src=\"https:\/\/www.yousanusb.com\/wp-content\/uploads\/2025\/11\/Cartoon-smile-Sunflower-USB-Drive.jpg\" alt=\"\" class=\"wp-image-23907\" srcset=\"https:\/\/www.yousanusb.com\/wp-content\/uploads\/2025\/11\/Cartoon-smile-Sunflower-USB-Drive.jpg 750w, https:\/\/www.yousanusb.com\/wp-content\/uploads\/2025\/11\/Cartoon-smile-Sunflower-USB-Drive-300x300.jpg 300w, https:\/\/www.yousanusb.com\/wp-content\/uploads\/2025\/11\/Cartoon-smile-Sunflower-USB-Drive-150x150.jpg 150w, https:\/\/www.yousanusb.com\/wp-content\/uploads\/2025\/11\/Cartoon-smile-Sunflower-USB-Drive-12x12.jpg 12w, https:\/\/www.yousanusb.com\/wp-content\/uploads\/2025\/11\/Cartoon-smile-Sunflower-USB-Drive-600x600.jpg 600w, https:\/\/www.yousanusb.com\/wp-content\/uploads\/2025\/11\/Cartoon-smile-Sunflower-USB-Drive-100x100.jpg 100w\" sizes=\"(max-width: 750px) 100vw, 750px\" \/><\/figure>\n<\/div>\n<\/div>\n\n\n\n<p>Les p\u00e9tales jaunes tr\u00e8s r\u00e9alistes pr\u00e9sentent une courbe subtile, tandis que le centre de la fleur est orn\u00e9 de textures r\u00e9alistes. Il est livr\u00e9 avec un cordon d\u00e9tachable, qui vous permet de le tenir \u00e0 la main ou de l'attacher \u00e0 un porte-cl\u00e9s pour un rangement mobile plus pratique.<\/p>\n\n\n\n<p>Certifi\u00e9 RoHS pour la s\u00e9curit\u00e9 environnementale, le mat\u00e9riau est inodore et hypoallerg\u00e9nique. Sa grande flexibilit\u00e9 lui permet de se plier en douceur et de r\u00e9sister aux dommages caus\u00e9s par les chutes et les frottements quotidiens, ce qui lui conf\u00e8re une durabilit\u00e9 maximale.<\/p>\n\n\n\n<p>Le port USB est dot\u00e9 d'un capuchon anti-poussi\u00e8re pour \u00e9viter que des d\u00e9bris n'affectent le transfert de donn\u00e9es.<\/p>\n\n\n\n<p>Symbole de la \"vitalit\u00e9 en qu\u00eate de soleil\", ce motif de tournesol transcende l'aspect pratique en tant que petit cadeau qui diffuse de l'\u00e9nergie positive.<\/p>","protected":false},"excerpt":{"rendered":"<ul>\n<li>Sourire de dessin anim\u00e9<\/li>\n<li>Cl\u00e9 USB Tournesol<\/li>\n<li>Certifi\u00e9 RoHS pour la s\u00e9curit\u00e9 environnementale<\/li>\n<li>Une vitalit\u00e9 en qu\u00eate de soleil<\/li>\n<li>Outil de stockage tr\u00e8s efficace.<\/li>\n<\/ul>","protected":false},"featured_media":23908,"comment_status":"open","ping_status":"closed","template":"","meta":{"_seopress_robots_primary_cat":"","_seopress_titles_title":"Cartoon Smile Sunflower USB Drive","_seopress_titles_desc":"Cartoon Sunflower USB Drive is a flat 2D flash drive featuring golden, plump petals and a rounded flower head. Its signature smiley face design radiates sunshine. Crafted from premium eco-friendly soft rubber, it's exceptionally flexible with smooth, rounded edges\u2014a highly efficient storage tool.","_seopress_robots_index":""},"class_list":["post-23904","product","type-product","status-publish","has-post-thumbnail","hentry","product_cat-custom-usb-drive"],"_links":{"self":[{"href":"https:\/\/www.yousanusb.com\/fr\/wp-json\/wp\/v2\/product\/23904"}],"collection":[{"href":"https:\/\/www.yousanusb.com\/fr\/wp-json\/wp\/v2\/product"}],"about":[{"href":"https:\/\/www.yousanusb.com\/fr\/wp-json\/wp\/v2\/types\/product"}],"replies":[{"embeddable":true,"href":"https:\/\/www.yousanusb.com\/fr\/wp-json\/wp\/v2\/comments?post=23904"}],"wp:featuredmedia":[{"embeddable":true,"href":"https:\/\/www.yousanusb.com\/fr\/wp-json\/wp\/v2\/media\/23908"}],"wp:attachment":[{"href":"https:\/\/www.yousanusb.com\/fr\/wp-json\/wp\/v2\/media?parent=23904"}],"curies":[{"name":"wp","href":"https:\/\/api.w.org\/{rel}","templated":true}]}}