{"id":23912,"date":"2025-11-11T00:22:41","date_gmt":"2025-11-11T00:22:41","guid":{"rendered":"https:\/\/www.yousanusb.com\/?post_type=product&#038;p=23912"},"modified":"2025-11-11T00:25:38","modified_gmt":"2025-11-11T00:25:38","slug":"peppa-pig-usb-flash-drive","status":"publish","type":"product","link":"https:\/\/www.yousanusb.com\/fr\/produit\/peppa-pig-usb-flash-drive\/","title":{"rendered":"Cl\u00e9 USB Peppa Pig"},"content":{"rendered":"<p>Cl\u00e9 USB Peppa Pig<\/p>\n\n\n\n<p>Cette cl\u00e9 USB Peppa Pig combine astucieusement un dessin anim\u00e9 bien-aim\u00e9 et une fonctionnalit\u00e9 de stockage pratique. Le design de la propri\u00e9t\u00e9 intellectuelle est fid\u00e8lement reproduit : Bas\u00e9e sur le personnage classique du dessin anim\u00e9 Peppa Pig, elle pr\u00e9sente une reproduction \u00e0 l'\u00e9chelle 1:1 des \u00e9l\u00e9ments cl\u00e9s : la palette de couleurs rose et blanche caract\u00e9ristique, les joues rouges embl\u00e9matiques, la tenue bleue et les bottes rouges. Sa structure divis\u00e9e (la t\u00eate est le corps de la cl\u00e9 USB, le corps est l'\u00e9tui de protection) ajoute un charme ludique tout en prot\u00e9geant efficacement le port USB.<\/p>\n\n\n\n<div class=\"wp-block-columns is-layout-flex wp-container-core-columns-is-layout-1 wp-block-columns-is-layout-flex\">\n<div class=\"wp-block-column is-layout-flow wp-block-column-is-layout-flow\">\n<figure class=\"wp-block-image size-full\"><img fetchpriority=\"high\" decoding=\"async\" width=\"750\" height=\"750\" src=\"https:\/\/www.yousanusb.com\/wp-content\/uploads\/2025\/11\/Peppa-Pig-USB-Drive-wholesale.jpg\" alt=\"\" class=\"wp-image-23917\" srcset=\"https:\/\/www.yousanusb.com\/wp-content\/uploads\/2025\/11\/Peppa-Pig-USB-Drive-wholesale.jpg 750w, https:\/\/www.yousanusb.com\/wp-content\/uploads\/2025\/11\/Peppa-Pig-USB-Drive-wholesale-300x300.jpg 300w, https:\/\/www.yousanusb.com\/wp-content\/uploads\/2025\/11\/Peppa-Pig-USB-Drive-wholesale-150x150.jpg 150w, https:\/\/www.yousanusb.com\/wp-content\/uploads\/2025\/11\/Peppa-Pig-USB-Drive-wholesale-12x12.jpg 12w, https:\/\/www.yousanusb.com\/wp-content\/uploads\/2025\/11\/Peppa-Pig-USB-Drive-wholesale-600x600.jpg 600w, https:\/\/www.yousanusb.com\/wp-content\/uploads\/2025\/11\/Peppa-Pig-USB-Drive-wholesale-100x100.jpg 100w\" sizes=\"(max-width: 750px) 100vw, 750px\" \/><\/figure>\n<\/div>\n\n\n\n<div class=\"wp-block-column is-layout-flow wp-block-column-is-layout-flow\">\n<figure class=\"wp-block-image size-full\"><img decoding=\"async\" width=\"750\" height=\"750\" src=\"https:\/\/www.yousanusb.com\/wp-content\/uploads\/2025\/11\/Peppa-Pig-USB-Drive-manufacturer.jpg\" alt=\"\" class=\"wp-image-23916\" srcset=\"https:\/\/www.yousanusb.com\/wp-content\/uploads\/2025\/11\/Peppa-Pig-USB-Drive-manufacturer.jpg 750w, https:\/\/www.yousanusb.com\/wp-content\/uploads\/2025\/11\/Peppa-Pig-USB-Drive-manufacturer-300x300.jpg 300w, https:\/\/www.yousanusb.com\/wp-content\/uploads\/2025\/11\/Peppa-Pig-USB-Drive-manufacturer-150x150.jpg 150w, https:\/\/www.yousanusb.com\/wp-content\/uploads\/2025\/11\/Peppa-Pig-USB-Drive-manufacturer-12x12.jpg 12w, https:\/\/www.yousanusb.com\/wp-content\/uploads\/2025\/11\/Peppa-Pig-USB-Drive-manufacturer-600x600.jpg 600w, https:\/\/www.yousanusb.com\/wp-content\/uploads\/2025\/11\/Peppa-Pig-USB-Drive-manufacturer-100x100.jpg 100w\" sizes=\"(max-width: 750px) 100vw, 750px\" \/><\/figure>\n<\/div>\n<\/div>\n\n\n\n<p>Sa taille compacte lui permet de servir de porte-cl\u00e9s ou de breloque de sac, permettant \u00e0 \"Peppa\" d'ajouter d'adorables accents \u00e0 vos tenues et accessoires quotidiens, \u00e0 tout moment et en tout lieu.<\/p>\n\n\n\n<div class=\"wp-block-columns is-layout-flex wp-container-core-columns-is-layout-2 wp-block-columns-is-layout-flex\">\n<div class=\"wp-block-column is-layout-flow wp-block-column-is-layout-flow\">\n<figure class=\"wp-block-image size-full\"><img decoding=\"async\" width=\"750\" height=\"750\" src=\"https:\/\/www.yousanusb.com\/wp-content\/uploads\/2025\/11\/pink-Peppa-Pig-USB-Drive.jpg\" alt=\"\" class=\"wp-image-23919\" srcset=\"https:\/\/www.yousanusb.com\/wp-content\/uploads\/2025\/11\/pink-Peppa-Pig-USB-Drive.jpg 750w, https:\/\/www.yousanusb.com\/wp-content\/uploads\/2025\/11\/pink-Peppa-Pig-USB-Drive-300x300.jpg 300w, https:\/\/www.yousanusb.com\/wp-content\/uploads\/2025\/11\/pink-Peppa-Pig-USB-Drive-150x150.jpg 150w, https:\/\/www.yousanusb.com\/wp-content\/uploads\/2025\/11\/pink-Peppa-Pig-USB-Drive-12x12.jpg 12w, https:\/\/www.yousanusb.com\/wp-content\/uploads\/2025\/11\/pink-Peppa-Pig-USB-Drive-600x600.jpg 600w, https:\/\/www.yousanusb.com\/wp-content\/uploads\/2025\/11\/pink-Peppa-Pig-USB-Drive-100x100.jpg 100w\" sizes=\"(max-width: 750px) 100vw, 750px\" \/><\/figure>\n<\/div>\n\n\n\n<div class=\"wp-block-column is-layout-flow wp-block-column-is-layout-flow\">\n<figure class=\"wp-block-image size-full\"><img loading=\"lazy\" decoding=\"async\" width=\"750\" height=\"750\" src=\"https:\/\/www.yousanusb.com\/wp-content\/uploads\/2025\/11\/cartoon-Peppa-Pig-USB-Drive.jpg\" alt=\"\" class=\"wp-image-23915\" srcset=\"https:\/\/www.yousanusb.com\/wp-content\/uploads\/2025\/11\/cartoon-Peppa-Pig-USB-Drive.jpg 750w, https:\/\/www.yousanusb.com\/wp-content\/uploads\/2025\/11\/cartoon-Peppa-Pig-USB-Drive-300x300.jpg 300w, https:\/\/www.yousanusb.com\/wp-content\/uploads\/2025\/11\/cartoon-Peppa-Pig-USB-Drive-150x150.jpg 150w, https:\/\/www.yousanusb.com\/wp-content\/uploads\/2025\/11\/cartoon-Peppa-Pig-USB-Drive-12x12.jpg 12w, https:\/\/www.yousanusb.com\/wp-content\/uploads\/2025\/11\/cartoon-Peppa-Pig-USB-Drive-600x600.jpg 600w, https:\/\/www.yousanusb.com\/wp-content\/uploads\/2025\/11\/cartoon-Peppa-Pig-USB-Drive-100x100.jpg 100w\" sizes=\"(max-width: 750px) 100vw, 750px\" \/><\/figure>\n<\/div>\n<\/div>\n\n\n\n<p>En tant que cl\u00e9 USB, elle prend en charge le transfert de donn\u00e9es \u00e0 grande vitesse et est compatible avec les syst\u00e8mes courants tels que Windows et Mac. Qu'il s'agisse de mat\u00e9riel d'\u00e9tude, de documents de travail, de ressources vid\u00e9o ou de ressources cr\u00e9atives, elle g\u00e8re le stockage avec facilit\u00e9.<\/p>","protected":false},"excerpt":{"rendered":"<ul>\n<li>Peppa Pig ip<\/li>\n<li>Cl\u00e9 USB en forme de dessin anim\u00e9<\/li>\n<li>Mati\u00e8re PVC<\/li>\n<li>Conception 2D<\/li>\n<li>Logo personnalis\u00e9<\/li>\n<\/ul>","protected":false},"featured_media":23918,"comment_status":"open","ping_status":"closed","template":"","meta":{"_seopress_robots_primary_cat":"","_seopress_titles_title":"Peppa Pig USB Flash Drive","_seopress_titles_desc":"This Peppa Pig USB drive cleverly combines a beloved cartoon IP with practical storage functionality. The IP design is faithfully reproduced: Based on the classic cartoon character Peppa Pig","_seopress_robots_index":""},"class_list":["post-23912","product","type-product","status-publish","has-post-thumbnail","hentry","product_cat-custom-usb-drive"],"_links":{"self":[{"href":"https:\/\/www.yousanusb.com\/fr\/wp-json\/wp\/v2\/product\/23912"}],"collection":[{"href":"https:\/\/www.yousanusb.com\/fr\/wp-json\/wp\/v2\/product"}],"about":[{"href":"https:\/\/www.yousanusb.com\/fr\/wp-json\/wp\/v2\/types\/product"}],"replies":[{"embeddable":true,"href":"https:\/\/www.yousanusb.com\/fr\/wp-json\/wp\/v2\/comments?post=23912"}],"wp:featuredmedia":[{"embeddable":true,"href":"https:\/\/www.yousanusb.com\/fr\/wp-json\/wp\/v2\/media\/23918"}],"wp:attachment":[{"href":"https:\/\/www.yousanusb.com\/fr\/wp-json\/wp\/v2\/media?parent=23912"}],"curies":[{"name":"wp","href":"https:\/\/api.w.org\/{rel}","templated":true}]}}