{"id":23920,"date":"2025-11-11T00:45:15","date_gmt":"2025-11-11T00:45:15","guid":{"rendered":"https:\/\/www.yousanusb.com\/?post_type=product&#038;p=23920"},"modified":"2025-11-11T02:14:55","modified_gmt":"2025-11-11T02:14:55","slug":"piggy-hero-cartoon-usb-flash-drive","status":"publish","type":"product","link":"https:\/\/www.yousanusb.com\/fr\/produit\/piggy-hero-cartoon-usb-flash-drive\/","title":{"rendered":"Cl\u00e9 USB Piggy Hero Cartoon"},"content":{"rendered":"<p>Cette cl\u00e9 USB de dessin anim\u00e9, con\u00e7ue sur la base du tr\u00e8s populaire IP Piggy Hero, allie harmonieusement un style adorable \u00e0 une grande efficacit\u00e9 de stockage, ce qui en fait la \"centrale mignonne\" des appareils num\u00e9riques. Vous trouverez ci-dessous les sp\u00e9cifications d\u00e9taill\u00e9es et les principales caract\u00e9ristiques :<\/p>\n\n\n\n<p>Design : Recr\u00e9e fid\u00e8lement le look embl\u00e9matique de Piggy Hero \u00e0 l'\u00e9chelle 1:1 avec de nombreux d\u00e9tails (comme le costume de combat rouge caract\u00e9ristique et les expressions faciales). Impression \u00e0 l'encre \u00e9cologique pour des couleurs durables et \u00e9clatantes qui ne s'effacent pas.<\/p>\n\n\n\n<div class=\"wp-block-columns is-layout-flex wp-container-core-columns-is-layout-1 wp-block-columns-is-layout-flex\">\n<div class=\"wp-block-column is-layout-flow wp-block-column-is-layout-flow\">\n<figure class=\"wp-block-image size-full\"><img fetchpriority=\"high\" decoding=\"async\" width=\"750\" height=\"750\" src=\"https:\/\/www.yousanusb.com\/wp-content\/uploads\/2025\/11\/Piggy-Hero-Cartoon-USB-Drive-wholesale.jpg\" alt=\"\" class=\"wp-image-23925\" srcset=\"https:\/\/www.yousanusb.com\/wp-content\/uploads\/2025\/11\/Piggy-Hero-Cartoon-USB-Drive-wholesale.jpg 750w, https:\/\/www.yousanusb.com\/wp-content\/uploads\/2025\/11\/Piggy-Hero-Cartoon-USB-Drive-wholesale-300x300.jpg 300w, https:\/\/www.yousanusb.com\/wp-content\/uploads\/2025\/11\/Piggy-Hero-Cartoon-USB-Drive-wholesale-150x150.jpg 150w, https:\/\/www.yousanusb.com\/wp-content\/uploads\/2025\/11\/Piggy-Hero-Cartoon-USB-Drive-wholesale-12x12.jpg 12w, https:\/\/www.yousanusb.com\/wp-content\/uploads\/2025\/11\/Piggy-Hero-Cartoon-USB-Drive-wholesale-600x600.jpg 600w, https:\/\/www.yousanusb.com\/wp-content\/uploads\/2025\/11\/Piggy-Hero-Cartoon-USB-Drive-wholesale-100x100.jpg 100w\" sizes=\"(max-width: 750px) 100vw, 750px\" \/><\/figure>\n<\/div>\n\n\n\n<div class=\"wp-block-column is-layout-flow wp-block-column-is-layout-flow\">\n<figure class=\"wp-block-image size-full\"><img decoding=\"async\" width=\"750\" height=\"750\" src=\"https:\/\/www.yousanusb.com\/wp-content\/uploads\/2025\/11\/custom-Piggy-Hero-Cartoon-USB-Drive.jpg\" alt=\"\" class=\"wp-image-23924\" srcset=\"https:\/\/www.yousanusb.com\/wp-content\/uploads\/2025\/11\/custom-Piggy-Hero-Cartoon-USB-Drive.jpg 750w, https:\/\/www.yousanusb.com\/wp-content\/uploads\/2025\/11\/custom-Piggy-Hero-Cartoon-USB-Drive-300x300.jpg 300w, https:\/\/www.yousanusb.com\/wp-content\/uploads\/2025\/11\/custom-Piggy-Hero-Cartoon-USB-Drive-150x150.jpg 150w, https:\/\/www.yousanusb.com\/wp-content\/uploads\/2025\/11\/custom-Piggy-Hero-Cartoon-USB-Drive-12x12.jpg 12w, https:\/\/www.yousanusb.com\/wp-content\/uploads\/2025\/11\/custom-Piggy-Hero-Cartoon-USB-Drive-600x600.jpg 600w, https:\/\/www.yousanusb.com\/wp-content\/uploads\/2025\/11\/custom-Piggy-Hero-Cartoon-USB-Drive-100x100.jpg 100w\" sizes=\"(max-width: 750px) 100vw, 750px\" \/><\/figure>\n<\/div>\n<\/div>\n\n\n\n<p>Mat\u00e9riau et fabrication : Fabriqu\u00e9 en caoutchouc souple PVC de qualit\u00e9 alimentaire, il offre une texture souple et \u00e9lastique. Durable et r\u00e9sistant aux chocs, il amortit efficacement les chocs quotidiens pour prot\u00e9ger la puce de stockage interne.<\/p>\n\n\n\n<p>Dimensions : Compact (environ 5 cm (H) \u00d7 3 cm (L) \u00d7 2 cm (P)), il se glisse facilement dans une poche ou un \u00e9tui \u00e0 crayons. Le trou de suspension de la coquille permet de l'attacher \u00e0 un cordon, le transformant ainsi en un accessoire personnalis\u00e9.<\/p>\n\n\n\n<div class=\"wp-block-columns is-layout-flex wp-container-core-columns-is-layout-2 wp-block-columns-is-layout-flex\">\n<div class=\"wp-block-column is-layout-flow wp-block-column-is-layout-flow\">\n<figure class=\"wp-block-image size-full\"><img decoding=\"async\" width=\"750\" height=\"750\" src=\"https:\/\/www.yousanusb.com\/wp-content\/uploads\/2025\/11\/blue-Piggy-Hero-Cartoon-USB-Drive.jpg\" alt=\"\" class=\"wp-image-23923\" srcset=\"https:\/\/www.yousanusb.com\/wp-content\/uploads\/2025\/11\/blue-Piggy-Hero-Cartoon-USB-Drive.jpg 750w, https:\/\/www.yousanusb.com\/wp-content\/uploads\/2025\/11\/blue-Piggy-Hero-Cartoon-USB-Drive-300x300.jpg 300w, https:\/\/www.yousanusb.com\/wp-content\/uploads\/2025\/11\/blue-Piggy-Hero-Cartoon-USB-Drive-150x150.jpg 150w, https:\/\/www.yousanusb.com\/wp-content\/uploads\/2025\/11\/blue-Piggy-Hero-Cartoon-USB-Drive-12x12.jpg 12w, https:\/\/www.yousanusb.com\/wp-content\/uploads\/2025\/11\/blue-Piggy-Hero-Cartoon-USB-Drive-600x600.jpg 600w, https:\/\/www.yousanusb.com\/wp-content\/uploads\/2025\/11\/blue-Piggy-Hero-Cartoon-USB-Drive-100x100.jpg 100w\" sizes=\"(max-width: 750px) 100vw, 750px\" \/><\/figure>\n<\/div>\n\n\n\n<div class=\"wp-block-column is-layout-flow wp-block-column-is-layout-flow\">\n<figure class=\"wp-block-image size-full\"><img loading=\"lazy\" decoding=\"async\" width=\"750\" height=\"750\" src=\"https:\/\/www.yousanusb.com\/wp-content\/uploads\/2025\/11\/red-Piggy-Hero-Cartoon-USB-Drive.jpg\" alt=\"\" class=\"wp-image-23927\" srcset=\"https:\/\/www.yousanusb.com\/wp-content\/uploads\/2025\/11\/red-Piggy-Hero-Cartoon-USB-Drive.jpg 750w, https:\/\/www.yousanusb.com\/wp-content\/uploads\/2025\/11\/red-Piggy-Hero-Cartoon-USB-Drive-300x300.jpg 300w, https:\/\/www.yousanusb.com\/wp-content\/uploads\/2025\/11\/red-Piggy-Hero-Cartoon-USB-Drive-150x150.jpg 150w, https:\/\/www.yousanusb.com\/wp-content\/uploads\/2025\/11\/red-Piggy-Hero-Cartoon-USB-Drive-12x12.jpg 12w, https:\/\/www.yousanusb.com\/wp-content\/uploads\/2025\/11\/red-Piggy-Hero-Cartoon-USB-Drive-600x600.jpg 600w, https:\/\/www.yousanusb.com\/wp-content\/uploads\/2025\/11\/red-Piggy-Hero-Cartoon-USB-Drive-100x100.jpg 100w\" sizes=\"(max-width: 750px) 100vw, 750px\" \/><\/figure>\n<\/div>\n<\/div>\n\n\n\n<p>Options de capacit\u00e9 : Disponible en plusieurs capacit\u00e9s - 8 Go, 16 Go, 32 Go, 64 Go et 128 Go - pour r\u00e9pondre \u00e0 divers besoins, du stockage de documents quotidiens \u00e0 la sauvegarde de vid\u00e9os haute d\u00e9finition.<\/p>\n\n\n\n<p>Interface et vitesse :<\/p>\n\n\n\n<p>- Option d'interface USB 2.0 : Vitesses de lecture d'environ 15-25MB\/s, vitesses d'\u00e9criture d'environ 8-15MB\/s, convenant aux transferts de fichiers de base.<\/p>\n\n\n\n<p>- Option d'interface USB 3.0 : Les vitesses de lecture passent \u00e0 80-150 Mo\/s, les vitesses d'\u00e9criture \u00e0 environ 20-40 Mo\/s. Transf\u00e9rez un film HD de 10 Go en quelques secondes.<\/p>","protected":false},"excerpt":{"rendered":"<ul>\n<li>Cette cl\u00e9 USB en forme de dessin anim\u00e9<\/li>\n<li>con\u00e7u \u00e0 partir du tr\u00e8s populaire IP Piggy Hero<\/li>\n<li>PVC caoutchouc souple<\/li>\n<li>Disponible en plusieurs capacit\u00e9s : 8 Go, 16 Go, 32 Go, 64 Go et 128 Go.<\/li>\n<li>Option d'interface USB 3.0 et USB2.0<\/li>\n<\/ul>","protected":false},"featured_media":23926,"comment_status":"open","ping_status":"closed","template":"","meta":{"_seopress_robots_primary_cat":"","_seopress_titles_title":"Piggy Hero Cartoon USB Flash Drive","_seopress_titles_desc":"This cartoon USB drive, designed based on the wildly popular IP Piggy Hero, seamlessly blends adorable styling with high-efficiency storage, making it the \u201ccute powerhouse\u201d among digital devices.","_seopress_robots_index":""},"class_list":["post-23920","product","type-product","status-publish","has-post-thumbnail","hentry","product_cat-custom-usb-drive"],"_links":{"self":[{"href":"https:\/\/www.yousanusb.com\/fr\/wp-json\/wp\/v2\/product\/23920"}],"collection":[{"href":"https:\/\/www.yousanusb.com\/fr\/wp-json\/wp\/v2\/product"}],"about":[{"href":"https:\/\/www.yousanusb.com\/fr\/wp-json\/wp\/v2\/types\/product"}],"replies":[{"embeddable":true,"href":"https:\/\/www.yousanusb.com\/fr\/wp-json\/wp\/v2\/comments?post=23920"}],"wp:featuredmedia":[{"embeddable":true,"href":"https:\/\/www.yousanusb.com\/fr\/wp-json\/wp\/v2\/media\/23926"}],"wp:attachment":[{"href":"https:\/\/www.yousanusb.com\/fr\/wp-json\/wp\/v2\/media?parent=23920"}],"curies":[{"name":"wp","href":"https:\/\/api.w.org\/{rel}","templated":true}]}}