{"id":23939,"date":"2025-11-11T01:42:17","date_gmt":"2025-11-11T01:42:17","guid":{"rendered":"https:\/\/www.yousanusb.com\/?post_type=product&#038;p=23939"},"modified":"2025-12-27T03:07:55","modified_gmt":"2025-12-27T03:07:55","slug":"wooden-clip-crystal-usb-flash-drive","status":"publish","type":"product","link":"https:\/\/www.yousanusb.com\/fr\/produit\/wooden-clip-crystal-usb-flash-drive\/","title":{"rendered":"Clip en bois Cl\u00e9 USB en cristal"},"content":{"rendered":"<div class=\"wp-block-columns is-layout-flex wp-container-core-columns-is-layout-1 wp-block-columns-is-layout-flex\">\n<div class=\"wp-block-column is-vertically-aligned-center is-layout-flow wp-block-column-is-layout-flow\">\n<p>La cl\u00e9 USB Wooden Crystal combine un capuchon en bois massif naturel avec un corps en cristal \u00e0 haute transparence, offrant une exp\u00e9rience chaleureuse avec une fonctionnalit\u00e9 pratique.<\/p>\n\n\n\n<p>Capuchons en bois massif Fabriqu\u00e9s \u00e0 partir de cinq bois naturels de qualit\u00e9 sup\u00e9rieure, chacun pr\u00e9sentant des veinures et des teintes distinctes : Noyer (brun fonc\u00e9), Cerisier (brun chaud), \u00c9rable (beige clair), Ch\u00eane (ton bois clair), Bambou (jaune clair).<\/p>\n\n\n\n<p> Chaque bois subit un triple traitement - d\u00e9shydratation, pon\u00e7age et polissage - afin de pr\u00e9server son grain naturel et sa texture lisse. Respectueux de l'environnement et sans odeur.<\/p>\n\n\n\n<p><\/p>\n<\/div>\n\n\n\n<div class=\"wp-block-column is-layout-flow wp-block-column-is-layout-flow\">\n<figure class=\"wp-block-image size-full\"><img fetchpriority=\"high\" decoding=\"async\" width=\"800\" height=\"800\" src=\"https:\/\/www.yousanusb.com\/wp-content\/uploads\/2025\/11\/wood-clip-crystal-usb-flash-drive.jpg\" alt=\"\" class=\"wp-image-23948\" srcset=\"https:\/\/www.yousanusb.com\/wp-content\/uploads\/2025\/11\/wood-clip-crystal-usb-flash-drive.jpg 800w, https:\/\/www.yousanusb.com\/wp-content\/uploads\/2025\/11\/wood-clip-crystal-usb-flash-drive-300x300.jpg 300w, https:\/\/www.yousanusb.com\/wp-content\/uploads\/2025\/11\/wood-clip-crystal-usb-flash-drive-150x150.jpg 150w, https:\/\/www.yousanusb.com\/wp-content\/uploads\/2025\/11\/wood-clip-crystal-usb-flash-drive-768x768.jpg 768w, https:\/\/www.yousanusb.com\/wp-content\/uploads\/2025\/11\/wood-clip-crystal-usb-flash-drive-12x12.jpg 12w, https:\/\/www.yousanusb.com\/wp-content\/uploads\/2025\/11\/wood-clip-crystal-usb-flash-drive-600x600.jpg 600w, https:\/\/www.yousanusb.com\/wp-content\/uploads\/2025\/11\/wood-clip-crystal-usb-flash-drive-100x100.jpg 100w\" sizes=\"(max-width: 800px) 100vw, 800px\" \/><\/figure>\n<\/div>\n<\/div>\n\n\n\n<div class=\"wp-block-columns is-layout-flex wp-container-core-columns-is-layout-2 wp-block-columns-is-layout-flex\">\n<div class=\"wp-block-column is-layout-flow wp-block-column-is-layout-flow\">\n<figure class=\"wp-block-image size-full\"><img decoding=\"async\" width=\"800\" height=\"800\" src=\"https:\/\/www.yousanusb.com\/wp-content\/uploads\/2025\/11\/wholesale-acrylic-usb-flash-drives.jpg\" alt=\"\" class=\"wp-image-23947\" srcset=\"https:\/\/www.yousanusb.com\/wp-content\/uploads\/2025\/11\/wholesale-acrylic-usb-flash-drives.jpg 800w, https:\/\/www.yousanusb.com\/wp-content\/uploads\/2025\/11\/wholesale-acrylic-usb-flash-drives-300x300.jpg 300w, https:\/\/www.yousanusb.com\/wp-content\/uploads\/2025\/11\/wholesale-acrylic-usb-flash-drives-150x150.jpg 150w, https:\/\/www.yousanusb.com\/wp-content\/uploads\/2025\/11\/wholesale-acrylic-usb-flash-drives-768x768.jpg 768w, https:\/\/www.yousanusb.com\/wp-content\/uploads\/2025\/11\/wholesale-acrylic-usb-flash-drives-12x12.jpg 12w, https:\/\/www.yousanusb.com\/wp-content\/uploads\/2025\/11\/wholesale-acrylic-usb-flash-drives-600x600.jpg 600w, https:\/\/www.yousanusb.com\/wp-content\/uploads\/2025\/11\/wholesale-acrylic-usb-flash-drives-100x100.jpg 100w\" sizes=\"(max-width: 800px) 100vw, 800px\" \/><\/figure>\n<\/div>\n\n\n\n<div class=\"wp-block-column is-vertically-aligned-center is-layout-flow wp-block-column-is-layout-flow\">\n<h2 class=\"wp-block-heading\">Logo personnalis\u00e9<\/h2>\n\n\n\n<p>Permet de personnaliser les logos d'entreprise, les signatures personnelles et les dessins exclusifs pour les cadeaux d'affaires, la promotion de la marque, les collections personnelles, etc.<\/p>\n\n\n\n<p>Processus de personnalisation :<\/p>\n\n\n\n<ul class=\"wp-block-list\">\n<li>Extr\u00e9mit\u00e9 en bois massif : Gravure au laser d'une profondeur de 0,1 \u00e0 0,2 mm, permettant aux logos de se fondre dans le grain du bois (les logos clairs sont recommand\u00e9s pour les bois fonc\u00e9s, les logos fonc\u00e9s pour les bois clairs afin d'am\u00e9liorer le contraste).<\/li>\n\n\n\n<li>Extr\u00e9mit\u00e9 en cristal : Choisissez entre la gravure laser 3D (logo suspendu dans le cristal pour une dimension forte et une r\u00e9tention permanente) ou la s\u00e9rigraphie de surface (couleurs vibrantes, id\u00e9ales pour les designs minimalistes).<\/li>\n<\/ul>\n\n\n\n<p>Processus d'assemblage : Le collage \u00e9cologique est soumis \u00e0 des tests de durcissement \u00e0 temp\u00e9rature constante (r\u00e9sistance \u00e0 la traction \u226550N), ce qui garantit sa durabilit\u00e9 face \u00e0 l'usure quotidienne.<\/p>\n<\/div>\n<\/div>\n\n\n\n<h2 class=\"wp-block-heading\">Quels sont les types de bo\u00eetes d'emballage disponibles ?<\/h2>\n\n\n\n<p>Il existe deux types d'emballage pour vos cl\u00e9s USB. 1.) Une bo\u00eete cadeau noire mate et \u00e9l\u00e9gante. 2.) Une bo\u00eete cadeau personnalis\u00e9e en bois massif, assortie \u00e0 la teinte du bois de votre cl\u00e9 USB.<\/p>\n\n\n\n<p>Le coffret cadeau noir mat est dot\u00e9 d'un coussin en mousse haute densit\u00e9 \u00e0 l'int\u00e9rieur, ce qui vous permet de savoir que le produit sera bien cal\u00e9 \u00e0 la r\u00e9ception. L'ext\u00e9rieur de la bo\u00eete cadeau peut \u00eatre orn\u00e9 d'un marquage \u00e0 la feuille d'or ou d'un gaufrage avec le nom de votre marque, ce qui lui conf\u00e8re un aspect tr\u00e8s haut de gamme.<\/p>\n\n\n\n<p>Le coffret cadeau en bois massif personnalis\u00e9 (par exemple, USB en noyer avec coffret en noyer) pr\u00e9sente une finition sabl\u00e9e et huil\u00e9e correspondant au grain de la cl\u00e9 USB, ce qui permet d'obtenir une texture homog\u00e8ne. De plus, l'int\u00e9rieur de la bo\u00eete sera tapiss\u00e9 de velours et le logo sera s\u00e9rigraphi\u00e9 sur le dessus de la bo\u00eete pour une exp\u00e9rience haut de gamme \"tout en bois\".<\/p>\n\n\n\n<div class=\"wp-block-columns is-layout-flex wp-container-core-columns-is-layout-3 wp-block-columns-is-layout-flex\">\n<div class=\"wp-block-column is-layout-flow wp-block-column-is-layout-flow\"><div class=\"wp-block-image\">\n<figure class=\"aligncenter size-full\"><img decoding=\"async\" width=\"800\" height=\"800\" src=\"https:\/\/www.yousanusb.com\/wp-content\/uploads\/2025\/11\/crystal-usb-flash-drive-1.jpg\" alt=\"\" class=\"wp-image-23951\" srcset=\"https:\/\/www.yousanusb.com\/wp-content\/uploads\/2025\/11\/crystal-usb-flash-drive-1.jpg 800w, https:\/\/www.yousanusb.com\/wp-content\/uploads\/2025\/11\/crystal-usb-flash-drive-1-300x300.jpg 300w, https:\/\/www.yousanusb.com\/wp-content\/uploads\/2025\/11\/crystal-usb-flash-drive-1-150x150.jpg 150w, https:\/\/www.yousanusb.com\/wp-content\/uploads\/2025\/11\/crystal-usb-flash-drive-1-768x768.jpg 768w, https:\/\/www.yousanusb.com\/wp-content\/uploads\/2025\/11\/crystal-usb-flash-drive-1-12x12.jpg 12w, https:\/\/www.yousanusb.com\/wp-content\/uploads\/2025\/11\/crystal-usb-flash-drive-1-600x600.jpg 600w, https:\/\/www.yousanusb.com\/wp-content\/uploads\/2025\/11\/crystal-usb-flash-drive-1-100x100.jpg 100w\" sizes=\"(max-width: 800px) 100vw, 800px\" \/><figcaption class=\"wp-element-caption\">bo\u00eete cadeau noire matte<\/figcaption><\/figure><\/div><\/div>\n\n\n\n<div class=\"wp-block-column is-layout-flow wp-block-column-is-layout-flow\"><div class=\"wp-block-image\">\n<figure class=\"aligncenter size-full\"><img loading=\"lazy\" decoding=\"async\" width=\"800\" height=\"800\" src=\"https:\/\/www.yousanusb.com\/wp-content\/uploads\/2025\/11\/wood-package-for-crystal-usb-drive.jpg\" alt=\"\" class=\"wp-image-23952\" srcset=\"https:\/\/www.yousanusb.com\/wp-content\/uploads\/2025\/11\/wood-package-for-crystal-usb-drive.jpg 800w, https:\/\/www.yousanusb.com\/wp-content\/uploads\/2025\/11\/wood-package-for-crystal-usb-drive-300x300.jpg 300w, https:\/\/www.yousanusb.com\/wp-content\/uploads\/2025\/11\/wood-package-for-crystal-usb-drive-150x150.jpg 150w, https:\/\/www.yousanusb.com\/wp-content\/uploads\/2025\/11\/wood-package-for-crystal-usb-drive-768x768.jpg 768w, https:\/\/www.yousanusb.com\/wp-content\/uploads\/2025\/11\/wood-package-for-crystal-usb-drive-12x12.jpg 12w, https:\/\/www.yousanusb.com\/wp-content\/uploads\/2025\/11\/wood-package-for-crystal-usb-drive-600x600.jpg 600w, https:\/\/www.yousanusb.com\/wp-content\/uploads\/2025\/11\/wood-package-for-crystal-usb-drive-100x100.jpg 100w\" sizes=\"(max-width: 800px) 100vw, 800px\" \/><figcaption class=\"wp-element-caption\">ensemble de bois sur mesure<\/figcaption><\/figure><\/div><\/div>\n<\/div>\n\n\n\n<p><\/p>","protected":false},"excerpt":{"rendered":"<ul>\n<li>Clip en bois massif naturel<\/li>\n<li>Mat\u00e9riaux cristallins<\/li>\n<li>Couvre les capacit\u00e9s de 8 Go \u00e0 128 Go<\/li>\n<li>Personnalisation du logo et de l'emballage<\/li>\n<li>MOQ\uff1a100pcs<\/li>\n<\/ul>","protected":false},"featured_media":23945,"comment_status":"open","ping_status":"closed","template":"","meta":{"_seopress_robots_primary_cat":"none","_seopress_titles_title":"","_seopress_titles_desc":"","_seopress_robots_index":""},"class_list":["post-23939","product","type-product","status-publish","has-post-thumbnail","hentry","product_cat-crystal-led-usb-flash-drive"],"_links":{"self":[{"href":"https:\/\/www.yousanusb.com\/fr\/wp-json\/wp\/v2\/product\/23939"}],"collection":[{"href":"https:\/\/www.yousanusb.com\/fr\/wp-json\/wp\/v2\/product"}],"about":[{"href":"https:\/\/www.yousanusb.com\/fr\/wp-json\/wp\/v2\/types\/product"}],"replies":[{"embeddable":true,"href":"https:\/\/www.yousanusb.com\/fr\/wp-json\/wp\/v2\/comments?post=23939"}],"wp:featuredmedia":[{"embeddable":true,"href":"https:\/\/www.yousanusb.com\/fr\/wp-json\/wp\/v2\/media\/23945"}],"wp:attachment":[{"href":"https:\/\/www.yousanusb.com\/fr\/wp-json\/wp\/v2\/media?parent=23939"}],"curies":[{"name":"wp","href":"https:\/\/api.w.org\/{rel}","templated":true}]}}