{"id":23981,"date":"2025-11-12T04:57:58","date_gmt":"2025-11-12T04:57:58","guid":{"rendered":"https:\/\/www.yousanusb.com\/?post_type=product&#038;p=23981"},"modified":"2025-11-12T06:59:44","modified_gmt":"2025-11-12T06:59:44","slug":"seal-shaped-pop-up-usb-flash-drive","status":"publish","type":"product","link":"https:\/\/www.yousanusb.com\/fr\/produit\/seal-shaped-pop-up-usb-flash-drive\/","title":{"rendered":"Cl\u00e9 USB pop-up en forme de phoque"},"content":{"rendered":"<p>Cette cl\u00e9 USB est dot\u00e9e d'un sceau classique et d'un m\u00e9canisme d'ouverture, ce qui en fait une solution de stockage \u00e9l\u00e9gante et pratique.<\/p>\n\n\n\n<div class=\"wp-block-columns is-layout-flex wp-container-core-columns-is-layout-1 wp-block-columns-is-layout-flex\">\n<div class=\"wp-block-column is-layout-flow wp-block-column-is-layout-flow\">\n<figure class=\"wp-block-image size-full\"><img fetchpriority=\"high\" decoding=\"async\" width=\"800\" height=\"800\" src=\"https:\/\/www.yousanusb.com\/wp-content\/uploads\/2025\/11\/custom-Seal-shaped-pop-up-USB-flash-drive.jpg\" alt=\"\" class=\"wp-image-23985\" srcset=\"https:\/\/www.yousanusb.com\/wp-content\/uploads\/2025\/11\/custom-Seal-shaped-pop-up-USB-flash-drive.jpg 800w, https:\/\/www.yousanusb.com\/wp-content\/uploads\/2025\/11\/custom-Seal-shaped-pop-up-USB-flash-drive-300x300.jpg 300w, https:\/\/www.yousanusb.com\/wp-content\/uploads\/2025\/11\/custom-Seal-shaped-pop-up-USB-flash-drive-150x150.jpg 150w, https:\/\/www.yousanusb.com\/wp-content\/uploads\/2025\/11\/custom-Seal-shaped-pop-up-USB-flash-drive-768x768.jpg 768w, https:\/\/www.yousanusb.com\/wp-content\/uploads\/2025\/11\/custom-Seal-shaped-pop-up-USB-flash-drive-12x12.jpg 12w, https:\/\/www.yousanusb.com\/wp-content\/uploads\/2025\/11\/custom-Seal-shaped-pop-up-USB-flash-drive-600x600.jpg 600w, https:\/\/www.yousanusb.com\/wp-content\/uploads\/2025\/11\/custom-Seal-shaped-pop-up-USB-flash-drive-100x100.jpg 100w\" sizes=\"(max-width: 800px) 100vw, 800px\" \/><\/figure>\n<\/div>\n\n\n\n<div class=\"wp-block-column is-vertically-aligned-center is-layout-flow wp-block-column-is-layout-flow\">\n<p>Le design reproduit fid\u00e8lement la forme d'un sceau traditionnel, avec un m\u00e9canisme d'ouverture : il suffit de pousser la coque ext\u00e9rieure pour faire appara\u00eetre l'interface, ce qui \u00e9limine le besoin d'un capuchon s\u00e9par\u00e9 et garantit une utilisation sans effort. <\/p>\n\n\n\n<p>L'apparence pr\u00e9sente principalement un sch\u00e9ma de couleurs blanc et bleu, avec un style \u00e9pur\u00e9 et minimaliste \u00e0 l'esth\u00e9tique visuellement coh\u00e9rente. Il s'int\u00e8gre parfaitement dans les environnements de bureau quotidiens et autres sc\u00e9narios de transport, tandis que sa silhouette classique renforce sa polyvalence dans divers environnements.<\/p>\n\n\n\n<p>Fabriqu\u00e9 en plastique ABS, il offre une durabilit\u00e9 l\u00e9g\u00e8re et une r\u00e9sistance aux chocs et aux rayures mineures de la vie quotidienne. La finition lisse de la surface assure une prise en main confortable. <\/p>\n\n\n\n<p>La formabilit\u00e9 de ce mat\u00e9riau permet de reproduire avec pr\u00e9cision la forme structur\u00e9e du phoque tout en conservant un bon rapport co\u00fbt-efficacit\u00e9, ce qui le rend accessible \u00e0 la consommation de masse.<\/p>\n<\/div>\n<\/div>\n\n\n\n<div class=\"wp-block-columns is-layout-flex wp-container-core-columns-is-layout-2 wp-block-columns-is-layout-flex\">\n<div class=\"wp-block-column is-vertically-aligned-center is-layout-flow wp-block-column-is-layout-flow\">\n<p>En termes de fonctionnalit\u00e9s, il est dot\u00e9 d'une interface USB standard compatible avec les appareils \u00e9lectroniques courants tels que les ordinateurs et les tablettes. <\/p>\n\n\n\n<p>Offrant des vitesses de lecture et d'\u00e9criture stables, il est disponible dans des capacit\u00e9s populaires telles que 8 et 16 Go, r\u00e9pondant aux besoins quotidiens de stockage et de transfert de documents, d'images et de petites vid\u00e9os. <\/p>\n\n\n\n<p>Ses performances sont bien adapt\u00e9es aux sc\u00e9narios de bureau et d'\u00e9tude de base, garantissant un stockage de donn\u00e9es s\u00fbr et fiable.<\/p>\n<\/div>\n\n\n\n<div class=\"wp-block-column is-layout-flow wp-block-column-is-layout-flow\">\n<figure class=\"wp-block-image size-full\"><img decoding=\"async\" width=\"800\" height=\"800\" src=\"https:\/\/www.yousanusb.com\/wp-content\/uploads\/2025\/11\/ABS-plastic-Seal-shaped-pop-up-USB-flash-drive.jpg\" alt=\"\" class=\"wp-image-23984\" srcset=\"https:\/\/www.yousanusb.com\/wp-content\/uploads\/2025\/11\/ABS-plastic-Seal-shaped-pop-up-USB-flash-drive.jpg 800w, https:\/\/www.yousanusb.com\/wp-content\/uploads\/2025\/11\/ABS-plastic-Seal-shaped-pop-up-USB-flash-drive-300x300.jpg 300w, https:\/\/www.yousanusb.com\/wp-content\/uploads\/2025\/11\/ABS-plastic-Seal-shaped-pop-up-USB-flash-drive-150x150.jpg 150w, https:\/\/www.yousanusb.com\/wp-content\/uploads\/2025\/11\/ABS-plastic-Seal-shaped-pop-up-USB-flash-drive-768x768.jpg 768w, https:\/\/www.yousanusb.com\/wp-content\/uploads\/2025\/11\/ABS-plastic-Seal-shaped-pop-up-USB-flash-drive-12x12.jpg 12w, https:\/\/www.yousanusb.com\/wp-content\/uploads\/2025\/11\/ABS-plastic-Seal-shaped-pop-up-USB-flash-drive-600x600.jpg 600w, https:\/\/www.yousanusb.com\/wp-content\/uploads\/2025\/11\/ABS-plastic-Seal-shaped-pop-up-USB-flash-drive-100x100.jpg 100w\" sizes=\"(max-width: 800px) 100vw, 800px\" \/><\/figure>\n<\/div>\n<\/div>","protected":false},"excerpt":{"rendered":"<ul>\n<li>Structure pop-up<\/li>\n<li>Mati\u00e8re plastique ABS<\/li>\n<li>USB 2.0<\/li>\n<li>Compatible avec les ordinateurs, les tablettes et autres appareils<\/li>\n<li>MOQ:100pcs<\/li>\n<\/ul>","protected":false},"featured_media":23986,"comment_status":"open","ping_status":"closed","template":"","meta":{"_seopress_robots_primary_cat":"","_seopress_titles_title":"","_seopress_titles_desc":"","_seopress_robots_index":""},"class_list":["post-23981","product","type-product","status-publish","has-post-thumbnail","hentry","product_cat-usb-flash-drive","product_cat-plastic-usb-flash-drive"],"_links":{"self":[{"href":"https:\/\/www.yousanusb.com\/fr\/wp-json\/wp\/v2\/product\/23981"}],"collection":[{"href":"https:\/\/www.yousanusb.com\/fr\/wp-json\/wp\/v2\/product"}],"about":[{"href":"https:\/\/www.yousanusb.com\/fr\/wp-json\/wp\/v2\/types\/product"}],"replies":[{"embeddable":true,"href":"https:\/\/www.yousanusb.com\/fr\/wp-json\/wp\/v2\/comments?post=23981"}],"wp:featuredmedia":[{"embeddable":true,"href":"https:\/\/www.yousanusb.com\/fr\/wp-json\/wp\/v2\/media\/23986"}],"wp:attachment":[{"href":"https:\/\/www.yousanusb.com\/fr\/wp-json\/wp\/v2\/media?parent=23981"}],"curies":[{"name":"wp","href":"https:\/\/api.w.org\/{rel}","templated":true}]}}