{"id":23987,"date":"2025-11-12T05:08:41","date_gmt":"2025-11-12T05:08:41","guid":{"rendered":"https:\/\/www.yousanusb.com\/?post_type=product&#038;p=23987"},"modified":"2025-12-27T02:53:43","modified_gmt":"2025-12-27T02:53:43","slug":"palm-shaped-flip-cover-usb-flash-drive","status":"publish","type":"product","link":"https:\/\/www.yousanusb.com\/fr\/produit\/palm-shaped-flip-cover-usb-flash-drive\/","title":{"rendered":"Cl\u00e9 USB \u00e0 couvercle rabattable en forme de paume"},"content":{"rendered":"<div class=\"wp-block-columns is-layout-flex wp-container-core-columns-is-layout-1 wp-block-columns-is-layout-flex\">\n<div class=\"wp-block-column is-layout-flow wp-block-column-is-layout-flow\">\n<figure class=\"wp-block-image size-full\"><img fetchpriority=\"high\" decoding=\"async\" width=\"800\" height=\"800\" src=\"https:\/\/www.yousanusb.com\/wp-content\/uploads\/2025\/11\/Custom-ABS-plastic-palm-shaped-USB-flash-drive.png\" alt=\"\" class=\"wp-image-23992\" srcset=\"https:\/\/www.yousanusb.com\/wp-content\/uploads\/2025\/11\/Custom-ABS-plastic-palm-shaped-USB-flash-drive.png 800w, https:\/\/www.yousanusb.com\/wp-content\/uploads\/2025\/11\/Custom-ABS-plastic-palm-shaped-USB-flash-drive-300x300.png 300w, https:\/\/www.yousanusb.com\/wp-content\/uploads\/2025\/11\/Custom-ABS-plastic-palm-shaped-USB-flash-drive-150x150.png 150w, https:\/\/www.yousanusb.com\/wp-content\/uploads\/2025\/11\/Custom-ABS-plastic-palm-shaped-USB-flash-drive-768x768.png 768w, https:\/\/www.yousanusb.com\/wp-content\/uploads\/2025\/11\/Custom-ABS-plastic-palm-shaped-USB-flash-drive-12x12.png 12w, https:\/\/www.yousanusb.com\/wp-content\/uploads\/2025\/11\/Custom-ABS-plastic-palm-shaped-USB-flash-drive-600x600.png 600w, https:\/\/www.yousanusb.com\/wp-content\/uploads\/2025\/11\/Custom-ABS-plastic-palm-shaped-USB-flash-drive-100x100.png 100w\" sizes=\"(max-width: 800px) 100vw, 800px\" \/><\/figure>\n<\/div>\n\n\n\n<div class=\"wp-block-column is-vertically-aligned-center is-layout-flow wp-block-column-is-layout-flow\">\n<p>Cette cl\u00e9 USB en forme de main est dot\u00e9e d'un couvercle rabattable qui s'ouvre \u00e0 partir de la paume de la main pour r\u00e9v\u00e9ler le port USB cach\u00e9. Contrairement aux cl\u00e9s traditionnelles \u00e0 capuchon, ce couvercle int\u00e9gr\u00e9 \u00e9limine le risque de perdre de petits accessoires tout en prot\u00e9geant le connecteur.<\/p>\n\n\n\n<p>Compact et de la taille d'une paume, il peut \u00eatre port\u00e9 sans effort \u00e0 la main ou \u00e0 l'aide d'une lani\u00e8re, alliant un design cr\u00e9atif \u00e0 une portabilit\u00e9 pratique.<\/p>\n\n\n\n<p>Fabriqu\u00e9 en plastique ABS durable, il r\u00e9siste aux chocs quotidiens, aux rayures et aux d\u00e9formations. La surface mate assure une bonne prise en main, tandis que le moulage de haute pr\u00e9cision reproduit les d\u00e9tails complexes des doigts et de la paume, ce qui renforce l'attrait visuel et la durabilit\u00e9 de l'objet.<\/p>\n<\/div>\n<\/div>\n\n\n\n<div class=\"wp-block-columns is-layout-flex wp-container-core-columns-is-layout-2 wp-block-columns-is-layout-flex\">\n<div class=\"wp-block-column is-vertically-aligned-center is-layout-flow wp-block-column-is-layout-flow\">\n<p>Dot\u00e9 d'une interface USB standard, il offre une compatibilit\u00e9 plug-and-play avec presque tous les appareils \u00e9lectroniques courants, y compris les ordinateurs Windows et Mac, les tablettes, sans n\u00e9cessiter l'installation de pilotes.<\/p>\n\n\n\n<p>Sa sp\u00e9cification USB 2.0 offre des vitesses de lecture et d'\u00e9criture stables et coh\u00e9rentes, optimis\u00e9es pour le transfert de documents et de fichiers d'images au quotidien. Il est donc id\u00e9al pour le traitement de documents standard, les t\u00e2ches d'imagerie et les besoins informatiques de base des bureaux et des salles de classe.<\/p>\n<\/div>\n\n\n\n<div class=\"wp-block-column is-layout-flow wp-block-column-is-layout-flow\">\n<figure class=\"wp-block-image size-full\"><img decoding=\"async\" width=\"800\" height=\"800\" src=\"https:\/\/www.yousanusb.com\/wp-content\/uploads\/2025\/11\/ABS-plastic-palm-shaped-USB-flash-drive.png\" alt=\"\" class=\"wp-image-23991\" srcset=\"https:\/\/www.yousanusb.com\/wp-content\/uploads\/2025\/11\/ABS-plastic-palm-shaped-USB-flash-drive.png 800w, https:\/\/www.yousanusb.com\/wp-content\/uploads\/2025\/11\/ABS-plastic-palm-shaped-USB-flash-drive-300x300.png 300w, https:\/\/www.yousanusb.com\/wp-content\/uploads\/2025\/11\/ABS-plastic-palm-shaped-USB-flash-drive-150x150.png 150w, https:\/\/www.yousanusb.com\/wp-content\/uploads\/2025\/11\/ABS-plastic-palm-shaped-USB-flash-drive-768x768.png 768w, https:\/\/www.yousanusb.com\/wp-content\/uploads\/2025\/11\/ABS-plastic-palm-shaped-USB-flash-drive-12x12.png 12w, https:\/\/www.yousanusb.com\/wp-content\/uploads\/2025\/11\/ABS-plastic-palm-shaped-USB-flash-drive-600x600.png 600w, https:\/\/www.yousanusb.com\/wp-content\/uploads\/2025\/11\/ABS-plastic-palm-shaped-USB-flash-drive-100x100.png 100w\" sizes=\"(max-width: 800px) 100vw, 800px\" \/><\/figure>\n<\/div>\n<\/div>\n\n\n\n<p>Avec des capacit\u00e9s de stockage allant de 8 \u00e0 32 Go, il r\u00e9pond \u00e0 la plupart des besoins de stockage quotidiens. La conception rotative unique prot\u00e8ge le connecteur USB de la poussi\u00e8re et r\u00e9duit l'usure caus\u00e9e par une utilisation r\u00e9guli\u00e8re, garantissant un transfert de donn\u00e9es stable et prolongeant la dur\u00e9e de vie de l'appareil.<\/p>","protected":false},"excerpt":{"rendered":"<ul>\n<li>Design cr\u00e9atif en forme de paume<\/li>\n<li>Structure de rangement de l'interface \u00e0 couvercle rabattable<\/li>\n<li>Mati\u00e8re plastique ABS durable<\/li>\n<li>Compatibilit\u00e9 avec les syst\u00e8mes multi-appareils<\/li>\n<li>Couvre les besoins communs en mati\u00e8re de capacit\u00e9<\/li>\n<li>MOQ:100pcs<\/li>\n<\/ul>","protected":false},"featured_media":23990,"comment_status":"open","ping_status":"closed","template":"","meta":{"_seopress_robots_primary_cat":"none","_seopress_titles_title":"","_seopress_titles_desc":"","_seopress_robots_index":""},"class_list":["post-23987","product","type-product","status-publish","has-post-thumbnail","hentry","product_cat-usb-flash-drive"],"_links":{"self":[{"href":"https:\/\/www.yousanusb.com\/fr\/wp-json\/wp\/v2\/product\/23987"}],"collection":[{"href":"https:\/\/www.yousanusb.com\/fr\/wp-json\/wp\/v2\/product"}],"about":[{"href":"https:\/\/www.yousanusb.com\/fr\/wp-json\/wp\/v2\/types\/product"}],"replies":[{"embeddable":true,"href":"https:\/\/www.yousanusb.com\/fr\/wp-json\/wp\/v2\/comments?post=23987"}],"wp:featuredmedia":[{"embeddable":true,"href":"https:\/\/www.yousanusb.com\/fr\/wp-json\/wp\/v2\/media\/23990"}],"wp:attachment":[{"href":"https:\/\/www.yousanusb.com\/fr\/wp-json\/wp\/v2\/media?parent=23987"}],"curies":[{"name":"wp","href":"https:\/\/api.w.org\/{rel}","templated":true}]}}