{"id":23994,"date":"2025-11-12T06:53:04","date_gmt":"2025-11-12T06:53:04","guid":{"rendered":"https:\/\/www.yousanusb.com\/?post_type=product&#038;p=23994"},"modified":"2025-12-27T02:56:24","modified_gmt":"2025-12-27T02:56:24","slug":"block-assembled-usb-flash-drive","status":"publish","type":"product","link":"https:\/\/www.yousanusb.com\/fr\/produit\/block-assembled-usb-flash-drive\/","title":{"rendered":"Cl\u00e9 USB assembl\u00e9e en bloc"},"content":{"rendered":"<div class=\"wp-block-columns is-layout-flex wp-container-core-columns-is-layout-1 wp-block-columns-is-layout-flex\">\n<div class=\"wp-block-column is-layout-flow wp-block-column-is-layout-flow\">\n<figure class=\"wp-block-image size-full\"><img fetchpriority=\"high\" decoding=\"async\" width=\"800\" height=\"800\" src=\"https:\/\/www.yousanusb.com\/wp-content\/uploads\/2025\/11\/Block-assembled-USB-flash-drive-manufacture.png\" alt=\"\" class=\"wp-image-23997\" srcset=\"https:\/\/www.yousanusb.com\/wp-content\/uploads\/2025\/11\/Block-assembled-USB-flash-drive-manufacture.png 800w, https:\/\/www.yousanusb.com\/wp-content\/uploads\/2025\/11\/Block-assembled-USB-flash-drive-manufacture-300x300.png 300w, https:\/\/www.yousanusb.com\/wp-content\/uploads\/2025\/11\/Block-assembled-USB-flash-drive-manufacture-150x150.png 150w, https:\/\/www.yousanusb.com\/wp-content\/uploads\/2025\/11\/Block-assembled-USB-flash-drive-manufacture-768x768.png 768w, https:\/\/www.yousanusb.com\/wp-content\/uploads\/2025\/11\/Block-assembled-USB-flash-drive-manufacture-12x12.png 12w, https:\/\/www.yousanusb.com\/wp-content\/uploads\/2025\/11\/Block-assembled-USB-flash-drive-manufacture-600x600.png 600w, https:\/\/www.yousanusb.com\/wp-content\/uploads\/2025\/11\/Block-assembled-USB-flash-drive-manufacture-100x100.png 100w\" sizes=\"(max-width: 800px) 100vw, 800px\" \/><\/figure>\n<\/div>\n\n\n\n<div class=\"wp-block-column is-vertically-aligned-center is-layout-flow wp-block-column-is-layout-flow\">\n<p>Cette cl\u00e9 USB pr\u00e9sente un design modulaire rotatif unique qui se transforme d'un cube compact en une fine bande rectangulaire pour la connexion USB, puis se replie en un cube pour un rangement facile lorsqu'elle n'est pas utilis\u00e9e.<\/p>\n\n\n\n<p>Chaque surface du cube peut \u00eatre personnalis\u00e9e avec des motifs ou des textes imprim\u00e9s, ce qui en fait un outil id\u00e9al pour le marketing, les cadeaux et diverses applications. Son design innovant concilie parfaitement fonctionnalit\u00e9 et portabilit\u00e9.<\/p>\n\n\n\n<p>Fabriqu\u00e9 en plastique ABS l\u00e9ger mais durable, il r\u00e9siste \u00e0 l'usure quotidienne. Sa surface lisse facilite l'impression de documents personnalis\u00e9s, tandis que le moulage de haute pr\u00e9cision permet de capturer avec pr\u00e9cision les d\u00e9tails de la structure en blocs. Il offre \u00e9galement une prise en main confortable pour un transport pratique au quotidien.<\/p>\n<\/div>\n<\/div>\n\n\n\n<div class=\"wp-block-columns is-layout-flex wp-container-core-columns-is-layout-2 wp-block-columns-is-layout-flex\">\n<div class=\"wp-block-column is-vertically-aligned-center is-layout-flow wp-block-column-is-layout-flow\">\n<p>Cet appareil est compatible USB 2.0 avec les syst\u00e8mes Windows et Mac, permettant une fonctionnalit\u00e9 plug-and-play avec les ordinateurs, les tablettes et autres appareils \u00e9lectroniques - aucun pilote suppl\u00e9mentaire n'est n\u00e9cessaire.<\/p>\n\n\n\n<p>Elle offre des vitesses de lecture moyennes de 10 \u00e0 15 Mo\/s et des vitesses d'\u00e9criture de 3 \u00e0 5 Mo\/s, avec des capacit\u00e9s standard (8 Go, 16 Go, 32 Go) suffisantes pour le stockage et le transfert quotidiens de documents, d'images et de petits fichiers vid\u00e9o.<\/p>\n\n\n\n<p>Chaque cube modulaire peut \u00eatre grav\u00e9 ou imprim\u00e9 avec votre logo\/design sur les quatre faces, ce qui le rend id\u00e9al pour les promotions publicitaires, les cadeaux d'entreprise, les cadeaux publicitaires et les souvenirs d'\u00e9v\u00e9nements.<\/p>\n\n\n\n<p>Le design du cube rotatif ajoute un \u00e9l\u00e9ment ludique et sert \u00e9galement de jouet anti-stress pendant les p\u00e9riodes de repos.<\/p>\n<\/div>\n\n\n\n<div class=\"wp-block-column is-layout-flow wp-block-column-is-layout-flow\">\n<figure class=\"wp-block-image size-full\"><img decoding=\"async\" width=\"800\" height=\"800\" src=\"https:\/\/www.yousanusb.com\/wp-content\/uploads\/2025\/11\/Block-assembled-USB-flash-drive.png\" alt=\"\" class=\"wp-image-23998\" srcset=\"https:\/\/www.yousanusb.com\/wp-content\/uploads\/2025\/11\/Block-assembled-USB-flash-drive.png 800w, https:\/\/www.yousanusb.com\/wp-content\/uploads\/2025\/11\/Block-assembled-USB-flash-drive-300x300.png 300w, https:\/\/www.yousanusb.com\/wp-content\/uploads\/2025\/11\/Block-assembled-USB-flash-drive-150x150.png 150w, https:\/\/www.yousanusb.com\/wp-content\/uploads\/2025\/11\/Block-assembled-USB-flash-drive-768x768.png 768w, https:\/\/www.yousanusb.com\/wp-content\/uploads\/2025\/11\/Block-assembled-USB-flash-drive-12x12.png 12w, https:\/\/www.yousanusb.com\/wp-content\/uploads\/2025\/11\/Block-assembled-USB-flash-drive-600x600.png 600w, https:\/\/www.yousanusb.com\/wp-content\/uploads\/2025\/11\/Block-assembled-USB-flash-drive-100x100.png 100w\" sizes=\"(max-width: 800px) 100vw, 800px\" \/><\/figure>\n<\/div>\n<\/div>\n\n\n\n<p><\/p>","protected":false},"excerpt":{"rendered":"<ul>\n<li>Bloc modulaire rotatif<\/li>\n<li>Marquage personnalisable sur les quatre faces<\/li>\n<li>Plastique ABS<\/li>\n<li>Protection de l'interface rotative<\/li>\n<li>Stockage compatible avec plusieurs appareils<\/li>\n<li>MOQ:100pvs<\/li>\n<\/ul>","protected":false},"featured_media":23997,"comment_status":"open","ping_status":"closed","template":"","meta":{"_seopress_robots_primary_cat":"none","_seopress_titles_title":"","_seopress_titles_desc":"","_seopress_robots_index":""},"class_list":["post-23994","product","type-product","status-publish","has-post-thumbnail","hentry","product_cat-usb-flash-drive"],"_links":{"self":[{"href":"https:\/\/www.yousanusb.com\/fr\/wp-json\/wp\/v2\/product\/23994"}],"collection":[{"href":"https:\/\/www.yousanusb.com\/fr\/wp-json\/wp\/v2\/product"}],"about":[{"href":"https:\/\/www.yousanusb.com\/fr\/wp-json\/wp\/v2\/types\/product"}],"replies":[{"embeddable":true,"href":"https:\/\/www.yousanusb.com\/fr\/wp-json\/wp\/v2\/comments?post=23994"}],"wp:featuredmedia":[{"embeddable":true,"href":"https:\/\/www.yousanusb.com\/fr\/wp-json\/wp\/v2\/media\/23997"}],"wp:attachment":[{"href":"https:\/\/www.yousanusb.com\/fr\/wp-json\/wp\/v2\/media?parent=23994"}],"curies":[{"name":"wp","href":"https:\/\/api.w.org\/{rel}","templated":true}]}}