{"id":24011,"date":"2025-11-12T09:27:44","date_gmt":"2025-11-12T09:27:44","guid":{"rendered":"https:\/\/www.yousanusb.com\/?post_type=product&#038;p=24011"},"modified":"2025-11-13T06:25:35","modified_gmt":"2025-11-13T06:25:35","slug":"aluminum-alloy-portable-hard-drivessd","status":"publish","type":"product","link":"https:\/\/www.yousanusb.com\/fr\/produit\/aluminum-alloy-portable-hard-drivessd\/","title":{"rendered":"Disque dur portable (SSD) en alliage d'aluminium"},"content":{"rendered":"<div class=\"wp-block-columns is-layout-flex wp-container-core-columns-is-layout-1 wp-block-columns-is-layout-flex\">\n<div class=\"wp-block-column is-layout-flow wp-block-column-is-layout-flow\">\n<figure class=\"wp-block-image size-full\"><img fetchpriority=\"high\" decoding=\"async\" width=\"800\" height=\"800\" src=\"https:\/\/www.yousanusb.com\/wp-content\/uploads\/2025\/11\/custom-Carbon-Fiber-Texture-Metal-Portable-Hard-Drive.jpg\" alt=\"\" class=\"wp-image-24015\" srcset=\"https:\/\/www.yousanusb.com\/wp-content\/uploads\/2025\/11\/custom-Carbon-Fiber-Texture-Metal-Portable-Hard-Drive.jpg 800w, https:\/\/www.yousanusb.com\/wp-content\/uploads\/2025\/11\/custom-Carbon-Fiber-Texture-Metal-Portable-Hard-Drive-300x300.jpg 300w, https:\/\/www.yousanusb.com\/wp-content\/uploads\/2025\/11\/custom-Carbon-Fiber-Texture-Metal-Portable-Hard-Drive-150x150.jpg 150w, https:\/\/www.yousanusb.com\/wp-content\/uploads\/2025\/11\/custom-Carbon-Fiber-Texture-Metal-Portable-Hard-Drive-768x768.jpg 768w, https:\/\/www.yousanusb.com\/wp-content\/uploads\/2025\/11\/custom-Carbon-Fiber-Texture-Metal-Portable-Hard-Drive-12x12.jpg 12w, https:\/\/www.yousanusb.com\/wp-content\/uploads\/2025\/11\/custom-Carbon-Fiber-Texture-Metal-Portable-Hard-Drive-600x600.jpg 600w, https:\/\/www.yousanusb.com\/wp-content\/uploads\/2025\/11\/custom-Carbon-Fiber-Texture-Metal-Portable-Hard-Drive-100x100.jpg 100w\" sizes=\"(max-width: 800px) 100vw, 800px\" \/><\/figure>\n<\/div>\n\n\n\n<div class=\"wp-block-column is-vertically-aligned-center is-layout-flow wp-block-column-is-layout-flow\">\n<p>Ce produit est un disque dur portable en alliage d'aluminium qui pr\u00e9sente un design en sandwich : le couvercle sup\u00e9rieur pr\u00e9sente une texture en fibre de carbone, tandis que le ch\u00e2ssis inf\u00e9rieur est fabriqu\u00e9 en alliage d'aluminium. <\/p>\n\n\n\n<p>Il se distingue par sa forme minimaliste et sa texture de qualit\u00e9 sup\u00e9rieure. Mesurant 95,75 x 44,6 x 8,9 mm et pesant seulement 32 grammes, il est compact et l\u00e9ger, ce qui permet de le transporter facilement au quotidien.<\/p>\n\n\n\n<p>Les surfaces des produits supportent des logos personnalis\u00e9s ou des slogans de marque, ce qui les rend adapt\u00e9s aux cadeaux d'affaires, \u00e0 la promotion de la marque et \u00e0 d'autres sc\u00e9narios similaires. Les options de couleur comprennent le bleu, le gris et l'argent pour r\u00e9pondre aux diverses pr\u00e9f\u00e9rences.<\/p>\n<\/div>\n<\/div>\n\n\n\n<div class=\"wp-block-columns is-layout-flex wp-container-core-columns-is-layout-2 wp-block-columns-is-layout-flex\">\n<div class=\"wp-block-column is-vertically-aligned-center is-layout-flow wp-block-column-is-layout-flow\">\n<p>En termes de performances, il est dot\u00e9 d'une interface USB 3.2 Gen 2 avec des vitesses de lecture pouvant atteindre 550 Mo\/s et des vitesses d'\u00e9criture d'environ 500 Mo\/s, ce qui permet de transf\u00e9rer efficacement des vid\u00e9os haute d\u00e9finition, des documents volumineux et d'autres fichiers.<\/p>\n\n\n\n<p>D\u00e9pourvu de composants m\u00e9caniques, le disque SSD r\u00e9siste aux chocs et aux chutes pour une meilleure stabilit\u00e9 du stockage des donn\u00e9es. Compatible avec les principaux syst\u00e8mes Windows et Mac, il se connecte en toute transparence aux ordinateurs, tablettes et smartphones pour une utilisation polyvalente et multi-sc\u00e9narios.<\/p>\n\n\n\n<p>La prise en charge des commandes TRIM optimise les performances de lecture\/\u00e9criture et prolonge la dur\u00e9e de vie des disques, r\u00e9pondant ainsi aux exigences de stockage professionnel pour l'utilisation personnelle quotidienne et les applications professionnelles.<\/p>\n\n\n\n<p>Ce disque SSD est compatible avec les ordinateurs, les iPads et les smartphones, ce qui le rend id\u00e9al pour transf\u00e9rer des fichiers sur les ordinateurs de bureau, stocker des donn\u00e9es sur les tablettes et synchroniser les informations sur les appareils mobiles, afin de r\u00e9pondre aux besoins de stockage quotidiens sur plusieurs appareils.<\/p>\n<\/div>\n\n\n\n<div class=\"wp-block-column is-layout-flow wp-block-column-is-layout-flow\">\n<figure class=\"wp-block-image size-large\"><img decoding=\"async\" width=\"733\" height=\"1024\" src=\"https:\/\/www.yousanusb.com\/wp-content\/uploads\/2025\/11\/Protable-Hard-Drive-733x1024.jpg\" alt=\"\" class=\"wp-image-24017\" srcset=\"https:\/\/www.yousanusb.com\/wp-content\/uploads\/2025\/11\/Protable-Hard-Drive-733x1024.jpg 733w, https:\/\/www.yousanusb.com\/wp-content\/uploads\/2025\/11\/Protable-Hard-Drive-215x300.jpg 215w, https:\/\/www.yousanusb.com\/wp-content\/uploads\/2025\/11\/Protable-Hard-Drive-768x1073.jpg 768w, https:\/\/www.yousanusb.com\/wp-content\/uploads\/2025\/11\/Protable-Hard-Drive-9x12.jpg 9w, https:\/\/www.yousanusb.com\/wp-content\/uploads\/2025\/11\/Protable-Hard-Drive-600x838.jpg 600w, https:\/\/www.yousanusb.com\/wp-content\/uploads\/2025\/11\/Protable-Hard-Drive.jpg 790w\" sizes=\"(max-width: 733px) 100vw, 733px\" \/><\/figure>\n<\/div>\n<\/div>","protected":false},"excerpt":{"rendered":"<ul>\n<li>Prise en charge du contenu de la surface personnalisable<\/li>\n<li>Trois options de couleur pour r\u00e9pondre aux pr\u00e9f\u00e9rences<\/li>\n<li>Transfert \u00e0 grande vitesse USB 3.2 Gen 2<\/li>\n<li>Compatibilit\u00e9 multi-dispositifs et multi-syst\u00e8mes<\/li>\n<li>MOQ:10pcs<\/li>\n<\/ul>","protected":false},"featured_media":24014,"comment_status":"open","ping_status":"closed","template":"","meta":{"_seopress_robots_primary_cat":"","_seopress_titles_title":"","_seopress_titles_desc":"","_seopress_robots_index":""},"class_list":["post-24011","product","type-product","status-publish","has-post-thumbnail","hentry","product_cat-portable-hard-drive"],"_links":{"self":[{"href":"https:\/\/www.yousanusb.com\/fr\/wp-json\/wp\/v2\/product\/24011"}],"collection":[{"href":"https:\/\/www.yousanusb.com\/fr\/wp-json\/wp\/v2\/product"}],"about":[{"href":"https:\/\/www.yousanusb.com\/fr\/wp-json\/wp\/v2\/types\/product"}],"replies":[{"embeddable":true,"href":"https:\/\/www.yousanusb.com\/fr\/wp-json\/wp\/v2\/comments?post=24011"}],"wp:featuredmedia":[{"embeddable":true,"href":"https:\/\/www.yousanusb.com\/fr\/wp-json\/wp\/v2\/media\/24014"}],"wp:attachment":[{"href":"https:\/\/www.yousanusb.com\/fr\/wp-json\/wp\/v2\/media?parent=24011"}],"curies":[{"name":"wp","href":"https:\/\/api.w.org\/{rel}","templated":true}]}}