{"id":24019,"date":"2025-11-12T10:13:13","date_gmt":"2025-11-12T10:13:13","guid":{"rendered":"https:\/\/www.yousanusb.com\/?post_type=product&#038;p=24019"},"modified":"2025-11-13T06:25:46","modified_gmt":"2025-11-13T06:25:46","slug":"2-5-inch-sata-abs-portable-hard-drive","status":"publish","type":"product","link":"https:\/\/www.yousanusb.com\/fr\/produit\/2-5-inch-sata-abs-portable-hard-drive\/","title":{"rendered":"Disque dur portable SATA ABS de 2,5 pouces"},"content":{"rendered":"<div class=\"wp-block-columns is-layout-flex wp-container-core-columns-is-layout-1 wp-block-columns-is-layout-flex\">\n<div class=\"wp-block-column is-layout-flow wp-block-column-is-layout-flow\">\n<figure class=\"wp-block-image size-full\"><img fetchpriority=\"high\" decoding=\"async\" width=\"800\" height=\"800\" src=\"https:\/\/www.yousanusb.com\/wp-content\/uploads\/2025\/11\/Custom-2.5-inch-SATA-ABS-Portable-Hard-Drive.jpg\" alt=\"\" class=\"wp-image-24024\" srcset=\"https:\/\/www.yousanusb.com\/wp-content\/uploads\/2025\/11\/Custom-2.5-inch-SATA-ABS-Portable-Hard-Drive.jpg 800w, https:\/\/www.yousanusb.com\/wp-content\/uploads\/2025\/11\/Custom-2.5-inch-SATA-ABS-Portable-Hard-Drive-300x300.jpg 300w, https:\/\/www.yousanusb.com\/wp-content\/uploads\/2025\/11\/Custom-2.5-inch-SATA-ABS-Portable-Hard-Drive-150x150.jpg 150w, https:\/\/www.yousanusb.com\/wp-content\/uploads\/2025\/11\/Custom-2.5-inch-SATA-ABS-Portable-Hard-Drive-768x768.jpg 768w, https:\/\/www.yousanusb.com\/wp-content\/uploads\/2025\/11\/Custom-2.5-inch-SATA-ABS-Portable-Hard-Drive-12x12.jpg 12w, https:\/\/www.yousanusb.com\/wp-content\/uploads\/2025\/11\/Custom-2.5-inch-SATA-ABS-Portable-Hard-Drive-600x600.jpg 600w, https:\/\/www.yousanusb.com\/wp-content\/uploads\/2025\/11\/Custom-2.5-inch-SATA-ABS-Portable-Hard-Drive-100x100.jpg 100w\" sizes=\"(max-width: 800px) 100vw, 800px\" \/><\/figure>\n<\/div>\n\n\n\n<div class=\"wp-block-column is-vertically-aligned-center is-layout-flow wp-block-column-is-layout-flow\">\n<p>Ce produit est un disque dur portable SATA de 2,5 pouces dot\u00e9 d'un bo\u00eetier en plastique ABS et d'un design \u00e9l\u00e9gant et l\u00e9ger, id\u00e9al pour le transport quotidien. <\/p>\n\n\n\n<p>Mesurant 91,2 x 62,2 x 10,3 mm et pesant seulement 60 g, sa taille compacte prend peu de place et se glisse facilement dans les poches ou les sacs pour une meilleure portabilit\u00e9.<\/p>\n\n\n\n<p>Dot\u00e9 d'un port USB 3.0 Type-C, il offre des vitesses de transfert plus rapides que les interfaces traditionnelles, g\u00e9rant efficacement les t\u00e2ches quotidiennes telles que le transfert de documents et de vid\u00e9os haute d\u00e9finition. Le port Type-C est compatible avec la plupart des appareils grand public, ce qui garantit une connectivit\u00e9 transparente. <\/p>\n<\/div>\n<\/div>\n\n\n\n<div class=\"wp-block-columns is-layout-flex wp-container-core-columns-is-layout-2 wp-block-columns-is-layout-flex\">\n<div class=\"wp-block-column is-vertically-aligned-center is-layout-flow wp-block-column-is-layout-flow\">\n<p>En termes de fonctionnalit\u00e9s, il est dot\u00e9 d'un disque dur SATA int\u00e9gr\u00e9 pour une meilleure stabilit\u00e9 de stockage. Compatible avec les syst\u00e8mes d'exploitation courants tels que Windows et Mac, il prend en charge la connexion \u00e0 plusieurs appareils, notamment les ordinateurs, les tablettes et les smartphones. Il r\u00e9pond ainsi aux besoins de stockage quotidiens et facilite les sauvegardes de fichiers bureautiques.<\/p>\n\n\n\n<p>La surface du produit permet l'impression de logos personnalis\u00e9s, ce qui le rend adapt\u00e9 aux cadeaux d'affaires, \u00e0 la promotion de la marque et \u00e0 d'autres sc\u00e9narios dans lesquels une marque ou des informations personnalis\u00e9es sont n\u00e9cessaires.<\/p>\n<\/div>\n\n\n\n<div class=\"wp-block-column is-layout-flow wp-block-column-is-layout-flow\">\n<figure class=\"wp-block-image size-full\"><img decoding=\"async\" width=\"800\" height=\"800\" src=\"https:\/\/www.yousanusb.com\/wp-content\/uploads\/2025\/11\/2.5-inch-SATA-ABS-Portable-Hard-Drive-factory.jpg\" alt=\"\" class=\"wp-image-24022\" srcset=\"https:\/\/www.yousanusb.com\/wp-content\/uploads\/2025\/11\/2.5-inch-SATA-ABS-Portable-Hard-Drive-factory.jpg 800w, https:\/\/www.yousanusb.com\/wp-content\/uploads\/2025\/11\/2.5-inch-SATA-ABS-Portable-Hard-Drive-factory-300x300.jpg 300w, https:\/\/www.yousanusb.com\/wp-content\/uploads\/2025\/11\/2.5-inch-SATA-ABS-Portable-Hard-Drive-factory-150x150.jpg 150w, https:\/\/www.yousanusb.com\/wp-content\/uploads\/2025\/11\/2.5-inch-SATA-ABS-Portable-Hard-Drive-factory-768x768.jpg 768w, https:\/\/www.yousanusb.com\/wp-content\/uploads\/2025\/11\/2.5-inch-SATA-ABS-Portable-Hard-Drive-factory-12x12.jpg 12w, https:\/\/www.yousanusb.com\/wp-content\/uploads\/2025\/11\/2.5-inch-SATA-ABS-Portable-Hard-Drive-factory-600x600.jpg 600w, https:\/\/www.yousanusb.com\/wp-content\/uploads\/2025\/11\/2.5-inch-SATA-ABS-Portable-Hard-Drive-factory-100x100.jpg 100w\" sizes=\"(max-width: 800px) 100vw, 800px\" \/><\/figure>\n<\/div>\n<\/div>","protected":false},"excerpt":{"rendered":"<ul>\n<li>2,5 pouces \u00e0 grande vitesse<\/li>\n<li>ABS+plastique<\/li>\n<li>Disque dur<\/li>\n<li>\u00a0USB 3.0 vers SATA<\/li>\n<li>MOQ:10pcs<\/li>\n<\/ul>","protected":false},"featured_media":24023,"comment_status":"open","ping_status":"closed","template":"","meta":{"_seopress_robots_primary_cat":"","_seopress_titles_title":"","_seopress_titles_desc":"","_seopress_robots_index":""},"class_list":["post-24019","product","type-product","status-publish","has-post-thumbnail","hentry","product_cat-portable-hard-drive"],"_links":{"self":[{"href":"https:\/\/www.yousanusb.com\/fr\/wp-json\/wp\/v2\/product\/24019"}],"collection":[{"href":"https:\/\/www.yousanusb.com\/fr\/wp-json\/wp\/v2\/product"}],"about":[{"href":"https:\/\/www.yousanusb.com\/fr\/wp-json\/wp\/v2\/types\/product"}],"replies":[{"embeddable":true,"href":"https:\/\/www.yousanusb.com\/fr\/wp-json\/wp\/v2\/comments?post=24019"}],"wp:featuredmedia":[{"embeddable":true,"href":"https:\/\/www.yousanusb.com\/fr\/wp-json\/wp\/v2\/media\/24023"}],"wp:attachment":[{"href":"https:\/\/www.yousanusb.com\/fr\/wp-json\/wp\/v2\/media?parent=24019"}],"curies":[{"name":"wp","href":"https:\/\/api.w.org\/{rel}","templated":true}]}}