{"id":24026,"date":"2025-11-12T11:08:08","date_gmt":"2025-11-12T11:08:08","guid":{"rendered":"https:\/\/www.yousanusb.com\/?post_type=product&#038;p=24026"},"modified":"2025-11-13T06:25:59","modified_gmt":"2025-11-13T06:25:59","slug":"2-5-inch-usb-3-1-type-c-sata-portable-hard-drive","status":"publish","type":"product","link":"https:\/\/www.yousanusb.com\/fr\/produit\/2-5-inch-usb-3-1-type-c-sata-portable-hard-drive\/","title":{"rendered":"Disque dur portable SATA USB 3.1 Type-C de 2,5 pouces"},"content":{"rendered":"<div class=\"wp-block-columns is-layout-flex wp-container-core-columns-is-layout-1 wp-block-columns-is-layout-flex\">\n<div class=\"wp-block-column is-layout-flow wp-block-column-is-layout-flow\">\n<figure class=\"wp-block-image size-full\"><img fetchpriority=\"high\" decoding=\"async\" width=\"800\" height=\"800\" src=\"https:\/\/www.yousanusb.com\/wp-content\/uploads\/2025\/11\/2.5-inch-USB-3.1-Type-C-SATA-Portable-Hard-Drive-manufacture.jpg\" alt=\"\" class=\"wp-image-24030\" srcset=\"https:\/\/www.yousanusb.com\/wp-content\/uploads\/2025\/11\/2.5-inch-USB-3.1-Type-C-SATA-Portable-Hard-Drive-manufacture.jpg 800w, https:\/\/www.yousanusb.com\/wp-content\/uploads\/2025\/11\/2.5-inch-USB-3.1-Type-C-SATA-Portable-Hard-Drive-manufacture-300x300.jpg 300w, https:\/\/www.yousanusb.com\/wp-content\/uploads\/2025\/11\/2.5-inch-USB-3.1-Type-C-SATA-Portable-Hard-Drive-manufacture-150x150.jpg 150w, https:\/\/www.yousanusb.com\/wp-content\/uploads\/2025\/11\/2.5-inch-USB-3.1-Type-C-SATA-Portable-Hard-Drive-manufacture-768x768.jpg 768w, https:\/\/www.yousanusb.com\/wp-content\/uploads\/2025\/11\/2.5-inch-USB-3.1-Type-C-SATA-Portable-Hard-Drive-manufacture-12x12.jpg 12w, https:\/\/www.yousanusb.com\/wp-content\/uploads\/2025\/11\/2.5-inch-USB-3.1-Type-C-SATA-Portable-Hard-Drive-manufacture-600x600.jpg 600w, https:\/\/www.yousanusb.com\/wp-content\/uploads\/2025\/11\/2.5-inch-USB-3.1-Type-C-SATA-Portable-Hard-Drive-manufacture-100x100.jpg 100w\" sizes=\"(max-width: 800px) 100vw, 800px\" \/><\/figure>\n<\/div>\n\n\n\n<div class=\"wp-block-column is-vertically-aligned-center is-layout-flow wp-block-column-is-layout-flow\">\n<p>Ce produit est un disque dur portable SATA de 2,5 pouces fabriqu\u00e9 \u00e0 partir d'un mat\u00e9riau PC de haute duret\u00e9. Dot\u00e9 d'un design \u00e9l\u00e9gant et compact avec des dimensions de 127 x 79 x 13 mm, il offre une excellente portabilit\u00e9 et se glisse facilement dans les sacs.<\/p>\n\n\n\n<p>Le mat\u00e9riau PC haute duret\u00e9 offre une r\u00e9sistance aux rayures et aux chutes, supportant les chocs quotidiens et les impacts mineurs pour aider \u00e0 prot\u00e9ger le disque dur et ses donn\u00e9es.<\/p>\n\n\n\n<p> Le produit prend en charge les services OEM\/ODM, permettant l'impression de logos personnalis\u00e9s sur la surface, ce qui le rend adapt\u00e9 aux promotions commerciales, \u00e0 la personnalisation de cadeaux et \u00e0 d'autres sc\u00e9narios similaires.<\/p>\n<\/div>\n<\/div>\n\n\n\n<div class=\"wp-block-columns is-layout-flex wp-container-core-columns-is-layout-2 wp-block-columns-is-layout-flex\">\n<div class=\"wp-block-column is-vertically-aligned-center is-layout-flow wp-block-column-is-layout-flow\">\n<p>Il est dot\u00e9 d'une interface USB 3.1 avec des vitesses de transfert allant jusqu'\u00e0 5 Gbps, associ\u00e9e \u00e0 un moteur haute vitesse de 7200RPM pour des temps de r\u00e9ponse plus rapides en lecture\/\u00e9criture, permettant un transfert efficace de fichiers volumineux tels que des vid\u00e9os HD et des documents de grande taille. <\/p>\n\n\n\n<p>Sa tr\u00e8s grande capacit\u00e9 int\u00e9gr\u00e9e de 6 To r\u00e9pond aux demandes de stockage massif de donn\u00e9es et de sauvegarde de fichiers bureautiques.<\/p>\n\n\n\n<p>Pour une utilisation professionnelle, il prend en charge les syst\u00e8mes courants tels que Windows et Mac gr\u00e2ce \u00e0 la fonctionnalit\u00e9 plug-and-play. Connectez-le \u00e0 des ordinateurs, des tablettes et d'autres appareils pour des applications polyvalentes - du stockage quotidien personnel \u00e0 la sauvegarde des donn\u00e9es d'entreprise - et r\u00e9pondez de mani\u00e8re fiable \u00e0 divers besoins de stockage.<\/p>\n<\/div>\n\n\n\n<div class=\"wp-block-column is-layout-flow wp-block-column-is-layout-flow\">\n<figure class=\"wp-block-image size-full\"><img decoding=\"async\" width=\"800\" height=\"800\" src=\"https:\/\/www.yousanusb.com\/wp-content\/uploads\/2025\/11\/2.5-inch-USB-3.1-Type-C-SATA-Portable-Hard-Drive-factory.jpg\" alt=\"\" class=\"wp-image-24029\" srcset=\"https:\/\/www.yousanusb.com\/wp-content\/uploads\/2025\/11\/2.5-inch-USB-3.1-Type-C-SATA-Portable-Hard-Drive-factory.jpg 800w, https:\/\/www.yousanusb.com\/wp-content\/uploads\/2025\/11\/2.5-inch-USB-3.1-Type-C-SATA-Portable-Hard-Drive-factory-300x300.jpg 300w, https:\/\/www.yousanusb.com\/wp-content\/uploads\/2025\/11\/2.5-inch-USB-3.1-Type-C-SATA-Portable-Hard-Drive-factory-150x150.jpg 150w, https:\/\/www.yousanusb.com\/wp-content\/uploads\/2025\/11\/2.5-inch-USB-3.1-Type-C-SATA-Portable-Hard-Drive-factory-768x768.jpg 768w, https:\/\/www.yousanusb.com\/wp-content\/uploads\/2025\/11\/2.5-inch-USB-3.1-Type-C-SATA-Portable-Hard-Drive-factory-12x12.jpg 12w, https:\/\/www.yousanusb.com\/wp-content\/uploads\/2025\/11\/2.5-inch-USB-3.1-Type-C-SATA-Portable-Hard-Drive-factory-600x600.jpg 600w, https:\/\/www.yousanusb.com\/wp-content\/uploads\/2025\/11\/2.5-inch-USB-3.1-Type-C-SATA-Portable-Hard-Drive-factory-100x100.jpg 100w\" sizes=\"(max-width: 800px) 100vw, 800px\" \/><\/figure>\n<\/div>\n<\/div>\n\n\n\n<p><\/p>","protected":false},"excerpt":{"rendered":"<ul>\n<li>Mat\u00e9riau PC haute duret\u00e9<\/li>\n<li>USB 3.1 + transfert \u00e0 grande vitesse de 5 Gbps<\/li>\n<li>7200RPM, 6 To de grande capacit\u00e9<\/li>\n<li>Prise en charge de l'OEM\/ODM et de la personnalisation des logos<\/li>\n<li>Compatibilit\u00e9 multi-syst\u00e8mes et multi-appareils<\/li>\n<li>MOQ:10pcs<\/li>\n<\/ul>","protected":false},"featured_media":24031,"comment_status":"open","ping_status":"closed","template":"","meta":{"_seopress_robots_primary_cat":"","_seopress_titles_title":"","_seopress_titles_desc":"","_seopress_robots_index":""},"class_list":["post-24026","product","type-product","status-publish","has-post-thumbnail","hentry","product_cat-portable-hard-drive"],"_links":{"self":[{"href":"https:\/\/www.yousanusb.com\/fr\/wp-json\/wp\/v2\/product\/24026"}],"collection":[{"href":"https:\/\/www.yousanusb.com\/fr\/wp-json\/wp\/v2\/product"}],"about":[{"href":"https:\/\/www.yousanusb.com\/fr\/wp-json\/wp\/v2\/types\/product"}],"replies":[{"embeddable":true,"href":"https:\/\/www.yousanusb.com\/fr\/wp-json\/wp\/v2\/comments?post=24026"}],"wp:featuredmedia":[{"embeddable":true,"href":"https:\/\/www.yousanusb.com\/fr\/wp-json\/wp\/v2\/media\/24031"}],"wp:attachment":[{"href":"https:\/\/www.yousanusb.com\/fr\/wp-json\/wp\/v2\/media?parent=24026"}],"curies":[{"name":"wp","href":"https:\/\/api.w.org\/{rel}","templated":true}]}}