{"id":24034,"date":"2025-11-12T11:41:27","date_gmt":"2025-11-12T11:41:27","guid":{"rendered":"https:\/\/www.yousanusb.com\/?post_type=product&#038;p=24034"},"modified":"2025-11-13T06:26:14","modified_gmt":"2025-11-13T06:26:14","slug":"2-5-inch-usb-3-0-black-plastic-hard-drive-sata-interface-compatible-with-hdd-ssd","status":"publish","type":"product","link":"https:\/\/www.yousanusb.com\/fr\/produit\/2-5-inch-usb-3-0-black-plastic-hard-drive-sata-interface-compatible-with-hdd-ssd\/","title":{"rendered":"Disque dur plastique noir USB 3.0 de 2,5 pouces (interface SATA, compatible avec HDD et SSD)"},"content":{"rendered":"<div class=\"wp-block-columns is-layout-flex wp-container-core-columns-is-layout-1 wp-block-columns-is-layout-flex\">\n<div class=\"wp-block-column is-layout-flow wp-block-column-is-layout-flow\">\n<figure class=\"wp-block-image size-full\"><img fetchpriority=\"high\" decoding=\"async\" width=\"800\" height=\"800\" src=\"https:\/\/www.yousanusb.com\/wp-content\/uploads\/2025\/11\/2.5-inch-USB-3.0-Black-Plastic-Hard-Drive-SATA-Interface-HDD-SSD.jpg\" alt=\"\" class=\"wp-image-24038\" srcset=\"https:\/\/www.yousanusb.com\/wp-content\/uploads\/2025\/11\/2.5-inch-USB-3.0-Black-Plastic-Hard-Drive-SATA-Interface-HDD-SSD.jpg 800w, https:\/\/www.yousanusb.com\/wp-content\/uploads\/2025\/11\/2.5-inch-USB-3.0-Black-Plastic-Hard-Drive-SATA-Interface-HDD-SSD-300x300.jpg 300w, https:\/\/www.yousanusb.com\/wp-content\/uploads\/2025\/11\/2.5-inch-USB-3.0-Black-Plastic-Hard-Drive-SATA-Interface-HDD-SSD-150x150.jpg 150w, https:\/\/www.yousanusb.com\/wp-content\/uploads\/2025\/11\/2.5-inch-USB-3.0-Black-Plastic-Hard-Drive-SATA-Interface-HDD-SSD-768x768.jpg 768w, https:\/\/www.yousanusb.com\/wp-content\/uploads\/2025\/11\/2.5-inch-USB-3.0-Black-Plastic-Hard-Drive-SATA-Interface-HDD-SSD-12x12.jpg 12w, https:\/\/www.yousanusb.com\/wp-content\/uploads\/2025\/11\/2.5-inch-USB-3.0-Black-Plastic-Hard-Drive-SATA-Interface-HDD-SSD-600x600.jpg 600w, https:\/\/www.yousanusb.com\/wp-content\/uploads\/2025\/11\/2.5-inch-USB-3.0-Black-Plastic-Hard-Drive-SATA-Interface-HDD-SSD-100x100.jpg 100w\" sizes=\"(max-width: 800px) 100vw, 800px\" \/><\/figure>\n<\/div>\n\n\n\n<div class=\"wp-block-column is-vertically-aligned-center is-layout-flow wp-block-column-is-layout-flow\">\n<p>Ce produit est un disque dur portable SSD USB 3.0 en plastique noir de 2,5 pouces. <\/p>\n\n\n\n<p>Avec ses dimensions de 125 x 75 x 13 mm, son bo\u00eetier en plastique l\u00e9ger est facile \u00e0 ranger et se glisse ais\u00e9ment dans les sacs.<\/p>\n\n\n\n<p>Pour une utilisation professionnelle, son interface USB 3.0 permet de transf\u00e9rer des fichiers de 1 Go en seulement 3 secondes, offrant une grande efficacit\u00e9 de lecture\/\u00e9criture pour les fichiers volumineux. <\/p>\n\n\n\n<p>Avec une capacit\u00e9 de 6 To, il stocke des documents volumineux et des vid\u00e9os HD tout en permettant un acc\u00e8s transparent \u00e0 18 To de contenu, r\u00e9pondant ainsi \u00e0 des besoins de stockage importants.<\/p>\n<\/div>\n<\/div>\n\n\n\n<div class=\"wp-block-columns is-layout-flex wp-container-core-columns-is-layout-2 wp-block-columns-is-layout-flex\">\n<div class=\"wp-block-column is-vertically-aligned-center is-layout-flow wp-block-column-is-layout-flow\">\n<p>Le disque dur est dot\u00e9 d'un noyau interne robuste pour un fonctionnement stable ; il int\u00e8gre de multiples m\u00e9canismes de protection pour garantir la s\u00e9curit\u00e9 des donn\u00e9es ; il prend en charge la fonctionnalit\u00e9 plug-and-play sans n\u00e9cessiter de pilotes suppl\u00e9mentaires ; et il utilise une conception de dissipation thermique efficace pour \u00e9viter la d\u00e9gradation des performances due \u00e0 la surchauffe.<\/p>\n\n\n\n<p>Il est compatible avec les syst\u00e8mes Windows XP\/7\/8\/10 et MAC 10.6 ou sup\u00e9rieur. La connexion aux t\u00e9l\u00e9phones ou aux tablettes n\u00e9cessite un adaptateur micro\/type, ce qui permet une compatibilit\u00e9 polyvalente des appareils.<\/p>\n\n\n\n<p>La surface du produit permet l'impression de logos personnalis\u00e9s, ce qui permet l'application d'une marque exclusive pour les promotions commerciales, la personnalisation de cadeaux et d'autres besoins similaires.<\/p>\n<\/div>\n\n\n\n<div class=\"wp-block-column is-layout-flow wp-block-column-is-layout-flow\">\n<figure class=\"wp-block-image size-full\"><img decoding=\"async\" width=\"800\" height=\"800\" src=\"https:\/\/www.yousanusb.com\/wp-content\/uploads\/2025\/11\/2.5-inch-USB-3.0-Black-Plastic-Hard-Drive.jpg\" alt=\"\" class=\"wp-image-24039\" srcset=\"https:\/\/www.yousanusb.com\/wp-content\/uploads\/2025\/11\/2.5-inch-USB-3.0-Black-Plastic-Hard-Drive.jpg 800w, https:\/\/www.yousanusb.com\/wp-content\/uploads\/2025\/11\/2.5-inch-USB-3.0-Black-Plastic-Hard-Drive-300x300.jpg 300w, https:\/\/www.yousanusb.com\/wp-content\/uploads\/2025\/11\/2.5-inch-USB-3.0-Black-Plastic-Hard-Drive-150x150.jpg 150w, https:\/\/www.yousanusb.com\/wp-content\/uploads\/2025\/11\/2.5-inch-USB-3.0-Black-Plastic-Hard-Drive-768x768.jpg 768w, https:\/\/www.yousanusb.com\/wp-content\/uploads\/2025\/11\/2.5-inch-USB-3.0-Black-Plastic-Hard-Drive-12x12.jpg 12w, https:\/\/www.yousanusb.com\/wp-content\/uploads\/2025\/11\/2.5-inch-USB-3.0-Black-Plastic-Hard-Drive-600x600.jpg 600w, https:\/\/www.yousanusb.com\/wp-content\/uploads\/2025\/11\/2.5-inch-USB-3.0-Black-Plastic-Hard-Drive-100x100.jpg 100w\" sizes=\"(max-width: 800px) 100vw, 800px\" \/><\/figure>\n<\/div>\n<\/div>","protected":false},"excerpt":{"rendered":"<ul>\n<li>Transf\u00e9rez 1 Go en 3 secondes<\/li>\n<li>6 To de grande capacit\u00e9<\/li>\n<li>Compatibilit\u00e9 multi-syst\u00e8mes et multi-appareils (adaptateur requis)<\/li>\n<li>Pr\u00eat \u00e0 l'emploi<\/li>\n<li>Dissipation efficace de la chaleur<\/li>\n<li>Prise en charge de la personnalisation du logo<\/li>\n<li>MOQ:10pcs<\/li>\n<\/ul>","protected":false},"featured_media":24037,"comment_status":"open","ping_status":"closed","template":"","meta":{"_seopress_robots_primary_cat":"","_seopress_titles_title":"","_seopress_titles_desc":"","_seopress_robots_index":""},"class_list":["post-24034","product","type-product","status-publish","has-post-thumbnail","hentry","product_cat-portable-hard-drive"],"_links":{"self":[{"href":"https:\/\/www.yousanusb.com\/fr\/wp-json\/wp\/v2\/product\/24034"}],"collection":[{"href":"https:\/\/www.yousanusb.com\/fr\/wp-json\/wp\/v2\/product"}],"about":[{"href":"https:\/\/www.yousanusb.com\/fr\/wp-json\/wp\/v2\/types\/product"}],"replies":[{"embeddable":true,"href":"https:\/\/www.yousanusb.com\/fr\/wp-json\/wp\/v2\/comments?post=24034"}],"wp:featuredmedia":[{"embeddable":true,"href":"https:\/\/www.yousanusb.com\/fr\/wp-json\/wp\/v2\/media\/24037"}],"wp:attachment":[{"href":"https:\/\/www.yousanusb.com\/fr\/wp-json\/wp\/v2\/media?parent=24034"}],"curies":[{"name":"wp","href":"https:\/\/api.w.org\/{rel}","templated":true}]}}