{"id":24059,"date":"2025-11-13T08:11:02","date_gmt":"2025-11-13T08:11:02","guid":{"rendered":"https:\/\/www.yousanusb.com\/?post_type=product&#038;p=24059"},"modified":"2025-11-14T05:56:00","modified_gmt":"2025-11-14T05:56:00","slug":"cool-rgb-light-m-2-portable-ssd","status":"publish","type":"product","link":"https:\/\/www.yousanusb.com\/fr\/produit\/cool-rgb-light-m-2-portable-ssd\/","title":{"rendered":"Cool RGB light M.2 Portable SSD"},"content":{"rendered":"<div class=\"wp-block-columns is-layout-flex wp-container-core-columns-is-layout-1 wp-block-columns-is-layout-flex\">\n<div class=\"wp-block-column is-layout-flow wp-block-column-is-layout-flow\">\n<figure class=\"wp-block-image size-full\"><img fetchpriority=\"high\" decoding=\"async\" width=\"800\" height=\"800\" src=\"https:\/\/www.yousanusb.com\/wp-content\/uploads\/2025\/11\/M.2-Portable-SSD-factory.jpg\" alt=\"\" class=\"wp-image-24068\" srcset=\"https:\/\/www.yousanusb.com\/wp-content\/uploads\/2025\/11\/M.2-Portable-SSD-factory.jpg 800w, https:\/\/www.yousanusb.com\/wp-content\/uploads\/2025\/11\/M.2-Portable-SSD-factory-300x300.jpg 300w, https:\/\/www.yousanusb.com\/wp-content\/uploads\/2025\/11\/M.2-Portable-SSD-factory-150x150.jpg 150w, https:\/\/www.yousanusb.com\/wp-content\/uploads\/2025\/11\/M.2-Portable-SSD-factory-768x768.jpg 768w, https:\/\/www.yousanusb.com\/wp-content\/uploads\/2025\/11\/M.2-Portable-SSD-factory-12x12.jpg 12w, https:\/\/www.yousanusb.com\/wp-content\/uploads\/2025\/11\/M.2-Portable-SSD-factory-600x600.jpg 600w, https:\/\/www.yousanusb.com\/wp-content\/uploads\/2025\/11\/M.2-Portable-SSD-factory-100x100.jpg 100w\" sizes=\"(max-width: 800px) 100vw, 800px\" \/><\/figure>\n<\/div>\n\n\n\n<div class=\"wp-block-column is-vertically-aligned-center is-layout-flow wp-block-column-is-layout-flow\">\n<h2 class=\"wp-block-heading\">Conception et mat\u00e9riaux<\/h2>\n\n\n\n<p>Ce produit est le SSD portable M.2 Cool RGB Light, mesurant 98*49*18 mm. Il est fabriqu\u00e9 en alliage d'aluminium et en mat\u00e9riau composite ABS, avec une finition argent\u00e9e. <\/p>\n\n\n\n<p>Le bo\u00eetier en alliage d'aluminium int\u00e8gre des ailettes de dissipation thermique, associ\u00e9es \u00e0 une structure de corps ventil\u00e9e pour dissiper rapidement la chaleur g\u00e9n\u00e9r\u00e9e pendant le transfert de donn\u00e9es, \u00e9vitant ainsi la surchauffe et le ralentissement des performances. <\/p>\n\n\n\n<p>\u00c9quip\u00e9 d'effets lumineux RVB pour un meilleur attrait visuel, il int\u00e8gre un verrou de carte physique pour fixer en toute s\u00e9curit\u00e9 le disque M.2, am\u00e9liorant ainsi la stabilit\u00e9 op\u00e9rationnelle.<\/p>\n<\/div>\n<\/div>\n\n\n\n<div class=\"wp-block-columns is-layout-flex wp-container-core-columns-is-layout-2 wp-block-columns-is-layout-flex\">\n<div class=\"wp-block-column is-vertically-aligned-center is-layout-flow wp-block-column-is-layout-flow\">\n<h2 class=\"wp-block-heading\">Compatibilit\u00e9 des protocoles et des interfaces<\/h2>\n\n\n\n<p>Au niveau professionnel, il prend en charge deux protocoles : M.2 NVMe et M.2 NGFF SATA, compatible avec les principaux mod\u00e8les de SSD M.2 du march\u00e9. <\/p>\n\n\n\n<p>L'interface est conforme aux normes USB 3.1 + SATA 3.0 Gen 2, ce qui permet de connecter des ordinateurs, des tablettes et d'autres appareils fonctionnant sous Windows ou Mac.<\/p>\n\n\n\n<p> Il prend en charge la fonctionnalit\u00e9 \"plug-and-play\" sans n\u00e9cessiter de pilotes suppl\u00e9mentaires.<\/p>\n<\/div>\n\n\n\n<div class=\"wp-block-column is-layout-flow wp-block-column-is-layout-flow\">\n<figure class=\"wp-block-image size-full\"><img decoding=\"async\" width=\"800\" height=\"800\" src=\"https:\/\/www.yousanusb.com\/wp-content\/uploads\/2025\/11\/Cool-Golden-Brilliant-RGB-Light-M.2-Portable-SSD.png\" alt=\"\" class=\"wp-image-24064\" srcset=\"https:\/\/www.yousanusb.com\/wp-content\/uploads\/2025\/11\/Cool-Golden-Brilliant-RGB-Light-M.2-Portable-SSD.png 800w, https:\/\/www.yousanusb.com\/wp-content\/uploads\/2025\/11\/Cool-Golden-Brilliant-RGB-Light-M.2-Portable-SSD-300x300.png 300w, https:\/\/www.yousanusb.com\/wp-content\/uploads\/2025\/11\/Cool-Golden-Brilliant-RGB-Light-M.2-Portable-SSD-150x150.png 150w, https:\/\/www.yousanusb.com\/wp-content\/uploads\/2025\/11\/Cool-Golden-Brilliant-RGB-Light-M.2-Portable-SSD-768x768.png 768w, https:\/\/www.yousanusb.com\/wp-content\/uploads\/2025\/11\/Cool-Golden-Brilliant-RGB-Light-M.2-Portable-SSD-12x12.png 12w, https:\/\/www.yousanusb.com\/wp-content\/uploads\/2025\/11\/Cool-Golden-Brilliant-RGB-Light-M.2-Portable-SSD-600x600.png 600w, https:\/\/www.yousanusb.com\/wp-content\/uploads\/2025\/11\/Cool-Golden-Brilliant-RGB-Light-M.2-Portable-SSD-100x100.png 100w\" sizes=\"(max-width: 800px) 100vw, 800px\" \/><\/figure>\n<\/div>\n<\/div>\n\n\n\n<p>Les vitesses de transfert th\u00e9oriques atteignent 10 Gbps, ce qui permet de transf\u00e9rer un fichier de 1 Go en une seconde environ. Il g\u00e8re efficacement les documents volumineux, les vid\u00e9os 4K, les fichiers d'ing\u00e9nierie et d'autres op\u00e9rations de lecture\/\u00e9criture de donn\u00e9es, ce qui le rend id\u00e9al pour les sc\u00e9narios de stockage \u00e0 grande vitesse tels que le travail de bureau professionnel, la cr\u00e9ation multim\u00e9dia et la sauvegarde de donn\u00e9es.<br><\/p>\n\n\n\n<div class=\"wp-block-columns is-layout-flex wp-container-core-columns-is-layout-3 wp-block-columns-is-layout-flex\">\n<div class=\"wp-block-column is-layout-flow wp-block-column-is-layout-flow\">\n<figure class=\"wp-block-image size-full\"><img decoding=\"async\" width=\"800\" height=\"800\" src=\"https:\/\/www.yousanusb.com\/wp-content\/uploads\/2025\/11\/Cool-RGB-light-M.2-Portable-SSD.jpg\" alt=\"\" class=\"wp-image-24065\" srcset=\"https:\/\/www.yousanusb.com\/wp-content\/uploads\/2025\/11\/Cool-RGB-light-M.2-Portable-SSD.jpg 800w, https:\/\/www.yousanusb.com\/wp-content\/uploads\/2025\/11\/Cool-RGB-light-M.2-Portable-SSD-300x300.jpg 300w, https:\/\/www.yousanusb.com\/wp-content\/uploads\/2025\/11\/Cool-RGB-light-M.2-Portable-SSD-150x150.jpg 150w, https:\/\/www.yousanusb.com\/wp-content\/uploads\/2025\/11\/Cool-RGB-light-M.2-Portable-SSD-768x768.jpg 768w, https:\/\/www.yousanusb.com\/wp-content\/uploads\/2025\/11\/Cool-RGB-light-M.2-Portable-SSD-12x12.jpg 12w, https:\/\/www.yousanusb.com\/wp-content\/uploads\/2025\/11\/Cool-RGB-light-M.2-Portable-SSD-600x600.jpg 600w, https:\/\/www.yousanusb.com\/wp-content\/uploads\/2025\/11\/Cool-RGB-light-M.2-Portable-SSD-100x100.jpg 100w\" sizes=\"(max-width: 800px) 100vw, 800px\" \/><\/figure>\n<\/div>\n\n\n\n<div class=\"wp-block-column is-layout-flow wp-block-column-is-layout-flow\">\n<figure class=\"wp-block-image size-full\"><img loading=\"lazy\" decoding=\"async\" width=\"800\" height=\"800\" src=\"https:\/\/www.yousanusb.com\/wp-content\/uploads\/2025\/11\/China-M.2-Portable-SSD.jpg\" alt=\"\" class=\"wp-image-24062\" srcset=\"https:\/\/www.yousanusb.com\/wp-content\/uploads\/2025\/11\/China-M.2-Portable-SSD.jpg 800w, https:\/\/www.yousanusb.com\/wp-content\/uploads\/2025\/11\/China-M.2-Portable-SSD-300x300.jpg 300w, https:\/\/www.yousanusb.com\/wp-content\/uploads\/2025\/11\/China-M.2-Portable-SSD-150x150.jpg 150w, https:\/\/www.yousanusb.com\/wp-content\/uploads\/2025\/11\/China-M.2-Portable-SSD-768x768.jpg 768w, https:\/\/www.yousanusb.com\/wp-content\/uploads\/2025\/11\/China-M.2-Portable-SSD-12x12.jpg 12w, https:\/\/www.yousanusb.com\/wp-content\/uploads\/2025\/11\/China-M.2-Portable-SSD-600x600.jpg 600w, https:\/\/www.yousanusb.com\/wp-content\/uploads\/2025\/11\/China-M.2-Portable-SSD-100x100.jpg 100w\" sizes=\"(max-width: 800px) 100vw, 800px\" \/><\/figure>\n<\/div>\n<\/div>","protected":false},"excerpt":{"rendered":"<ul>\n<li>Alliage d'aluminium + ABS<\/li>\n<li>Argent<\/li>\n<li>Compatible avec les protocoles M.2 NVMe et M.2 NGFF SATA<\/li>\n<li>Interface conforme aux normes USB 3.1 + SATA 3.0 Gen 2<\/li>\n<li>Vitesse de transfert th\u00e9orique : 10 Gbps<\/li>\n<li>MOQ:10pcs<\/li>\n<\/ul>","protected":false},"featured_media":24069,"comment_status":"open","ping_status":"closed","template":"","meta":{"_seopress_robots_primary_cat":"","_seopress_titles_title":"","_seopress_titles_desc":"","_seopress_robots_index":""},"class_list":["post-24059","product","type-product","status-publish","has-post-thumbnail","hentry","product_cat-portable-hard-drive","product_cat-ssd-fllash-drive"],"_links":{"self":[{"href":"https:\/\/www.yousanusb.com\/fr\/wp-json\/wp\/v2\/product\/24059"}],"collection":[{"href":"https:\/\/www.yousanusb.com\/fr\/wp-json\/wp\/v2\/product"}],"about":[{"href":"https:\/\/www.yousanusb.com\/fr\/wp-json\/wp\/v2\/types\/product"}],"replies":[{"embeddable":true,"href":"https:\/\/www.yousanusb.com\/fr\/wp-json\/wp\/v2\/comments?post=24059"}],"wp:featuredmedia":[{"embeddable":true,"href":"https:\/\/www.yousanusb.com\/fr\/wp-json\/wp\/v2\/media\/24069"}],"wp:attachment":[{"href":"https:\/\/www.yousanusb.com\/fr\/wp-json\/wp\/v2\/media?parent=24059"}],"curies":[{"name":"wp","href":"https:\/\/api.w.org\/{rel}","templated":true}]}}