{"id":24078,"date":"2025-11-13T10:31:33","date_gmt":"2025-11-13T10:31:33","guid":{"rendered":"https:\/\/www.yousanusb.com\/?post_type=product&#038;p=24078"},"modified":"2025-11-13T13:15:10","modified_gmt":"2025-11-13T13:15:10","slug":"3-5-inch-desktop-hard-drive-with-dc-power-input","status":"publish","type":"product","link":"https:\/\/www.yousanusb.com\/fr\/produit\/3-5-inch-desktop-hard-drive-with-dc-power-input\/","title":{"rendered":"Disque dur de bureau de 3,5 pouces avec entr\u00e9e d'alimentation CC"},"content":{"rendered":"<div class=\"wp-block-columns is-layout-flex wp-container-core-columns-is-layout-1 wp-block-columns-is-layout-flex\">\n<div class=\"wp-block-column is-layout-flow wp-block-column-is-layout-flow\">\n<figure class=\"wp-block-image size-full\"><img fetchpriority=\"high\" decoding=\"async\" width=\"800\" height=\"800\" src=\"https:\/\/www.yousanusb.com\/wp-content\/uploads\/2025\/11\/3.5-inch-Desktop-Hard-Drive-with-DC-Power-Input.jpg\" alt=\"\" class=\"wp-image-24081\" srcset=\"https:\/\/www.yousanusb.com\/wp-content\/uploads\/2025\/11\/3.5-inch-Desktop-Hard-Drive-with-DC-Power-Input.jpg 800w, https:\/\/www.yousanusb.com\/wp-content\/uploads\/2025\/11\/3.5-inch-Desktop-Hard-Drive-with-DC-Power-Input-300x300.jpg 300w, https:\/\/www.yousanusb.com\/wp-content\/uploads\/2025\/11\/3.5-inch-Desktop-Hard-Drive-with-DC-Power-Input-150x150.jpg 150w, https:\/\/www.yousanusb.com\/wp-content\/uploads\/2025\/11\/3.5-inch-Desktop-Hard-Drive-with-DC-Power-Input-768x768.jpg 768w, https:\/\/www.yousanusb.com\/wp-content\/uploads\/2025\/11\/3.5-inch-Desktop-Hard-Drive-with-DC-Power-Input-12x12.jpg 12w, https:\/\/www.yousanusb.com\/wp-content\/uploads\/2025\/11\/3.5-inch-Desktop-Hard-Drive-with-DC-Power-Input-600x600.jpg 600w, https:\/\/www.yousanusb.com\/wp-content\/uploads\/2025\/11\/3.5-inch-Desktop-Hard-Drive-with-DC-Power-Input-100x100.jpg 100w\" sizes=\"(max-width: 800px) 100vw, 800px\" \/><\/figure>\n<\/div>\n\n\n\n<div class=\"wp-block-column is-vertically-aligned-center is-layout-flow wp-block-column-is-layout-flow\">\n<h2 class=\"wp-block-heading\">Conception et dimensions<\/h2>\n\n\n\n<p>Ce produit est un bo\u00eetier de disque dur de bureau SATA de 3,5 pouces. Ses dimensions sont de 185 x 113 x 30 mm. Con\u00e7u pour accueillir des disques durs de bureau de 3,5 pouces, son espace interne s'aligne sur les sp\u00e9cifications d'installation des disques durs, garantissant une fixation stable des disques. La structure du bo\u00eetier concilie protection de base et facilit\u00e9 d'installation.<\/p>\n\n\n\n<h2 class=\"wp-block-heading\">Compatibilit\u00e9 des interfaces<\/h2>\n\n\n\n<p>\u00c9quip\u00e9 d'un port USB 3.0 prenant en charge les taux de transfert de donn\u00e9es \u00e0 grande vitesse. Il est \u00e9galement r\u00e9trocompatible avec les interfaces USB 2.0 et USB 1.1, s'adaptant aux sp\u00e9cifications des ports des ordinateurs et des p\u00e9riph\u00e9riques externes de diff\u00e9rentes \u00e9poques. Cela permet une int\u00e9gration transparente sans n\u00e9cessiter de mat\u00e9riel d'adaptation suppl\u00e9mentaire.<\/p>\n<\/div>\n<\/div>\n\n\n\n<div class=\"wp-block-columns is-layout-flex wp-container-core-columns-is-layout-2 wp-block-columns-is-layout-flex\">\n<div class=\"wp-block-column is-vertically-aligned-center is-layout-flow wp-block-column-is-layout-flow\">\n<h2 class=\"wp-block-heading\">Attributs personnalisables<\/h2>\n\n\n\n<p>Il prend en charge des sch\u00e9mas de couleurs ext\u00e9rieures personnalisables, avec des options telles que le noir, le rouge, l'or, l'argent et le bleu. L'apparence peut \u00eatre adapt\u00e9e \u00e0 l'identit\u00e9 de la marque, aux sc\u00e9narios d'achat en gros et \u00e0 d'autres exigences, ce qui permet de promouvoir la marque, d'effectuer des achats personnalis\u00e9s et de r\u00e9pondre \u00e0 des cas d'utilisation similaires.<\/p>\n\n\n\n<h2 class=\"wp-block-heading\">Compatibilit\u00e9 professionnelle<\/h2>\n\n\n\n<p>Compatibilit\u00e9 de base avec les disques durs de bureau SATA de 3,5 pouces (supportant \u00e0 la fois les disques durs et les disques SSD). Comprend un port d'entr\u00e9e d'alimentation CC (fournissant une alimentation ind\u00e9pendante pour les disques de 3,5 pouces). Comprend un c\u00e2ble d'alimentation, un c\u00e2ble de donn\u00e9es, des outils d'installation et des accessoires pour une installation simple. <\/p>\n\n\n\n<p>Compatible avec les principaux syst\u00e8mes d'exploitation, notamment Windows et macOS, prenant en charge la fonctionnalit\u00e9 plug-and-play. R\u00e9pond aux besoins professionnels en mati\u00e8re de bureautique et de gestion des donn\u00e9es, tels que la sauvegarde des donn\u00e9es, l'extension du stockage des p\u00e9riph\u00e9riques et le stockage externe \u00e0 grande vitesse.<\/p>\n<\/div>\n\n\n\n<div class=\"wp-block-column is-layout-flow wp-block-column-is-layout-flow\">\n<figure class=\"wp-block-image size-full\"><img decoding=\"async\" width=\"800\" height=\"800\" src=\"https:\/\/www.yousanusb.com\/wp-content\/uploads\/2025\/11\/3.5-inch-Desktop-Hard-Drive.jpg\" alt=\"\" class=\"wp-image-24083\" srcset=\"https:\/\/www.yousanusb.com\/wp-content\/uploads\/2025\/11\/3.5-inch-Desktop-Hard-Drive.jpg 800w, https:\/\/www.yousanusb.com\/wp-content\/uploads\/2025\/11\/3.5-inch-Desktop-Hard-Drive-300x300.jpg 300w, https:\/\/www.yousanusb.com\/wp-content\/uploads\/2025\/11\/3.5-inch-Desktop-Hard-Drive-150x150.jpg 150w, https:\/\/www.yousanusb.com\/wp-content\/uploads\/2025\/11\/3.5-inch-Desktop-Hard-Drive-768x768.jpg 768w, https:\/\/www.yousanusb.com\/wp-content\/uploads\/2025\/11\/3.5-inch-Desktop-Hard-Drive-12x12.jpg 12w, https:\/\/www.yousanusb.com\/wp-content\/uploads\/2025\/11\/3.5-inch-Desktop-Hard-Drive-600x600.jpg 600w, https:\/\/www.yousanusb.com\/wp-content\/uploads\/2025\/11\/3.5-inch-Desktop-Hard-Drive-100x100.jpg 100w\" sizes=\"(max-width: 800px) 100vw, 800px\" \/><\/figure>\n<\/div>\n<\/div>","protected":false},"excerpt":{"rendered":"<ul>\n<li>Prend en charge l'interface SATA (Serial ATA), l'interface SATA 3<\/li>\n<li>USB 3.0 r\u00e9trocompatible avec USB 2.0\/1.1<\/li>\n<li>Noir, rouge, or, argent, bleu<\/li>\n<li>Compatible avec la plupart des syst\u00e8mes d'exploitation<\/li>\n<li>MOQ:10pcs<\/li>\n<\/ul>","protected":false},"featured_media":24081,"comment_status":"open","ping_status":"closed","template":"","meta":{"_seopress_robots_primary_cat":"","_seopress_titles_title":"","_seopress_titles_desc":"","_seopress_robots_index":""},"class_list":["post-24078","product","type-product","status-publish","has-post-thumbnail","hentry","product_cat-portable-hard-drive","product_cat-ssd-fllash-drive"],"_links":{"self":[{"href":"https:\/\/www.yousanusb.com\/fr\/wp-json\/wp\/v2\/product\/24078"}],"collection":[{"href":"https:\/\/www.yousanusb.com\/fr\/wp-json\/wp\/v2\/product"}],"about":[{"href":"https:\/\/www.yousanusb.com\/fr\/wp-json\/wp\/v2\/types\/product"}],"replies":[{"embeddable":true,"href":"https:\/\/www.yousanusb.com\/fr\/wp-json\/wp\/v2\/comments?post=24078"}],"wp:featuredmedia":[{"embeddable":true,"href":"https:\/\/www.yousanusb.com\/fr\/wp-json\/wp\/v2\/media\/24081"}],"wp:attachment":[{"href":"https:\/\/www.yousanusb.com\/fr\/wp-json\/wp\/v2\/media?parent=24078"}],"curies":[{"name":"wp","href":"https:\/\/api.w.org\/{rel}","templated":true}]}}