{"id":24086,"date":"2025-11-13T11:12:12","date_gmt":"2025-11-13T11:12:12","guid":{"rendered":"https:\/\/www.yousanusb.com\/?post_type=product&#038;p=24086"},"modified":"2025-11-13T13:15:23","modified_gmt":"2025-11-13T13:15:23","slug":"fan-cooled-nvme-m-2-portable-ssd","status":"publish","type":"product","link":"https:\/\/www.yousanusb.com\/fr\/produit\/fan-cooled-nvme-m-2-portable-ssd\/","title":{"rendered":"SSD portable M.2 NVMe refroidi par ventilateur"},"content":{"rendered":"<div class=\"wp-block-columns is-layout-flex wp-container-core-columns-is-layout-1 wp-block-columns-is-layout-flex\">\n<div class=\"wp-block-column is-layout-flow wp-block-column-is-layout-flow\">\n<figure class=\"wp-block-image size-full\"><img fetchpriority=\"high\" decoding=\"async\" width=\"800\" height=\"800\" src=\"https:\/\/www.yousanusb.com\/wp-content\/uploads\/2025\/11\/Custom-Fan-Cooled-NVMe-M.2-Portable-SSD.png\" alt=\"\" class=\"wp-image-24092\" srcset=\"https:\/\/www.yousanusb.com\/wp-content\/uploads\/2025\/11\/Custom-Fan-Cooled-NVMe-M.2-Portable-SSD.png 800w, https:\/\/www.yousanusb.com\/wp-content\/uploads\/2025\/11\/Custom-Fan-Cooled-NVMe-M.2-Portable-SSD-300x300.png 300w, https:\/\/www.yousanusb.com\/wp-content\/uploads\/2025\/11\/Custom-Fan-Cooled-NVMe-M.2-Portable-SSD-150x150.png 150w, https:\/\/www.yousanusb.com\/wp-content\/uploads\/2025\/11\/Custom-Fan-Cooled-NVMe-M.2-Portable-SSD-768x768.png 768w, https:\/\/www.yousanusb.com\/wp-content\/uploads\/2025\/11\/Custom-Fan-Cooled-NVMe-M.2-Portable-SSD-12x12.png 12w, https:\/\/www.yousanusb.com\/wp-content\/uploads\/2025\/11\/Custom-Fan-Cooled-NVMe-M.2-Portable-SSD-600x600.png 600w, https:\/\/www.yousanusb.com\/wp-content\/uploads\/2025\/11\/Custom-Fan-Cooled-NVMe-M.2-Portable-SSD-100x100.png 100w\" sizes=\"(max-width: 800px) 100vw, 800px\" \/><\/figure>\n<\/div>\n\n\n\n<div class=\"wp-block-column is-vertically-aligned-center is-layout-flow wp-block-column-is-layout-flow\">\n<h2 class=\"wp-block-heading\">Conception et mat\u00e9riaux<\/h2>\n\n\n\n<p>Ce produit est un disque dur portable NVMe M.2 construit en alliage d'aluminium et en mat\u00e9riau composite ABS : la base en alliage d'aluminium am\u00e9liore les performances de dissipation de la chaleur, tandis que l'ABS garantit une construction l\u00e9g\u00e8re et une protection quotidienne. <\/p>\n\n\n\n<p>L'ext\u00e9rieur comporte une grille de dissipation de la chaleur associ\u00e9e \u00e0 un voyant d'\u00e9tat de fonctionnement. La structure interne est conforme aux sp\u00e9cifications d'installation des disques M.2, ce qui permet un montage s\u00e9curis\u00e9 des disques.<\/p>\n<\/div>\n<\/div>\n\n\n\n<div class=\"wp-block-columns is-layout-flex wp-container-core-columns-is-layout-2 wp-block-columns-is-layout-flex\">\n<div class=\"wp-block-column is-vertically-aligned-center is-layout-flow wp-block-column-is-layout-flow\">\n<h2 class=\"wp-block-heading\">Syst\u00e8me de dissipation de la chaleur<\/h2>\n\n\n\n<p>Il est dot\u00e9 d'une double solution de refroidissement avec un ventilateur int\u00e9gr\u00e9 et une plaque de base en alliage d'aluminium : Le ventilateur fonctionne avec la grille pour faciliter la circulation de l'air et dissiper rapidement la chaleur g\u00e9n\u00e9r\u00e9e lors des op\u00e9rations de lecteur NVMe \u00e0 grande vitesse. <\/p>\n\n\n\n<p>Cela \u00e9vite les ralentissements de transfert induits par la surchauffe ou les probl\u00e8mes de stabilit\u00e9, ce qui en fait la solution id\u00e9ale pour les sc\u00e9narios de transfert de donn\u00e9es \u00e0 forte charge prolong\u00e9e.<\/p>\n<\/div>\n\n\n\n<div class=\"wp-block-column is-layout-flow wp-block-column-is-layout-flow\">\n<figure class=\"wp-block-image size-full\"><img decoding=\"async\" width=\"800\" height=\"800\" src=\"https:\/\/www.yousanusb.com\/wp-content\/uploads\/2025\/11\/built-in-fan-NVMe-M.2-Portable-SSD.jpg\" alt=\"\" class=\"wp-image-24091\" srcset=\"https:\/\/www.yousanusb.com\/wp-content\/uploads\/2025\/11\/built-in-fan-NVMe-M.2-Portable-SSD.jpg 800w, https:\/\/www.yousanusb.com\/wp-content\/uploads\/2025\/11\/built-in-fan-NVMe-M.2-Portable-SSD-300x300.jpg 300w, https:\/\/www.yousanusb.com\/wp-content\/uploads\/2025\/11\/built-in-fan-NVMe-M.2-Portable-SSD-150x150.jpg 150w, https:\/\/www.yousanusb.com\/wp-content\/uploads\/2025\/11\/built-in-fan-NVMe-M.2-Portable-SSD-768x768.jpg 768w, https:\/\/www.yousanusb.com\/wp-content\/uploads\/2025\/11\/built-in-fan-NVMe-M.2-Portable-SSD-12x12.jpg 12w, https:\/\/www.yousanusb.com\/wp-content\/uploads\/2025\/11\/built-in-fan-NVMe-M.2-Portable-SSD-600x600.jpg 600w, https:\/\/www.yousanusb.com\/wp-content\/uploads\/2025\/11\/built-in-fan-NVMe-M.2-Portable-SSD-100x100.jpg 100w\" sizes=\"(max-width: 800px) 100vw, 800px\" \/><\/figure>\n<\/div>\n<\/div>\n\n\n\n<div class=\"wp-block-columns is-layout-flex wp-container-core-columns-is-layout-3 wp-block-columns-is-layout-flex\">\n<div class=\"wp-block-column is-layout-flow wp-block-column-is-layout-flow\">\n<figure class=\"wp-block-image size-full\"><img decoding=\"async\" width=\"800\" height=\"800\" src=\"https:\/\/www.yousanusb.com\/wp-content\/uploads\/2025\/11\/Fan-Cooled-NVMe-M.2-Portable-SSD-factory.jpg\" alt=\"\" class=\"wp-image-24093\" srcset=\"https:\/\/www.yousanusb.com\/wp-content\/uploads\/2025\/11\/Fan-Cooled-NVMe-M.2-Portable-SSD-factory.jpg 800w, https:\/\/www.yousanusb.com\/wp-content\/uploads\/2025\/11\/Fan-Cooled-NVMe-M.2-Portable-SSD-factory-300x300.jpg 300w, https:\/\/www.yousanusb.com\/wp-content\/uploads\/2025\/11\/Fan-Cooled-NVMe-M.2-Portable-SSD-factory-150x150.jpg 150w, https:\/\/www.yousanusb.com\/wp-content\/uploads\/2025\/11\/Fan-Cooled-NVMe-M.2-Portable-SSD-factory-768x768.jpg 768w, https:\/\/www.yousanusb.com\/wp-content\/uploads\/2025\/11\/Fan-Cooled-NVMe-M.2-Portable-SSD-factory-12x12.jpg 12w, https:\/\/www.yousanusb.com\/wp-content\/uploads\/2025\/11\/Fan-Cooled-NVMe-M.2-Portable-SSD-factory-600x600.jpg 600w, https:\/\/www.yousanusb.com\/wp-content\/uploads\/2025\/11\/Fan-Cooled-NVMe-M.2-Portable-SSD-factory-100x100.jpg 100w\" sizes=\"(max-width: 800px) 100vw, 800px\" \/><\/figure>\n<\/div>\n\n\n\n<div class=\"wp-block-column is-vertically-aligned-center is-layout-flow wp-block-column-is-layout-flow\">\n<h2 class=\"wp-block-heading\">Compatibilit\u00e9 professionnelle<\/h2>\n\n\n\n<p>Ce disque dur portable universel NVMe est compatible avec les principaux disques durs \u00e0 semi-conducteurs \u00e0 protocole M.2 NVMe du march\u00e9. Il prend en charge la fonctionnalit\u00e9 plug-and-play et est compatible avec les principaux syst\u00e8mes d'exploitation, notamment Windows et macOS.<\/p>\n\n\n\n<p>La version 10Gbps est optimis\u00e9e pour les t\u00e2ches bureautiques quotidiennes et le stockage de fichiers multim\u00e9dias, tandis que la version 20Gbps est con\u00e7ue pour des sc\u00e9narios professionnels tels que le montage vid\u00e9o 4K et les op\u00e9rations de lecture\/\u00e9criture \u00e0 grande vitesse pour les fichiers d'ing\u00e9nierie volumineux.<\/p>\n<\/div>\n<\/div>\n\n\n\n<h2 class=\"wp-block-heading\">Versions et personnalisation<\/h2>\n\n\n\n<p>Options personnalisables pour les d\u00e9bits de donn\u00e9es et les couleurs : Inclut des versions 10Gbps (noir, argent) et 20Gbps (noir, argent). S\u00e9lectionnez la version appropri\u00e9e en fonction des exigences de transmission r\u00e9elles et des pr\u00e9f\u00e9rences esth\u00e9tiques.<\/p>\n\n\n\n<p>Dot\u00e9 d'interfaces \u00e0 haut d\u00e9bit, il est fourni avec un c\u00e2ble USB-A vers USB-C et un c\u00e2ble USB-C vers USB-C. Ces c\u00e2bles sont compatibles avec les ports USB-A et USB-C de divers appareils, ce qui \u00e9limine le besoin de c\u00e2bles suppl\u00e9mentaires et am\u00e9liore la commodit\u00e9 de connexion de plusieurs appareils.<br><\/p>\n\n\n\n<div class=\"wp-block-columns is-layout-flex wp-container-core-columns-is-layout-4 wp-block-columns-is-layout-flex\">\n<div class=\"wp-block-column is-layout-flow wp-block-column-is-layout-flow\">\n<figure class=\"wp-block-image size-full\"><img loading=\"lazy\" decoding=\"async\" width=\"800\" height=\"800\" src=\"https:\/\/www.yousanusb.com\/wp-content\/uploads\/2025\/11\/Gray-10Gbps-Fan-Cooled-NVMe-M.2-Portable-SSD.jpg\" alt=\"\" class=\"wp-image-24096\" srcset=\"https:\/\/www.yousanusb.com\/wp-content\/uploads\/2025\/11\/Gray-10Gbps-Fan-Cooled-NVMe-M.2-Portable-SSD.jpg 800w, https:\/\/www.yousanusb.com\/wp-content\/uploads\/2025\/11\/Gray-10Gbps-Fan-Cooled-NVMe-M.2-Portable-SSD-300x300.jpg 300w, https:\/\/www.yousanusb.com\/wp-content\/uploads\/2025\/11\/Gray-10Gbps-Fan-Cooled-NVMe-M.2-Portable-SSD-150x150.jpg 150w, https:\/\/www.yousanusb.com\/wp-content\/uploads\/2025\/11\/Gray-10Gbps-Fan-Cooled-NVMe-M.2-Portable-SSD-768x768.jpg 768w, https:\/\/www.yousanusb.com\/wp-content\/uploads\/2025\/11\/Gray-10Gbps-Fan-Cooled-NVMe-M.2-Portable-SSD-12x12.jpg 12w, https:\/\/www.yousanusb.com\/wp-content\/uploads\/2025\/11\/Gray-10Gbps-Fan-Cooled-NVMe-M.2-Portable-SSD-600x600.jpg 600w, https:\/\/www.yousanusb.com\/wp-content\/uploads\/2025\/11\/Gray-10Gbps-Fan-Cooled-NVMe-M.2-Portable-SSD-100x100.jpg 100w\" sizes=\"(max-width: 800px) 100vw, 800px\" \/><\/figure>\n<\/div>\n\n\n\n<div class=\"wp-block-column is-layout-flow wp-block-column-is-layout-flow\">\n<figure class=\"wp-block-image size-full\"><img loading=\"lazy\" decoding=\"async\" width=\"800\" height=\"800\" src=\"https:\/\/www.yousanusb.com\/wp-content\/uploads\/2025\/11\/Black-10Gbps-Fan-Cooled-NVMe-M.2-Portable-SSD.jpg\" alt=\"\" class=\"wp-image-24089\" srcset=\"https:\/\/www.yousanusb.com\/wp-content\/uploads\/2025\/11\/Black-10Gbps-Fan-Cooled-NVMe-M.2-Portable-SSD.jpg 800w, https:\/\/www.yousanusb.com\/wp-content\/uploads\/2025\/11\/Black-10Gbps-Fan-Cooled-NVMe-M.2-Portable-SSD-300x300.jpg 300w, https:\/\/www.yousanusb.com\/wp-content\/uploads\/2025\/11\/Black-10Gbps-Fan-Cooled-NVMe-M.2-Portable-SSD-150x150.jpg 150w, https:\/\/www.yousanusb.com\/wp-content\/uploads\/2025\/11\/Black-10Gbps-Fan-Cooled-NVMe-M.2-Portable-SSD-768x768.jpg 768w, https:\/\/www.yousanusb.com\/wp-content\/uploads\/2025\/11\/Black-10Gbps-Fan-Cooled-NVMe-M.2-Portable-SSD-12x12.jpg 12w, https:\/\/www.yousanusb.com\/wp-content\/uploads\/2025\/11\/Black-10Gbps-Fan-Cooled-NVMe-M.2-Portable-SSD-600x600.jpg 600w, https:\/\/www.yousanusb.com\/wp-content\/uploads\/2025\/11\/Black-10Gbps-Fan-Cooled-NVMe-M.2-Portable-SSD-100x100.jpg 100w\" sizes=\"(max-width: 800px) 100vw, 800px\" \/><\/figure>\n<\/div>\n<\/div>\n\n\n\n<div class=\"wp-block-columns is-layout-flex wp-container-core-columns-is-layout-5 wp-block-columns-is-layout-flex\">\n<div class=\"wp-block-column is-layout-flow wp-block-column-is-layout-flow\">\n<figure class=\"wp-block-image size-full\"><img loading=\"lazy\" decoding=\"async\" width=\"800\" height=\"800\" src=\"https:\/\/www.yousanusb.com\/wp-content\/uploads\/2025\/11\/Gray-20Gbps-Fan-Cooled-NVMe-M.2-Portable-SSD.jpg\" alt=\"\" class=\"wp-image-24097\" srcset=\"https:\/\/www.yousanusb.com\/wp-content\/uploads\/2025\/11\/Gray-20Gbps-Fan-Cooled-NVMe-M.2-Portable-SSD.jpg 800w, https:\/\/www.yousanusb.com\/wp-content\/uploads\/2025\/11\/Gray-20Gbps-Fan-Cooled-NVMe-M.2-Portable-SSD-300x300.jpg 300w, https:\/\/www.yousanusb.com\/wp-content\/uploads\/2025\/11\/Gray-20Gbps-Fan-Cooled-NVMe-M.2-Portable-SSD-150x150.jpg 150w, https:\/\/www.yousanusb.com\/wp-content\/uploads\/2025\/11\/Gray-20Gbps-Fan-Cooled-NVMe-M.2-Portable-SSD-768x768.jpg 768w, https:\/\/www.yousanusb.com\/wp-content\/uploads\/2025\/11\/Gray-20Gbps-Fan-Cooled-NVMe-M.2-Portable-SSD-12x12.jpg 12w, https:\/\/www.yousanusb.com\/wp-content\/uploads\/2025\/11\/Gray-20Gbps-Fan-Cooled-NVMe-M.2-Portable-SSD-600x600.jpg 600w, https:\/\/www.yousanusb.com\/wp-content\/uploads\/2025\/11\/Gray-20Gbps-Fan-Cooled-NVMe-M.2-Portable-SSD-100x100.jpg 100w\" sizes=\"(max-width: 800px) 100vw, 800px\" \/><\/figure>\n<\/div>\n\n\n\n<div class=\"wp-block-column is-layout-flow wp-block-column-is-layout-flow\">\n<figure class=\"wp-block-image size-full\"><img loading=\"lazy\" decoding=\"async\" width=\"800\" height=\"800\" src=\"https:\/\/www.yousanusb.com\/wp-content\/uploads\/2025\/11\/Black-20Gbps-Fan-Cooled-NVMe-M.2-Portable-SSD.jpg\" alt=\"\" class=\"wp-image-24090\" srcset=\"https:\/\/www.yousanusb.com\/wp-content\/uploads\/2025\/11\/Black-20Gbps-Fan-Cooled-NVMe-M.2-Portable-SSD.jpg 800w, https:\/\/www.yousanusb.com\/wp-content\/uploads\/2025\/11\/Black-20Gbps-Fan-Cooled-NVMe-M.2-Portable-SSD-300x300.jpg 300w, https:\/\/www.yousanusb.com\/wp-content\/uploads\/2025\/11\/Black-20Gbps-Fan-Cooled-NVMe-M.2-Portable-SSD-150x150.jpg 150w, https:\/\/www.yousanusb.com\/wp-content\/uploads\/2025\/11\/Black-20Gbps-Fan-Cooled-NVMe-M.2-Portable-SSD-768x768.jpg 768w, https:\/\/www.yousanusb.com\/wp-content\/uploads\/2025\/11\/Black-20Gbps-Fan-Cooled-NVMe-M.2-Portable-SSD-12x12.jpg 12w, https:\/\/www.yousanusb.com\/wp-content\/uploads\/2025\/11\/Black-20Gbps-Fan-Cooled-NVMe-M.2-Portable-SSD-600x600.jpg 600w, https:\/\/www.yousanusb.com\/wp-content\/uploads\/2025\/11\/Black-20Gbps-Fan-Cooled-NVMe-M.2-Portable-SSD-100x100.jpg 100w\" sizes=\"(max-width: 800px) 100vw, 800px\" \/><\/figure>\n<\/div>\n<\/div>","protected":false},"excerpt":{"rendered":"<ul>\n<li>Coque en alliage d'aluminium<\/li>\n<li>Ventilateur int\u00e9gr\u00e9<\/li>\n<li>Double syst\u00e8me de refroidissement<\/li>\n<li>Compatible NVMe<\/li>\n<li>Disponible en noir<\/li>\n<li>Comprend 1 c\u00e2ble A-C + 1 c\u00e2ble C-C<\/li>\n<li>MOQ\uff1a10pcs<\/li>\n<\/ul>","protected":false},"featured_media":24092,"comment_status":"open","ping_status":"closed","template":"","meta":{"_seopress_robots_primary_cat":"","_seopress_titles_title":"","_seopress_titles_desc":"","_seopress_robots_index":""},"class_list":["post-24086","product","type-product","status-publish","has-post-thumbnail","hentry","product_cat-portable-hard-drive","product_cat-ssd-fllash-drive"],"_links":{"self":[{"href":"https:\/\/www.yousanusb.com\/fr\/wp-json\/wp\/v2\/product\/24086"}],"collection":[{"href":"https:\/\/www.yousanusb.com\/fr\/wp-json\/wp\/v2\/product"}],"about":[{"href":"https:\/\/www.yousanusb.com\/fr\/wp-json\/wp\/v2\/types\/product"}],"replies":[{"embeddable":true,"href":"https:\/\/www.yousanusb.com\/fr\/wp-json\/wp\/v2\/comments?post=24086"}],"wp:featuredmedia":[{"embeddable":true,"href":"https:\/\/www.yousanusb.com\/fr\/wp-json\/wp\/v2\/media\/24092"}],"wp:attachment":[{"href":"https:\/\/www.yousanusb.com\/fr\/wp-json\/wp\/v2\/media?parent=24086"}],"curies":[{"name":"wp","href":"https:\/\/api.w.org\/{rel}","templated":true}]}}