{"id":24099,"date":"2025-11-13T11:44:56","date_gmt":"2025-11-13T11:44:56","guid":{"rendered":"https:\/\/www.yousanusb.com\/?post_type=product&#038;p=24099"},"modified":"2025-11-13T13:15:40","modified_gmt":"2025-11-13T13:15:40","slug":"2-5-inch-sata-portable-ssd-with-usb-3-0","status":"publish","type":"product","link":"https:\/\/www.yousanusb.com\/fr\/produit\/2-5-inch-sata-portable-ssd-with-usb-3-0\/","title":{"rendered":"SSD portable SATA de 2,5 pouces avec USB 3.0"},"content":{"rendered":"<div class=\"wp-block-columns is-layout-flex wp-container-core-columns-is-layout-1 wp-block-columns-is-layout-flex\">\n<div class=\"wp-block-column is-layout-flow wp-block-column-is-layout-flow\">\n<figure class=\"wp-block-image size-full\"><img fetchpriority=\"high\" decoding=\"async\" width=\"800\" height=\"800\" src=\"https:\/\/www.yousanusb.com\/wp-content\/uploads\/2025\/11\/China-2.5-inch-SATA-Portable-SSD-with-USB-3.0.jpg\" alt=\"\" class=\"wp-image-24106\" srcset=\"https:\/\/www.yousanusb.com\/wp-content\/uploads\/2025\/11\/China-2.5-inch-SATA-Portable-SSD-with-USB-3.0.jpg 800w, https:\/\/www.yousanusb.com\/wp-content\/uploads\/2025\/11\/China-2.5-inch-SATA-Portable-SSD-with-USB-3.0-300x300.jpg 300w, https:\/\/www.yousanusb.com\/wp-content\/uploads\/2025\/11\/China-2.5-inch-SATA-Portable-SSD-with-USB-3.0-150x150.jpg 150w, https:\/\/www.yousanusb.com\/wp-content\/uploads\/2025\/11\/China-2.5-inch-SATA-Portable-SSD-with-USB-3.0-768x768.jpg 768w, https:\/\/www.yousanusb.com\/wp-content\/uploads\/2025\/11\/China-2.5-inch-SATA-Portable-SSD-with-USB-3.0-12x12.jpg 12w, https:\/\/www.yousanusb.com\/wp-content\/uploads\/2025\/11\/China-2.5-inch-SATA-Portable-SSD-with-USB-3.0-600x600.jpg 600w, https:\/\/www.yousanusb.com\/wp-content\/uploads\/2025\/11\/China-2.5-inch-SATA-Portable-SSD-with-USB-3.0-100x100.jpg 100w\" sizes=\"(max-width: 800px) 100vw, 800px\" \/><\/figure>\n<\/div>\n\n\n\n<div class=\"wp-block-column is-vertically-aligned-center is-layout-flow wp-block-column-is-layout-flow\">\n<h2 class=\"wp-block-heading\">Conception et mat\u00e9riaux<\/h2>\n\n\n\n<p>Ce produit est un disque dur portable USB 3.0 \u00e0 interface SATA de 2,5 pouces. Fabriqu\u00e9 en mat\u00e9riau composite ABS+PC, il allie l\u00e9g\u00e8ret\u00e9 et protection quotidienne, r\u00e9sistant aux chocs et aux rayures mineures. <\/p>\n\n\n\n<p>De couleur noire, la structure du bo\u00eetier est conforme aux sp\u00e9cifications d'installation des disques durs SATA de 2,5 pouces, ce qui garantit une installation simple et une adaptation aux sc\u00e9narios d'utilisation personnelle et collective.<\/p>\n\n\n\n<p>Dimensions du produit : 125 x 85 x 15 mm. Son design compact se glisse facilement dans une poche, un sac ou tout autre support portable sans prendre de place suppl\u00e9mentaire. Sa portabilit\u00e9 le rend id\u00e9al pour le travail de bureau mobile, les transferts de donn\u00e9es en cours de route et autres sc\u00e9narios similaires.<\/p>\n<\/div>\n<\/div>\n\n\n\n<div class=\"wp-block-columns is-layout-flex wp-container-core-columns-is-layout-2 wp-block-columns-is-layout-flex\">\n<div class=\"wp-block-column is-vertically-aligned-center is-layout-flow wp-block-column-is-layout-flow\">\n<h2 class=\"wp-block-heading\">Compatibilit\u00e9 des interfaces<\/h2>\n\n\n\n<p>Prend en charge les interfaces SATA (Serial ATA) et SATA3, compatibles avec les disques durs m\u00e9caniques (HDD) et les disques durs \u00e0 \u00e9tat solide (SSD) de 2,5 pouces \u00e0 protocole SATA disponibles dans le commerce. <\/p>\n\n\n\n<p>Dot\u00e9 d'un port USB 3.0, son taux de transfert correspond aux sp\u00e9cifications SATA3, ce qui permet des op\u00e9rations efficaces de lecture\/\u00e9criture de fichiers volumineux. <\/p>\n\n\n\n<p>Il conserve \u00e9galement une compatibilit\u00e9 ascendante avec les interfaces USB de version inf\u00e9rieure, ce qui permet une connexion transparente \u00e0 des terminaux dot\u00e9s d'environnements d'interface diff\u00e9rents sans qu'il soit n\u00e9cessaire de remplacer le dispositif.<\/p>\n<\/div>\n\n\n\n<div class=\"wp-block-column is-layout-flow wp-block-column-is-layout-flow\">\n<figure class=\"wp-block-image size-full\"><img decoding=\"async\" width=\"800\" height=\"800\" src=\"https:\/\/www.yousanusb.com\/wp-content\/uploads\/2025\/11\/2.5-inch-SATA-Portable-SSD-with-USB-3.0-factory.jpg\" alt=\"\" class=\"wp-image-24102\" srcset=\"https:\/\/www.yousanusb.com\/wp-content\/uploads\/2025\/11\/2.5-inch-SATA-Portable-SSD-with-USB-3.0-factory.jpg 800w, https:\/\/www.yousanusb.com\/wp-content\/uploads\/2025\/11\/2.5-inch-SATA-Portable-SSD-with-USB-3.0-factory-300x300.jpg 300w, https:\/\/www.yousanusb.com\/wp-content\/uploads\/2025\/11\/2.5-inch-SATA-Portable-SSD-with-USB-3.0-factory-150x150.jpg 150w, https:\/\/www.yousanusb.com\/wp-content\/uploads\/2025\/11\/2.5-inch-SATA-Portable-SSD-with-USB-3.0-factory-768x768.jpg 768w, https:\/\/www.yousanusb.com\/wp-content\/uploads\/2025\/11\/2.5-inch-SATA-Portable-SSD-with-USB-3.0-factory-12x12.jpg 12w, https:\/\/www.yousanusb.com\/wp-content\/uploads\/2025\/11\/2.5-inch-SATA-Portable-SSD-with-USB-3.0-factory-600x600.jpg 600w, https:\/\/www.yousanusb.com\/wp-content\/uploads\/2025\/11\/2.5-inch-SATA-Portable-SSD-with-USB-3.0-factory-100x100.jpg 100w\" sizes=\"(max-width: 800px) 100vw, 800px\" \/><\/figure>\n<\/div>\n<\/div>\n\n\n\n<div class=\"wp-block-columns is-layout-flex wp-container-core-columns-is-layout-3 wp-block-columns-is-layout-flex\">\n<div class=\"wp-block-column is-layout-flow wp-block-column-is-layout-flow\">\n<figure class=\"wp-block-image size-full\"><img decoding=\"async\" width=\"800\" height=\"800\" src=\"https:\/\/www.yousanusb.com\/wp-content\/uploads\/2025\/11\/2.5-inch-SATA-Portable-SSD-with-USB-3.0.jpg\" alt=\"\" class=\"wp-image-24104\" srcset=\"https:\/\/www.yousanusb.com\/wp-content\/uploads\/2025\/11\/2.5-inch-SATA-Portable-SSD-with-USB-3.0.jpg 800w, https:\/\/www.yousanusb.com\/wp-content\/uploads\/2025\/11\/2.5-inch-SATA-Portable-SSD-with-USB-3.0-300x300.jpg 300w, https:\/\/www.yousanusb.com\/wp-content\/uploads\/2025\/11\/2.5-inch-SATA-Portable-SSD-with-USB-3.0-150x150.jpg 150w, https:\/\/www.yousanusb.com\/wp-content\/uploads\/2025\/11\/2.5-inch-SATA-Portable-SSD-with-USB-3.0-768x768.jpg 768w, https:\/\/www.yousanusb.com\/wp-content\/uploads\/2025\/11\/2.5-inch-SATA-Portable-SSD-with-USB-3.0-12x12.jpg 12w, https:\/\/www.yousanusb.com\/wp-content\/uploads\/2025\/11\/2.5-inch-SATA-Portable-SSD-with-USB-3.0-600x600.jpg 600w, https:\/\/www.yousanusb.com\/wp-content\/uploads\/2025\/11\/2.5-inch-SATA-Portable-SSD-with-USB-3.0-100x100.jpg 100w\" sizes=\"(max-width: 800px) 100vw, 800px\" \/><\/figure>\n<\/div>\n\n\n\n<div class=\"wp-block-column is-vertically-aligned-center is-layout-flow wp-block-column-is-layout-flow\">\n<h2 class=\"wp-block-heading\">Options de personnalisation<\/h2>\n\n\n\n<p>Permet la personnalisation OEM\/ODM, ce qui permet d'ajuster la marque, les configurations d'emballage et d'autres d\u00e9tails en fonction des besoins. Convient \u00e0 l'achat en gros par les marques et aux campagnes promotionnelles personnalis\u00e9es, r\u00e9pondant ainsi aux divers besoins des clients.<\/p>\n\n\n\n<h2 class=\"wp-block-heading\">Compatibilit\u00e9 professionnelle<\/h2>\n\n\n\n<p>La prise en charge Plug-and-Play garantit la compatibilit\u00e9 avec les principaux syst\u00e8mes d'exploitation, y compris Windows et Mac OS, sans n\u00e9cessiter l'installation de pilotes suppl\u00e9mentaires. Adapt\u00e9 au stockage quotidien de donn\u00e9es de bureau, \u00e0 la sauvegarde de fichiers multim\u00e9dias et aux sc\u00e9narios d'extension du stockage des p\u00e9riph\u00e9riques, il r\u00e9pond aux normes de stabilit\u00e9 des p\u00e9riph\u00e9riques de stockage grand public. Con\u00e7u pour r\u00e9pondre aux besoins quotidiens des utilisateurs individuels et aux exigences des entreprises en mati\u00e8re de gestion des donn\u00e9es volumineuses.<\/p>\n<\/div>\n<\/div>","protected":false},"excerpt":{"rendered":"<ul>\n<li>Mat\u00e9riau ABS+PC<\/li>\n<li>Noir<\/li>\n<li>Prend en charge l'interface SATA (Serial ATA), l'interface SATA3<\/li>\n<li>Prise en charge de la personnalisation OEM\/ODM<\/li>\n<li>HDD\/SSD<\/li>\n<li>MOQ:10pcs<\/li>\n<\/ul>","protected":false},"featured_media":24103,"comment_status":"open","ping_status":"closed","template":"","meta":{"_seopress_robots_primary_cat":"","_seopress_titles_title":"","_seopress_titles_desc":"","_seopress_robots_index":""},"class_list":["post-24099","product","type-product","status-publish","has-post-thumbnail","hentry","product_cat-portable-hard-drive","product_cat-ssd-fllash-drive"],"_links":{"self":[{"href":"https:\/\/www.yousanusb.com\/fr\/wp-json\/wp\/v2\/product\/24099"}],"collection":[{"href":"https:\/\/www.yousanusb.com\/fr\/wp-json\/wp\/v2\/product"}],"about":[{"href":"https:\/\/www.yousanusb.com\/fr\/wp-json\/wp\/v2\/types\/product"}],"replies":[{"embeddable":true,"href":"https:\/\/www.yousanusb.com\/fr\/wp-json\/wp\/v2\/comments?post=24099"}],"wp:featuredmedia":[{"embeddable":true,"href":"https:\/\/www.yousanusb.com\/fr\/wp-json\/wp\/v2\/media\/24103"}],"wp:attachment":[{"href":"https:\/\/www.yousanusb.com\/fr\/wp-json\/wp\/v2\/media?parent=24099"}],"curies":[{"name":"wp","href":"https:\/\/api.w.org\/{rel}","templated":true}]}}