{"id":24128,"date":"2025-11-14T03:30:39","date_gmt":"2025-11-14T03:30:39","guid":{"rendered":"https:\/\/www.yousanusb.com\/?post_type=product&#038;p=24128"},"modified":"2025-11-14T06:14:37","modified_gmt":"2025-11-14T06:14:37","slug":"2-5-inch-abs-sata-hard-drive","status":"publish","type":"product","link":"https:\/\/www.yousanusb.com\/fr\/produit\/2-5-inch-abs-sata-hard-drive\/","title":{"rendered":"Disque dur ABS SATA de 2,5 pouces"},"content":{"rendered":"<div class=\"wp-block-columns is-layout-flex wp-container-core-columns-is-layout-1 wp-block-columns-is-layout-flex\">\n<div class=\"wp-block-column is-layout-flow wp-block-column-is-layout-flow\">\n<figure class=\"wp-block-image size-full\"><img fetchpriority=\"high\" decoding=\"async\" width=\"800\" height=\"800\" src=\"https:\/\/www.yousanusb.com\/wp-content\/uploads\/2025\/11\/Custom-2.5-inch-ABS-SATA-hard-drive.jpg\" alt=\"\" class=\"wp-image-24133\" srcset=\"https:\/\/www.yousanusb.com\/wp-content\/uploads\/2025\/11\/Custom-2.5-inch-ABS-SATA-hard-drive.jpg 800w, https:\/\/www.yousanusb.com\/wp-content\/uploads\/2025\/11\/Custom-2.5-inch-ABS-SATA-hard-drive-300x300.jpg 300w, https:\/\/www.yousanusb.com\/wp-content\/uploads\/2025\/11\/Custom-2.5-inch-ABS-SATA-hard-drive-150x150.jpg 150w, https:\/\/www.yousanusb.com\/wp-content\/uploads\/2025\/11\/Custom-2.5-inch-ABS-SATA-hard-drive-768x768.jpg 768w, https:\/\/www.yousanusb.com\/wp-content\/uploads\/2025\/11\/Custom-2.5-inch-ABS-SATA-hard-drive-12x12.jpg 12w, https:\/\/www.yousanusb.com\/wp-content\/uploads\/2025\/11\/Custom-2.5-inch-ABS-SATA-hard-drive-600x600.jpg 600w, https:\/\/www.yousanusb.com\/wp-content\/uploads\/2025\/11\/Custom-2.5-inch-ABS-SATA-hard-drive-100x100.jpg 100w\" sizes=\"(max-width: 800px) 100vw, 800px\" \/><\/figure>\n<\/div>\n\n\n\n<div class=\"wp-block-column is-vertically-aligned-center is-layout-flow wp-block-column-is-layout-flow\">\n<p>Les dimensions du produit sont de 122 x 76 x 14 mm, ce qui en fait un produit portable qui se glisse facilement dans un sac \u00e0 dos ou une poche. La texture de la surface en forme de diamant am\u00e9liore l'adh\u00e9rence et la r\u00e9sistance au glissement tout en ajoutant un \u00e9l\u00e9ment visuel distinctif. <\/p>\n\n\n\n<p>Il est dot\u00e9 d'un port USB standard (avec c\u00e2ble compatible inclus), offrant une fonctionnalit\u00e9 plug-and-play et une compatibilit\u00e9 avec la plupart des ordinateurs, ordinateurs portables et autres appareils.<\/p>\n\n\n\n<p>Construit en plastique ABS, le bo\u00eetier offre une excellente r\u00e9sistance \u00e0 l'usure et une protection contre les chocs, prot\u00e9geant ainsi les composants internes lors d'une utilisation quotidienne. Ce mat\u00e9riau garantit \u00e9galement une portabilit\u00e9 l\u00e9g\u00e8re, minimisant le poids suppl\u00e9mentaire tout en \u00e9quilibrant la durabilit\u00e9 et la facilit\u00e9 de transport.<\/p>\n<\/div>\n<\/div>\n\n\n\n<div class=\"wp-block-columns is-layout-flex wp-container-core-columns-is-layout-2 wp-block-columns-is-layout-flex\">\n<div class=\"wp-block-column is-vertically-aligned-center is-layout-flow wp-block-column-is-layout-flow\">\n<p>Le produit est compatible avec la sp\u00e9cification de l'interface SATA 2,5 pouces (les disques durs internes utilisent nativement le protocole SATA). SATA est l'une des interfaces les plus courantes pour les p\u00e9riph\u00e9riques de stockage grand public, offrant une grande compatibilit\u00e9 et un transfert de donn\u00e9es stable. <\/p>\n\n\n\n<p>Il r\u00e9pond aux besoins quotidiens de stockage et de sauvegarde des documents, des fichiers multim\u00e9dias et des donn\u00e9es de travail, prend en charge la plupart des principaux syst\u00e8mes d'exploitation et couvre les sc\u00e9narios d'utilisation, y compris le travail de bureau quotidien et le divertissement \u00e0 domicile.<\/p>\n<\/div>\n\n\n\n<div class=\"wp-block-column is-layout-flow wp-block-column-is-layout-flow\">\n<figure class=\"wp-block-image size-full\"><img decoding=\"async\" width=\"800\" height=\"800\" src=\"https:\/\/www.yousanusb.com\/wp-content\/uploads\/2025\/11\/Custom-2.5-inch-SATA-hard-drive.jpg\" alt=\"\" class=\"wp-image-24134\" srcset=\"https:\/\/www.yousanusb.com\/wp-content\/uploads\/2025\/11\/Custom-2.5-inch-SATA-hard-drive.jpg 800w, https:\/\/www.yousanusb.com\/wp-content\/uploads\/2025\/11\/Custom-2.5-inch-SATA-hard-drive-300x300.jpg 300w, https:\/\/www.yousanusb.com\/wp-content\/uploads\/2025\/11\/Custom-2.5-inch-SATA-hard-drive-150x150.jpg 150w, https:\/\/www.yousanusb.com\/wp-content\/uploads\/2025\/11\/Custom-2.5-inch-SATA-hard-drive-768x768.jpg 768w, https:\/\/www.yousanusb.com\/wp-content\/uploads\/2025\/11\/Custom-2.5-inch-SATA-hard-drive-12x12.jpg 12w, https:\/\/www.yousanusb.com\/wp-content\/uploads\/2025\/11\/Custom-2.5-inch-SATA-hard-drive-600x600.jpg 600w, https:\/\/www.yousanusb.com\/wp-content\/uploads\/2025\/11\/Custom-2.5-inch-SATA-hard-drive-100x100.jpg 100w\" sizes=\"(max-width: 800px) 100vw, 800px\" \/><\/figure>\n<\/div>\n<\/div>","protected":false},"excerpt":{"rendered":"<ul>\n<li>Taille compacte<\/li>\n<li>Mat\u00e9riau ABS, r\u00e9sistant \u00e0 l'usure et aux chocs<\/li>\n<li>Texture en forme de diamant, antid\u00e9rapante et facile \u00e0 tenir<\/li>\n<li>Interface SATA, compatible avec les appareils courants<\/li>\n<li>Plug-and-Play, compatible avec plusieurs syst\u00e8mes d'exploitation<\/li>\n<li>MOQ : 10 pi\u00e8ces<\/li>\n<\/ul>","protected":false},"featured_media":24131,"comment_status":"open","ping_status":"closed","template":"","meta":{"_seopress_robots_primary_cat":"","_seopress_titles_title":"","_seopress_titles_desc":"","_seopress_robots_index":""},"class_list":["post-24128","product","type-product","status-publish","has-post-thumbnail","hentry","product_cat-portable-hard-drive","product_cat-ssd-fllash-drive"],"_links":{"self":[{"href":"https:\/\/www.yousanusb.com\/fr\/wp-json\/wp\/v2\/product\/24128"}],"collection":[{"href":"https:\/\/www.yousanusb.com\/fr\/wp-json\/wp\/v2\/product"}],"about":[{"href":"https:\/\/www.yousanusb.com\/fr\/wp-json\/wp\/v2\/types\/product"}],"replies":[{"embeddable":true,"href":"https:\/\/www.yousanusb.com\/fr\/wp-json\/wp\/v2\/comments?post=24128"}],"wp:featuredmedia":[{"embeddable":true,"href":"https:\/\/www.yousanusb.com\/fr\/wp-json\/wp\/v2\/media\/24131"}],"wp:attachment":[{"href":"https:\/\/www.yousanusb.com\/fr\/wp-json\/wp\/v2\/media?parent=24128"}],"curies":[{"name":"wp","href":"https:\/\/api.w.org\/{rel}","templated":true}]}}