{"id":24135,"date":"2025-11-14T06:24:26","date_gmt":"2025-11-14T06:24:26","guid":{"rendered":"https:\/\/www.yousanusb.com\/?post_type=product&#038;p=24135"},"modified":"2025-11-14T08:42:05","modified_gmt":"2025-11-14T08:42:05","slug":"usb-3-0-to-sata-2-5-inch-metal-external-hard-drive-enclosure","status":"publish","type":"product","link":"https:\/\/www.yousanusb.com\/fr\/produit\/usb-3-0-to-sata-2-5-inch-metal-external-hard-drive-enclosure\/","title":{"rendered":"Bo\u00eetier de disque dur externe en m\u00e9tal USB 3.0 vers SATA 2,5 pouces"},"content":{"rendered":"<div class=\"wp-block-columns is-layout-flex wp-container-core-columns-is-layout-1 wp-block-columns-is-layout-flex\">\n<div class=\"wp-block-column is-layout-flow wp-block-column-is-layout-flow\">\n<figure class=\"wp-block-image size-full\"><img fetchpriority=\"high\" decoding=\"async\" width=\"800\" height=\"800\" src=\"https:\/\/www.yousanusb.com\/wp-content\/uploads\/2025\/11\/USB-3.0-to-SATA-2.5-inch-Metal-External-Hard-Drive-Enclosure.jpg\" alt=\"\" class=\"wp-image-24143\" srcset=\"https:\/\/www.yousanusb.com\/wp-content\/uploads\/2025\/11\/USB-3.0-to-SATA-2.5-inch-Metal-External-Hard-Drive-Enclosure.jpg 800w, https:\/\/www.yousanusb.com\/wp-content\/uploads\/2025\/11\/USB-3.0-to-SATA-2.5-inch-Metal-External-Hard-Drive-Enclosure-300x300.jpg 300w, https:\/\/www.yousanusb.com\/wp-content\/uploads\/2025\/11\/USB-3.0-to-SATA-2.5-inch-Metal-External-Hard-Drive-Enclosure-150x150.jpg 150w, https:\/\/www.yousanusb.com\/wp-content\/uploads\/2025\/11\/USB-3.0-to-SATA-2.5-inch-Metal-External-Hard-Drive-Enclosure-768x768.jpg 768w, https:\/\/www.yousanusb.com\/wp-content\/uploads\/2025\/11\/USB-3.0-to-SATA-2.5-inch-Metal-External-Hard-Drive-Enclosure-12x12.jpg 12w, https:\/\/www.yousanusb.com\/wp-content\/uploads\/2025\/11\/USB-3.0-to-SATA-2.5-inch-Metal-External-Hard-Drive-Enclosure-600x600.jpg 600w, https:\/\/www.yousanusb.com\/wp-content\/uploads\/2025\/11\/USB-3.0-to-SATA-2.5-inch-Metal-External-Hard-Drive-Enclosure-100x100.jpg 100w\" sizes=\"(max-width: 800px) 100vw, 800px\" \/><\/figure>\n<\/div>\n\n\n\n<div class=\"wp-block-column is-vertically-aligned-center is-layout-flow wp-block-column-is-layout-flow\">\n<p>Ce produit est un bo\u00eetier de disque dur m\u00e9tallique USB 3.0 vers SATA 2,5 pouces compatible avec les disques durs SSD. Ses principaux avantages pratiques sont les suivants :<\/p>\n\n\n\n<h2 class=\"wp-block-heading\">Mat\u00e9riau et conception de la protection<\/h2>\n\n\n\n<p>Le corps principal est constitu\u00e9 d'un alliage d'aluminium : d'une part, il assure une excellente dissipation de la chaleur pour r\u00e9duire l'accumulation de temp\u00e9rature pendant le fonctionnement du disque dur ; d'autre part, sa structure robuste offre une protection accrue pour la s\u00e9curit\u00e9 des donn\u00e9es du disque dur interne lors d'une utilisation mobile quotidienne.<\/p>\n\n\n\n<h2 class=\"wp-block-heading\">Dimensions et options de couleur<\/h2>\n\n\n\n<p>Mesurant 122 x 80 x 14 mm, le format compact se glisse facilement dans un sac \u00e0 dos ou une poche pour une portabilit\u00e9 ais\u00e9e.<\/p>\n\n\n\n<p>Disponible en quatre couleurs de base - noir, argent, bleu et rouge - avec des options de couleurs personnalis\u00e9es pour r\u00e9pondre \u00e0 diverses pr\u00e9f\u00e9rences.<\/p>\n<\/div>\n<\/div>\n\n\n\n<div class=\"wp-block-columns is-layout-flex wp-container-core-columns-is-layout-2 wp-block-columns-is-layout-flex\">\n<div class=\"wp-block-column is-vertically-aligned-center is-layout-flow wp-block-column-is-layout-flow\">\n<p><strong>Performance de l'interface centrale et du transfert<\/strong><\/p>\n\n\n\n<p>Dot\u00e9 d'une interface USB 3.0 avec r\u00e9trocompatibilit\u00e9 pour USB 2.0\/1.1, il offre des vitesses de transfert allant jusqu'\u00e0 5 Gbps pour une transmission efficace des fichiers, du multim\u00e9dia et des donn\u00e9es.<\/p>\n\n\n\n<p>Fonctionnalit\u00e9 plug-and-play sans installation de pilote suppl\u00e9mentaire. Connectez les appareils pour une utilisation imm\u00e9diate gr\u00e2ce \u00e0 un fonctionnement pratique et efficace.<\/p>\n\n\n\n<p><strong>Compatibilit\u00e9 des syst\u00e8mes et des appareils<\/strong><\/p>\n\n\n\n<p>Compatible avec les principaux syst\u00e8mes d'exploitation, notamment Windows XP, Windows 7-10 et les syst\u00e8mes Apple Mac ;<\/p>\n\n\n\n<p>La large compatibilit\u00e9 des appareils permet des connexions USB avec des ordinateurs de bureau, des ordinateurs portables, des t\u00e9l\u00e9viseurs intelligents, des smartphones, des tablettes et bien plus encore, couvrant ainsi divers sc\u00e9narios allant du travail de bureau quotidien au divertissement \u00e0 domicile.<\/p>\n<\/div>\n\n\n\n<div class=\"wp-block-column is-layout-flow wp-block-column-is-layout-flow\">\n<figure class=\"wp-block-image size-full\"><img decoding=\"async\" width=\"800\" height=\"800\" src=\"https:\/\/www.yousanusb.com\/wp-content\/uploads\/2025\/11\/USB-3.0-to-SATA-2.5-inch-Metal-Hard-Drive.jpg\" alt=\"\" class=\"wp-image-24145\" srcset=\"https:\/\/www.yousanusb.com\/wp-content\/uploads\/2025\/11\/USB-3.0-to-SATA-2.5-inch-Metal-Hard-Drive.jpg 800w, https:\/\/www.yousanusb.com\/wp-content\/uploads\/2025\/11\/USB-3.0-to-SATA-2.5-inch-Metal-Hard-Drive-300x300.jpg 300w, https:\/\/www.yousanusb.com\/wp-content\/uploads\/2025\/11\/USB-3.0-to-SATA-2.5-inch-Metal-Hard-Drive-150x150.jpg 150w, https:\/\/www.yousanusb.com\/wp-content\/uploads\/2025\/11\/USB-3.0-to-SATA-2.5-inch-Metal-Hard-Drive-768x768.jpg 768w, https:\/\/www.yousanusb.com\/wp-content\/uploads\/2025\/11\/USB-3.0-to-SATA-2.5-inch-Metal-Hard-Drive-12x12.jpg 12w, https:\/\/www.yousanusb.com\/wp-content\/uploads\/2025\/11\/USB-3.0-to-SATA-2.5-inch-Metal-Hard-Drive-600x600.jpg 600w, https:\/\/www.yousanusb.com\/wp-content\/uploads\/2025\/11\/USB-3.0-to-SATA-2.5-inch-Metal-Hard-Drive-100x100.jpg 100w\" sizes=\"(max-width: 800px) 100vw, 800px\" \/><\/figure>\n<\/div>\n<\/div>","protected":false},"excerpt":{"rendered":"<ul>\n<li>USB 3.0 (5Gbps, compatible avec 2.0\/1.1)<\/li>\n<li>Corps en alliage d'aluminium<\/li>\n<li>Personnalisable en plusieurs couleurs<\/li>\n<li>Compatible avec plusieurs syst\u00e8mes<\/li>\n<li>Pr\u00eat \u00e0 l'emploi<\/li>\n<li>MOQ:10pcs<\/li>\n<\/ul>","protected":false},"featured_media":24143,"comment_status":"open","ping_status":"closed","template":"","meta":{"_seopress_robots_primary_cat":"","_seopress_titles_title":"","_seopress_titles_desc":"","_seopress_robots_index":""},"class_list":["post-24135","product","type-product","status-publish","has-post-thumbnail","hentry","product_cat-portable-hard-drive","product_cat-ssd-fllash-drive"],"_links":{"self":[{"href":"https:\/\/www.yousanusb.com\/fr\/wp-json\/wp\/v2\/product\/24135"}],"collection":[{"href":"https:\/\/www.yousanusb.com\/fr\/wp-json\/wp\/v2\/product"}],"about":[{"href":"https:\/\/www.yousanusb.com\/fr\/wp-json\/wp\/v2\/types\/product"}],"replies":[{"embeddable":true,"href":"https:\/\/www.yousanusb.com\/fr\/wp-json\/wp\/v2\/comments?post=24135"}],"wp:featuredmedia":[{"embeddable":true,"href":"https:\/\/www.yousanusb.com\/fr\/wp-json\/wp\/v2\/media\/24143"}],"wp:attachment":[{"href":"https:\/\/www.yousanusb.com\/fr\/wp-json\/wp\/v2\/media?parent=24135"}],"curies":[{"name":"wp","href":"https:\/\/api.w.org\/{rel}","templated":true}]}}