{"id":24157,"date":"2025-11-15T01:15:51","date_gmt":"2025-11-15T01:15:51","guid":{"rendered":"https:\/\/www.yousanusb.com\/?post_type=product&#038;p=24157"},"modified":"2025-12-27T02:49:12","modified_gmt":"2025-12-27T02:49:12","slug":"butterfly-shaped-usb-flash-drive","status":"publish","type":"product","link":"https:\/\/www.yousanusb.com\/fr\/produit\/butterfly-shaped-usb-flash-drive\/","title":{"rendered":"Cl\u00e9 USB en forme de papillon"},"content":{"rendered":"<p>Cette collection de cl\u00e9s USB sur le th\u00e8me des papillons pr\u00e9sente des motifs de papillons plus vrais que nature. Chaque cl\u00e9 pr\u00e9sente des teintes roses, jaunes et bleues vibrantes orn\u00e9es de taches color\u00e9es, cr\u00e9ant une apparence charmante qui ressemble \u00e0 un papillon au repos. Ces cl\u00e9s fantaisistes et cr\u00e9atives ajoutent une touche ludique \u00e0 tout appareil num\u00e9rique.<\/p>\n\n\n\n<div class=\"wp-block-columns is-layout-flex wp-container-core-columns-is-layout-1 wp-block-columns-is-layout-flex\">\n<div class=\"wp-block-column is-layout-flow wp-block-column-is-layout-flow\">\n<figure class=\"wp-block-image size-full\"><img fetchpriority=\"high\" decoding=\"async\" width=\"800\" height=\"800\" src=\"https:\/\/www.yousanusb.com\/wp-content\/uploads\/2025\/11\/pink-Butterfly-shaped-USB-flash-drive-1.jpg\" alt=\"\" class=\"wp-image-24162\" srcset=\"https:\/\/www.yousanusb.com\/wp-content\/uploads\/2025\/11\/pink-Butterfly-shaped-USB-flash-drive-1.jpg 800w, https:\/\/www.yousanusb.com\/wp-content\/uploads\/2025\/11\/pink-Butterfly-shaped-USB-flash-drive-1-300x300.jpg 300w, https:\/\/www.yousanusb.com\/wp-content\/uploads\/2025\/11\/pink-Butterfly-shaped-USB-flash-drive-1-150x150.jpg 150w, https:\/\/www.yousanusb.com\/wp-content\/uploads\/2025\/11\/pink-Butterfly-shaped-USB-flash-drive-1-768x768.jpg 768w, https:\/\/www.yousanusb.com\/wp-content\/uploads\/2025\/11\/pink-Butterfly-shaped-USB-flash-drive-1-12x12.jpg 12w, https:\/\/www.yousanusb.com\/wp-content\/uploads\/2025\/11\/pink-Butterfly-shaped-USB-flash-drive-1-600x600.jpg 600w, https:\/\/www.yousanusb.com\/wp-content\/uploads\/2025\/11\/pink-Butterfly-shaped-USB-flash-drive-1-100x100.jpg 100w\" sizes=\"(max-width: 800px) 100vw, 800px\" \/><\/figure>\n<\/div>\n\n\n\n<div class=\"wp-block-column is-layout-flow wp-block-column-is-layout-flow\">\n<figure class=\"wp-block-image size-full\"><img decoding=\"async\" width=\"800\" height=\"800\" src=\"https:\/\/www.yousanusb.com\/wp-content\/uploads\/2025\/11\/blue-Butterfly-shaped-USB-flash-drive-3.jpg\" alt=\"\" class=\"wp-image-24160\" srcset=\"https:\/\/www.yousanusb.com\/wp-content\/uploads\/2025\/11\/blue-Butterfly-shaped-USB-flash-drive-3.jpg 800w, https:\/\/www.yousanusb.com\/wp-content\/uploads\/2025\/11\/blue-Butterfly-shaped-USB-flash-drive-3-300x300.jpg 300w, https:\/\/www.yousanusb.com\/wp-content\/uploads\/2025\/11\/blue-Butterfly-shaped-USB-flash-drive-3-150x150.jpg 150w, https:\/\/www.yousanusb.com\/wp-content\/uploads\/2025\/11\/blue-Butterfly-shaped-USB-flash-drive-3-768x768.jpg 768w, https:\/\/www.yousanusb.com\/wp-content\/uploads\/2025\/11\/blue-Butterfly-shaped-USB-flash-drive-3-12x12.jpg 12w, https:\/\/www.yousanusb.com\/wp-content\/uploads\/2025\/11\/blue-Butterfly-shaped-USB-flash-drive-3-600x600.jpg 600w, https:\/\/www.yousanusb.com\/wp-content\/uploads\/2025\/11\/blue-Butterfly-shaped-USB-flash-drive-3-100x100.jpg 100w\" sizes=\"(max-width: 800px) 100vw, 800px\" \/><\/figure>\n<\/div>\n<\/div>\n\n\n\n<p>Sous son apparence mignonne se cachent des \"performances de stockage stables et efficaces\". Il prend en charge le stockage de divers formats tels que les documents, les photos et les vid\u00e9os, et offre une vitesse de transfert fluide et fiable, r\u00e9pondant ainsi \u00e0 vos besoins en mati\u00e8re de stockage et de transfert de donn\u00e9es dans le cadre de vos \u00e9tudes et de votre travail.<\/p>\n\n\n\n<p>Qu'il s'agisse d'une \"aide mignonne\" pour la gestion quotidienne de vos donn\u00e9es personnelles ou d'un cadeau attentionn\u00e9 pour vos amis et votre famille, cette cl\u00e9 USB papillon se distingue par son design unique et ses performances pratiques. Accompagn\u00e9e de ce \"papillon\", elle rend int\u00e9ressant le processus de stockage de donn\u00e9es, autrement ennuyeux.<\/p>\n\n\n\n<div class=\"wp-block-columns is-layout-flex wp-container-core-columns-is-layout-2 wp-block-columns-is-layout-flex\">\n<div class=\"wp-block-column is-layout-flow wp-block-column-is-layout-flow\">\n<figure class=\"wp-block-image size-full\"><img decoding=\"async\" width=\"800\" height=\"800\" src=\"https:\/\/www.yousanusb.com\/wp-content\/uploads\/2025\/11\/purple-Butterfly-shaped-USB-flash-drive-2.jpg\" alt=\"\" class=\"wp-image-24163\" srcset=\"https:\/\/www.yousanusb.com\/wp-content\/uploads\/2025\/11\/purple-Butterfly-shaped-USB-flash-drive-2.jpg 800w, https:\/\/www.yousanusb.com\/wp-content\/uploads\/2025\/11\/purple-Butterfly-shaped-USB-flash-drive-2-300x300.jpg 300w, https:\/\/www.yousanusb.com\/wp-content\/uploads\/2025\/11\/purple-Butterfly-shaped-USB-flash-drive-2-150x150.jpg 150w, https:\/\/www.yousanusb.com\/wp-content\/uploads\/2025\/11\/purple-Butterfly-shaped-USB-flash-drive-2-768x768.jpg 768w, https:\/\/www.yousanusb.com\/wp-content\/uploads\/2025\/11\/purple-Butterfly-shaped-USB-flash-drive-2-12x12.jpg 12w, https:\/\/www.yousanusb.com\/wp-content\/uploads\/2025\/11\/purple-Butterfly-shaped-USB-flash-drive-2-600x600.jpg 600w, https:\/\/www.yousanusb.com\/wp-content\/uploads\/2025\/11\/purple-Butterfly-shaped-USB-flash-drive-2-100x100.jpg 100w\" sizes=\"(max-width: 800px) 100vw, 800px\" \/><\/figure>\n<\/div>\n\n\n\n<div class=\"wp-block-column is-layout-flow wp-block-column-is-layout-flow\">\n<figure class=\"wp-block-image size-full\"><img loading=\"lazy\" decoding=\"async\" width=\"800\" height=\"800\" src=\"https:\/\/www.yousanusb.com\/wp-content\/uploads\/2025\/11\/brown-Butterfly-shaped-USB-flash-drive.jpg\" alt=\"\" class=\"wp-image-24161\" srcset=\"https:\/\/www.yousanusb.com\/wp-content\/uploads\/2025\/11\/brown-Butterfly-shaped-USB-flash-drive.jpg 800w, https:\/\/www.yousanusb.com\/wp-content\/uploads\/2025\/11\/brown-Butterfly-shaped-USB-flash-drive-300x300.jpg 300w, https:\/\/www.yousanusb.com\/wp-content\/uploads\/2025\/11\/brown-Butterfly-shaped-USB-flash-drive-150x150.jpg 150w, https:\/\/www.yousanusb.com\/wp-content\/uploads\/2025\/11\/brown-Butterfly-shaped-USB-flash-drive-768x768.jpg 768w, https:\/\/www.yousanusb.com\/wp-content\/uploads\/2025\/11\/brown-Butterfly-shaped-USB-flash-drive-12x12.jpg 12w, https:\/\/www.yousanusb.com\/wp-content\/uploads\/2025\/11\/brown-Butterfly-shaped-USB-flash-drive-600x600.jpg 600w, https:\/\/www.yousanusb.com\/wp-content\/uploads\/2025\/11\/brown-Butterfly-shaped-USB-flash-drive-100x100.jpg 100w\" sizes=\"(max-width: 800px) 100vw, 800px\" \/><\/figure>\n<\/div>\n<\/div>\n\n\n\n<p>Les produits durables et de haute qualit\u00e9 sont fabriqu\u00e9s \u00e0 partir de mat\u00e9riaux de la plus haute qualit\u00e9 et r\u00e9sistent \u00e0 l'usure tout en prot\u00e9geant vos puces internes contre les dommages. La forme claire et nette de ces produits reste inchang\u00e9e, ce qui vous permet d'utiliser l'exp\u00e9rience num\u00e9rique \"en forme de papillon\" \u00e0 chaque interaction avec vos donn\u00e9es.<\/p>","protected":false},"excerpt":{"rendered":"<ul>\n<li>En forme de papillon<\/li>\n<li>Mati\u00e8re PVC<\/li>\n<li>Plusieurs couleurs<\/li>\n<li>Styles de dessins anim\u00e9s<\/li>\n<li>Logo personnalis\u00e9<\/li>\n<\/ul>","protected":false},"featured_media":24163,"comment_status":"open","ping_status":"closed","template":"","meta":{"_seopress_robots_primary_cat":"none","_seopress_titles_title":"Butterfly-shaped USB flash drive","_seopress_titles_desc":"This series of butterfly-shaped USB drives features a \u201clife like butterfly design\u201d. With vibrant pink, yellow, blue and bright yellow as the main colors, and various colorful spots delicately decorated, every outline and detail looks lively and cute, just like a resting butterfly.","_seopress_robots_index":""},"class_list":["post-24157","product","type-product","status-publish","has-post-thumbnail","hentry","product_cat-custom-usb-drive"],"_links":{"self":[{"href":"https:\/\/www.yousanusb.com\/fr\/wp-json\/wp\/v2\/product\/24157"}],"collection":[{"href":"https:\/\/www.yousanusb.com\/fr\/wp-json\/wp\/v2\/product"}],"about":[{"href":"https:\/\/www.yousanusb.com\/fr\/wp-json\/wp\/v2\/types\/product"}],"replies":[{"embeddable":true,"href":"https:\/\/www.yousanusb.com\/fr\/wp-json\/wp\/v2\/comments?post=24157"}],"wp:featuredmedia":[{"embeddable":true,"href":"https:\/\/www.yousanusb.com\/fr\/wp-json\/wp\/v2\/media\/24163"}],"wp:attachment":[{"href":"https:\/\/www.yousanusb.com\/fr\/wp-json\/wp\/v2\/media?parent=24157"}],"curies":[{"name":"wp","href":"https:\/\/api.w.org\/{rel}","templated":true}]}}