{"id":24164,"date":"2025-11-15T01:39:59","date_gmt":"2025-11-15T01:39:59","guid":{"rendered":"https:\/\/www.yousanusb.com\/?post_type=product&#038;p=24164"},"modified":"2025-12-27T02:47:38","modified_gmt":"2025-12-27T02:47:38","slug":"creative-peanut-usb-drive","status":"publish","type":"product","link":"https:\/\/www.yousanusb.com\/fr\/produit\/creative-peanut-usb-drive\/","title":{"rendered":"Cl\u00e9 USB cr\u00e9ative en forme de cacahu\u00e8te"},"content":{"rendered":"<p>Cette cl\u00e9 USB en forme de cacahu\u00e8te rompt avec les designs monotones des cl\u00e9s USB traditionnelles. En prenant la forme d'une cacahu\u00e8te comme concept de base, elle incorpore la cacahu\u00e8te de tous les jours dans la cr\u00e9ativit\u00e9 des produits num\u00e9riques. Chaque bosse et chaque rainure sont m\u00e9ticuleusement con\u00e7ues pour offrir des d\u00e9tails r\u00e9alistes. Associ\u00e9e \u00e0 des couleurs vives comme le bleu, le vert, le beige et le rouge, elle ressemble \u00e0 des cacahu\u00e8tes fra\u00eechement r\u00e9colt\u00e9es dans les champs, insufflant \u00e0 votre cl\u00e9 USB une abondante fantaisie naturelle et une cr\u00e9ativit\u00e9 ing\u00e9nieuse.<\/p>\n\n\n\n<div class=\"wp-block-columns is-layout-flex wp-container-core-columns-is-layout-1 wp-block-columns-is-layout-flex\">\n<div class=\"wp-block-column is-layout-flow wp-block-column-is-layout-flow\">\n<figure class=\"wp-block-image size-full\"><img fetchpriority=\"high\" decoding=\"async\" width=\"800\" height=\"800\" src=\"https:\/\/www.yousanusb.com\/wp-content\/uploads\/2025\/11\/Creative-Peanut-USB-flash-Drive.jpg\" alt=\"\" class=\"wp-image-24169\" srcset=\"https:\/\/www.yousanusb.com\/wp-content\/uploads\/2025\/11\/Creative-Peanut-USB-flash-Drive.jpg 800w, https:\/\/www.yousanusb.com\/wp-content\/uploads\/2025\/11\/Creative-Peanut-USB-flash-Drive-300x300.jpg 300w, https:\/\/www.yousanusb.com\/wp-content\/uploads\/2025\/11\/Creative-Peanut-USB-flash-Drive-150x150.jpg 150w, https:\/\/www.yousanusb.com\/wp-content\/uploads\/2025\/11\/Creative-Peanut-USB-flash-Drive-768x768.jpg 768w, https:\/\/www.yousanusb.com\/wp-content\/uploads\/2025\/11\/Creative-Peanut-USB-flash-Drive-12x12.jpg 12w, https:\/\/www.yousanusb.com\/wp-content\/uploads\/2025\/11\/Creative-Peanut-USB-flash-Drive-600x600.jpg 600w, https:\/\/www.yousanusb.com\/wp-content\/uploads\/2025\/11\/Creative-Peanut-USB-flash-Drive-100x100.jpg 100w\" sizes=\"(max-width: 800px) 100vw, 800px\" \/><\/figure>\n<\/div>\n\n\n\n<div class=\"wp-block-column is-layout-flow wp-block-column-is-layout-flow\">\n<figure class=\"wp-block-image size-full\"><img decoding=\"async\" width=\"800\" height=\"800\" src=\"https:\/\/www.yousanusb.com\/wp-content\/uploads\/2025\/11\/cartoon-Creative-Peanut-USB-Drive.jpg\" alt=\"\" class=\"wp-image-24168\" srcset=\"https:\/\/www.yousanusb.com\/wp-content\/uploads\/2025\/11\/cartoon-Creative-Peanut-USB-Drive.jpg 800w, https:\/\/www.yousanusb.com\/wp-content\/uploads\/2025\/11\/cartoon-Creative-Peanut-USB-Drive-300x300.jpg 300w, https:\/\/www.yousanusb.com\/wp-content\/uploads\/2025\/11\/cartoon-Creative-Peanut-USB-Drive-150x150.jpg 150w, https:\/\/www.yousanusb.com\/wp-content\/uploads\/2025\/11\/cartoon-Creative-Peanut-USB-Drive-768x768.jpg 768w, https:\/\/www.yousanusb.com\/wp-content\/uploads\/2025\/11\/cartoon-Creative-Peanut-USB-Drive-12x12.jpg 12w, https:\/\/www.yousanusb.com\/wp-content\/uploads\/2025\/11\/cartoon-Creative-Peanut-USB-Drive-600x600.jpg 600w, https:\/\/www.yousanusb.com\/wp-content\/uploads\/2025\/11\/cartoon-Creative-Peanut-USB-Drive-100x100.jpg 100w\" sizes=\"(max-width: 800px) 100vw, 800px\" \/><\/figure>\n<\/div>\n<\/div>\n\n\n\n<p>Lorsqu'elle est ouverte, la cl\u00e9 USB en forme de cacahu\u00e8te r\u00e9v\u00e8le son port USB. La coque est moul\u00e9e sur mesure en caoutchouc souple PVC \u00e9cologique, reproduisant la taille de la cacahu\u00e8te dans un moule \u00e0 l'\u00e9chelle 1:1. La production du moule de la cl\u00e9 USB en forme de cacahu\u00e8te de YOUSAN ne prend que trois jours. La coque peut \u00eatre moul\u00e9e avec du texte, des lettres, des logos et des slogans publicitaires.<\/p>\n\n\n\n<div class=\"wp-block-columns is-layout-flex wp-container-core-columns-is-layout-2 wp-block-columns-is-layout-flex\">\n<div class=\"wp-block-column is-layout-flow wp-block-column-is-layout-flow\">\n<figure class=\"wp-block-image size-full\"><img decoding=\"async\" width=\"800\" height=\"800\" src=\"https:\/\/www.yousanusb.com\/wp-content\/uploads\/2025\/11\/red-Creative-Peanut-USB-Drive.jpg\" alt=\"\" class=\"wp-image-24171\" srcset=\"https:\/\/www.yousanusb.com\/wp-content\/uploads\/2025\/11\/red-Creative-Peanut-USB-Drive.jpg 800w, https:\/\/www.yousanusb.com\/wp-content\/uploads\/2025\/11\/red-Creative-Peanut-USB-Drive-300x300.jpg 300w, https:\/\/www.yousanusb.com\/wp-content\/uploads\/2025\/11\/red-Creative-Peanut-USB-Drive-150x150.jpg 150w, https:\/\/www.yousanusb.com\/wp-content\/uploads\/2025\/11\/red-Creative-Peanut-USB-Drive-768x768.jpg 768w, https:\/\/www.yousanusb.com\/wp-content\/uploads\/2025\/11\/red-Creative-Peanut-USB-Drive-12x12.jpg 12w, https:\/\/www.yousanusb.com\/wp-content\/uploads\/2025\/11\/red-Creative-Peanut-USB-Drive-600x600.jpg 600w, https:\/\/www.yousanusb.com\/wp-content\/uploads\/2025\/11\/red-Creative-Peanut-USB-Drive-100x100.jpg 100w\" sizes=\"(max-width: 800px) 100vw, 800px\" \/><\/figure>\n<\/div>\n\n\n\n<div class=\"wp-block-column is-layout-flow wp-block-column-is-layout-flow\">\n<figure class=\"wp-block-image size-full\"><img loading=\"lazy\" decoding=\"async\" width=\"800\" height=\"800\" src=\"https:\/\/www.yousanusb.com\/wp-content\/uploads\/2025\/11\/green-Creative-Peanut-USB-Drive.jpg\" alt=\"\" class=\"wp-image-24170\" srcset=\"https:\/\/www.yousanusb.com\/wp-content\/uploads\/2025\/11\/green-Creative-Peanut-USB-Drive.jpg 800w, https:\/\/www.yousanusb.com\/wp-content\/uploads\/2025\/11\/green-Creative-Peanut-USB-Drive-300x300.jpg 300w, https:\/\/www.yousanusb.com\/wp-content\/uploads\/2025\/11\/green-Creative-Peanut-USB-Drive-150x150.jpg 150w, https:\/\/www.yousanusb.com\/wp-content\/uploads\/2025\/11\/green-Creative-Peanut-USB-Drive-768x768.jpg 768w, https:\/\/www.yousanusb.com\/wp-content\/uploads\/2025\/11\/green-Creative-Peanut-USB-Drive-12x12.jpg 12w, https:\/\/www.yousanusb.com\/wp-content\/uploads\/2025\/11\/green-Creative-Peanut-USB-Drive-600x600.jpg 600w, https:\/\/www.yousanusb.com\/wp-content\/uploads\/2025\/11\/green-Creative-Peanut-USB-Drive-100x100.jpg 100w\" sizes=\"(max-width: 800px) 100vw, 800px\" \/><\/figure>\n<\/div>\n\n\n\n<div class=\"wp-block-column is-layout-flow wp-block-column-is-layout-flow\">\n<figure class=\"wp-block-image size-full\"><img loading=\"lazy\" decoding=\"async\" width=\"800\" height=\"800\" src=\"https:\/\/www.yousanusb.com\/wp-content\/uploads\/2025\/11\/blue-Creative-Peanut-USB-Drive.jpg\" alt=\"\" class=\"wp-image-24167\" srcset=\"https:\/\/www.yousanusb.com\/wp-content\/uploads\/2025\/11\/blue-Creative-Peanut-USB-Drive.jpg 800w, https:\/\/www.yousanusb.com\/wp-content\/uploads\/2025\/11\/blue-Creative-Peanut-USB-Drive-300x300.jpg 300w, https:\/\/www.yousanusb.com\/wp-content\/uploads\/2025\/11\/blue-Creative-Peanut-USB-Drive-150x150.jpg 150w, https:\/\/www.yousanusb.com\/wp-content\/uploads\/2025\/11\/blue-Creative-Peanut-USB-Drive-768x768.jpg 768w, https:\/\/www.yousanusb.com\/wp-content\/uploads\/2025\/11\/blue-Creative-Peanut-USB-Drive-12x12.jpg 12w, https:\/\/www.yousanusb.com\/wp-content\/uploads\/2025\/11\/blue-Creative-Peanut-USB-Drive-600x600.jpg 600w, https:\/\/www.yousanusb.com\/wp-content\/uploads\/2025\/11\/blue-Creative-Peanut-USB-Drive-100x100.jpg 100w\" sizes=\"(max-width: 800px) 100vw, 800px\" \/><\/figure>\n<\/div>\n<\/div>\n\n\n\n<p>La cl\u00e9 USB Peanut offre des capacit\u00e9s de stockage de 1 Go \u00e0 256 Go et est compatible avec les interfaces USB 1.0 et 2.0. Elle permet de transf\u00e9rer rapidement des fichiers compress\u00e9s, y compris divers formats multim\u00e9dias, entre des appareils, ce qui est id\u00e9al pour les utilisateurs qui d\u00e9placent r\u00e9guli\u00e8rement des fichiers entre la maison, l'\u00e9cole et le lieu de travail.<\/p>\n\n\n\n<p><\/p>","protected":false},"excerpt":{"rendered":"<ul>\n<li>cl\u00e9 USB en forme de cacahu\u00e8te<\/li>\n<li>moule m\u00e9tallurgique en pvc<\/li>\n<li>capacit\u00e9 de 1gb-256gb<\/li>\n<li>USB2.0 ou USB3.0<\/li>\n<li>Moule \u00e0 logo personnalis\u00e9<\/li>\n<\/ul>","protected":false},"featured_media":24169,"comment_status":"open","ping_status":"closed","template":"","meta":{"_seopress_robots_primary_cat":"none","_seopress_titles_title":"Creative Peanut USB Drive","_seopress_titles_desc":"This peanut-shaped USB drive breaks away from the monotonous designs of traditional flash drives. Taking the \u201cpeanut\u201d shape as its core design concept","_seopress_robots_index":""},"class_list":["post-24164","product","type-product","status-publish","has-post-thumbnail","hentry","product_cat-custom-usb-drive","product_tag-vegetables-usb-flash-drive"],"_links":{"self":[{"href":"https:\/\/www.yousanusb.com\/fr\/wp-json\/wp\/v2\/product\/24164"}],"collection":[{"href":"https:\/\/www.yousanusb.com\/fr\/wp-json\/wp\/v2\/product"}],"about":[{"href":"https:\/\/www.yousanusb.com\/fr\/wp-json\/wp\/v2\/types\/product"}],"replies":[{"embeddable":true,"href":"https:\/\/www.yousanusb.com\/fr\/wp-json\/wp\/v2\/comments?post=24164"}],"wp:featuredmedia":[{"embeddable":true,"href":"https:\/\/www.yousanusb.com\/fr\/wp-json\/wp\/v2\/media\/24169"}],"wp:attachment":[{"href":"https:\/\/www.yousanusb.com\/fr\/wp-json\/wp\/v2\/media?parent=24164"}],"curies":[{"name":"wp","href":"https:\/\/api.w.org\/{rel}","templated":true}]}}